{"id":940,"date":"2021-11-30T19:48:52","date_gmt":"2021-11-30T18:48:52","guid":{"rendered":"http:\/\/gluszyna.stronaedu.pl\/?page_id=940"},"modified":"2026-03-10T07:52:52","modified_gmt":"2026-03-10T06:52:52","slug":"statut-szkoly","status":"publish","type":"page","link":"https:\/\/zsipo5.poznan.pl\/index.php\/dokumenty\/statut-szkoly\/","title":{"rendered":"Statut szko\u0142y"},"content":{"rendered":"\n<div class=\"wp-block-file\"><a id=\"wp-block-file--media-f8de0216-a052-41f5-9b4f-ef290de05820\" href=\"https:\/\/zsipo5.poznan.pl\/wp-content\/uploads\/2026\/03\/Statut-szkoly-1.pdf\">Statut szko\u0142y<\/a><\/div>\n\n\n\n<div class=\"wp-block-file\"><a id=\"wp-block-file--media-1b38ed66-acc0-4619-bbf6-b0f2c2ebb48b\" href=\"https:\/\/zsipo5.poznan.pl\/wp-content\/uploads\/2025\/09\/Statut-Zespolu-Szkol-i-Placowek-Oswiatowych-nr-5.pdf\">Statut Zespo\u0142u Szk\u00f3\u0142 i Plac\u00f3wek O\u015bwiatowych nr 5<\/a><\/div>\n","protected":false},"excerpt":{"rendered":"","protected":false},"author":6,"featured_media":0,"parent":21,"menu_order":0,"comment_status":"closed","ping_status":"closed","template":"","meta":{"footnotes":""},"class_list":["post-940","page","type-page","status-publish","hentry"],"_links":{"self":[{"href":"https:\/\/zsipo5.poznan.pl\/index.php\/wp-json\/wp\/v2\/pages\/940","targetHints":{"allow":["GET"]}}],"collection":[{"href":"https:\/\/zsipo5.poznan.pl\/index.php\/wp-json\/wp\/v2\/pages"}],"about":[{"href":"https:\/\/zsipo5.poznan.pl\/index.php\/wp-json\/wp\/v2\/types\/page"}],"author":[{"embeddable":true,"href":"https:\/\/zsipo5.poznan.pl\/index.php\/wp-json\/wp\/v2\/users\/6"}],"replies":[{"embeddable":true,"href":"https:\/\/zsipo5.poznan.pl\/index.php\/wp-json\/wp\/v2\/comments?post=940"}],"version-history":[{"count":17,"href":"https:\/\/zsipo5.poznan.pl\/index.php\/wp-json\/wp\/v2\/pages\/940\/revisions"}],"predecessor-version":[{"id":7307,"href":"https:\/\/zsipo5.poznan.pl\/index.php\/wp-json\/wp\/v2\/pages\/940\/revisions\/7307"}],"up":[{"embeddable":true,"href":"https:\/\/zsipo5.poznan.pl\/index.php\/wp-json\/wp\/v2\/pages\/21"}],"wp:attachment":[{"href":"https:\/\/zsipo5.poznan.pl\/index.php\/wp-json\/wp\/v2\/media?parent=940"}],"curies":[{"name":"wp","href":"https:\/\/api.w.org\/{rel}","templated":true}]}}