{"id":7611,"date":"2026-05-03T14:28:55","date_gmt":"2026-05-03T12:28:55","guid":{"rendered":"https:\/\/zsipo5.poznan.pl\/?page_id=7611"},"modified":"2026-05-03T14:28:55","modified_gmt":"2026-05-03T12:28:55","slug":"24-kwietnia-2026","status":"publish","type":"page","link":"https:\/\/zsipo5.poznan.pl\/index.php\/24-kwietnia-2026\/","title":{"rendered":"24 kwietnia 2026"},"content":{"rendered":"\n<p>W tym tygodniu kontynuowali\u015bmy tematyk\u0119 <strong>Dnia Ziemi<\/strong>. W ramach prac plastycznych dzieci wykonywa\u0142y <strong>drzewa<\/strong>, <strong>globusy<\/strong> oraz urocze <strong>\u017cabki<\/strong>, rozwijaj\u0105c swoj\u0105 kreatywno\u015b\u0107 i wra\u017cliwo\u015b\u0107 na przyrod\u0119.<\/p>\n\n\n\n<p>Korzystaj\u0105c ze sprzyjaj\u0105cej pogody, sp\u0119dzali\u015bmy r\u00f3wnie\u017c czas na \u015bwie\u017cym powietrzu, co sprzyja\u0142o aktywno\u015bci ruchowej i integracji.<\/p>\n\n\n\n<p>To by\u0142 tydzie\u0144 pe\u0142en ekologicznych inspiracji i dobrej zabawy na \u0142onie natury. <\/p>\n\n\n\n<p>Dzi\u0119kujemy wychowawcy \u015bwietlicy <\/p>\n\n\n\n<figure class=\"wp-block-gallery has-nested-images columns-default is-cropped wp-block-gallery-1 is-layout-flex wp-block-gallery-is-layout-flex\">\n<figure data-wp-context=\"{&quot;imageId&quot;:&quot;69fb3353e9327&quot;}\" data-wp-interactive=\"core\/image\" data-wp-key=\"69fb3353e9327\" class=\"wp-block-image size-large wp-lightbox-container\"><img fetchpriority=\"high\" decoding=\"async\" width=\"768\" height=\"1024\" data-wp-class--hide=\"state.isContentHidden\" data-wp-class--show=\"state.isContentVisible\" data-wp-init=\"callbacks.setButtonStyles\" data-wp-on--click=\"actions.showLightbox\" data-wp-on--load=\"callbacks.setButtonStyles\" data-wp-on-window--resize=\"callbacks.setButtonStyles\" data-id=\"7614\" src=\"https:\/\/zsipo5.poznan.pl\/wp-content\/uploads\/2026\/05\/att.1F-8FMBRzCU3GYMiyvOPbwR40Oq7aTBr3zxZi8X7f4s-768x1024.jpg\" alt=\"\" class=\"wp-image-7614\" srcset=\"https:\/\/zsipo5.poznan.pl\/wp-content\/uploads\/2026\/05\/att.1F-8FMBRzCU3GYMiyvOPbwR40Oq7aTBr3zxZi8X7f4s-768x1024.jpg 768w, https:\/\/zsipo5.poznan.pl\/wp-content\/uploads\/2026\/05\/att.1F-8FMBRzCU3GYMiyvOPbwR40Oq7aTBr3zxZi8X7f4s-225x300.jpg 225w, https:\/\/zsipo5.poznan.pl\/wp-content\/uploads\/2026\/05\/att.1F-8FMBRzCU3GYMiyvOPbwR40Oq7aTBr3zxZi8X7f4s-1152x1536.jpg 1152w, https:\/\/zsipo5.poznan.pl\/wp-content\/uploads\/2026\/05\/att.1F-8FMBRzCU3GYMiyvOPbwR40Oq7aTBr3zxZi8X7f4s.jpg 1536w\" sizes=\"(max-width: 768px) 100vw, 768px\" \/><button\n\t\t\tclass=\"lightbox-trigger\"\n\t\t\ttype=\"button\"\n\t\t\taria-haspopup=\"dialog\"\n\t\t\taria-label=\"Powi\u0119ksz\"\n\t\t\tdata-wp-init=\"callbacks.initTriggerButton\"\n\t\t\tdata-wp-on--click=\"actions.showLightbox\"\n\t\t\tdata-wp-style--right=\"state.imageButtonRight\"\n\t\t\tdata-wp-style--top=\"state.imageButtonTop\"\n\t\t>\n\t\t\t<svg xmlns=\"http:\/\/www.w3.org\/2000\/svg\" width=\"12\" height=\"12\" fill=\"none\" viewBox=\"0 0 12 12\">\n\t\t\t\t<path fill=\"#fff\" d=\"M2 0a2 2 0 0 0-2 2v2h1.5V2a.5.5 0 0 1 .5-.5h2V0H2Zm2 10.5H2a.5.5 0 0 1-.5-.5V8H0v2a2 2 0 0 0 2 2h2v-1.5ZM8 12v-1.5h2a.5.5 0 0 0 .5-.5V8H12v2a2 2 0 0 1-2 2H8Zm2-12a2 2 0 0 1 2 2v2h-1.5V2a.5.5 0 0 0-.5-.5H8V0h2Z\" \/>\n\t\t\t<\/svg>\n\t\t<\/button><\/figure>\n\n\n\n<figure data-wp-context=\"{&quot;imageId&quot;:&quot;69fb3353e971d&quot;}\" data-wp-interactive=\"core\/image\" data-wp-key=\"69fb3353e971d\" class=\"wp-block-image size-large wp-lightbox-container\"><img decoding=\"async\" width=\"1024\" height=\"768\" data-wp-class--hide=\"state.isContentHidden\" data-wp-class--show=\"state.isContentVisible\" data-wp-init=\"callbacks.setButtonStyles\" data-wp-on--click=\"actions.showLightbox\" data-wp-on--load=\"callbacks.setButtonStyles\" data-wp-on-window--resize=\"callbacks.setButtonStyles\" data-id=\"7618\" src=\"https:\/\/zsipo5.poznan.pl\/wp-content\/uploads\/2026\/05\/att.9Eb3Mk6gjmxm4j6XRrEKx-z6bGJdPiVwvA50KEUAZVg-1024x768.jpg\" alt=\"\" class=\"wp-image-7618\" srcset=\"https:\/\/zsipo5.poznan.pl\/wp-content\/uploads\/2026\/05\/att.9Eb3Mk6gjmxm4j6XRrEKx-z6bGJdPiVwvA50KEUAZVg-1024x768.jpg 1024w, https:\/\/zsipo5.poznan.pl\/wp-content\/uploads\/2026\/05\/att.9Eb3Mk6gjmxm4j6XRrEKx-z6bGJdPiVwvA50KEUAZVg-300x225.jpg 300w, https:\/\/zsipo5.poznan.pl\/wp-content\/uploads\/2026\/05\/att.9Eb3Mk6gjmxm4j6XRrEKx-z6bGJdPiVwvA50KEUAZVg-768x576.jpg 768w, https:\/\/zsipo5.poznan.pl\/wp-content\/uploads\/2026\/05\/att.9Eb3Mk6gjmxm4j6XRrEKx-z6bGJdPiVwvA50KEUAZVg-1536x1152.jpg 1536w, https:\/\/zsipo5.poznan.pl\/wp-content\/uploads\/2026\/05\/att.9Eb3Mk6gjmxm4j6XRrEKx-z6bGJdPiVwvA50KEUAZVg.jpg 2048w\" sizes=\"(max-width: 1024px) 100vw, 1024px\" \/><button\n\t\t\tclass=\"lightbox-trigger\"\n\t\t\ttype=\"button\"\n\t\t\taria-haspopup=\"dialog\"\n\t\t\taria-label=\"Powi\u0119ksz\"\n\t\t\tdata-wp-init=\"callbacks.initTriggerButton\"\n\t\t\tdata-wp-on--click=\"actions.showLightbox\"\n\t\t\tdata-wp-style--right=\"state.imageButtonRight\"\n\t\t\tdata-wp-style--top=\"state.imageButtonTop\"\n\t\t>\n\t\t\t<svg xmlns=\"http:\/\/www.w3.org\/2000\/svg\" width=\"12\" height=\"12\" fill=\"none\" viewBox=\"0 0 12 12\">\n\t\t\t\t<path fill=\"#fff\" d=\"M2 0a2 2 0 0 0-2 2v2h1.5V2a.5.5 0 0 1 .5-.5h2V0H2Zm2 10.5H2a.5.5 0 0 1-.5-.5V8H0v2a2 2 0 0 0 2 2h2v-1.5ZM8 12v-1.5h2a.5.5 0 0 0 .5-.5V8H12v2a2 2 0 0 1-2 2H8Zm2-12a2 2 0 0 1 2 2v2h-1.5V2a.5.5 0 0 0-.5-.5H8V0h2Z\" \/>\n\t\t\t<\/svg>\n\t\t<\/button><\/figure>\n\n\n\n<figure data-wp-context=\"{&quot;imageId&quot;:&quot;69fb3353e9b05&quot;}\" data-wp-interactive=\"core\/image\" data-wp-key=\"69fb3353e9b05\" class=\"wp-block-image size-large wp-lightbox-container\"><img decoding=\"async\" width=\"768\" height=\"1024\" data-wp-class--hide=\"state.isContentHidden\" data-wp-class--show=\"state.isContentVisible\" data-wp-init=\"callbacks.setButtonStyles\" data-wp-on--click=\"actions.showLightbox\" data-wp-on--load=\"callbacks.setButtonStyles\" data-wp-on-window--resize=\"callbacks.setButtonStyles\" data-id=\"7612\" src=\"https:\/\/zsipo5.poznan.pl\/wp-content\/uploads\/2026\/05\/att.a-CxdN34jy8pMjFvteUyHyMRQ0y1CGNfxiZnChSgMg0-768x1024.jpg\" alt=\"\" class=\"wp-image-7612\" srcset=\"https:\/\/zsipo5.poznan.pl\/wp-content\/uploads\/2026\/05\/att.a-CxdN34jy8pMjFvteUyHyMRQ0y1CGNfxiZnChSgMg0-768x1024.jpg 768w, https:\/\/zsipo5.poznan.pl\/wp-content\/uploads\/2026\/05\/att.a-CxdN34jy8pMjFvteUyHyMRQ0y1CGNfxiZnChSgMg0-225x300.jpg 225w, https:\/\/zsipo5.poznan.pl\/wp-content\/uploads\/2026\/05\/att.a-CxdN34jy8pMjFvteUyHyMRQ0y1CGNfxiZnChSgMg0-1152x1536.jpg 1152w, https:\/\/zsipo5.poznan.pl\/wp-content\/uploads\/2026\/05\/att.a-CxdN34jy8pMjFvteUyHyMRQ0y1CGNfxiZnChSgMg0.jpg 1536w\" sizes=\"(max-width: 768px) 100vw, 768px\" \/><button\n\t\t\tclass=\"lightbox-trigger\"\n\t\t\ttype=\"button\"\n\t\t\taria-haspopup=\"dialog\"\n\t\t\taria-label=\"Powi\u0119ksz\"\n\t\t\tdata-wp-init=\"callbacks.initTriggerButton\"\n\t\t\tdata-wp-on--click=\"actions.showLightbox\"\n\t\t\tdata-wp-style--right=\"state.imageButtonRight\"\n\t\t\tdata-wp-style--top=\"state.imageButtonTop\"\n\t\t>\n\t\t\t<svg xmlns=\"http:\/\/www.w3.org\/2000\/svg\" width=\"12\" height=\"12\" fill=\"none\" viewBox=\"0 0 12 12\">\n\t\t\t\t<path fill=\"#fff\" d=\"M2 0a2 2 0 0 0-2 2v2h1.5V2a.5.5 0 0 1 .5-.5h2V0H2Zm2 10.5H2a.5.5 0 0 1-.5-.5V8H0v2a2 2 0 0 0 2 2h2v-1.5ZM8 12v-1.5h2a.5.5 0 0 0 .5-.5V8H12v2a2 2 0 0 1-2 2H8Zm2-12a2 2 0 0 1 2 2v2h-1.5V2a.5.5 0 0 0-.5-.5H8V0h2Z\" \/>\n\t\t\t<\/svg>\n\t\t<\/button><\/figure>\n\n\n\n<figure data-wp-context=\"{&quot;imageId&quot;:&quot;69fb3353e9e5a&quot;}\" data-wp-interactive=\"core\/image\" data-wp-key=\"69fb3353e9e5a\" class=\"wp-block-image size-large wp-lightbox-container\"><img loading=\"lazy\" decoding=\"async\" width=\"768\" height=\"1024\" data-wp-class--hide=\"state.isContentHidden\" data-wp-class--show=\"state.isContentVisible\" data-wp-init=\"callbacks.setButtonStyles\" data-wp-on--click=\"actions.showLightbox\" data-wp-on--load=\"callbacks.setButtonStyles\" data-wp-on-window--resize=\"callbacks.setButtonStyles\" data-id=\"7617\" src=\"https:\/\/zsipo5.poznan.pl\/wp-content\/uploads\/2026\/05\/att.I7CcwR-B7GS1iLyvf9rUOQhD64USYZR6UsiPq_TgFGE-768x1024.jpg\" alt=\"\" class=\"wp-image-7617\" srcset=\"https:\/\/zsipo5.poznan.pl\/wp-content\/uploads\/2026\/05\/att.I7CcwR-B7GS1iLyvf9rUOQhD64USYZR6UsiPq_TgFGE-768x1024.jpg 768w, https:\/\/zsipo5.poznan.pl\/wp-content\/uploads\/2026\/05\/att.I7CcwR-B7GS1iLyvf9rUOQhD64USYZR6UsiPq_TgFGE-225x300.jpg 225w, https:\/\/zsipo5.poznan.pl\/wp-content\/uploads\/2026\/05\/att.I7CcwR-B7GS1iLyvf9rUOQhD64USYZR6UsiPq_TgFGE-1152x1536.jpg 1152w, https:\/\/zsipo5.poznan.pl\/wp-content\/uploads\/2026\/05\/att.I7CcwR-B7GS1iLyvf9rUOQhD64USYZR6UsiPq_TgFGE.jpg 1536w\" sizes=\"(max-width: 768px) 100vw, 768px\" \/><button\n\t\t\tclass=\"lightbox-trigger\"\n\t\t\ttype=\"button\"\n\t\t\taria-haspopup=\"dialog\"\n\t\t\taria-label=\"Powi\u0119ksz\"\n\t\t\tdata-wp-init=\"callbacks.initTriggerButton\"\n\t\t\tdata-wp-on--click=\"actions.showLightbox\"\n\t\t\tdata-wp-style--right=\"state.imageButtonRight\"\n\t\t\tdata-wp-style--top=\"state.imageButtonTop\"\n\t\t>\n\t\t\t<svg xmlns=\"http:\/\/www.w3.org\/2000\/svg\" width=\"12\" height=\"12\" fill=\"none\" viewBox=\"0 0 12 12\">\n\t\t\t\t<path fill=\"#fff\" d=\"M2 0a2 2 0 0 0-2 2v2h1.5V2a.5.5 0 0 1 .5-.5h2V0H2Zm2 10.5H2a.5.5 0 0 1-.5-.5V8H0v2a2 2 0 0 0 2 2h2v-1.5ZM8 12v-1.5h2a.5.5 0 0 0 .5-.5V8H12v2a2 2 0 0 1-2 2H8Zm2-12a2 2 0 0 1 2 2v2h-1.5V2a.5.5 0 0 0-.5-.5H8V0h2Z\" \/>\n\t\t\t<\/svg>\n\t\t<\/button><\/figure>\n\n\n\n<figure data-wp-context=\"{&quot;imageId&quot;:&quot;69fb3353ea1a8&quot;}\" data-wp-interactive=\"core\/image\" data-wp-key=\"69fb3353ea1a8\" class=\"wp-block-image size-large wp-lightbox-container\"><img loading=\"lazy\" decoding=\"async\" width=\"768\" height=\"1024\" data-wp-class--hide=\"state.isContentHidden\" data-wp-class--show=\"state.isContentVisible\" data-wp-init=\"callbacks.setButtonStyles\" data-wp-on--click=\"actions.showLightbox\" data-wp-on--load=\"callbacks.setButtonStyles\" data-wp-on-window--resize=\"callbacks.setButtonStyles\" data-id=\"7613\" src=\"https:\/\/zsipo5.poznan.pl\/wp-content\/uploads\/2026\/05\/att.Q_Nfe-KLc2Oxe5Cs15Y6lPhfFK-pYnRlPaBSzk2tOMA-768x1024.jpg\" alt=\"\" class=\"wp-image-7613\" srcset=\"https:\/\/zsipo5.poznan.pl\/wp-content\/uploads\/2026\/05\/att.Q_Nfe-KLc2Oxe5Cs15Y6lPhfFK-pYnRlPaBSzk2tOMA-768x1024.jpg 768w, https:\/\/zsipo5.poznan.pl\/wp-content\/uploads\/2026\/05\/att.Q_Nfe-KLc2Oxe5Cs15Y6lPhfFK-pYnRlPaBSzk2tOMA-225x300.jpg 225w, https:\/\/zsipo5.poznan.pl\/wp-content\/uploads\/2026\/05\/att.Q_Nfe-KLc2Oxe5Cs15Y6lPhfFK-pYnRlPaBSzk2tOMA-1152x1536.jpg 1152w, https:\/\/zsipo5.poznan.pl\/wp-content\/uploads\/2026\/05\/att.Q_Nfe-KLc2Oxe5Cs15Y6lPhfFK-pYnRlPaBSzk2tOMA.jpg 1536w\" sizes=\"(max-width: 768px) 100vw, 768px\" \/><button\n\t\t\tclass=\"lightbox-trigger\"\n\t\t\ttype=\"button\"\n\t\t\taria-haspopup=\"dialog\"\n\t\t\taria-label=\"Powi\u0119ksz\"\n\t\t\tdata-wp-init=\"callbacks.initTriggerButton\"\n\t\t\tdata-wp-on--click=\"actions.showLightbox\"\n\t\t\tdata-wp-style--right=\"state.imageButtonRight\"\n\t\t\tdata-wp-style--top=\"state.imageButtonTop\"\n\t\t>\n\t\t\t<svg xmlns=\"http:\/\/www.w3.org\/2000\/svg\" width=\"12\" height=\"12\" fill=\"none\" viewBox=\"0 0 12 12\">\n\t\t\t\t<path fill=\"#fff\" d=\"M2 0a2 2 0 0 0-2 2v2h1.5V2a.5.5 0 0 1 .5-.5h2V0H2Zm2 10.5H2a.5.5 0 0 1-.5-.5V8H0v2a2 2 0 0 0 2 2h2v-1.5ZM8 12v-1.5h2a.5.5 0 0 0 .5-.5V8H12v2a2 2 0 0 1-2 2H8Zm2-12a2 2 0 0 1 2 2v2h-1.5V2a.5.5 0 0 0-.5-.5H8V0h2Z\" \/>\n\t\t\t<\/svg>\n\t\t<\/button><\/figure>\n<\/figure>\n","protected":false},"excerpt":{"rendered":"<p>W tym tygodniu kontynuowali\u015bmy tematyk\u0119 Dnia Ziemi. W ramach prac plastycznych dzieci wykonywa\u0142y drzewa, globusy oraz urocze \u017cabki, rozwijaj\u0105c swoj\u0105 kreatywno\u015b\u0107 i wra\u017cliwo\u015b\u0107 na przyrod\u0119. Korzystaj\u0105c ze sprzyjaj\u0105cej pogody, sp\u0119dzali\u015bmy r\u00f3wnie\u017c czas na \u015bwie\u017cym powietrzu, co sprzyja\u0142o aktywno\u015bci ruchowej i integracji. To by\u0142 tydzie\u0144 pe\u0142en ekologicznych inspiracji i dobrej zabawy na \u0142onie natury. Dzi\u0119kujemy wychowawcy [&hellip;]<\/p>\n","protected":false},"author":12,"featured_media":0,"parent":0,"menu_order":0,"comment_status":"closed","ping_status":"closed","template":"","meta":{"footnotes":""},"class_list":["post-7611","page","type-page","status-publish","hentry"],"_links":{"self":[{"href":"https:\/\/zsipo5.poznan.pl\/index.php\/wp-json\/wp\/v2\/pages\/7611","targetHints":{"allow":["GET"]}}],"collection":[{"href":"https:\/\/zsipo5.poznan.pl\/index.php\/wp-json\/wp\/v2\/pages"}],"about":[{"href":"https:\/\/zsipo5.poznan.pl\/index.php\/wp-json\/wp\/v2\/types\/page"}],"author":[{"embeddable":true,"href":"https:\/\/zsipo5.poznan.pl\/index.php\/wp-json\/wp\/v2\/users\/12"}],"replies":[{"embeddable":true,"href":"https:\/\/zsipo5.poznan.pl\/index.php\/wp-json\/wp\/v2\/comments?post=7611"}],"version-history":[{"count":1,"href":"https:\/\/zsipo5.poznan.pl\/index.php\/wp-json\/wp\/v2\/pages\/7611\/revisions"}],"predecessor-version":[{"id":7626,"href":"https:\/\/zsipo5.poznan.pl\/index.php\/wp-json\/wp\/v2\/pages\/7611\/revisions\/7626"}],"wp:attachment":[{"href":"https:\/\/zsipo5.poznan.pl\/index.php\/wp-json\/wp\/v2\/media?parent=7611"}],"curies":[{"name":"wp","href":"https:\/\/api.w.org\/{rel}","templated":true}]}}