{"id":7563,"date":"2026-04-19T14:53:24","date_gmt":"2026-04-19T12:53:24","guid":{"rendered":"https:\/\/zsipo5.poznan.pl\/?page_id=7563"},"modified":"2026-04-19T14:53:24","modified_gmt":"2026-04-19T12:53:24","slug":"17-kwietnia-2026","status":"publish","type":"page","link":"https:\/\/zsipo5.poznan.pl\/index.php\/17-kwietnia-2026\/","title":{"rendered":"17 kwietnia 2026"},"content":{"rendered":"\n<p id=\"m_3948334932658520911m_-6439143500251644371gmail-docs-internal-guid-13dcf105-7fff-c4d6-1e26-8f8e925f1710\">W naszej \u015bwietlicy obchodzili\u015bmy Tydzie\u0144 Ziemi i Natury, kt\u00f3ry up\u0142yn\u0105\u0142 w atmosferze troski o \u015brodowisko i kreatywnej zabawy. W ramach prac plastycznych dzieci tworzy\u0142y kwiaty, drzewa, globusy oraz kolorowe t\u0119czowe chmury, rozwijaj\u0105c wyobra\u017ani\u0119 i wra\u017cliwo\u015b\u0107 na pi\u0119kno przyrody.<\/p>\n\n\n\n<p>Nie zabrak\u0142o tak\u017ce aktywno\u015bci rozwijaj\u0105cych logiczne my\u015blenie i wsp\u00f3\u0142prac\u0119 \u2013 dzieci ch\u0119tnie uczestniczy\u0142y w zabawach z wykorzystaniem klock\u00f3w LEGO oraz w grze w \u201ewisielca\u201d, kt\u00f3ra dostarczy\u0142a wiele rado\u015bci.<\/p>\n\n\n\n<p>To by\u0142 tydzie\u0144 pe\u0142en ekologicznych inspiracji, nauki i dobrej zabawy. <\/p>\n\n\n\n<p>Dzi\u0119kujemy wychowawcy \u015bwietlicy <\/p>\n\n\n\n<figure class=\"wp-block-gallery has-nested-images columns-default is-cropped wp-block-gallery-1 is-layout-flex wp-block-gallery-is-layout-flex\">\n<figure data-wp-context=\"{&quot;imageId&quot;:&quot;69fb33556bf5c&quot;}\" data-wp-interactive=\"core\/image\" data-wp-key=\"69fb33556bf5c\" class=\"wp-block-image size-large wp-lightbox-container\"><img fetchpriority=\"high\" decoding=\"async\" width=\"768\" height=\"1024\" data-wp-class--hide=\"state.isContentHidden\" data-wp-class--show=\"state.isContentVisible\" data-wp-init=\"callbacks.setButtonStyles\" data-wp-on--click=\"actions.showLightbox\" data-wp-on--load=\"callbacks.setButtonStyles\" data-wp-on-window--resize=\"callbacks.setButtonStyles\" data-id=\"7564\" src=\"https:\/\/zsipo5.poznan.pl\/wp-content\/uploads\/2026\/04\/att.sXAW3A1s4s53bOmZP-OztoTsR4Q_fX4zyny8Tir6a2M-768x1024.jpg\" alt=\"\" class=\"wp-image-7564\" srcset=\"https:\/\/zsipo5.poznan.pl\/wp-content\/uploads\/2026\/04\/att.sXAW3A1s4s53bOmZP-OztoTsR4Q_fX4zyny8Tir6a2M-768x1024.jpg 768w, https:\/\/zsipo5.poznan.pl\/wp-content\/uploads\/2026\/04\/att.sXAW3A1s4s53bOmZP-OztoTsR4Q_fX4zyny8Tir6a2M-225x300.jpg 225w, https:\/\/zsipo5.poznan.pl\/wp-content\/uploads\/2026\/04\/att.sXAW3A1s4s53bOmZP-OztoTsR4Q_fX4zyny8Tir6a2M-1152x1536.jpg 1152w, https:\/\/zsipo5.poznan.pl\/wp-content\/uploads\/2026\/04\/att.sXAW3A1s4s53bOmZP-OztoTsR4Q_fX4zyny8Tir6a2M.jpg 1536w\" sizes=\"(max-width: 768px) 100vw, 768px\" \/><button\n\t\t\tclass=\"lightbox-trigger\"\n\t\t\ttype=\"button\"\n\t\t\taria-haspopup=\"dialog\"\n\t\t\taria-label=\"Powi\u0119ksz\"\n\t\t\tdata-wp-init=\"callbacks.initTriggerButton\"\n\t\t\tdata-wp-on--click=\"actions.showLightbox\"\n\t\t\tdata-wp-style--right=\"state.imageButtonRight\"\n\t\t\tdata-wp-style--top=\"state.imageButtonTop\"\n\t\t>\n\t\t\t<svg xmlns=\"http:\/\/www.w3.org\/2000\/svg\" width=\"12\" height=\"12\" fill=\"none\" viewBox=\"0 0 12 12\">\n\t\t\t\t<path fill=\"#fff\" d=\"M2 0a2 2 0 0 0-2 2v2h1.5V2a.5.5 0 0 1 .5-.5h2V0H2Zm2 10.5H2a.5.5 0 0 1-.5-.5V8H0v2a2 2 0 0 0 2 2h2v-1.5ZM8 12v-1.5h2a.5.5 0 0 0 .5-.5V8H12v2a2 2 0 0 1-2 2H8Zm2-12a2 2 0 0 1 2 2v2h-1.5V2a.5.5 0 0 0-.5-.5H8V0h2Z\" \/>\n\t\t\t<\/svg>\n\t\t<\/button><\/figure>\n\n\n\n<figure data-wp-context=\"{&quot;imageId&quot;:&quot;69fb33556c37b&quot;}\" data-wp-interactive=\"core\/image\" data-wp-key=\"69fb33556c37b\" class=\"wp-block-image size-large wp-lightbox-container\"><img decoding=\"async\" width=\"768\" height=\"1024\" data-wp-class--hide=\"state.isContentHidden\" data-wp-class--show=\"state.isContentVisible\" data-wp-init=\"callbacks.setButtonStyles\" data-wp-on--click=\"actions.showLightbox\" data-wp-on--load=\"callbacks.setButtonStyles\" data-wp-on-window--resize=\"callbacks.setButtonStyles\" data-id=\"7566\" src=\"https:\/\/zsipo5.poznan.pl\/wp-content\/uploads\/2026\/04\/att.2hL336kXwH6tDAAgG6A194rIrdgwJg_uFfaUDve-aWI-768x1024.jpg\" alt=\"\" class=\"wp-image-7566\" srcset=\"https:\/\/zsipo5.poznan.pl\/wp-content\/uploads\/2026\/04\/att.2hL336kXwH6tDAAgG6A194rIrdgwJg_uFfaUDve-aWI-768x1024.jpg 768w, https:\/\/zsipo5.poznan.pl\/wp-content\/uploads\/2026\/04\/att.2hL336kXwH6tDAAgG6A194rIrdgwJg_uFfaUDve-aWI-225x300.jpg 225w, https:\/\/zsipo5.poznan.pl\/wp-content\/uploads\/2026\/04\/att.2hL336kXwH6tDAAgG6A194rIrdgwJg_uFfaUDve-aWI-1152x1536.jpg 1152w, https:\/\/zsipo5.poznan.pl\/wp-content\/uploads\/2026\/04\/att.2hL336kXwH6tDAAgG6A194rIrdgwJg_uFfaUDve-aWI.jpg 1536w\" sizes=\"(max-width: 768px) 100vw, 768px\" \/><button\n\t\t\tclass=\"lightbox-trigger\"\n\t\t\ttype=\"button\"\n\t\t\taria-haspopup=\"dialog\"\n\t\t\taria-label=\"Powi\u0119ksz\"\n\t\t\tdata-wp-init=\"callbacks.initTriggerButton\"\n\t\t\tdata-wp-on--click=\"actions.showLightbox\"\n\t\t\tdata-wp-style--right=\"state.imageButtonRight\"\n\t\t\tdata-wp-style--top=\"state.imageButtonTop\"\n\t\t>\n\t\t\t<svg xmlns=\"http:\/\/www.w3.org\/2000\/svg\" width=\"12\" height=\"12\" fill=\"none\" viewBox=\"0 0 12 12\">\n\t\t\t\t<path fill=\"#fff\" d=\"M2 0a2 2 0 0 0-2 2v2h1.5V2a.5.5 0 0 1 .5-.5h2V0H2Zm2 10.5H2a.5.5 0 0 1-.5-.5V8H0v2a2 2 0 0 0 2 2h2v-1.5ZM8 12v-1.5h2a.5.5 0 0 0 .5-.5V8H12v2a2 2 0 0 1-2 2H8Zm2-12a2 2 0 0 1 2 2v2h-1.5V2a.5.5 0 0 0-.5-.5H8V0h2Z\" \/>\n\t\t\t<\/svg>\n\t\t<\/button><\/figure>\n\n\n\n<figure data-wp-context=\"{&quot;imageId&quot;:&quot;69fb33556c7e1&quot;}\" data-wp-interactive=\"core\/image\" data-wp-key=\"69fb33556c7e1\" class=\"wp-block-image size-large wp-lightbox-container\"><img decoding=\"async\" width=\"768\" height=\"1024\" data-wp-class--hide=\"state.isContentHidden\" data-wp-class--show=\"state.isContentVisible\" data-wp-init=\"callbacks.setButtonStyles\" data-wp-on--click=\"actions.showLightbox\" data-wp-on--load=\"callbacks.setButtonStyles\" data-wp-on-window--resize=\"callbacks.setButtonStyles\" data-id=\"7570\" src=\"https:\/\/zsipo5.poznan.pl\/wp-content\/uploads\/2026\/04\/att.6L8CnH2-3GHd64GW8Qc1MZU5Mgk9pVgWZWfF8_XHoZc-768x1024.jpg\" alt=\"\" class=\"wp-image-7570\" srcset=\"https:\/\/zsipo5.poznan.pl\/wp-content\/uploads\/2026\/04\/att.6L8CnH2-3GHd64GW8Qc1MZU5Mgk9pVgWZWfF8_XHoZc-768x1024.jpg 768w, https:\/\/zsipo5.poznan.pl\/wp-content\/uploads\/2026\/04\/att.6L8CnH2-3GHd64GW8Qc1MZU5Mgk9pVgWZWfF8_XHoZc-225x300.jpg 225w, https:\/\/zsipo5.poznan.pl\/wp-content\/uploads\/2026\/04\/att.6L8CnH2-3GHd64GW8Qc1MZU5Mgk9pVgWZWfF8_XHoZc-1152x1536.jpg 1152w, https:\/\/zsipo5.poznan.pl\/wp-content\/uploads\/2026\/04\/att.6L8CnH2-3GHd64GW8Qc1MZU5Mgk9pVgWZWfF8_XHoZc.jpg 1536w\" sizes=\"(max-width: 768px) 100vw, 768px\" \/><button\n\t\t\tclass=\"lightbox-trigger\"\n\t\t\ttype=\"button\"\n\t\t\taria-haspopup=\"dialog\"\n\t\t\taria-label=\"Powi\u0119ksz\"\n\t\t\tdata-wp-init=\"callbacks.initTriggerButton\"\n\t\t\tdata-wp-on--click=\"actions.showLightbox\"\n\t\t\tdata-wp-style--right=\"state.imageButtonRight\"\n\t\t\tdata-wp-style--top=\"state.imageButtonTop\"\n\t\t>\n\t\t\t<svg xmlns=\"http:\/\/www.w3.org\/2000\/svg\" width=\"12\" height=\"12\" fill=\"none\" viewBox=\"0 0 12 12\">\n\t\t\t\t<path fill=\"#fff\" d=\"M2 0a2 2 0 0 0-2 2v2h1.5V2a.5.5 0 0 1 .5-.5h2V0H2Zm2 10.5H2a.5.5 0 0 1-.5-.5V8H0v2a2 2 0 0 0 2 2h2v-1.5ZM8 12v-1.5h2a.5.5 0 0 0 .5-.5V8H12v2a2 2 0 0 1-2 2H8Zm2-12a2 2 0 0 1 2 2v2h-1.5V2a.5.5 0 0 0-.5-.5H8V0h2Z\" \/>\n\t\t\t<\/svg>\n\t\t<\/button><\/figure>\n\n\n\n<figure data-wp-context=\"{&quot;imageId&quot;:&quot;69fb33556cba9&quot;}\" data-wp-interactive=\"core\/image\" data-wp-key=\"69fb33556cba9\" class=\"wp-block-image size-large wp-lightbox-container\"><img loading=\"lazy\" decoding=\"async\" width=\"768\" height=\"1024\" data-wp-class--hide=\"state.isContentHidden\" data-wp-class--show=\"state.isContentVisible\" data-wp-init=\"callbacks.setButtonStyles\" data-wp-on--click=\"actions.showLightbox\" data-wp-on--load=\"callbacks.setButtonStyles\" data-wp-on-window--resize=\"callbacks.setButtonStyles\" data-id=\"7567\" src=\"https:\/\/zsipo5.poznan.pl\/wp-content\/uploads\/2026\/04\/att.40kLh-18ZAwmtr0cRzyOE7M1HntX1vmr0u_HJIPush8-768x1024.jpg\" alt=\"\" class=\"wp-image-7567\" srcset=\"https:\/\/zsipo5.poznan.pl\/wp-content\/uploads\/2026\/04\/att.40kLh-18ZAwmtr0cRzyOE7M1HntX1vmr0u_HJIPush8-768x1024.jpg 768w, https:\/\/zsipo5.poznan.pl\/wp-content\/uploads\/2026\/04\/att.40kLh-18ZAwmtr0cRzyOE7M1HntX1vmr0u_HJIPush8-225x300.jpg 225w, https:\/\/zsipo5.poznan.pl\/wp-content\/uploads\/2026\/04\/att.40kLh-18ZAwmtr0cRzyOE7M1HntX1vmr0u_HJIPush8-1152x1536.jpg 1152w, https:\/\/zsipo5.poznan.pl\/wp-content\/uploads\/2026\/04\/att.40kLh-18ZAwmtr0cRzyOE7M1HntX1vmr0u_HJIPush8.jpg 1536w\" sizes=\"(max-width: 768px) 100vw, 768px\" \/><button\n\t\t\tclass=\"lightbox-trigger\"\n\t\t\ttype=\"button\"\n\t\t\taria-haspopup=\"dialog\"\n\t\t\taria-label=\"Powi\u0119ksz\"\n\t\t\tdata-wp-init=\"callbacks.initTriggerButton\"\n\t\t\tdata-wp-on--click=\"actions.showLightbox\"\n\t\t\tdata-wp-style--right=\"state.imageButtonRight\"\n\t\t\tdata-wp-style--top=\"state.imageButtonTop\"\n\t\t>\n\t\t\t<svg xmlns=\"http:\/\/www.w3.org\/2000\/svg\" width=\"12\" height=\"12\" fill=\"none\" viewBox=\"0 0 12 12\">\n\t\t\t\t<path fill=\"#fff\" d=\"M2 0a2 2 0 0 0-2 2v2h1.5V2a.5.5 0 0 1 .5-.5h2V0H2Zm2 10.5H2a.5.5 0 0 1-.5-.5V8H0v2a2 2 0 0 0 2 2h2v-1.5ZM8 12v-1.5h2a.5.5 0 0 0 .5-.5V8H12v2a2 2 0 0 1-2 2H8Zm2-12a2 2 0 0 1 2 2v2h-1.5V2a.5.5 0 0 0-.5-.5H8V0h2Z\" \/>\n\t\t\t<\/svg>\n\t\t<\/button><\/figure>\n\n\n\n<figure data-wp-context=\"{&quot;imageId&quot;:&quot;69fb33556cf7d&quot;}\" data-wp-interactive=\"core\/image\" data-wp-key=\"69fb33556cf7d\" class=\"wp-block-image size-large wp-lightbox-container\"><img loading=\"lazy\" decoding=\"async\" width=\"768\" height=\"1024\" data-wp-class--hide=\"state.isContentHidden\" data-wp-class--show=\"state.isContentVisible\" data-wp-init=\"callbacks.setButtonStyles\" data-wp-on--click=\"actions.showLightbox\" data-wp-on--load=\"callbacks.setButtonStyles\" data-wp-on-window--resize=\"callbacks.setButtonStyles\" data-id=\"7569\" src=\"https:\/\/zsipo5.poznan.pl\/wp-content\/uploads\/2026\/04\/att.cniIZ95G5E7iCP2LKhSbFZE9yQMvAfIljPYtHPQrT2I-768x1024.jpg\" alt=\"\" class=\"wp-image-7569\" srcset=\"https:\/\/zsipo5.poznan.pl\/wp-content\/uploads\/2026\/04\/att.cniIZ95G5E7iCP2LKhSbFZE9yQMvAfIljPYtHPQrT2I-768x1024.jpg 768w, https:\/\/zsipo5.poznan.pl\/wp-content\/uploads\/2026\/04\/att.cniIZ95G5E7iCP2LKhSbFZE9yQMvAfIljPYtHPQrT2I-225x300.jpg 225w, https:\/\/zsipo5.poznan.pl\/wp-content\/uploads\/2026\/04\/att.cniIZ95G5E7iCP2LKhSbFZE9yQMvAfIljPYtHPQrT2I-1152x1536.jpg 1152w, https:\/\/zsipo5.poznan.pl\/wp-content\/uploads\/2026\/04\/att.cniIZ95G5E7iCP2LKhSbFZE9yQMvAfIljPYtHPQrT2I.jpg 1536w\" sizes=\"(max-width: 768px) 100vw, 768px\" \/><button\n\t\t\tclass=\"lightbox-trigger\"\n\t\t\ttype=\"button\"\n\t\t\taria-haspopup=\"dialog\"\n\t\t\taria-label=\"Powi\u0119ksz\"\n\t\t\tdata-wp-init=\"callbacks.initTriggerButton\"\n\t\t\tdata-wp-on--click=\"actions.showLightbox\"\n\t\t\tdata-wp-style--right=\"state.imageButtonRight\"\n\t\t\tdata-wp-style--top=\"state.imageButtonTop\"\n\t\t>\n\t\t\t<svg xmlns=\"http:\/\/www.w3.org\/2000\/svg\" width=\"12\" height=\"12\" fill=\"none\" viewBox=\"0 0 12 12\">\n\t\t\t\t<path fill=\"#fff\" d=\"M2 0a2 2 0 0 0-2 2v2h1.5V2a.5.5 0 0 1 .5-.5h2V0H2Zm2 10.5H2a.5.5 0 0 1-.5-.5V8H0v2a2 2 0 0 0 2 2h2v-1.5ZM8 12v-1.5h2a.5.5 0 0 0 .5-.5V8H12v2a2 2 0 0 1-2 2H8Zm2-12a2 2 0 0 1 2 2v2h-1.5V2a.5.5 0 0 0-.5-.5H8V0h2Z\" \/>\n\t\t\t<\/svg>\n\t\t<\/button><\/figure>\n\n\n\n<figure data-wp-context=\"{&quot;imageId&quot;:&quot;69fb33556d319&quot;}\" data-wp-interactive=\"core\/image\" data-wp-key=\"69fb33556d319\" class=\"wp-block-image size-large wp-lightbox-container\"><img loading=\"lazy\" decoding=\"async\" width=\"768\" height=\"1024\" data-wp-class--hide=\"state.isContentHidden\" data-wp-class--show=\"state.isContentVisible\" data-wp-init=\"callbacks.setButtonStyles\" data-wp-on--click=\"actions.showLightbox\" data-wp-on--load=\"callbacks.setButtonStyles\" data-wp-on-window--resize=\"callbacks.setButtonStyles\" data-id=\"7571\" src=\"https:\/\/zsipo5.poznan.pl\/wp-content\/uploads\/2026\/04\/att.fCigZd12qfZiQV8wCvr2j_N6zceyZrz9OegQ3cNV_sc-768x1024.jpg\" alt=\"\" class=\"wp-image-7571\" srcset=\"https:\/\/zsipo5.poznan.pl\/wp-content\/uploads\/2026\/04\/att.fCigZd12qfZiQV8wCvr2j_N6zceyZrz9OegQ3cNV_sc-768x1024.jpg 768w, https:\/\/zsipo5.poznan.pl\/wp-content\/uploads\/2026\/04\/att.fCigZd12qfZiQV8wCvr2j_N6zceyZrz9OegQ3cNV_sc-225x300.jpg 225w, https:\/\/zsipo5.poznan.pl\/wp-content\/uploads\/2026\/04\/att.fCigZd12qfZiQV8wCvr2j_N6zceyZrz9OegQ3cNV_sc-1152x1536.jpg 1152w, https:\/\/zsipo5.poznan.pl\/wp-content\/uploads\/2026\/04\/att.fCigZd12qfZiQV8wCvr2j_N6zceyZrz9OegQ3cNV_sc.jpg 1536w\" sizes=\"(max-width: 768px) 100vw, 768px\" \/><button\n\t\t\tclass=\"lightbox-trigger\"\n\t\t\ttype=\"button\"\n\t\t\taria-haspopup=\"dialog\"\n\t\t\taria-label=\"Powi\u0119ksz\"\n\t\t\tdata-wp-init=\"callbacks.initTriggerButton\"\n\t\t\tdata-wp-on--click=\"actions.showLightbox\"\n\t\t\tdata-wp-style--right=\"state.imageButtonRight\"\n\t\t\tdata-wp-style--top=\"state.imageButtonTop\"\n\t\t>\n\t\t\t<svg xmlns=\"http:\/\/www.w3.org\/2000\/svg\" width=\"12\" height=\"12\" fill=\"none\" viewBox=\"0 0 12 12\">\n\t\t\t\t<path fill=\"#fff\" d=\"M2 0a2 2 0 0 0-2 2v2h1.5V2a.5.5 0 0 1 .5-.5h2V0H2Zm2 10.5H2a.5.5 0 0 1-.5-.5V8H0v2a2 2 0 0 0 2 2h2v-1.5ZM8 12v-1.5h2a.5.5 0 0 0 .5-.5V8H12v2a2 2 0 0 1-2 2H8Zm2-12a2 2 0 0 1 2 2v2h-1.5V2a.5.5 0 0 0-.5-.5H8V0h2Z\" \/>\n\t\t\t<\/svg>\n\t\t<\/button><\/figure>\n\n\n\n<figure data-wp-context=\"{&quot;imageId&quot;:&quot;69fb33556d6b2&quot;}\" data-wp-interactive=\"core\/image\" data-wp-key=\"69fb33556d6b2\" class=\"wp-block-image size-large wp-lightbox-container\"><img loading=\"lazy\" decoding=\"async\" width=\"768\" height=\"1024\" data-wp-class--hide=\"state.isContentHidden\" data-wp-class--show=\"state.isContentVisible\" data-wp-init=\"callbacks.setButtonStyles\" data-wp-on--click=\"actions.showLightbox\" data-wp-on--load=\"callbacks.setButtonStyles\" data-wp-on-window--resize=\"callbacks.setButtonStyles\" data-id=\"7574\" src=\"https:\/\/zsipo5.poznan.pl\/wp-content\/uploads\/2026\/04\/att.gTyN7q6luKyxy23EZ0zA6Tt-v-e8ZiQmrobSYDOtUM4-768x1024.jpg\" alt=\"\" class=\"wp-image-7574\" srcset=\"https:\/\/zsipo5.poznan.pl\/wp-content\/uploads\/2026\/04\/att.gTyN7q6luKyxy23EZ0zA6Tt-v-e8ZiQmrobSYDOtUM4-768x1024.jpg 768w, https:\/\/zsipo5.poznan.pl\/wp-content\/uploads\/2026\/04\/att.gTyN7q6luKyxy23EZ0zA6Tt-v-e8ZiQmrobSYDOtUM4-225x300.jpg 225w, https:\/\/zsipo5.poznan.pl\/wp-content\/uploads\/2026\/04\/att.gTyN7q6luKyxy23EZ0zA6Tt-v-e8ZiQmrobSYDOtUM4-1152x1536.jpg 1152w, https:\/\/zsipo5.poznan.pl\/wp-content\/uploads\/2026\/04\/att.gTyN7q6luKyxy23EZ0zA6Tt-v-e8ZiQmrobSYDOtUM4.jpg 1536w\" sizes=\"(max-width: 768px) 100vw, 768px\" \/><button\n\t\t\tclass=\"lightbox-trigger\"\n\t\t\ttype=\"button\"\n\t\t\taria-haspopup=\"dialog\"\n\t\t\taria-label=\"Powi\u0119ksz\"\n\t\t\tdata-wp-init=\"callbacks.initTriggerButton\"\n\t\t\tdata-wp-on--click=\"actions.showLightbox\"\n\t\t\tdata-wp-style--right=\"state.imageButtonRight\"\n\t\t\tdata-wp-style--top=\"state.imageButtonTop\"\n\t\t>\n\t\t\t<svg xmlns=\"http:\/\/www.w3.org\/2000\/svg\" width=\"12\" height=\"12\" fill=\"none\" viewBox=\"0 0 12 12\">\n\t\t\t\t<path fill=\"#fff\" d=\"M2 0a2 2 0 0 0-2 2v2h1.5V2a.5.5 0 0 1 .5-.5h2V0H2Zm2 10.5H2a.5.5 0 0 1-.5-.5V8H0v2a2 2 0 0 0 2 2h2v-1.5ZM8 12v-1.5h2a.5.5 0 0 0 .5-.5V8H12v2a2 2 0 0 1-2 2H8Zm2-12a2 2 0 0 1 2 2v2h-1.5V2a.5.5 0 0 0-.5-.5H8V0h2Z\" \/>\n\t\t\t<\/svg>\n\t\t<\/button><\/figure>\n\n\n\n<figure data-wp-context=\"{&quot;imageId&quot;:&quot;69fb33556da5f&quot;}\" data-wp-interactive=\"core\/image\" data-wp-key=\"69fb33556da5f\" class=\"wp-block-image size-large wp-lightbox-container\"><img loading=\"lazy\" decoding=\"async\" width=\"768\" height=\"1024\" data-wp-class--hide=\"state.isContentHidden\" data-wp-class--show=\"state.isContentVisible\" data-wp-init=\"callbacks.setButtonStyles\" data-wp-on--click=\"actions.showLightbox\" data-wp-on--load=\"callbacks.setButtonStyles\" data-wp-on-window--resize=\"callbacks.setButtonStyles\" data-id=\"7576\" src=\"https:\/\/zsipo5.poznan.pl\/wp-content\/uploads\/2026\/04\/att.Kz8WGLJYmUxIC1WAJUr5MKDhy1NQRgYJCji3lZD5SKI-768x1024.jpg\" alt=\"\" class=\"wp-image-7576\" srcset=\"https:\/\/zsipo5.poznan.pl\/wp-content\/uploads\/2026\/04\/att.Kz8WGLJYmUxIC1WAJUr5MKDhy1NQRgYJCji3lZD5SKI-768x1024.jpg 768w, https:\/\/zsipo5.poznan.pl\/wp-content\/uploads\/2026\/04\/att.Kz8WGLJYmUxIC1WAJUr5MKDhy1NQRgYJCji3lZD5SKI-225x300.jpg 225w, https:\/\/zsipo5.poznan.pl\/wp-content\/uploads\/2026\/04\/att.Kz8WGLJYmUxIC1WAJUr5MKDhy1NQRgYJCji3lZD5SKI-1152x1536.jpg 1152w, https:\/\/zsipo5.poznan.pl\/wp-content\/uploads\/2026\/04\/att.Kz8WGLJYmUxIC1WAJUr5MKDhy1NQRgYJCji3lZD5SKI.jpg 1536w\" sizes=\"(max-width: 768px) 100vw, 768px\" \/><button\n\t\t\tclass=\"lightbox-trigger\"\n\t\t\ttype=\"button\"\n\t\t\taria-haspopup=\"dialog\"\n\t\t\taria-label=\"Powi\u0119ksz\"\n\t\t\tdata-wp-init=\"callbacks.initTriggerButton\"\n\t\t\tdata-wp-on--click=\"actions.showLightbox\"\n\t\t\tdata-wp-style--right=\"state.imageButtonRight\"\n\t\t\tdata-wp-style--top=\"state.imageButtonTop\"\n\t\t>\n\t\t\t<svg xmlns=\"http:\/\/www.w3.org\/2000\/svg\" width=\"12\" height=\"12\" fill=\"none\" viewBox=\"0 0 12 12\">\n\t\t\t\t<path fill=\"#fff\" d=\"M2 0a2 2 0 0 0-2 2v2h1.5V2a.5.5 0 0 1 .5-.5h2V0H2Zm2 10.5H2a.5.5 0 0 1-.5-.5V8H0v2a2 2 0 0 0 2 2h2v-1.5ZM8 12v-1.5h2a.5.5 0 0 0 .5-.5V8H12v2a2 2 0 0 1-2 2H8Zm2-12a2 2 0 0 1 2 2v2h-1.5V2a.5.5 0 0 0-.5-.5H8V0h2Z\" \/>\n\t\t\t<\/svg>\n\t\t<\/button><\/figure>\n\n\n\n<figure data-wp-context=\"{&quot;imageId&quot;:&quot;69fb33556df17&quot;}\" data-wp-interactive=\"core\/image\" data-wp-key=\"69fb33556df17\" class=\"wp-block-image size-large wp-lightbox-container\"><img loading=\"lazy\" decoding=\"async\" width=\"768\" height=\"1024\" data-wp-class--hide=\"state.isContentHidden\" data-wp-class--show=\"state.isContentVisible\" data-wp-init=\"callbacks.setButtonStyles\" data-wp-on--click=\"actions.showLightbox\" data-wp-on--load=\"callbacks.setButtonStyles\" data-wp-on-window--resize=\"callbacks.setButtonStyles\" data-id=\"7577\" src=\"https:\/\/zsipo5.poznan.pl\/wp-content\/uploads\/2026\/04\/att.NNiRGHsieDl1ryB6vvLl-dycX52bkhr17SVAmS6P1XI-768x1024.jpg\" alt=\"\" class=\"wp-image-7577\" srcset=\"https:\/\/zsipo5.poznan.pl\/wp-content\/uploads\/2026\/04\/att.NNiRGHsieDl1ryB6vvLl-dycX52bkhr17SVAmS6P1XI-768x1024.jpg 768w, https:\/\/zsipo5.poznan.pl\/wp-content\/uploads\/2026\/04\/att.NNiRGHsieDl1ryB6vvLl-dycX52bkhr17SVAmS6P1XI-225x300.jpg 225w, https:\/\/zsipo5.poznan.pl\/wp-content\/uploads\/2026\/04\/att.NNiRGHsieDl1ryB6vvLl-dycX52bkhr17SVAmS6P1XI-1152x1536.jpg 1152w, https:\/\/zsipo5.poznan.pl\/wp-content\/uploads\/2026\/04\/att.NNiRGHsieDl1ryB6vvLl-dycX52bkhr17SVAmS6P1XI.jpg 1536w\" sizes=\"(max-width: 768px) 100vw, 768px\" \/><button\n\t\t\tclass=\"lightbox-trigger\"\n\t\t\ttype=\"button\"\n\t\t\taria-haspopup=\"dialog\"\n\t\t\taria-label=\"Powi\u0119ksz\"\n\t\t\tdata-wp-init=\"callbacks.initTriggerButton\"\n\t\t\tdata-wp-on--click=\"actions.showLightbox\"\n\t\t\tdata-wp-style--right=\"state.imageButtonRight\"\n\t\t\tdata-wp-style--top=\"state.imageButtonTop\"\n\t\t>\n\t\t\t<svg xmlns=\"http:\/\/www.w3.org\/2000\/svg\" width=\"12\" height=\"12\" fill=\"none\" viewBox=\"0 0 12 12\">\n\t\t\t\t<path fill=\"#fff\" d=\"M2 0a2 2 0 0 0-2 2v2h1.5V2a.5.5 0 0 1 .5-.5h2V0H2Zm2 10.5H2a.5.5 0 0 1-.5-.5V8H0v2a2 2 0 0 0 2 2h2v-1.5ZM8 12v-1.5h2a.5.5 0 0 0 .5-.5V8H12v2a2 2 0 0 1-2 2H8Zm2-12a2 2 0 0 1 2 2v2h-1.5V2a.5.5 0 0 0-.5-.5H8V0h2Z\" \/>\n\t\t\t<\/svg>\n\t\t<\/button><\/figure>\n<\/figure>\n","protected":false},"excerpt":{"rendered":"<p>W naszej \u015bwietlicy obchodzili\u015bmy Tydzie\u0144 Ziemi i Natury, kt\u00f3ry up\u0142yn\u0105\u0142 w atmosferze troski o \u015brodowisko i kreatywnej zabawy. W ramach prac plastycznych dzieci tworzy\u0142y kwiaty, drzewa, globusy oraz kolorowe t\u0119czowe chmury, rozwijaj\u0105c wyobra\u017ani\u0119 i wra\u017cliwo\u015b\u0107 na pi\u0119kno przyrody. Nie zabrak\u0142o tak\u017ce aktywno\u015bci rozwijaj\u0105cych logiczne my\u015blenie i wsp\u00f3\u0142prac\u0119 \u2013 dzieci ch\u0119tnie uczestniczy\u0142y w zabawach z wykorzystaniem [&hellip;]<\/p>\n","protected":false},"author":12,"featured_media":0,"parent":0,"menu_order":0,"comment_status":"closed","ping_status":"closed","template":"","meta":{"footnotes":""},"class_list":["post-7563","page","type-page","status-publish","hentry"],"_links":{"self":[{"href":"https:\/\/zsipo5.poznan.pl\/index.php\/wp-json\/wp\/v2\/pages\/7563","targetHints":{"allow":["GET"]}}],"collection":[{"href":"https:\/\/zsipo5.poznan.pl\/index.php\/wp-json\/wp\/v2\/pages"}],"about":[{"href":"https:\/\/zsipo5.poznan.pl\/index.php\/wp-json\/wp\/v2\/types\/page"}],"author":[{"embeddable":true,"href":"https:\/\/zsipo5.poznan.pl\/index.php\/wp-json\/wp\/v2\/users\/12"}],"replies":[{"embeddable":true,"href":"https:\/\/zsipo5.poznan.pl\/index.php\/wp-json\/wp\/v2\/comments?post=7563"}],"version-history":[{"count":1,"href":"https:\/\/zsipo5.poznan.pl\/index.php\/wp-json\/wp\/v2\/pages\/7563\/revisions"}],"predecessor-version":[{"id":7579,"href":"https:\/\/zsipo5.poznan.pl\/index.php\/wp-json\/wp\/v2\/pages\/7563\/revisions\/7579"}],"wp:attachment":[{"href":"https:\/\/zsipo5.poznan.pl\/index.php\/wp-json\/wp\/v2\/media?parent=7563"}],"curies":[{"name":"wp","href":"https:\/\/api.w.org\/{rel}","templated":true}]}}