{"id":7395,"date":"2026-03-29T16:12:35","date_gmt":"2026-03-29T14:12:35","guid":{"rendered":"https:\/\/zsipo5.poznan.pl\/?page_id=7395"},"modified":"2026-03-29T16:12:35","modified_gmt":"2026-03-29T14:12:35","slug":"27-marca-2026","status":"publish","type":"page","link":"https:\/\/zsipo5.poznan.pl\/index.php\/27-marca-2026\/","title":{"rendered":"27 marca 2026"},"content":{"rendered":"\n<p>W ostatnich dniach w naszej \u015bwietlicy zapanowa\u0142a prawdziwie wiosenna i \u015bwi\u0105teczna atmosfera. Dzieci z rado\u015bci\u0105 tworzy\u0142y kolorowe prace plastyczne inspirowane budz\u0105c\u0105 si\u0119 do \u017cycia przyrod\u0105 oraz nadchodz\u0105c\u0105 Wielkanoc\u0105.<\/p>\n\n\n\n<p>Na ich obrazkach pojawi\u0142y si\u0119 nie tylko kwitn\u0105ce kwiaty, zielone \u0142\u0105ki i promienie s\u0142o\u0144ca, ale tak\u017ce wielkanocne symbole \u2013 pisanki, kurczaczki, zaj\u0105czki i koszyczki pe\u0142ne \u015bwi\u0105tecznych smako\u0142yk\u00f3w. Ka\u017cda praca by\u0142a wyj\u0105tkowa, pe\u0142na barw i dzieci\u0119cej wyobra\u017ani.<\/p>\n\n\n\n<p>Podczas zaj\u0119\u0107 rozmawiali\u015bmy o tradycjach wielkanocnych oraz o tym, jak wiosna zmienia otaczaj\u0105c\u0105 nas przyrod\u0119. By\u0142 to czas tw\u00f3rczej zabawy, rozwijania zdolno\u015bci artystycznych oraz wsp\u00f3lnego sp\u0119dzania czasu w mi\u0142ej i radosnej atmosferze.<\/p>\n\n\n\n<p>Serdecznie zapraszamy do obejrzenia galerii prac naszych uczni\u00f3w \u2013 wiosna i Wielkanoc zawita\u0142y do naszej \u015bwietlicy na dobre!<\/p>\n\n\n\n<figure class=\"wp-block-gallery has-nested-images columns-default is-cropped wp-block-gallery-1 is-layout-flex wp-block-gallery-is-layout-flex\">\n<figure data-wp-context=\"{&quot;imageId&quot;:&quot;69fb335315d21&quot;}\" data-wp-interactive=\"core\/image\" data-wp-key=\"69fb335315d21\" class=\"wp-block-image size-large wp-lightbox-container\"><img fetchpriority=\"high\" decoding=\"async\" width=\"768\" height=\"1024\" data-wp-class--hide=\"state.isContentHidden\" data-wp-class--show=\"state.isContentVisible\" data-wp-init=\"callbacks.setButtonStyles\" data-wp-on--click=\"actions.showLightbox\" data-wp-on--load=\"callbacks.setButtonStyles\" data-wp-on-window--resize=\"callbacks.setButtonStyles\" data-id=\"7399\" src=\"https:\/\/zsipo5.poznan.pl\/wp-content\/uploads\/2026\/03\/att.YnPoE4C6F3kBmojR_hE3oK8rtbllRo5emy7XxwWtU5g-768x1024.jpg\" alt=\"\" class=\"wp-image-7399\" srcset=\"https:\/\/zsipo5.poznan.pl\/wp-content\/uploads\/2026\/03\/att.YnPoE4C6F3kBmojR_hE3oK8rtbllRo5emy7XxwWtU5g-768x1024.jpg 768w, https:\/\/zsipo5.poznan.pl\/wp-content\/uploads\/2026\/03\/att.YnPoE4C6F3kBmojR_hE3oK8rtbllRo5emy7XxwWtU5g-225x300.jpg 225w, https:\/\/zsipo5.poznan.pl\/wp-content\/uploads\/2026\/03\/att.YnPoE4C6F3kBmojR_hE3oK8rtbllRo5emy7XxwWtU5g-1152x1536.jpg 1152w, https:\/\/zsipo5.poznan.pl\/wp-content\/uploads\/2026\/03\/att.YnPoE4C6F3kBmojR_hE3oK8rtbllRo5emy7XxwWtU5g.jpg 1536w\" sizes=\"(max-width: 768px) 100vw, 768px\" \/><button\n\t\t\tclass=\"lightbox-trigger\"\n\t\t\ttype=\"button\"\n\t\t\taria-haspopup=\"dialog\"\n\t\t\taria-label=\"Powi\u0119ksz\"\n\t\t\tdata-wp-init=\"callbacks.initTriggerButton\"\n\t\t\tdata-wp-on--click=\"actions.showLightbox\"\n\t\t\tdata-wp-style--right=\"state.imageButtonRight\"\n\t\t\tdata-wp-style--top=\"state.imageButtonTop\"\n\t\t>\n\t\t\t<svg xmlns=\"http:\/\/www.w3.org\/2000\/svg\" width=\"12\" height=\"12\" fill=\"none\" viewBox=\"0 0 12 12\">\n\t\t\t\t<path fill=\"#fff\" d=\"M2 0a2 2 0 0 0-2 2v2h1.5V2a.5.5 0 0 1 .5-.5h2V0H2Zm2 10.5H2a.5.5 0 0 1-.5-.5V8H0v2a2 2 0 0 0 2 2h2v-1.5ZM8 12v-1.5h2a.5.5 0 0 0 .5-.5V8H12v2a2 2 0 0 1-2 2H8Zm2-12a2 2 0 0 1 2 2v2h-1.5V2a.5.5 0 0 0-.5-.5H8V0h2Z\" \/>\n\t\t\t<\/svg>\n\t\t<\/button><\/figure>\n\n\n\n<figure data-wp-context=\"{&quot;imageId&quot;:&quot;69fb335316455&quot;}\" data-wp-interactive=\"core\/image\" data-wp-key=\"69fb335316455\" class=\"wp-block-image size-large wp-lightbox-container\"><img decoding=\"async\" width=\"768\" height=\"1024\" data-wp-class--hide=\"state.isContentHidden\" data-wp-class--show=\"state.isContentVisible\" data-wp-init=\"callbacks.setButtonStyles\" data-wp-on--click=\"actions.showLightbox\" data-wp-on--load=\"callbacks.setButtonStyles\" data-wp-on-window--resize=\"callbacks.setButtonStyles\" data-id=\"7403\" src=\"https:\/\/zsipo5.poznan.pl\/wp-content\/uploads\/2026\/03\/att.X7ABCy_h0TInfqYkmdL6DsZlfO0VSc788b5QQnILuZU-768x1024.jpg\" alt=\"\" class=\"wp-image-7403\" srcset=\"https:\/\/zsipo5.poznan.pl\/wp-content\/uploads\/2026\/03\/att.X7ABCy_h0TInfqYkmdL6DsZlfO0VSc788b5QQnILuZU-768x1024.jpg 768w, https:\/\/zsipo5.poznan.pl\/wp-content\/uploads\/2026\/03\/att.X7ABCy_h0TInfqYkmdL6DsZlfO0VSc788b5QQnILuZU-225x300.jpg 225w, https:\/\/zsipo5.poznan.pl\/wp-content\/uploads\/2026\/03\/att.X7ABCy_h0TInfqYkmdL6DsZlfO0VSc788b5QQnILuZU-1152x1536.jpg 1152w, https:\/\/zsipo5.poznan.pl\/wp-content\/uploads\/2026\/03\/att.X7ABCy_h0TInfqYkmdL6DsZlfO0VSc788b5QQnILuZU.jpg 1536w\" sizes=\"(max-width: 768px) 100vw, 768px\" \/><button\n\t\t\tclass=\"lightbox-trigger\"\n\t\t\ttype=\"button\"\n\t\t\taria-haspopup=\"dialog\"\n\t\t\taria-label=\"Powi\u0119ksz\"\n\t\t\tdata-wp-init=\"callbacks.initTriggerButton\"\n\t\t\tdata-wp-on--click=\"actions.showLightbox\"\n\t\t\tdata-wp-style--right=\"state.imageButtonRight\"\n\t\t\tdata-wp-style--top=\"state.imageButtonTop\"\n\t\t>\n\t\t\t<svg xmlns=\"http:\/\/www.w3.org\/2000\/svg\" width=\"12\" height=\"12\" fill=\"none\" viewBox=\"0 0 12 12\">\n\t\t\t\t<path fill=\"#fff\" d=\"M2 0a2 2 0 0 0-2 2v2h1.5V2a.5.5 0 0 1 .5-.5h2V0H2Zm2 10.5H2a.5.5 0 0 1-.5-.5V8H0v2a2 2 0 0 0 2 2h2v-1.5ZM8 12v-1.5h2a.5.5 0 0 0 .5-.5V8H12v2a2 2 0 0 1-2 2H8Zm2-12a2 2 0 0 1 2 2v2h-1.5V2a.5.5 0 0 0-.5-.5H8V0h2Z\" \/>\n\t\t\t<\/svg>\n\t\t<\/button><\/figure>\n\n\n\n<figure data-wp-context=\"{&quot;imageId&quot;:&quot;69fb335316c1b&quot;}\" data-wp-interactive=\"core\/image\" data-wp-key=\"69fb335316c1b\" class=\"wp-block-image size-large wp-lightbox-container\"><img decoding=\"async\" width=\"768\" height=\"1024\" data-wp-class--hide=\"state.isContentHidden\" data-wp-class--show=\"state.isContentVisible\" data-wp-init=\"callbacks.setButtonStyles\" data-wp-on--click=\"actions.showLightbox\" data-wp-on--load=\"callbacks.setButtonStyles\" data-wp-on-window--resize=\"callbacks.setButtonStyles\" data-id=\"7406\" src=\"https:\/\/zsipo5.poznan.pl\/wp-content\/uploads\/2026\/03\/att.wGonSwk4v8i-y6tOCSQTRSQMy3JPg11D-PAbvViy57Q-768x1024.jpg\" alt=\"\" class=\"wp-image-7406\" srcset=\"https:\/\/zsipo5.poznan.pl\/wp-content\/uploads\/2026\/03\/att.wGonSwk4v8i-y6tOCSQTRSQMy3JPg11D-PAbvViy57Q-768x1024.jpg 768w, https:\/\/zsipo5.poznan.pl\/wp-content\/uploads\/2026\/03\/att.wGonSwk4v8i-y6tOCSQTRSQMy3JPg11D-PAbvViy57Q-225x300.jpg 225w, https:\/\/zsipo5.poznan.pl\/wp-content\/uploads\/2026\/03\/att.wGonSwk4v8i-y6tOCSQTRSQMy3JPg11D-PAbvViy57Q-1152x1536.jpg 1152w, https:\/\/zsipo5.poznan.pl\/wp-content\/uploads\/2026\/03\/att.wGonSwk4v8i-y6tOCSQTRSQMy3JPg11D-PAbvViy57Q.jpg 1536w\" sizes=\"(max-width: 768px) 100vw, 768px\" \/><button\n\t\t\tclass=\"lightbox-trigger\"\n\t\t\ttype=\"button\"\n\t\t\taria-haspopup=\"dialog\"\n\t\t\taria-label=\"Powi\u0119ksz\"\n\t\t\tdata-wp-init=\"callbacks.initTriggerButton\"\n\t\t\tdata-wp-on--click=\"actions.showLightbox\"\n\t\t\tdata-wp-style--right=\"state.imageButtonRight\"\n\t\t\tdata-wp-style--top=\"state.imageButtonTop\"\n\t\t>\n\t\t\t<svg xmlns=\"http:\/\/www.w3.org\/2000\/svg\" width=\"12\" height=\"12\" fill=\"none\" viewBox=\"0 0 12 12\">\n\t\t\t\t<path fill=\"#fff\" d=\"M2 0a2 2 0 0 0-2 2v2h1.5V2a.5.5 0 0 1 .5-.5h2V0H2Zm2 10.5H2a.5.5 0 0 1-.5-.5V8H0v2a2 2 0 0 0 2 2h2v-1.5ZM8 12v-1.5h2a.5.5 0 0 0 .5-.5V8H12v2a2 2 0 0 1-2 2H8Zm2-12a2 2 0 0 1 2 2v2h-1.5V2a.5.5 0 0 0-.5-.5H8V0h2Z\" \/>\n\t\t\t<\/svg>\n\t\t<\/button><\/figure>\n\n\n\n<figure data-wp-context=\"{&quot;imageId&quot;:&quot;69fb335316fbe&quot;}\" data-wp-interactive=\"core\/image\" data-wp-key=\"69fb335316fbe\" class=\"wp-block-image size-large wp-lightbox-container\"><img loading=\"lazy\" decoding=\"async\" width=\"1024\" height=\"768\" data-wp-class--hide=\"state.isContentHidden\" data-wp-class--show=\"state.isContentVisible\" data-wp-init=\"callbacks.setButtonStyles\" data-wp-on--click=\"actions.showLightbox\" data-wp-on--load=\"callbacks.setButtonStyles\" data-wp-on-window--resize=\"callbacks.setButtonStyles\" data-id=\"7404\" src=\"https:\/\/zsipo5.poznan.pl\/wp-content\/uploads\/2026\/03\/att.UICPSEZxjoGmrbCTplytYapaHq1Bs6hjhVLKEW06NWo-1024x768.jpg\" alt=\"\" class=\"wp-image-7404\" srcset=\"https:\/\/zsipo5.poznan.pl\/wp-content\/uploads\/2026\/03\/att.UICPSEZxjoGmrbCTplytYapaHq1Bs6hjhVLKEW06NWo-1024x768.jpg 1024w, https:\/\/zsipo5.poznan.pl\/wp-content\/uploads\/2026\/03\/att.UICPSEZxjoGmrbCTplytYapaHq1Bs6hjhVLKEW06NWo-300x225.jpg 300w, https:\/\/zsipo5.poznan.pl\/wp-content\/uploads\/2026\/03\/att.UICPSEZxjoGmrbCTplytYapaHq1Bs6hjhVLKEW06NWo-768x576.jpg 768w, https:\/\/zsipo5.poznan.pl\/wp-content\/uploads\/2026\/03\/att.UICPSEZxjoGmrbCTplytYapaHq1Bs6hjhVLKEW06NWo-1536x1152.jpg 1536w, https:\/\/zsipo5.poznan.pl\/wp-content\/uploads\/2026\/03\/att.UICPSEZxjoGmrbCTplytYapaHq1Bs6hjhVLKEW06NWo.jpg 2048w\" sizes=\"(max-width: 1024px) 100vw, 1024px\" \/><button\n\t\t\tclass=\"lightbox-trigger\"\n\t\t\ttype=\"button\"\n\t\t\taria-haspopup=\"dialog\"\n\t\t\taria-label=\"Powi\u0119ksz\"\n\t\t\tdata-wp-init=\"callbacks.initTriggerButton\"\n\t\t\tdata-wp-on--click=\"actions.showLightbox\"\n\t\t\tdata-wp-style--right=\"state.imageButtonRight\"\n\t\t\tdata-wp-style--top=\"state.imageButtonTop\"\n\t\t>\n\t\t\t<svg xmlns=\"http:\/\/www.w3.org\/2000\/svg\" width=\"12\" height=\"12\" fill=\"none\" viewBox=\"0 0 12 12\">\n\t\t\t\t<path fill=\"#fff\" d=\"M2 0a2 2 0 0 0-2 2v2h1.5V2a.5.5 0 0 1 .5-.5h2V0H2Zm2 10.5H2a.5.5 0 0 1-.5-.5V8H0v2a2 2 0 0 0 2 2h2v-1.5ZM8 12v-1.5h2a.5.5 0 0 0 .5-.5V8H12v2a2 2 0 0 1-2 2H8Zm2-12a2 2 0 0 1 2 2v2h-1.5V2a.5.5 0 0 0-.5-.5H8V0h2Z\" \/>\n\t\t\t<\/svg>\n\t\t<\/button><\/figure>\n\n\n\n<figure data-wp-context=\"{&quot;imageId&quot;:&quot;69fb335317330&quot;}\" data-wp-interactive=\"core\/image\" data-wp-key=\"69fb335317330\" class=\"wp-block-image size-large wp-lightbox-container\"><img loading=\"lazy\" decoding=\"async\" width=\"768\" height=\"1024\" data-wp-class--hide=\"state.isContentHidden\" data-wp-class--show=\"state.isContentVisible\" data-wp-init=\"callbacks.setButtonStyles\" data-wp-on--click=\"actions.showLightbox\" data-wp-on--load=\"callbacks.setButtonStyles\" data-wp-on-window--resize=\"callbacks.setButtonStyles\" data-id=\"7409\" src=\"https:\/\/zsipo5.poznan.pl\/wp-content\/uploads\/2026\/03\/att.GOLui8uC72DEbH0RbCnfanmo3C5XWEPwiNLEQQ8xTQE-768x1024.jpg\" alt=\"\" class=\"wp-image-7409\" srcset=\"https:\/\/zsipo5.poznan.pl\/wp-content\/uploads\/2026\/03\/att.GOLui8uC72DEbH0RbCnfanmo3C5XWEPwiNLEQQ8xTQE-768x1024.jpg 768w, https:\/\/zsipo5.poznan.pl\/wp-content\/uploads\/2026\/03\/att.GOLui8uC72DEbH0RbCnfanmo3C5XWEPwiNLEQQ8xTQE-225x300.jpg 225w, https:\/\/zsipo5.poznan.pl\/wp-content\/uploads\/2026\/03\/att.GOLui8uC72DEbH0RbCnfanmo3C5XWEPwiNLEQQ8xTQE-1152x1536.jpg 1152w, https:\/\/zsipo5.poznan.pl\/wp-content\/uploads\/2026\/03\/att.GOLui8uC72DEbH0RbCnfanmo3C5XWEPwiNLEQQ8xTQE.jpg 1536w\" sizes=\"(max-width: 768px) 100vw, 768px\" \/><button\n\t\t\tclass=\"lightbox-trigger\"\n\t\t\ttype=\"button\"\n\t\t\taria-haspopup=\"dialog\"\n\t\t\taria-label=\"Powi\u0119ksz\"\n\t\t\tdata-wp-init=\"callbacks.initTriggerButton\"\n\t\t\tdata-wp-on--click=\"actions.showLightbox\"\n\t\t\tdata-wp-style--right=\"state.imageButtonRight\"\n\t\t\tdata-wp-style--top=\"state.imageButtonTop\"\n\t\t>\n\t\t\t<svg xmlns=\"http:\/\/www.w3.org\/2000\/svg\" width=\"12\" height=\"12\" fill=\"none\" viewBox=\"0 0 12 12\">\n\t\t\t\t<path fill=\"#fff\" d=\"M2 0a2 2 0 0 0-2 2v2h1.5V2a.5.5 0 0 1 .5-.5h2V0H2Zm2 10.5H2a.5.5 0 0 1-.5-.5V8H0v2a2 2 0 0 0 2 2h2v-1.5ZM8 12v-1.5h2a.5.5 0 0 0 .5-.5V8H12v2a2 2 0 0 1-2 2H8Zm2-12a2 2 0 0 1 2 2v2h-1.5V2a.5.5 0 0 0-.5-.5H8V0h2Z\" \/>\n\t\t\t<\/svg>\n\t\t<\/button><\/figure>\n\n\n\n<figure data-wp-context=\"{&quot;imageId&quot;:&quot;69fb3353176ad&quot;}\" data-wp-interactive=\"core\/image\" data-wp-key=\"69fb3353176ad\" class=\"wp-block-image size-large wp-lightbox-container\"><img loading=\"lazy\" decoding=\"async\" width=\"768\" height=\"1024\" data-wp-class--hide=\"state.isContentHidden\" data-wp-class--show=\"state.isContentVisible\" data-wp-init=\"callbacks.setButtonStyles\" data-wp-on--click=\"actions.showLightbox\" data-wp-on--load=\"callbacks.setButtonStyles\" data-wp-on-window--resize=\"callbacks.setButtonStyles\" data-id=\"7407\" src=\"https:\/\/zsipo5.poznan.pl\/wp-content\/uploads\/2026\/03\/att.eMGXVbaxOE8Qqt3Un3UosDNGO0798PU_2MGE7KzYQ-Q-768x1024.jpg\" alt=\"\" class=\"wp-image-7407\" srcset=\"https:\/\/zsipo5.poznan.pl\/wp-content\/uploads\/2026\/03\/att.eMGXVbaxOE8Qqt3Un3UosDNGO0798PU_2MGE7KzYQ-Q-768x1024.jpg 768w, https:\/\/zsipo5.poznan.pl\/wp-content\/uploads\/2026\/03\/att.eMGXVbaxOE8Qqt3Un3UosDNGO0798PU_2MGE7KzYQ-Q-225x300.jpg 225w, https:\/\/zsipo5.poznan.pl\/wp-content\/uploads\/2026\/03\/att.eMGXVbaxOE8Qqt3Un3UosDNGO0798PU_2MGE7KzYQ-Q-1152x1536.jpg 1152w, https:\/\/zsipo5.poznan.pl\/wp-content\/uploads\/2026\/03\/att.eMGXVbaxOE8Qqt3Un3UosDNGO0798PU_2MGE7KzYQ-Q.jpg 1536w\" sizes=\"(max-width: 768px) 100vw, 768px\" \/><button\n\t\t\tclass=\"lightbox-trigger\"\n\t\t\ttype=\"button\"\n\t\t\taria-haspopup=\"dialog\"\n\t\t\taria-label=\"Powi\u0119ksz\"\n\t\t\tdata-wp-init=\"callbacks.initTriggerButton\"\n\t\t\tdata-wp-on--click=\"actions.showLightbox\"\n\t\t\tdata-wp-style--right=\"state.imageButtonRight\"\n\t\t\tdata-wp-style--top=\"state.imageButtonTop\"\n\t\t>\n\t\t\t<svg xmlns=\"http:\/\/www.w3.org\/2000\/svg\" width=\"12\" height=\"12\" fill=\"none\" viewBox=\"0 0 12 12\">\n\t\t\t\t<path fill=\"#fff\" d=\"M2 0a2 2 0 0 0-2 2v2h1.5V2a.5.5 0 0 1 .5-.5h2V0H2Zm2 10.5H2a.5.5 0 0 1-.5-.5V8H0v2a2 2 0 0 0 2 2h2v-1.5ZM8 12v-1.5h2a.5.5 0 0 0 .5-.5V8H12v2a2 2 0 0 1-2 2H8Zm2-12a2 2 0 0 1 2 2v2h-1.5V2a.5.5 0 0 0-.5-.5H8V0h2Z\" \/>\n\t\t\t<\/svg>\n\t\t<\/button><\/figure>\n\n\n\n<figure data-wp-context=\"{&quot;imageId&quot;:&quot;69fb335317a49&quot;}\" data-wp-interactive=\"core\/image\" data-wp-key=\"69fb335317a49\" class=\"wp-block-image size-large wp-lightbox-container\"><img loading=\"lazy\" decoding=\"async\" width=\"768\" height=\"1024\" data-wp-class--hide=\"state.isContentHidden\" data-wp-class--show=\"state.isContentVisible\" data-wp-init=\"callbacks.setButtonStyles\" data-wp-on--click=\"actions.showLightbox\" data-wp-on--load=\"callbacks.setButtonStyles\" data-wp-on-window--resize=\"callbacks.setButtonStyles\" data-id=\"7408\" src=\"https:\/\/zsipo5.poznan.pl\/wp-content\/uploads\/2026\/03\/att.9RmdC6IVaEU1U788JLWqUN2JyKnyMyKQhqW8E3ylRdc-768x1024.jpg\" alt=\"\" class=\"wp-image-7408\" srcset=\"https:\/\/zsipo5.poznan.pl\/wp-content\/uploads\/2026\/03\/att.9RmdC6IVaEU1U788JLWqUN2JyKnyMyKQhqW8E3ylRdc-768x1024.jpg 768w, https:\/\/zsipo5.poznan.pl\/wp-content\/uploads\/2026\/03\/att.9RmdC6IVaEU1U788JLWqUN2JyKnyMyKQhqW8E3ylRdc-225x300.jpg 225w, https:\/\/zsipo5.poznan.pl\/wp-content\/uploads\/2026\/03\/att.9RmdC6IVaEU1U788JLWqUN2JyKnyMyKQhqW8E3ylRdc-1152x1536.jpg 1152w, https:\/\/zsipo5.poznan.pl\/wp-content\/uploads\/2026\/03\/att.9RmdC6IVaEU1U788JLWqUN2JyKnyMyKQhqW8E3ylRdc.jpg 1536w\" sizes=\"(max-width: 768px) 100vw, 768px\" \/><button\n\t\t\tclass=\"lightbox-trigger\"\n\t\t\ttype=\"button\"\n\t\t\taria-haspopup=\"dialog\"\n\t\t\taria-label=\"Powi\u0119ksz\"\n\t\t\tdata-wp-init=\"callbacks.initTriggerButton\"\n\t\t\tdata-wp-on--click=\"actions.showLightbox\"\n\t\t\tdata-wp-style--right=\"state.imageButtonRight\"\n\t\t\tdata-wp-style--top=\"state.imageButtonTop\"\n\t\t>\n\t\t\t<svg xmlns=\"http:\/\/www.w3.org\/2000\/svg\" width=\"12\" height=\"12\" fill=\"none\" viewBox=\"0 0 12 12\">\n\t\t\t\t<path fill=\"#fff\" d=\"M2 0a2 2 0 0 0-2 2v2h1.5V2a.5.5 0 0 1 .5-.5h2V0H2Zm2 10.5H2a.5.5 0 0 1-.5-.5V8H0v2a2 2 0 0 0 2 2h2v-1.5ZM8 12v-1.5h2a.5.5 0 0 0 .5-.5V8H12v2a2 2 0 0 1-2 2H8Zm2-12a2 2 0 0 1 2 2v2h-1.5V2a.5.5 0 0 0-.5-.5H8V0h2Z\" \/>\n\t\t\t<\/svg>\n\t\t<\/button><\/figure>\n\n\n\n<figure data-wp-context=\"{&quot;imageId&quot;:&quot;69fb335317ff5&quot;}\" data-wp-interactive=\"core\/image\" data-wp-key=\"69fb335317ff5\" class=\"wp-block-image size-large wp-lightbox-container\"><img loading=\"lazy\" decoding=\"async\" width=\"768\" height=\"1024\" data-wp-class--hide=\"state.isContentHidden\" data-wp-class--show=\"state.isContentVisible\" data-wp-init=\"callbacks.setButtonStyles\" data-wp-on--click=\"actions.showLightbox\" data-wp-on--load=\"callbacks.setButtonStyles\" data-wp-on-window--resize=\"callbacks.setButtonStyles\" data-id=\"7414\" src=\"https:\/\/zsipo5.poznan.pl\/wp-content\/uploads\/2026\/03\/att.3UaAbbWQZOp8IylJUuCYExMzr_AsChmOXlw2ZW5nJEI-768x1024.jpg\" alt=\"\" class=\"wp-image-7414\" srcset=\"https:\/\/zsipo5.poznan.pl\/wp-content\/uploads\/2026\/03\/att.3UaAbbWQZOp8IylJUuCYExMzr_AsChmOXlw2ZW5nJEI-768x1024.jpg 768w, https:\/\/zsipo5.poznan.pl\/wp-content\/uploads\/2026\/03\/att.3UaAbbWQZOp8IylJUuCYExMzr_AsChmOXlw2ZW5nJEI-225x300.jpg 225w, https:\/\/zsipo5.poznan.pl\/wp-content\/uploads\/2026\/03\/att.3UaAbbWQZOp8IylJUuCYExMzr_AsChmOXlw2ZW5nJEI-1152x1536.jpg 1152w, https:\/\/zsipo5.poznan.pl\/wp-content\/uploads\/2026\/03\/att.3UaAbbWQZOp8IylJUuCYExMzr_AsChmOXlw2ZW5nJEI.jpg 1536w\" sizes=\"(max-width: 768px) 100vw, 768px\" \/><button\n\t\t\tclass=\"lightbox-trigger\"\n\t\t\ttype=\"button\"\n\t\t\taria-haspopup=\"dialog\"\n\t\t\taria-label=\"Powi\u0119ksz\"\n\t\t\tdata-wp-init=\"callbacks.initTriggerButton\"\n\t\t\tdata-wp-on--click=\"actions.showLightbox\"\n\t\t\tdata-wp-style--right=\"state.imageButtonRight\"\n\t\t\tdata-wp-style--top=\"state.imageButtonTop\"\n\t\t>\n\t\t\t<svg xmlns=\"http:\/\/www.w3.org\/2000\/svg\" width=\"12\" height=\"12\" fill=\"none\" viewBox=\"0 0 12 12\">\n\t\t\t\t<path fill=\"#fff\" d=\"M2 0a2 2 0 0 0-2 2v2h1.5V2a.5.5 0 0 1 .5-.5h2V0H2Zm2 10.5H2a.5.5 0 0 1-.5-.5V8H0v2a2 2 0 0 0 2 2h2v-1.5ZM8 12v-1.5h2a.5.5 0 0 0 .5-.5V8H12v2a2 2 0 0 1-2 2H8Zm2-12a2 2 0 0 1 2 2v2h-1.5V2a.5.5 0 0 0-.5-.5H8V0h2Z\" \/>\n\t\t\t<\/svg>\n\t\t<\/button><\/figure>\n\n\n\n<figure data-wp-context=\"{&quot;imageId&quot;:&quot;69fb335318459&quot;}\" data-wp-interactive=\"core\/image\" data-wp-key=\"69fb335318459\" class=\"wp-block-image size-large wp-lightbox-container\"><img loading=\"lazy\" decoding=\"async\" width=\"768\" height=\"1024\" data-wp-class--hide=\"state.isContentHidden\" data-wp-class--show=\"state.isContentVisible\" data-wp-init=\"callbacks.setButtonStyles\" data-wp-on--click=\"actions.showLightbox\" data-wp-on--load=\"callbacks.setButtonStyles\" data-wp-on-window--resize=\"callbacks.setButtonStyles\" data-id=\"7405\" src=\"https:\/\/zsipo5.poznan.pl\/wp-content\/uploads\/2026\/03\/att.1_7vRwPLnj5shi8W2qTITlu72Djo-DZw5KYt_75uJSI-768x1024.jpg\" alt=\"\" class=\"wp-image-7405\" srcset=\"https:\/\/zsipo5.poznan.pl\/wp-content\/uploads\/2026\/03\/att.1_7vRwPLnj5shi8W2qTITlu72Djo-DZw5KYt_75uJSI-768x1024.jpg 768w, https:\/\/zsipo5.poznan.pl\/wp-content\/uploads\/2026\/03\/att.1_7vRwPLnj5shi8W2qTITlu72Djo-DZw5KYt_75uJSI-225x300.jpg 225w, https:\/\/zsipo5.poznan.pl\/wp-content\/uploads\/2026\/03\/att.1_7vRwPLnj5shi8W2qTITlu72Djo-DZw5KYt_75uJSI-1152x1536.jpg 1152w, https:\/\/zsipo5.poznan.pl\/wp-content\/uploads\/2026\/03\/att.1_7vRwPLnj5shi8W2qTITlu72Djo-DZw5KYt_75uJSI.jpg 1536w\" sizes=\"(max-width: 768px) 100vw, 768px\" \/><button\n\t\t\tclass=\"lightbox-trigger\"\n\t\t\ttype=\"button\"\n\t\t\taria-haspopup=\"dialog\"\n\t\t\taria-label=\"Powi\u0119ksz\"\n\t\t\tdata-wp-init=\"callbacks.initTriggerButton\"\n\t\t\tdata-wp-on--click=\"actions.showLightbox\"\n\t\t\tdata-wp-style--right=\"state.imageButtonRight\"\n\t\t\tdata-wp-style--top=\"state.imageButtonTop\"\n\t\t>\n\t\t\t<svg xmlns=\"http:\/\/www.w3.org\/2000\/svg\" width=\"12\" height=\"12\" fill=\"none\" viewBox=\"0 0 12 12\">\n\t\t\t\t<path fill=\"#fff\" d=\"M2 0a2 2 0 0 0-2 2v2h1.5V2a.5.5 0 0 1 .5-.5h2V0H2Zm2 10.5H2a.5.5 0 0 1-.5-.5V8H0v2a2 2 0 0 0 2 2h2v-1.5ZM8 12v-1.5h2a.5.5 0 0 0 .5-.5V8H12v2a2 2 0 0 1-2 2H8Zm2-12a2 2 0 0 1 2 2v2h-1.5V2a.5.5 0 0 0-.5-.5H8V0h2Z\" \/>\n\t\t\t<\/svg>\n\t\t<\/button><\/figure>\n<\/figure>\n","protected":false},"excerpt":{"rendered":"<p>W ostatnich dniach w naszej \u015bwietlicy zapanowa\u0142a prawdziwie wiosenna i \u015bwi\u0105teczna atmosfera. Dzieci z rado\u015bci\u0105 tworzy\u0142y kolorowe prace plastyczne inspirowane budz\u0105c\u0105 si\u0119 do \u017cycia przyrod\u0105 oraz nadchodz\u0105c\u0105 Wielkanoc\u0105. Na ich obrazkach pojawi\u0142y si\u0119 nie tylko kwitn\u0105ce kwiaty, zielone \u0142\u0105ki i promienie s\u0142o\u0144ca, ale tak\u017ce wielkanocne symbole \u2013 pisanki, kurczaczki, zaj\u0105czki i koszyczki pe\u0142ne \u015bwi\u0105tecznych smako\u0142yk\u00f3w. [&hellip;]<\/p>\n","protected":false},"author":12,"featured_media":0,"parent":0,"menu_order":0,"comment_status":"closed","ping_status":"closed","template":"","meta":{"footnotes":""},"class_list":["post-7395","page","type-page","status-publish","hentry"],"_links":{"self":[{"href":"https:\/\/zsipo5.poznan.pl\/index.php\/wp-json\/wp\/v2\/pages\/7395","targetHints":{"allow":["GET"]}}],"collection":[{"href":"https:\/\/zsipo5.poznan.pl\/index.php\/wp-json\/wp\/v2\/pages"}],"about":[{"href":"https:\/\/zsipo5.poznan.pl\/index.php\/wp-json\/wp\/v2\/types\/page"}],"author":[{"embeddable":true,"href":"https:\/\/zsipo5.poznan.pl\/index.php\/wp-json\/wp\/v2\/users\/12"}],"replies":[{"embeddable":true,"href":"https:\/\/zsipo5.poznan.pl\/index.php\/wp-json\/wp\/v2\/comments?post=7395"}],"version-history":[{"count":1,"href":"https:\/\/zsipo5.poznan.pl\/index.php\/wp-json\/wp\/v2\/pages\/7395\/revisions"}],"predecessor-version":[{"id":7416,"href":"https:\/\/zsipo5.poznan.pl\/index.php\/wp-json\/wp\/v2\/pages\/7395\/revisions\/7416"}],"wp:attachment":[{"href":"https:\/\/zsipo5.poznan.pl\/index.php\/wp-json\/wp\/v2\/media?parent=7395"}],"curies":[{"name":"wp","href":"https:\/\/api.w.org\/{rel}","templated":true}]}}