{"id":6658,"date":"2025-11-30T19:14:01","date_gmt":"2025-11-30T18:14:01","guid":{"rendered":"https:\/\/zsipo5.poznan.pl\/?page_id=6658"},"modified":"2025-11-30T19:14:01","modified_gmt":"2025-11-30T18:14:01","slug":"28-listopada-2025","status":"publish","type":"page","link":"https:\/\/zsipo5.poznan.pl\/index.php\/28-listopada-2025\/","title":{"rendered":"28 listopada 2025"},"content":{"rendered":"\n<h1 class=\"wp-block-heading\" id=\"m_-6249712264285450014m_-3748273562049489496gmail-docs-internal-guid-5d3275ee-7fff-518f-b072-ff194f76b7b9\">Podsumowanie tygodnia w \u015bwietlicy<img decoding=\"async\" alt=\"\ud83d\udd6f\ufe0f\" src=\"https:\/\/fonts.gstatic.com\/s\/e\/notoemoji\/16.0\/1f56f_fe0f\/32.png\"><img decoding=\"async\" alt=\"\ud83c\udf42\" src=\"https:\/\/fonts.gstatic.com\/s\/e\/notoemoji\/16.0\/1f342\/32.png\"><\/h1>\n\n\n\n<p>W tym tygodniu w \u015bwietlicy dominowa\u0142 klimat andrzejkowy, kt\u00f3ry wprowadzi\u0142 dzieci w magiczny, tajemniczy nastr\u00f3j. Rozmawiali\u015bmy o tradycjach zwi\u0105zanych z andrzejkami, wr\u00f3\u017cbach, symbolach szcz\u0119\u015bcia oraz zwyczajach przekazywanych z pokolenia na pokolenie. Dzieci ch\u0119tnie dzieli\u0142y si\u0119 w\u0142asnymi do\u015bwiadczeniami i pomys\u0142ami zwi\u0105zanymi z tym wyj\u0105tkowym wieczorem.<\/p>\n\n\n\n<p>W ramach zaj\u0119\u0107 plastycznych przygotowali\u015bmy prace inspirowane andrzejkow\u0105 atmosfer\u0105:<\/p>\n\n\n\n<ul class=\"wp-block-list\">\n<li>Nietoperze \u2013 powsta\u0142y kreatywne, czarne sylwety z papieru, kt\u00f3re dzieci ozdabia\u0142y wed\u0142ug w\u0142asnych pomys\u0142\u00f3w<img decoding=\"async\" src=\"https:\/\/fonts.gstatic.com\/s\/e\/notoemoji\/16.0\/1f987\/32.png\" alt=\"\ud83e\udd87\"><\/li>\n\n\n\n<li>Wied\u017amy \u2013 barwne postacie na miot\u0142ach, z ogromnymi kapeluszami i fantazyjnymi w\u0142osami <img decoding=\"async\" src=\"https:\/\/fonts.gstatic.com\/s\/e\/notoemoji\/16.0\/1f9d9_1f3fb_200d_2640_fe0f\/32.png\" alt=\"\ud83e\uddd9\ud83c\udffb\u200d\u2640\ufe0f\"><\/li>\n\n\n\n<li>Pe\u0142nia ksi\u0119\u017cyca \u2013 prace ukazuj\u0105ce nocne niebo, tajemnicz\u0105 po\u015bwiat\u0119 i magiczny klimat nocy andrzejkowej <img decoding=\"async\" src=\"https:\/\/fonts.gstatic.com\/s\/e\/notoemoji\/16.0\/1f315\/32.png\" alt=\"\ud83c\udf15\"><\/li>\n<\/ul>\n\n\n\n<figure class=\"wp-block-gallery has-nested-images columns-default is-cropped wp-block-gallery-1 is-layout-flex wp-block-gallery-is-layout-flex\">\n<figure data-wp-context=\"{&quot;imageId&quot;:&quot;69fb34716ba3f&quot;}\" data-wp-interactive=\"core\/image\" data-wp-key=\"69fb34716ba3f\" class=\"wp-block-image size-large wp-lightbox-container\"><img fetchpriority=\"high\" decoding=\"async\" width=\"1024\" height=\"768\" data-wp-class--hide=\"state.isContentHidden\" data-wp-class--show=\"state.isContentVisible\" data-wp-init=\"callbacks.setButtonStyles\" data-wp-on--click=\"actions.showLightbox\" data-wp-on--load=\"callbacks.setButtonStyles\" data-wp-on-window--resize=\"callbacks.setButtonStyles\" data-id=\"6663\" src=\"https:\/\/zsipo5.poznan.pl\/wp-content\/uploads\/2025\/11\/IMG_2419-1024x768.jpg\" alt=\"\" class=\"wp-image-6663\" srcset=\"https:\/\/zsipo5.poznan.pl\/wp-content\/uploads\/2025\/11\/IMG_2419-1024x768.jpg 1024w, https:\/\/zsipo5.poznan.pl\/wp-content\/uploads\/2025\/11\/IMG_2419-300x225.jpg 300w, https:\/\/zsipo5.poznan.pl\/wp-content\/uploads\/2025\/11\/IMG_2419-768x576.jpg 768w, https:\/\/zsipo5.poznan.pl\/wp-content\/uploads\/2025\/11\/IMG_2419-1536x1152.jpg 1536w, https:\/\/zsipo5.poznan.pl\/wp-content\/uploads\/2025\/11\/IMG_2419-2048x1536.jpg 2048w\" sizes=\"(max-width: 1024px) 100vw, 1024px\" \/><button\n\t\t\tclass=\"lightbox-trigger\"\n\t\t\ttype=\"button\"\n\t\t\taria-haspopup=\"dialog\"\n\t\t\taria-label=\"Powi\u0119ksz\"\n\t\t\tdata-wp-init=\"callbacks.initTriggerButton\"\n\t\t\tdata-wp-on--click=\"actions.showLightbox\"\n\t\t\tdata-wp-style--right=\"state.imageButtonRight\"\n\t\t\tdata-wp-style--top=\"state.imageButtonTop\"\n\t\t>\n\t\t\t<svg xmlns=\"http:\/\/www.w3.org\/2000\/svg\" width=\"12\" height=\"12\" fill=\"none\" viewBox=\"0 0 12 12\">\n\t\t\t\t<path fill=\"#fff\" d=\"M2 0a2 2 0 0 0-2 2v2h1.5V2a.5.5 0 0 1 .5-.5h2V0H2Zm2 10.5H2a.5.5 0 0 1-.5-.5V8H0v2a2 2 0 0 0 2 2h2v-1.5ZM8 12v-1.5h2a.5.5 0 0 0 .5-.5V8H12v2a2 2 0 0 1-2 2H8Zm2-12a2 2 0 0 1 2 2v2h-1.5V2a.5.5 0 0 0-.5-.5H8V0h2Z\" \/>\n\t\t\t<\/svg>\n\t\t<\/button><\/figure>\n\n\n\n<figure data-wp-context=\"{&quot;imageId&quot;:&quot;69fb34716bdbd&quot;}\" data-wp-interactive=\"core\/image\" data-wp-key=\"69fb34716bdbd\" class=\"wp-block-image size-large wp-lightbox-container\"><img decoding=\"async\" width=\"768\" height=\"1024\" data-wp-class--hide=\"state.isContentHidden\" data-wp-class--show=\"state.isContentVisible\" data-wp-init=\"callbacks.setButtonStyles\" data-wp-on--click=\"actions.showLightbox\" data-wp-on--load=\"callbacks.setButtonStyles\" data-wp-on-window--resize=\"callbacks.setButtonStyles\" data-id=\"6664\" src=\"https:\/\/zsipo5.poznan.pl\/wp-content\/uploads\/2025\/11\/IMG_2422-768x1024.jpg\" alt=\"\" class=\"wp-image-6664\" srcset=\"https:\/\/zsipo5.poznan.pl\/wp-content\/uploads\/2025\/11\/IMG_2422-768x1024.jpg 768w, https:\/\/zsipo5.poznan.pl\/wp-content\/uploads\/2025\/11\/IMG_2422-225x300.jpg 225w, https:\/\/zsipo5.poznan.pl\/wp-content\/uploads\/2025\/11\/IMG_2422-1152x1536.jpg 1152w, https:\/\/zsipo5.poznan.pl\/wp-content\/uploads\/2025\/11\/IMG_2422-1536x2048.jpg 1536w, https:\/\/zsipo5.poznan.pl\/wp-content\/uploads\/2025\/11\/IMG_2422-scaled.jpg 1920w\" sizes=\"(max-width: 768px) 100vw, 768px\" \/><button\n\t\t\tclass=\"lightbox-trigger\"\n\t\t\ttype=\"button\"\n\t\t\taria-haspopup=\"dialog\"\n\t\t\taria-label=\"Powi\u0119ksz\"\n\t\t\tdata-wp-init=\"callbacks.initTriggerButton\"\n\t\t\tdata-wp-on--click=\"actions.showLightbox\"\n\t\t\tdata-wp-style--right=\"state.imageButtonRight\"\n\t\t\tdata-wp-style--top=\"state.imageButtonTop\"\n\t\t>\n\t\t\t<svg xmlns=\"http:\/\/www.w3.org\/2000\/svg\" width=\"12\" height=\"12\" fill=\"none\" viewBox=\"0 0 12 12\">\n\t\t\t\t<path fill=\"#fff\" d=\"M2 0a2 2 0 0 0-2 2v2h1.5V2a.5.5 0 0 1 .5-.5h2V0H2Zm2 10.5H2a.5.5 0 0 1-.5-.5V8H0v2a2 2 0 0 0 2 2h2v-1.5ZM8 12v-1.5h2a.5.5 0 0 0 .5-.5V8H12v2a2 2 0 0 1-2 2H8Zm2-12a2 2 0 0 1 2 2v2h-1.5V2a.5.5 0 0 0-.5-.5H8V0h2Z\" \/>\n\t\t\t<\/svg>\n\t\t<\/button><\/figure>\n\n\n\n<figure data-wp-context=\"{&quot;imageId&quot;:&quot;69fb34716c113&quot;}\" data-wp-interactive=\"core\/image\" data-wp-key=\"69fb34716c113\" class=\"wp-block-image size-large wp-lightbox-container\"><img decoding=\"async\" width=\"768\" height=\"1024\" data-wp-class--hide=\"state.isContentHidden\" data-wp-class--show=\"state.isContentVisible\" data-wp-init=\"callbacks.setButtonStyles\" data-wp-on--click=\"actions.showLightbox\" data-wp-on--load=\"callbacks.setButtonStyles\" data-wp-on-window--resize=\"callbacks.setButtonStyles\" data-id=\"6662\" src=\"https:\/\/zsipo5.poznan.pl\/wp-content\/uploads\/2025\/11\/IMG_2420-768x1024.jpg\" alt=\"\" class=\"wp-image-6662\" srcset=\"https:\/\/zsipo5.poznan.pl\/wp-content\/uploads\/2025\/11\/IMG_2420-768x1024.jpg 768w, https:\/\/zsipo5.poznan.pl\/wp-content\/uploads\/2025\/11\/IMG_2420-225x300.jpg 225w, https:\/\/zsipo5.poznan.pl\/wp-content\/uploads\/2025\/11\/IMG_2420-1152x1536.jpg 1152w, https:\/\/zsipo5.poznan.pl\/wp-content\/uploads\/2025\/11\/IMG_2420-1536x2048.jpg 1536w, https:\/\/zsipo5.poznan.pl\/wp-content\/uploads\/2025\/11\/IMG_2420-scaled.jpg 1920w\" sizes=\"(max-width: 768px) 100vw, 768px\" \/><button\n\t\t\tclass=\"lightbox-trigger\"\n\t\t\ttype=\"button\"\n\t\t\taria-haspopup=\"dialog\"\n\t\t\taria-label=\"Powi\u0119ksz\"\n\t\t\tdata-wp-init=\"callbacks.initTriggerButton\"\n\t\t\tdata-wp-on--click=\"actions.showLightbox\"\n\t\t\tdata-wp-style--right=\"state.imageButtonRight\"\n\t\t\tdata-wp-style--top=\"state.imageButtonTop\"\n\t\t>\n\t\t\t<svg xmlns=\"http:\/\/www.w3.org\/2000\/svg\" width=\"12\" height=\"12\" fill=\"none\" viewBox=\"0 0 12 12\">\n\t\t\t\t<path fill=\"#fff\" d=\"M2 0a2 2 0 0 0-2 2v2h1.5V2a.5.5 0 0 1 .5-.5h2V0H2Zm2 10.5H2a.5.5 0 0 1-.5-.5V8H0v2a2 2 0 0 0 2 2h2v-1.5ZM8 12v-1.5h2a.5.5 0 0 0 .5-.5V8H12v2a2 2 0 0 1-2 2H8Zm2-12a2 2 0 0 1 2 2v2h-1.5V2a.5.5 0 0 0-.5-.5H8V0h2Z\" \/>\n\t\t\t<\/svg>\n\t\t<\/button><\/figure>\n\n\n\n<figure data-wp-context=\"{&quot;imageId&quot;:&quot;69fb34716c462&quot;}\" data-wp-interactive=\"core\/image\" data-wp-key=\"69fb34716c462\" class=\"wp-block-image size-large wp-lightbox-container\"><img loading=\"lazy\" decoding=\"async\" width=\"768\" height=\"1024\" data-wp-class--hide=\"state.isContentHidden\" data-wp-class--show=\"state.isContentVisible\" data-wp-init=\"callbacks.setButtonStyles\" data-wp-on--click=\"actions.showLightbox\" data-wp-on--load=\"callbacks.setButtonStyles\" data-wp-on-window--resize=\"callbacks.setButtonStyles\" data-id=\"6659\" src=\"https:\/\/zsipo5.poznan.pl\/wp-content\/uploads\/2025\/11\/att.hU34mupu65inI8-YEf2g5UO4qMQXPjfngKF5CnrbrG8-768x1024.jpg\" alt=\"\" class=\"wp-image-6659\" srcset=\"https:\/\/zsipo5.poznan.pl\/wp-content\/uploads\/2025\/11\/att.hU34mupu65inI8-YEf2g5UO4qMQXPjfngKF5CnrbrG8-768x1024.jpg 768w, https:\/\/zsipo5.poznan.pl\/wp-content\/uploads\/2025\/11\/att.hU34mupu65inI8-YEf2g5UO4qMQXPjfngKF5CnrbrG8-225x300.jpg 225w, https:\/\/zsipo5.poznan.pl\/wp-content\/uploads\/2025\/11\/att.hU34mupu65inI8-YEf2g5UO4qMQXPjfngKF5CnrbrG8-1152x1536.jpg 1152w, https:\/\/zsipo5.poznan.pl\/wp-content\/uploads\/2025\/11\/att.hU34mupu65inI8-YEf2g5UO4qMQXPjfngKF5CnrbrG8.jpg 1536w\" sizes=\"(max-width: 768px) 100vw, 768px\" \/><button\n\t\t\tclass=\"lightbox-trigger\"\n\t\t\ttype=\"button\"\n\t\t\taria-haspopup=\"dialog\"\n\t\t\taria-label=\"Powi\u0119ksz\"\n\t\t\tdata-wp-init=\"callbacks.initTriggerButton\"\n\t\t\tdata-wp-on--click=\"actions.showLightbox\"\n\t\t\tdata-wp-style--right=\"state.imageButtonRight\"\n\t\t\tdata-wp-style--top=\"state.imageButtonTop\"\n\t\t>\n\t\t\t<svg xmlns=\"http:\/\/www.w3.org\/2000\/svg\" width=\"12\" height=\"12\" fill=\"none\" viewBox=\"0 0 12 12\">\n\t\t\t\t<path fill=\"#fff\" d=\"M2 0a2 2 0 0 0-2 2v2h1.5V2a.5.5 0 0 1 .5-.5h2V0H2Zm2 10.5H2a.5.5 0 0 1-.5-.5V8H0v2a2 2 0 0 0 2 2h2v-1.5ZM8 12v-1.5h2a.5.5 0 0 0 .5-.5V8H12v2a2 2 0 0 1-2 2H8Zm2-12a2 2 0 0 1 2 2v2h-1.5V2a.5.5 0 0 0-.5-.5H8V0h2Z\" \/>\n\t\t\t<\/svg>\n\t\t<\/button><\/figure>\n\n\n\n<figure data-wp-context=\"{&quot;imageId&quot;:&quot;69fb34716c7a1&quot;}\" data-wp-interactive=\"core\/image\" data-wp-key=\"69fb34716c7a1\" class=\"wp-block-image size-large wp-lightbox-container\"><img loading=\"lazy\" decoding=\"async\" width=\"1024\" height=\"768\" data-wp-class--hide=\"state.isContentHidden\" data-wp-class--show=\"state.isContentVisible\" data-wp-init=\"callbacks.setButtonStyles\" data-wp-on--click=\"actions.showLightbox\" data-wp-on--load=\"callbacks.setButtonStyles\" data-wp-on-window--resize=\"callbacks.setButtonStyles\" data-id=\"6665\" src=\"https:\/\/zsipo5.poznan.pl\/wp-content\/uploads\/2025\/11\/IMG_2421-1024x768.jpg\" alt=\"\" class=\"wp-image-6665\" srcset=\"https:\/\/zsipo5.poznan.pl\/wp-content\/uploads\/2025\/11\/IMG_2421-1024x768.jpg 1024w, https:\/\/zsipo5.poznan.pl\/wp-content\/uploads\/2025\/11\/IMG_2421-300x225.jpg 300w, https:\/\/zsipo5.poznan.pl\/wp-content\/uploads\/2025\/11\/IMG_2421-768x576.jpg 768w, https:\/\/zsipo5.poznan.pl\/wp-content\/uploads\/2025\/11\/IMG_2421-1536x1152.jpg 1536w, https:\/\/zsipo5.poznan.pl\/wp-content\/uploads\/2025\/11\/IMG_2421-2048x1536.jpg 2048w\" sizes=\"(max-width: 1024px) 100vw, 1024px\" \/><button\n\t\t\tclass=\"lightbox-trigger\"\n\t\t\ttype=\"button\"\n\t\t\taria-haspopup=\"dialog\"\n\t\t\taria-label=\"Powi\u0119ksz\"\n\t\t\tdata-wp-init=\"callbacks.initTriggerButton\"\n\t\t\tdata-wp-on--click=\"actions.showLightbox\"\n\t\t\tdata-wp-style--right=\"state.imageButtonRight\"\n\t\t\tdata-wp-style--top=\"state.imageButtonTop\"\n\t\t>\n\t\t\t<svg xmlns=\"http:\/\/www.w3.org\/2000\/svg\" width=\"12\" height=\"12\" fill=\"none\" viewBox=\"0 0 12 12\">\n\t\t\t\t<path fill=\"#fff\" d=\"M2 0a2 2 0 0 0-2 2v2h1.5V2a.5.5 0 0 1 .5-.5h2V0H2Zm2 10.5H2a.5.5 0 0 1-.5-.5V8H0v2a2 2 0 0 0 2 2h2v-1.5ZM8 12v-1.5h2a.5.5 0 0 0 .5-.5V8H12v2a2 2 0 0 1-2 2H8Zm2-12a2 2 0 0 1 2 2v2h-1.5V2a.5.5 0 0 0-.5-.5H8V0h2Z\" \/>\n\t\t\t<\/svg>\n\t\t<\/button><\/figure>\n\n\n\n<figure data-wp-context=\"{&quot;imageId&quot;:&quot;69fb34716cafe&quot;}\" data-wp-interactive=\"core\/image\" data-wp-key=\"69fb34716cafe\" class=\"wp-block-image size-large wp-lightbox-container\"><img loading=\"lazy\" decoding=\"async\" width=\"1024\" height=\"768\" data-wp-class--hide=\"state.isContentHidden\" data-wp-class--show=\"state.isContentVisible\" data-wp-init=\"callbacks.setButtonStyles\" data-wp-on--click=\"actions.showLightbox\" data-wp-on--load=\"callbacks.setButtonStyles\" data-wp-on-window--resize=\"callbacks.setButtonStyles\" data-id=\"6660\" src=\"https:\/\/zsipo5.poznan.pl\/wp-content\/uploads\/2025\/11\/att.mWW_MHkj1VPluze-WrxGOooDU5Nh6XfFap5iB_maw0k-1024x768.jpg\" alt=\"\" class=\"wp-image-6660\" srcset=\"https:\/\/zsipo5.poznan.pl\/wp-content\/uploads\/2025\/11\/att.mWW_MHkj1VPluze-WrxGOooDU5Nh6XfFap5iB_maw0k-1024x768.jpg 1024w, https:\/\/zsipo5.poznan.pl\/wp-content\/uploads\/2025\/11\/att.mWW_MHkj1VPluze-WrxGOooDU5Nh6XfFap5iB_maw0k-300x225.jpg 300w, https:\/\/zsipo5.poznan.pl\/wp-content\/uploads\/2025\/11\/att.mWW_MHkj1VPluze-WrxGOooDU5Nh6XfFap5iB_maw0k-768x576.jpg 768w, https:\/\/zsipo5.poznan.pl\/wp-content\/uploads\/2025\/11\/att.mWW_MHkj1VPluze-WrxGOooDU5Nh6XfFap5iB_maw0k-1536x1152.jpg 1536w, https:\/\/zsipo5.poznan.pl\/wp-content\/uploads\/2025\/11\/att.mWW_MHkj1VPluze-WrxGOooDU5Nh6XfFap5iB_maw0k.jpg 2048w\" sizes=\"(max-width: 1024px) 100vw, 1024px\" \/><button\n\t\t\tclass=\"lightbox-trigger\"\n\t\t\ttype=\"button\"\n\t\t\taria-haspopup=\"dialog\"\n\t\t\taria-label=\"Powi\u0119ksz\"\n\t\t\tdata-wp-init=\"callbacks.initTriggerButton\"\n\t\t\tdata-wp-on--click=\"actions.showLightbox\"\n\t\t\tdata-wp-style--right=\"state.imageButtonRight\"\n\t\t\tdata-wp-style--top=\"state.imageButtonTop\"\n\t\t>\n\t\t\t<svg xmlns=\"http:\/\/www.w3.org\/2000\/svg\" width=\"12\" height=\"12\" fill=\"none\" viewBox=\"0 0 12 12\">\n\t\t\t\t<path fill=\"#fff\" d=\"M2 0a2 2 0 0 0-2 2v2h1.5V2a.5.5 0 0 1 .5-.5h2V0H2Zm2 10.5H2a.5.5 0 0 1-.5-.5V8H0v2a2 2 0 0 0 2 2h2v-1.5ZM8 12v-1.5h2a.5.5 0 0 0 .5-.5V8H12v2a2 2 0 0 1-2 2H8Zm2-12a2 2 0 0 1 2 2v2h-1.5V2a.5.5 0 0 0-.5-.5H8V0h2Z\" \/>\n\t\t\t<\/svg>\n\t\t<\/button><\/figure>\n\n\n\n<figure data-wp-context=\"{&quot;imageId&quot;:&quot;69fb34716ce4f&quot;}\" data-wp-interactive=\"core\/image\" data-wp-key=\"69fb34716ce4f\" class=\"wp-block-image size-large wp-lightbox-container\"><img loading=\"lazy\" decoding=\"async\" width=\"1024\" height=\"768\" data-wp-class--hide=\"state.isContentHidden\" data-wp-class--show=\"state.isContentVisible\" data-wp-init=\"callbacks.setButtonStyles\" data-wp-on--click=\"actions.showLightbox\" data-wp-on--load=\"callbacks.setButtonStyles\" data-wp-on-window--resize=\"callbacks.setButtonStyles\" data-id=\"6661\" src=\"https:\/\/zsipo5.poznan.pl\/wp-content\/uploads\/2025\/11\/att.j-3Mudt_1onFLFmE7CmWOMVqO5b00LUEGlfGZBP90jo-1024x768.jpg\" alt=\"\" class=\"wp-image-6661\" srcset=\"https:\/\/zsipo5.poznan.pl\/wp-content\/uploads\/2025\/11\/att.j-3Mudt_1onFLFmE7CmWOMVqO5b00LUEGlfGZBP90jo-1024x768.jpg 1024w, https:\/\/zsipo5.poznan.pl\/wp-content\/uploads\/2025\/11\/att.j-3Mudt_1onFLFmE7CmWOMVqO5b00LUEGlfGZBP90jo-300x225.jpg 300w, https:\/\/zsipo5.poznan.pl\/wp-content\/uploads\/2025\/11\/att.j-3Mudt_1onFLFmE7CmWOMVqO5b00LUEGlfGZBP90jo-768x576.jpg 768w, https:\/\/zsipo5.poznan.pl\/wp-content\/uploads\/2025\/11\/att.j-3Mudt_1onFLFmE7CmWOMVqO5b00LUEGlfGZBP90jo-1536x1152.jpg 1536w, https:\/\/zsipo5.poznan.pl\/wp-content\/uploads\/2025\/11\/att.j-3Mudt_1onFLFmE7CmWOMVqO5b00LUEGlfGZBP90jo.jpg 2048w\" sizes=\"(max-width: 1024px) 100vw, 1024px\" \/><button\n\t\t\tclass=\"lightbox-trigger\"\n\t\t\ttype=\"button\"\n\t\t\taria-haspopup=\"dialog\"\n\t\t\taria-label=\"Powi\u0119ksz\"\n\t\t\tdata-wp-init=\"callbacks.initTriggerButton\"\n\t\t\tdata-wp-on--click=\"actions.showLightbox\"\n\t\t\tdata-wp-style--right=\"state.imageButtonRight\"\n\t\t\tdata-wp-style--top=\"state.imageButtonTop\"\n\t\t>\n\t\t\t<svg xmlns=\"http:\/\/www.w3.org\/2000\/svg\" width=\"12\" height=\"12\" fill=\"none\" viewBox=\"0 0 12 12\">\n\t\t\t\t<path fill=\"#fff\" d=\"M2 0a2 2 0 0 0-2 2v2h1.5V2a.5.5 0 0 1 .5-.5h2V0H2Zm2 10.5H2a.5.5 0 0 1-.5-.5V8H0v2a2 2 0 0 0 2 2h2v-1.5ZM8 12v-1.5h2a.5.5 0 0 0 .5-.5V8H12v2a2 2 0 0 1-2 2H8Zm2-12a2 2 0 0 1 2 2v2h-1.5V2a.5.5 0 0 0-.5-.5H8V0h2Z\" \/>\n\t\t\t<\/svg>\n\t\t<\/button><\/figure>\n<\/figure>\n","protected":false},"excerpt":{"rendered":"<p>Podsumowanie tygodnia w \u015bwietlicy W tym tygodniu w \u015bwietlicy dominowa\u0142 klimat andrzejkowy, kt\u00f3ry wprowadzi\u0142 dzieci w magiczny, tajemniczy nastr\u00f3j. Rozmawiali\u015bmy o tradycjach zwi\u0105zanych z andrzejkami, wr\u00f3\u017cbach, symbolach szcz\u0119\u015bcia oraz zwyczajach przekazywanych z pokolenia na pokolenie. Dzieci ch\u0119tnie dzieli\u0142y si\u0119 w\u0142asnymi do\u015bwiadczeniami i pomys\u0142ami zwi\u0105zanymi z tym wyj\u0105tkowym wieczorem. W ramach zaj\u0119\u0107 plastycznych przygotowali\u015bmy prace inspirowane [&hellip;]<\/p>\n","protected":false},"author":12,"featured_media":0,"parent":0,"menu_order":0,"comment_status":"closed","ping_status":"closed","template":"","meta":{"footnotes":""},"class_list":["post-6658","page","type-page","status-publish","hentry"],"_links":{"self":[{"href":"https:\/\/zsipo5.poznan.pl\/index.php\/wp-json\/wp\/v2\/pages\/6658","targetHints":{"allow":["GET"]}}],"collection":[{"href":"https:\/\/zsipo5.poznan.pl\/index.php\/wp-json\/wp\/v2\/pages"}],"about":[{"href":"https:\/\/zsipo5.poznan.pl\/index.php\/wp-json\/wp\/v2\/types\/page"}],"author":[{"embeddable":true,"href":"https:\/\/zsipo5.poznan.pl\/index.php\/wp-json\/wp\/v2\/users\/12"}],"replies":[{"embeddable":true,"href":"https:\/\/zsipo5.poznan.pl\/index.php\/wp-json\/wp\/v2\/comments?post=6658"}],"version-history":[{"count":1,"href":"https:\/\/zsipo5.poznan.pl\/index.php\/wp-json\/wp\/v2\/pages\/6658\/revisions"}],"predecessor-version":[{"id":6667,"href":"https:\/\/zsipo5.poznan.pl\/index.php\/wp-json\/wp\/v2\/pages\/6658\/revisions\/6667"}],"wp:attachment":[{"href":"https:\/\/zsipo5.poznan.pl\/index.php\/wp-json\/wp\/v2\/media?parent=6658"}],"curies":[{"name":"wp","href":"https:\/\/api.w.org\/{rel}","templated":true}]}}