{"id":6466,"date":"2025-11-07T20:38:33","date_gmt":"2025-11-07T19:38:33","guid":{"rendered":"https:\/\/zsipo5.poznan.pl\/?page_id=6466"},"modified":"2025-11-07T20:38:33","modified_gmt":"2025-11-07T19:38:33","slug":"7-listopada-2025","status":"publish","type":"page","link":"https:\/\/zsipo5.poznan.pl\/index.php\/7-listopada-2025\/","title":{"rendered":"7 listopada 2025"},"content":{"rendered":"\n<p id=\"m_653742017538431226m_-6424513232159193963gmail-docs-internal-guid-64342724-7fff-469f-ae0a-d7b2ea733c7d\"><img decoding=\"async\" alt=\"\ud83c\uddf5\ud83c\uddf1\" src=\"https:\/\/fonts.gstatic.com\/s\/e\/notoemoji\/16.0\/1f1f5_1f1f1\/32.png\"> Tydzie\u0144 w barwach bia\u0142o-czerwonych <img decoding=\"async\" alt=\"\ud83c\uddf5\ud83c\uddf1\" src=\"https:\/\/fonts.gstatic.com\/s\/e\/notoemoji\/16.0\/1f1f5_1f1f1\/32.png\"><\/p>\n\n\n\n<p>W minionym tygodniu w naszej \u015bwietlicy szkolnej dominowa\u0142y barwy narodowe. Dzieci tworzy\u0142y pi\u0119kne drzewka w barwach bia\u0142o-czerwonych, flagi Polski, a tak\u017ce poznawa\u0142y nasz kraj poprzez ksi\u0105\u017cki o Polsce z ruchomymi elementami, kt\u00f3re wzbudzi\u0142y ogromne zainteresowanie.<\/p>\n\n\n\n<p>Podczas zaj\u0119\u0107 rozmawiali\u015bmy o symbolach narodowych i o tym, co dla nas oznacza bycie Polakiem. To by\u0142 tydzie\u0144 pe\u0142en kreatywno\u015bci, patriotyzmu i wsp\u00f3lnej zabawy! <img decoding=\"async\" alt=\"\ud83c\uddf5\ud83c\uddf1\" src=\"https:\/\/fonts.gstatic.com\/s\/e\/notoemoji\/16.0\/1f1f5_1f1f1\/32.png\"><img decoding=\"async\" alt=\"\u2728\" src=\"https:\/\/fonts.gstatic.com\/s\/e\/notoemoji\/16.0\/2728\/32.png\"><\/p>\n\n\n\n<p>Dzi\u0119kujemy wychowawcy \u015bwietlicy <img decoding=\"async\" alt=\"\u2764\ufe0f\" src=\"https:\/\/fonts.gstatic.com\/s\/e\/notoemoji\/16.0\/2764_fe0f\/32.png\"><\/p>\n\n\n\n<figure class=\"wp-block-gallery has-nested-images columns-default is-cropped wp-block-gallery-1 is-layout-flex wp-block-gallery-is-layout-flex\">\n<figure data-wp-context=\"{&quot;imageId&quot;:&quot;69fb33f217555&quot;}\" data-wp-interactive=\"core\/image\" data-wp-key=\"69fb33f217555\" class=\"wp-block-image size-large wp-lightbox-container\"><img fetchpriority=\"high\" decoding=\"async\" width=\"1024\" height=\"768\" data-wp-class--hide=\"state.isContentHidden\" data-wp-class--show=\"state.isContentVisible\" data-wp-init=\"callbacks.setButtonStyles\" data-wp-on--click=\"actions.showLightbox\" data-wp-on--load=\"callbacks.setButtonStyles\" data-wp-on-window--resize=\"callbacks.setButtonStyles\" data-id=\"6469\" src=\"https:\/\/zsipo5.poznan.pl\/wp-content\/uploads\/2025\/11\/IMG_1786-1024x768.jpg\" alt=\"\" class=\"wp-image-6469\" srcset=\"https:\/\/zsipo5.poznan.pl\/wp-content\/uploads\/2025\/11\/IMG_1786-1024x768.jpg 1024w, https:\/\/zsipo5.poznan.pl\/wp-content\/uploads\/2025\/11\/IMG_1786-300x225.jpg 300w, https:\/\/zsipo5.poznan.pl\/wp-content\/uploads\/2025\/11\/IMG_1786-768x576.jpg 768w, https:\/\/zsipo5.poznan.pl\/wp-content\/uploads\/2025\/11\/IMG_1786-1536x1152.jpg 1536w, https:\/\/zsipo5.poznan.pl\/wp-content\/uploads\/2025\/11\/IMG_1786-2048x1536.jpg 2048w\" sizes=\"(max-width: 1024px) 100vw, 1024px\" \/><button\n\t\t\tclass=\"lightbox-trigger\"\n\t\t\ttype=\"button\"\n\t\t\taria-haspopup=\"dialog\"\n\t\t\taria-label=\"Powi\u0119ksz\"\n\t\t\tdata-wp-init=\"callbacks.initTriggerButton\"\n\t\t\tdata-wp-on--click=\"actions.showLightbox\"\n\t\t\tdata-wp-style--right=\"state.imageButtonRight\"\n\t\t\tdata-wp-style--top=\"state.imageButtonTop\"\n\t\t>\n\t\t\t<svg xmlns=\"http:\/\/www.w3.org\/2000\/svg\" width=\"12\" height=\"12\" fill=\"none\" viewBox=\"0 0 12 12\">\n\t\t\t\t<path fill=\"#fff\" d=\"M2 0a2 2 0 0 0-2 2v2h1.5V2a.5.5 0 0 1 .5-.5h2V0H2Zm2 10.5H2a.5.5 0 0 1-.5-.5V8H0v2a2 2 0 0 0 2 2h2v-1.5ZM8 12v-1.5h2a.5.5 0 0 0 .5-.5V8H12v2a2 2 0 0 1-2 2H8Zm2-12a2 2 0 0 1 2 2v2h-1.5V2a.5.5 0 0 0-.5-.5H8V0h2Z\" \/>\n\t\t\t<\/svg>\n\t\t<\/button><\/figure>\n\n\n\n<figure data-wp-context=\"{&quot;imageId&quot;:&quot;69fb33f217971&quot;}\" data-wp-interactive=\"core\/image\" data-wp-key=\"69fb33f217971\" class=\"wp-block-image size-large wp-lightbox-container\"><img decoding=\"async\" width=\"768\" height=\"1024\" data-wp-class--hide=\"state.isContentHidden\" data-wp-class--show=\"state.isContentVisible\" data-wp-init=\"callbacks.setButtonStyles\" data-wp-on--click=\"actions.showLightbox\" data-wp-on--load=\"callbacks.setButtonStyles\" data-wp-on-window--resize=\"callbacks.setButtonStyles\" data-id=\"6468\" src=\"https:\/\/zsipo5.poznan.pl\/wp-content\/uploads\/2025\/11\/IMG_1785-768x1024.jpg\" alt=\"\" class=\"wp-image-6468\" srcset=\"https:\/\/zsipo5.poznan.pl\/wp-content\/uploads\/2025\/11\/IMG_1785-768x1024.jpg 768w, https:\/\/zsipo5.poznan.pl\/wp-content\/uploads\/2025\/11\/IMG_1785-225x300.jpg 225w, https:\/\/zsipo5.poznan.pl\/wp-content\/uploads\/2025\/11\/IMG_1785-1152x1536.jpg 1152w, https:\/\/zsipo5.poznan.pl\/wp-content\/uploads\/2025\/11\/IMG_1785-1536x2048.jpg 1536w, https:\/\/zsipo5.poznan.pl\/wp-content\/uploads\/2025\/11\/IMG_1785-scaled.jpg 1920w\" sizes=\"(max-width: 768px) 100vw, 768px\" \/><button\n\t\t\tclass=\"lightbox-trigger\"\n\t\t\ttype=\"button\"\n\t\t\taria-haspopup=\"dialog\"\n\t\t\taria-label=\"Powi\u0119ksz\"\n\t\t\tdata-wp-init=\"callbacks.initTriggerButton\"\n\t\t\tdata-wp-on--click=\"actions.showLightbox\"\n\t\t\tdata-wp-style--right=\"state.imageButtonRight\"\n\t\t\tdata-wp-style--top=\"state.imageButtonTop\"\n\t\t>\n\t\t\t<svg xmlns=\"http:\/\/www.w3.org\/2000\/svg\" width=\"12\" height=\"12\" fill=\"none\" viewBox=\"0 0 12 12\">\n\t\t\t\t<path fill=\"#fff\" d=\"M2 0a2 2 0 0 0-2 2v2h1.5V2a.5.5 0 0 1 .5-.5h2V0H2Zm2 10.5H2a.5.5 0 0 1-.5-.5V8H0v2a2 2 0 0 0 2 2h2v-1.5ZM8 12v-1.5h2a.5.5 0 0 0 .5-.5V8H12v2a2 2 0 0 1-2 2H8Zm2-12a2 2 0 0 1 2 2v2h-1.5V2a.5.5 0 0 0-.5-.5H8V0h2Z\" \/>\n\t\t\t<\/svg>\n\t\t<\/button><\/figure>\n\n\n\n<figure data-wp-context=\"{&quot;imageId&quot;:&quot;69fb33f217cdd&quot;}\" data-wp-interactive=\"core\/image\" data-wp-key=\"69fb33f217cdd\" class=\"wp-block-image size-large wp-lightbox-container\"><img decoding=\"async\" width=\"1024\" height=\"768\" data-wp-class--hide=\"state.isContentHidden\" data-wp-class--show=\"state.isContentVisible\" data-wp-init=\"callbacks.setButtonStyles\" data-wp-on--click=\"actions.showLightbox\" data-wp-on--load=\"callbacks.setButtonStyles\" data-wp-on-window--resize=\"callbacks.setButtonStyles\" data-id=\"6467\" src=\"https:\/\/zsipo5.poznan.pl\/wp-content\/uploads\/2025\/11\/IMG_1788-1024x768.jpg\" alt=\"\" class=\"wp-image-6467\" srcset=\"https:\/\/zsipo5.poznan.pl\/wp-content\/uploads\/2025\/11\/IMG_1788-1024x768.jpg 1024w, https:\/\/zsipo5.poznan.pl\/wp-content\/uploads\/2025\/11\/IMG_1788-300x225.jpg 300w, https:\/\/zsipo5.poznan.pl\/wp-content\/uploads\/2025\/11\/IMG_1788-768x576.jpg 768w, https:\/\/zsipo5.poznan.pl\/wp-content\/uploads\/2025\/11\/IMG_1788-1536x1152.jpg 1536w, https:\/\/zsipo5.poznan.pl\/wp-content\/uploads\/2025\/11\/IMG_1788-2048x1536.jpg 2048w\" sizes=\"(max-width: 1024px) 100vw, 1024px\" \/><button\n\t\t\tclass=\"lightbox-trigger\"\n\t\t\ttype=\"button\"\n\t\t\taria-haspopup=\"dialog\"\n\t\t\taria-label=\"Powi\u0119ksz\"\n\t\t\tdata-wp-init=\"callbacks.initTriggerButton\"\n\t\t\tdata-wp-on--click=\"actions.showLightbox\"\n\t\t\tdata-wp-style--right=\"state.imageButtonRight\"\n\t\t\tdata-wp-style--top=\"state.imageButtonTop\"\n\t\t>\n\t\t\t<svg xmlns=\"http:\/\/www.w3.org\/2000\/svg\" width=\"12\" height=\"12\" fill=\"none\" viewBox=\"0 0 12 12\">\n\t\t\t\t<path fill=\"#fff\" d=\"M2 0a2 2 0 0 0-2 2v2h1.5V2a.5.5 0 0 1 .5-.5h2V0H2Zm2 10.5H2a.5.5 0 0 1-.5-.5V8H0v2a2 2 0 0 0 2 2h2v-1.5ZM8 12v-1.5h2a.5.5 0 0 0 .5-.5V8H12v2a2 2 0 0 1-2 2H8Zm2-12a2 2 0 0 1 2 2v2h-1.5V2a.5.5 0 0 0-.5-.5H8V0h2Z\" \/>\n\t\t\t<\/svg>\n\t\t<\/button><\/figure>\n\n\n\n<figure data-wp-context=\"{&quot;imageId&quot;:&quot;69fb33f218050&quot;}\" data-wp-interactive=\"core\/image\" data-wp-key=\"69fb33f218050\" class=\"wp-block-image size-large wp-lightbox-container\"><img loading=\"lazy\" decoding=\"async\" width=\"1024\" height=\"768\" data-wp-class--hide=\"state.isContentHidden\" data-wp-class--show=\"state.isContentVisible\" data-wp-init=\"callbacks.setButtonStyles\" data-wp-on--click=\"actions.showLightbox\" data-wp-on--load=\"callbacks.setButtonStyles\" data-wp-on-window--resize=\"callbacks.setButtonStyles\" data-id=\"6470\" src=\"https:\/\/zsipo5.poznan.pl\/wp-content\/uploads\/2025\/11\/IMG_1765-1024x768.jpg\" alt=\"\" class=\"wp-image-6470\" srcset=\"https:\/\/zsipo5.poznan.pl\/wp-content\/uploads\/2025\/11\/IMG_1765-1024x768.jpg 1024w, https:\/\/zsipo5.poznan.pl\/wp-content\/uploads\/2025\/11\/IMG_1765-300x225.jpg 300w, https:\/\/zsipo5.poznan.pl\/wp-content\/uploads\/2025\/11\/IMG_1765-768x576.jpg 768w, https:\/\/zsipo5.poznan.pl\/wp-content\/uploads\/2025\/11\/IMG_1765-1536x1152.jpg 1536w, https:\/\/zsipo5.poznan.pl\/wp-content\/uploads\/2025\/11\/IMG_1765-2048x1536.jpg 2048w\" sizes=\"(max-width: 1024px) 100vw, 1024px\" \/><button\n\t\t\tclass=\"lightbox-trigger\"\n\t\t\ttype=\"button\"\n\t\t\taria-haspopup=\"dialog\"\n\t\t\taria-label=\"Powi\u0119ksz\"\n\t\t\tdata-wp-init=\"callbacks.initTriggerButton\"\n\t\t\tdata-wp-on--click=\"actions.showLightbox\"\n\t\t\tdata-wp-style--right=\"state.imageButtonRight\"\n\t\t\tdata-wp-style--top=\"state.imageButtonTop\"\n\t\t>\n\t\t\t<svg xmlns=\"http:\/\/www.w3.org\/2000\/svg\" width=\"12\" height=\"12\" fill=\"none\" viewBox=\"0 0 12 12\">\n\t\t\t\t<path fill=\"#fff\" d=\"M2 0a2 2 0 0 0-2 2v2h1.5V2a.5.5 0 0 1 .5-.5h2V0H2Zm2 10.5H2a.5.5 0 0 1-.5-.5V8H0v2a2 2 0 0 0 2 2h2v-1.5ZM8 12v-1.5h2a.5.5 0 0 0 .5-.5V8H12v2a2 2 0 0 1-2 2H8Zm2-12a2 2 0 0 1 2 2v2h-1.5V2a.5.5 0 0 0-.5-.5H8V0h2Z\" \/>\n\t\t\t<\/svg>\n\t\t<\/button><\/figure>\n\n\n\n<figure data-wp-context=\"{&quot;imageId&quot;:&quot;69fb33f2183a1&quot;}\" data-wp-interactive=\"core\/image\" data-wp-key=\"69fb33f2183a1\" class=\"wp-block-image size-large wp-lightbox-container\"><img loading=\"lazy\" decoding=\"async\" width=\"768\" height=\"1024\" data-wp-class--hide=\"state.isContentHidden\" data-wp-class--show=\"state.isContentVisible\" data-wp-init=\"callbacks.setButtonStyles\" data-wp-on--click=\"actions.showLightbox\" data-wp-on--load=\"callbacks.setButtonStyles\" data-wp-on-window--resize=\"callbacks.setButtonStyles\" data-id=\"6476\" src=\"https:\/\/zsipo5.poznan.pl\/wp-content\/uploads\/2025\/11\/IMG_1778-768x1024.jpg\" alt=\"\" class=\"wp-image-6476\" srcset=\"https:\/\/zsipo5.poznan.pl\/wp-content\/uploads\/2025\/11\/IMG_1778-768x1024.jpg 768w, https:\/\/zsipo5.poznan.pl\/wp-content\/uploads\/2025\/11\/IMG_1778-225x300.jpg 225w, https:\/\/zsipo5.poznan.pl\/wp-content\/uploads\/2025\/11\/IMG_1778-1152x1536.jpg 1152w, https:\/\/zsipo5.poznan.pl\/wp-content\/uploads\/2025\/11\/IMG_1778-1536x2048.jpg 1536w, https:\/\/zsipo5.poznan.pl\/wp-content\/uploads\/2025\/11\/IMG_1778-scaled.jpg 1920w\" sizes=\"(max-width: 768px) 100vw, 768px\" \/><button\n\t\t\tclass=\"lightbox-trigger\"\n\t\t\ttype=\"button\"\n\t\t\taria-haspopup=\"dialog\"\n\t\t\taria-label=\"Powi\u0119ksz\"\n\t\t\tdata-wp-init=\"callbacks.initTriggerButton\"\n\t\t\tdata-wp-on--click=\"actions.showLightbox\"\n\t\t\tdata-wp-style--right=\"state.imageButtonRight\"\n\t\t\tdata-wp-style--top=\"state.imageButtonTop\"\n\t\t>\n\t\t\t<svg xmlns=\"http:\/\/www.w3.org\/2000\/svg\" width=\"12\" height=\"12\" fill=\"none\" viewBox=\"0 0 12 12\">\n\t\t\t\t<path fill=\"#fff\" d=\"M2 0a2 2 0 0 0-2 2v2h1.5V2a.5.5 0 0 1 .5-.5h2V0H2Zm2 10.5H2a.5.5 0 0 1-.5-.5V8H0v2a2 2 0 0 0 2 2h2v-1.5ZM8 12v-1.5h2a.5.5 0 0 0 .5-.5V8H12v2a2 2 0 0 1-2 2H8Zm2-12a2 2 0 0 1 2 2v2h-1.5V2a.5.5 0 0 0-.5-.5H8V0h2Z\" \/>\n\t\t\t<\/svg>\n\t\t<\/button><\/figure>\n\n\n\n<figure data-wp-context=\"{&quot;imageId&quot;:&quot;69fb33f2186ed&quot;}\" data-wp-interactive=\"core\/image\" data-wp-key=\"69fb33f2186ed\" class=\"wp-block-image size-large wp-lightbox-container\"><img loading=\"lazy\" decoding=\"async\" width=\"1024\" height=\"768\" data-wp-class--hide=\"state.isContentHidden\" data-wp-class--show=\"state.isContentVisible\" data-wp-init=\"callbacks.setButtonStyles\" data-wp-on--click=\"actions.showLightbox\" data-wp-on--load=\"callbacks.setButtonStyles\" data-wp-on-window--resize=\"callbacks.setButtonStyles\" data-id=\"6475\" src=\"https:\/\/zsipo5.poznan.pl\/wp-content\/uploads\/2025\/11\/IMG_1780-1024x768.jpg\" alt=\"\" class=\"wp-image-6475\" srcset=\"https:\/\/zsipo5.poznan.pl\/wp-content\/uploads\/2025\/11\/IMG_1780-1024x768.jpg 1024w, https:\/\/zsipo5.poznan.pl\/wp-content\/uploads\/2025\/11\/IMG_1780-300x225.jpg 300w, https:\/\/zsipo5.poznan.pl\/wp-content\/uploads\/2025\/11\/IMG_1780-768x576.jpg 768w, https:\/\/zsipo5.poznan.pl\/wp-content\/uploads\/2025\/11\/IMG_1780-1536x1152.jpg 1536w, https:\/\/zsipo5.poznan.pl\/wp-content\/uploads\/2025\/11\/IMG_1780-2048x1536.jpg 2048w\" sizes=\"(max-width: 1024px) 100vw, 1024px\" \/><button\n\t\t\tclass=\"lightbox-trigger\"\n\t\t\ttype=\"button\"\n\t\t\taria-haspopup=\"dialog\"\n\t\t\taria-label=\"Powi\u0119ksz\"\n\t\t\tdata-wp-init=\"callbacks.initTriggerButton\"\n\t\t\tdata-wp-on--click=\"actions.showLightbox\"\n\t\t\tdata-wp-style--right=\"state.imageButtonRight\"\n\t\t\tdata-wp-style--top=\"state.imageButtonTop\"\n\t\t>\n\t\t\t<svg xmlns=\"http:\/\/www.w3.org\/2000\/svg\" width=\"12\" height=\"12\" fill=\"none\" viewBox=\"0 0 12 12\">\n\t\t\t\t<path fill=\"#fff\" d=\"M2 0a2 2 0 0 0-2 2v2h1.5V2a.5.5 0 0 1 .5-.5h2V0H2Zm2 10.5H2a.5.5 0 0 1-.5-.5V8H0v2a2 2 0 0 0 2 2h2v-1.5ZM8 12v-1.5h2a.5.5 0 0 0 .5-.5V8H12v2a2 2 0 0 1-2 2H8Zm2-12a2 2 0 0 1 2 2v2h-1.5V2a.5.5 0 0 0-.5-.5H8V0h2Z\" \/>\n\t\t\t<\/svg>\n\t\t<\/button><\/figure>\n\n\n\n<figure data-wp-context=\"{&quot;imageId&quot;:&quot;69fb33f218a26&quot;}\" data-wp-interactive=\"core\/image\" data-wp-key=\"69fb33f218a26\" class=\"wp-block-image size-large wp-lightbox-container\"><img loading=\"lazy\" decoding=\"async\" width=\"1024\" height=\"768\" data-wp-class--hide=\"state.isContentHidden\" data-wp-class--show=\"state.isContentVisible\" data-wp-init=\"callbacks.setButtonStyles\" data-wp-on--click=\"actions.showLightbox\" data-wp-on--load=\"callbacks.setButtonStyles\" data-wp-on-window--resize=\"callbacks.setButtonStyles\" data-id=\"6471\" src=\"https:\/\/zsipo5.poznan.pl\/wp-content\/uploads\/2025\/11\/att.RPiYwfZGyHz13uP1twr2lsxC1sWtr6_LcyG8Mqpcp5U-1024x768.jpg\" alt=\"\" class=\"wp-image-6471\" srcset=\"https:\/\/zsipo5.poznan.pl\/wp-content\/uploads\/2025\/11\/att.RPiYwfZGyHz13uP1twr2lsxC1sWtr6_LcyG8Mqpcp5U-1024x768.jpg 1024w, https:\/\/zsipo5.poznan.pl\/wp-content\/uploads\/2025\/11\/att.RPiYwfZGyHz13uP1twr2lsxC1sWtr6_LcyG8Mqpcp5U-300x225.jpg 300w, https:\/\/zsipo5.poznan.pl\/wp-content\/uploads\/2025\/11\/att.RPiYwfZGyHz13uP1twr2lsxC1sWtr6_LcyG8Mqpcp5U-768x576.jpg 768w, https:\/\/zsipo5.poznan.pl\/wp-content\/uploads\/2025\/11\/att.RPiYwfZGyHz13uP1twr2lsxC1sWtr6_LcyG8Mqpcp5U-1536x1152.jpg 1536w, https:\/\/zsipo5.poznan.pl\/wp-content\/uploads\/2025\/11\/att.RPiYwfZGyHz13uP1twr2lsxC1sWtr6_LcyG8Mqpcp5U.jpg 2048w\" sizes=\"(max-width: 1024px) 100vw, 1024px\" \/><button\n\t\t\tclass=\"lightbox-trigger\"\n\t\t\ttype=\"button\"\n\t\t\taria-haspopup=\"dialog\"\n\t\t\taria-label=\"Powi\u0119ksz\"\n\t\t\tdata-wp-init=\"callbacks.initTriggerButton\"\n\t\t\tdata-wp-on--click=\"actions.showLightbox\"\n\t\t\tdata-wp-style--right=\"state.imageButtonRight\"\n\t\t\tdata-wp-style--top=\"state.imageButtonTop\"\n\t\t>\n\t\t\t<svg xmlns=\"http:\/\/www.w3.org\/2000\/svg\" width=\"12\" height=\"12\" fill=\"none\" viewBox=\"0 0 12 12\">\n\t\t\t\t<path fill=\"#fff\" d=\"M2 0a2 2 0 0 0-2 2v2h1.5V2a.5.5 0 0 1 .5-.5h2V0H2Zm2 10.5H2a.5.5 0 0 1-.5-.5V8H0v2a2 2 0 0 0 2 2h2v-1.5ZM8 12v-1.5h2a.5.5 0 0 0 .5-.5V8H12v2a2 2 0 0 1-2 2H8Zm2-12a2 2 0 0 1 2 2v2h-1.5V2a.5.5 0 0 0-.5-.5H8V0h2Z\" \/>\n\t\t\t<\/svg>\n\t\t<\/button><\/figure>\n\n\n\n<figure data-wp-context=\"{&quot;imageId&quot;:&quot;69fb33f218d62&quot;}\" data-wp-interactive=\"core\/image\" data-wp-key=\"69fb33f218d62\" class=\"wp-block-image size-large wp-lightbox-container\"><img loading=\"lazy\" decoding=\"async\" width=\"768\" height=\"1024\" data-wp-class--hide=\"state.isContentHidden\" data-wp-class--show=\"state.isContentVisible\" data-wp-init=\"callbacks.setButtonStyles\" data-wp-on--click=\"actions.showLightbox\" data-wp-on--load=\"callbacks.setButtonStyles\" data-wp-on-window--resize=\"callbacks.setButtonStyles\" data-id=\"6473\" src=\"https:\/\/zsipo5.poznan.pl\/wp-content\/uploads\/2025\/11\/att.coZwB5beGQaicpVEL6KeH3_FqUWz4g-i6qLgqXekTac-768x1024.jpg\" alt=\"\" class=\"wp-image-6473\" srcset=\"https:\/\/zsipo5.poznan.pl\/wp-content\/uploads\/2025\/11\/att.coZwB5beGQaicpVEL6KeH3_FqUWz4g-i6qLgqXekTac-768x1024.jpg 768w, https:\/\/zsipo5.poznan.pl\/wp-content\/uploads\/2025\/11\/att.coZwB5beGQaicpVEL6KeH3_FqUWz4g-i6qLgqXekTac-225x300.jpg 225w, https:\/\/zsipo5.poznan.pl\/wp-content\/uploads\/2025\/11\/att.coZwB5beGQaicpVEL6KeH3_FqUWz4g-i6qLgqXekTac-1152x1536.jpg 1152w, https:\/\/zsipo5.poznan.pl\/wp-content\/uploads\/2025\/11\/att.coZwB5beGQaicpVEL6KeH3_FqUWz4g-i6qLgqXekTac.jpg 1536w\" sizes=\"(max-width: 768px) 100vw, 768px\" \/><button\n\t\t\tclass=\"lightbox-trigger\"\n\t\t\ttype=\"button\"\n\t\t\taria-haspopup=\"dialog\"\n\t\t\taria-label=\"Powi\u0119ksz\"\n\t\t\tdata-wp-init=\"callbacks.initTriggerButton\"\n\t\t\tdata-wp-on--click=\"actions.showLightbox\"\n\t\t\tdata-wp-style--right=\"state.imageButtonRight\"\n\t\t\tdata-wp-style--top=\"state.imageButtonTop\"\n\t\t>\n\t\t\t<svg xmlns=\"http:\/\/www.w3.org\/2000\/svg\" width=\"12\" height=\"12\" fill=\"none\" viewBox=\"0 0 12 12\">\n\t\t\t\t<path fill=\"#fff\" d=\"M2 0a2 2 0 0 0-2 2v2h1.5V2a.5.5 0 0 1 .5-.5h2V0H2Zm2 10.5H2a.5.5 0 0 1-.5-.5V8H0v2a2 2 0 0 0 2 2h2v-1.5ZM8 12v-1.5h2a.5.5 0 0 0 .5-.5V8H12v2a2 2 0 0 1-2 2H8Zm2-12a2 2 0 0 1 2 2v2h-1.5V2a.5.5 0 0 0-.5-.5H8V0h2Z\" \/>\n\t\t\t<\/svg>\n\t\t<\/button><\/figure>\n\n\n\n<figure data-wp-context=\"{&quot;imageId&quot;:&quot;69fb33f2190dc&quot;}\" data-wp-interactive=\"core\/image\" data-wp-key=\"69fb33f2190dc\" class=\"wp-block-image size-large wp-lightbox-container\"><img loading=\"lazy\" decoding=\"async\" width=\"1024\" height=\"768\" data-wp-class--hide=\"state.isContentHidden\" data-wp-class--show=\"state.isContentVisible\" data-wp-init=\"callbacks.setButtonStyles\" data-wp-on--click=\"actions.showLightbox\" data-wp-on--load=\"callbacks.setButtonStyles\" data-wp-on-window--resize=\"callbacks.setButtonStyles\" data-id=\"6472\" src=\"https:\/\/zsipo5.poznan.pl\/wp-content\/uploads\/2025\/11\/att.Bq1d2rL9HU43_in1RvElFZN-JBg9slbH2a3hvZyoY_g-1024x768.jpg\" alt=\"\" class=\"wp-image-6472\" srcset=\"https:\/\/zsipo5.poznan.pl\/wp-content\/uploads\/2025\/11\/att.Bq1d2rL9HU43_in1RvElFZN-JBg9slbH2a3hvZyoY_g-1024x768.jpg 1024w, https:\/\/zsipo5.poznan.pl\/wp-content\/uploads\/2025\/11\/att.Bq1d2rL9HU43_in1RvElFZN-JBg9slbH2a3hvZyoY_g-300x225.jpg 300w, https:\/\/zsipo5.poznan.pl\/wp-content\/uploads\/2025\/11\/att.Bq1d2rL9HU43_in1RvElFZN-JBg9slbH2a3hvZyoY_g-768x576.jpg 768w, https:\/\/zsipo5.poznan.pl\/wp-content\/uploads\/2025\/11\/att.Bq1d2rL9HU43_in1RvElFZN-JBg9slbH2a3hvZyoY_g-1536x1152.jpg 1536w, https:\/\/zsipo5.poznan.pl\/wp-content\/uploads\/2025\/11\/att.Bq1d2rL9HU43_in1RvElFZN-JBg9slbH2a3hvZyoY_g.jpg 2048w\" sizes=\"(max-width: 1024px) 100vw, 1024px\" \/><button\n\t\t\tclass=\"lightbox-trigger\"\n\t\t\ttype=\"button\"\n\t\t\taria-haspopup=\"dialog\"\n\t\t\taria-label=\"Powi\u0119ksz\"\n\t\t\tdata-wp-init=\"callbacks.initTriggerButton\"\n\t\t\tdata-wp-on--click=\"actions.showLightbox\"\n\t\t\tdata-wp-style--right=\"state.imageButtonRight\"\n\t\t\tdata-wp-style--top=\"state.imageButtonTop\"\n\t\t>\n\t\t\t<svg xmlns=\"http:\/\/www.w3.org\/2000\/svg\" width=\"12\" height=\"12\" fill=\"none\" viewBox=\"0 0 12 12\">\n\t\t\t\t<path fill=\"#fff\" d=\"M2 0a2 2 0 0 0-2 2v2h1.5V2a.5.5 0 0 1 .5-.5h2V0H2Zm2 10.5H2a.5.5 0 0 1-.5-.5V8H0v2a2 2 0 0 0 2 2h2v-1.5ZM8 12v-1.5h2a.5.5 0 0 0 .5-.5V8H12v2a2 2 0 0 1-2 2H8Zm2-12a2 2 0 0 1 2 2v2h-1.5V2a.5.5 0 0 0-.5-.5H8V0h2Z\" \/>\n\t\t\t<\/svg>\n\t\t<\/button><\/figure>\n\n\n\n<figure data-wp-context=\"{&quot;imageId&quot;:&quot;69fb33f219416&quot;}\" data-wp-interactive=\"core\/image\" data-wp-key=\"69fb33f219416\" class=\"wp-block-image size-large wp-lightbox-container\"><img loading=\"lazy\" decoding=\"async\" width=\"1024\" height=\"768\" data-wp-class--hide=\"state.isContentHidden\" data-wp-class--show=\"state.isContentVisible\" data-wp-init=\"callbacks.setButtonStyles\" data-wp-on--click=\"actions.showLightbox\" data-wp-on--load=\"callbacks.setButtonStyles\" data-wp-on-window--resize=\"callbacks.setButtonStyles\" data-id=\"6474\" src=\"https:\/\/zsipo5.poznan.pl\/wp-content\/uploads\/2025\/11\/att.AaZq4vRFCao5cjWIG2Ldgn5hla5lI978HkGg0bt_NqY-1024x768.jpg\" alt=\"\" class=\"wp-image-6474\" srcset=\"https:\/\/zsipo5.poznan.pl\/wp-content\/uploads\/2025\/11\/att.AaZq4vRFCao5cjWIG2Ldgn5hla5lI978HkGg0bt_NqY-1024x768.jpg 1024w, https:\/\/zsipo5.poznan.pl\/wp-content\/uploads\/2025\/11\/att.AaZq4vRFCao5cjWIG2Ldgn5hla5lI978HkGg0bt_NqY-300x225.jpg 300w, https:\/\/zsipo5.poznan.pl\/wp-content\/uploads\/2025\/11\/att.AaZq4vRFCao5cjWIG2Ldgn5hla5lI978HkGg0bt_NqY-768x576.jpg 768w, https:\/\/zsipo5.poznan.pl\/wp-content\/uploads\/2025\/11\/att.AaZq4vRFCao5cjWIG2Ldgn5hla5lI978HkGg0bt_NqY-1536x1152.jpg 1536w, https:\/\/zsipo5.poznan.pl\/wp-content\/uploads\/2025\/11\/att.AaZq4vRFCao5cjWIG2Ldgn5hla5lI978HkGg0bt_NqY.jpg 2048w\" sizes=\"(max-width: 1024px) 100vw, 1024px\" \/><button\n\t\t\tclass=\"lightbox-trigger\"\n\t\t\ttype=\"button\"\n\t\t\taria-haspopup=\"dialog\"\n\t\t\taria-label=\"Powi\u0119ksz\"\n\t\t\tdata-wp-init=\"callbacks.initTriggerButton\"\n\t\t\tdata-wp-on--click=\"actions.showLightbox\"\n\t\t\tdata-wp-style--right=\"state.imageButtonRight\"\n\t\t\tdata-wp-style--top=\"state.imageButtonTop\"\n\t\t>\n\t\t\t<svg xmlns=\"http:\/\/www.w3.org\/2000\/svg\" width=\"12\" height=\"12\" fill=\"none\" viewBox=\"0 0 12 12\">\n\t\t\t\t<path fill=\"#fff\" d=\"M2 0a2 2 0 0 0-2 2v2h1.5V2a.5.5 0 0 1 .5-.5h2V0H2Zm2 10.5H2a.5.5 0 0 1-.5-.5V8H0v2a2 2 0 0 0 2 2h2v-1.5ZM8 12v-1.5h2a.5.5 0 0 0 .5-.5V8H12v2a2 2 0 0 1-2 2H8Zm2-12a2 2 0 0 1 2 2v2h-1.5V2a.5.5 0 0 0-.5-.5H8V0h2Z\" \/>\n\t\t\t<\/svg>\n\t\t<\/button><\/figure>\n<\/figure>\n","protected":false},"excerpt":{"rendered":"<p>Tydzie\u0144 w barwach bia\u0142o-czerwonych W minionym tygodniu w naszej \u015bwietlicy szkolnej dominowa\u0142y barwy narodowe. Dzieci tworzy\u0142y pi\u0119kne drzewka w barwach bia\u0142o-czerwonych, flagi Polski, a tak\u017ce poznawa\u0142y nasz kraj poprzez ksi\u0105\u017cki o Polsce z ruchomymi elementami, kt\u00f3re wzbudzi\u0142y ogromne zainteresowanie. Podczas zaj\u0119\u0107 rozmawiali\u015bmy o symbolach narodowych i o tym, co dla nas oznacza bycie Polakiem. To [&hellip;]<\/p>\n","protected":false},"author":12,"featured_media":0,"parent":0,"menu_order":0,"comment_status":"closed","ping_status":"closed","template":"","meta":{"footnotes":""},"class_list":["post-6466","page","type-page","status-publish","hentry"],"_links":{"self":[{"href":"https:\/\/zsipo5.poznan.pl\/index.php\/wp-json\/wp\/v2\/pages\/6466","targetHints":{"allow":["GET"]}}],"collection":[{"href":"https:\/\/zsipo5.poznan.pl\/index.php\/wp-json\/wp\/v2\/pages"}],"about":[{"href":"https:\/\/zsipo5.poznan.pl\/index.php\/wp-json\/wp\/v2\/types\/page"}],"author":[{"embeddable":true,"href":"https:\/\/zsipo5.poznan.pl\/index.php\/wp-json\/wp\/v2\/users\/12"}],"replies":[{"embeddable":true,"href":"https:\/\/zsipo5.poznan.pl\/index.php\/wp-json\/wp\/v2\/comments?post=6466"}],"version-history":[{"count":1,"href":"https:\/\/zsipo5.poznan.pl\/index.php\/wp-json\/wp\/v2\/pages\/6466\/revisions"}],"predecessor-version":[{"id":6477,"href":"https:\/\/zsipo5.poznan.pl\/index.php\/wp-json\/wp\/v2\/pages\/6466\/revisions\/6477"}],"wp:attachment":[{"href":"https:\/\/zsipo5.poznan.pl\/index.php\/wp-json\/wp\/v2\/media?parent=6466"}],"curies":[{"name":"wp","href":"https:\/\/api.w.org\/{rel}","templated":true}]}}