{"id":6432,"date":"2025-11-05T11:49:24","date_gmt":"2025-11-05T10:49:24","guid":{"rendered":"https:\/\/zsipo5.poznan.pl\/?page_id=6432"},"modified":"2025-11-05T11:50:11","modified_gmt":"2025-11-05T10:50:11","slug":"obchody-swieta-niepodleglosci-w-naszej-szkole-2025","status":"publish","type":"page","link":"https:\/\/zsipo5.poznan.pl\/index.php\/obchody-swieta-niepodleglosci-w-naszej-szkole-2025\/","title":{"rendered":"Obchody \u015awi\u0119ta Niepodleg\u0142o\u015bci w naszej szkole 2025"},"content":{"rendered":"\n<figure class=\"wp-block-gallery has-nested-images columns-default is-cropped wp-block-gallery-1 is-layout-flex wp-block-gallery-is-layout-flex\">\n<figure data-wp-context=\"{&quot;imageId&quot;:&quot;69fb2c8cdb4bc&quot;}\" data-wp-interactive=\"core\/image\" data-wp-key=\"69fb2c8cdb4bc\" class=\"wp-block-image size-large wp-lightbox-container\"><img fetchpriority=\"high\" decoding=\"async\" width=\"1024\" height=\"473\" data-wp-class--hide=\"state.isContentHidden\" data-wp-class--show=\"state.isContentVisible\" data-wp-init=\"callbacks.setButtonStyles\" data-wp-on--click=\"actions.showLightbox\" data-wp-on--load=\"callbacks.setButtonStyles\" data-wp-on-window--resize=\"callbacks.setButtonStyles\" data-id=\"6433\" src=\"https:\/\/zsipo5.poznan.pl\/wp-content\/uploads\/2025\/11\/20251105_095122-2-1024x473.jpg\" alt=\"\" class=\"wp-image-6433\" srcset=\"https:\/\/zsipo5.poznan.pl\/wp-content\/uploads\/2025\/11\/20251105_095122-2-1024x473.jpg 1024w, https:\/\/zsipo5.poznan.pl\/wp-content\/uploads\/2025\/11\/20251105_095122-2-300x139.jpg 300w, https:\/\/zsipo5.poznan.pl\/wp-content\/uploads\/2025\/11\/20251105_095122-2-768x355.jpg 768w, https:\/\/zsipo5.poznan.pl\/wp-content\/uploads\/2025\/11\/20251105_095122-2-1536x710.jpg 1536w, https:\/\/zsipo5.poznan.pl\/wp-content\/uploads\/2025\/11\/20251105_095122-2-2048x946.jpg 2048w\" sizes=\"(max-width: 1024px) 100vw, 1024px\" \/><button\n\t\t\tclass=\"lightbox-trigger\"\n\t\t\ttype=\"button\"\n\t\t\taria-haspopup=\"dialog\"\n\t\t\taria-label=\"Powi\u0119ksz\"\n\t\t\tdata-wp-init=\"callbacks.initTriggerButton\"\n\t\t\tdata-wp-on--click=\"actions.showLightbox\"\n\t\t\tdata-wp-style--right=\"state.imageButtonRight\"\n\t\t\tdata-wp-style--top=\"state.imageButtonTop\"\n\t\t>\n\t\t\t<svg xmlns=\"http:\/\/www.w3.org\/2000\/svg\" width=\"12\" height=\"12\" fill=\"none\" viewBox=\"0 0 12 12\">\n\t\t\t\t<path fill=\"#fff\" d=\"M2 0a2 2 0 0 0-2 2v2h1.5V2a.5.5 0 0 1 .5-.5h2V0H2Zm2 10.5H2a.5.5 0 0 1-.5-.5V8H0v2a2 2 0 0 0 2 2h2v-1.5ZM8 12v-1.5h2a.5.5 0 0 0 .5-.5V8H12v2a2 2 0 0 1-2 2H8Zm2-12a2 2 0 0 1 2 2v2h-1.5V2a.5.5 0 0 0-.5-.5H8V0h2Z\" \/>\n\t\t\t<\/svg>\n\t\t<\/button><\/figure>\n\n\n\n<figure class=\"wp-block-image size-large\"><img decoding=\"async\" width=\"1024\" height=\"473\" data-id=\"6439\" src=\"https:\/\/zsipo5.poznan.pl\/wp-content\/uploads\/2025\/11\/20251105_095127-1-1024x473.jpg\" alt=\"\" class=\"wp-image-6439\" srcset=\"https:\/\/zsipo5.poznan.pl\/wp-content\/uploads\/2025\/11\/20251105_095127-1-1024x473.jpg 1024w, https:\/\/zsipo5.poznan.pl\/wp-content\/uploads\/2025\/11\/20251105_095127-1-300x139.jpg 300w, https:\/\/zsipo5.poznan.pl\/wp-content\/uploads\/2025\/11\/20251105_095127-1-768x355.jpg 768w, https:\/\/zsipo5.poznan.pl\/wp-content\/uploads\/2025\/11\/20251105_095127-1-1536x710.jpg 1536w, https:\/\/zsipo5.poznan.pl\/wp-content\/uploads\/2025\/11\/20251105_095127-1-2048x946.jpg 2048w\" sizes=\"(max-width: 1024px) 100vw, 1024px\" \/><\/figure>\n\n\n\n<figure data-wp-context=\"{&quot;imageId&quot;:&quot;69fb2c8cdc3e3&quot;}\" data-wp-interactive=\"core\/image\" data-wp-key=\"69fb2c8cdc3e3\" class=\"wp-block-image size-large wp-lightbox-container\"><img decoding=\"async\" width=\"1024\" height=\"473\" data-wp-class--hide=\"state.isContentHidden\" data-wp-class--show=\"state.isContentVisible\" data-wp-init=\"callbacks.setButtonStyles\" data-wp-on--click=\"actions.showLightbox\" data-wp-on--load=\"callbacks.setButtonStyles\" data-wp-on-window--resize=\"callbacks.setButtonStyles\" data-id=\"6436\" src=\"https:\/\/zsipo5.poznan.pl\/wp-content\/uploads\/2025\/11\/20251105_100603-1-1024x473.jpg\" alt=\"\" class=\"wp-image-6436\" srcset=\"https:\/\/zsipo5.poznan.pl\/wp-content\/uploads\/2025\/11\/20251105_100603-1-1024x473.jpg 1024w, https:\/\/zsipo5.poznan.pl\/wp-content\/uploads\/2025\/11\/20251105_100603-1-300x139.jpg 300w, https:\/\/zsipo5.poznan.pl\/wp-content\/uploads\/2025\/11\/20251105_100603-1-768x355.jpg 768w, https:\/\/zsipo5.poznan.pl\/wp-content\/uploads\/2025\/11\/20251105_100603-1-1536x710.jpg 1536w, https:\/\/zsipo5.poznan.pl\/wp-content\/uploads\/2025\/11\/20251105_100603-1-2048x946.jpg 2048w\" sizes=\"(max-width: 1024px) 100vw, 1024px\" \/><button\n\t\t\tclass=\"lightbox-trigger\"\n\t\t\ttype=\"button\"\n\t\t\taria-haspopup=\"dialog\"\n\t\t\taria-label=\"Powi\u0119ksz\"\n\t\t\tdata-wp-init=\"callbacks.initTriggerButton\"\n\t\t\tdata-wp-on--click=\"actions.showLightbox\"\n\t\t\tdata-wp-style--right=\"state.imageButtonRight\"\n\t\t\tdata-wp-style--top=\"state.imageButtonTop\"\n\t\t>\n\t\t\t<svg xmlns=\"http:\/\/www.w3.org\/2000\/svg\" width=\"12\" height=\"12\" fill=\"none\" viewBox=\"0 0 12 12\">\n\t\t\t\t<path fill=\"#fff\" d=\"M2 0a2 2 0 0 0-2 2v2h1.5V2a.5.5 0 0 1 .5-.5h2V0H2Zm2 10.5H2a.5.5 0 0 1-.5-.5V8H0v2a2 2 0 0 0 2 2h2v-1.5ZM8 12v-1.5h2a.5.5 0 0 0 .5-.5V8H12v2a2 2 0 0 1-2 2H8Zm2-12a2 2 0 0 1 2 2v2h-1.5V2a.5.5 0 0 0-.5-.5H8V0h2Z\" \/>\n\t\t\t<\/svg>\n\t\t<\/button><\/figure>\n\n\n\n<figure data-wp-context=\"{&quot;imageId&quot;:&quot;69fb2c8cdcbe8&quot;}\" data-wp-interactive=\"core\/image\" data-wp-key=\"69fb2c8cdcbe8\" class=\"wp-block-image size-large wp-lightbox-container\"><img loading=\"lazy\" decoding=\"async\" width=\"1024\" height=\"473\" data-wp-class--hide=\"state.isContentHidden\" data-wp-class--show=\"state.isContentVisible\" data-wp-init=\"callbacks.setButtonStyles\" data-wp-on--click=\"actions.showLightbox\" data-wp-on--load=\"callbacks.setButtonStyles\" data-wp-on-window--resize=\"callbacks.setButtonStyles\" data-id=\"6440\" src=\"https:\/\/zsipo5.poznan.pl\/wp-content\/uploads\/2025\/11\/20251105_101016-1-1024x473.jpg\" alt=\"\" class=\"wp-image-6440\" srcset=\"https:\/\/zsipo5.poznan.pl\/wp-content\/uploads\/2025\/11\/20251105_101016-1-1024x473.jpg 1024w, https:\/\/zsipo5.poznan.pl\/wp-content\/uploads\/2025\/11\/20251105_101016-1-300x139.jpg 300w, https:\/\/zsipo5.poznan.pl\/wp-content\/uploads\/2025\/11\/20251105_101016-1-768x355.jpg 768w, https:\/\/zsipo5.poznan.pl\/wp-content\/uploads\/2025\/11\/20251105_101016-1-1536x710.jpg 1536w, https:\/\/zsipo5.poznan.pl\/wp-content\/uploads\/2025\/11\/20251105_101016-1-2048x946.jpg 2048w\" sizes=\"(max-width: 1024px) 100vw, 1024px\" \/><button\n\t\t\tclass=\"lightbox-trigger\"\n\t\t\ttype=\"button\"\n\t\t\taria-haspopup=\"dialog\"\n\t\t\taria-label=\"Powi\u0119ksz\"\n\t\t\tdata-wp-init=\"callbacks.initTriggerButton\"\n\t\t\tdata-wp-on--click=\"actions.showLightbox\"\n\t\t\tdata-wp-style--right=\"state.imageButtonRight\"\n\t\t\tdata-wp-style--top=\"state.imageButtonTop\"\n\t\t>\n\t\t\t<svg xmlns=\"http:\/\/www.w3.org\/2000\/svg\" width=\"12\" height=\"12\" fill=\"none\" viewBox=\"0 0 12 12\">\n\t\t\t\t<path fill=\"#fff\" d=\"M2 0a2 2 0 0 0-2 2v2h1.5V2a.5.5 0 0 1 .5-.5h2V0H2Zm2 10.5H2a.5.5 0 0 1-.5-.5V8H0v2a2 2 0 0 0 2 2h2v-1.5ZM8 12v-1.5h2a.5.5 0 0 0 .5-.5V8H12v2a2 2 0 0 1-2 2H8Zm2-12a2 2 0 0 1 2 2v2h-1.5V2a.5.5 0 0 0-.5-.5H8V0h2Z\" \/>\n\t\t\t<\/svg>\n\t\t<\/button><\/figure>\n\n\n\n<figure data-wp-context=\"{&quot;imageId&quot;:&quot;69fb2c8cdcf83&quot;}\" data-wp-interactive=\"core\/image\" data-wp-key=\"69fb2c8cdcf83\" class=\"wp-block-image size-large wp-lightbox-container\"><img loading=\"lazy\" decoding=\"async\" width=\"1024\" height=\"577\" data-wp-class--hide=\"state.isContentHidden\" data-wp-class--show=\"state.isContentVisible\" data-wp-init=\"callbacks.setButtonStyles\" data-wp-on--click=\"actions.showLightbox\" data-wp-on--load=\"callbacks.setButtonStyles\" data-wp-on-window--resize=\"callbacks.setButtonStyles\" data-id=\"6443\" src=\"https:\/\/zsipo5.poznan.pl\/wp-content\/uploads\/2025\/11\/20251105_101137-1-1024x577.jpg\" alt=\"\" class=\"wp-image-6443\" srcset=\"https:\/\/zsipo5.poznan.pl\/wp-content\/uploads\/2025\/11\/20251105_101137-1-1024x577.jpg 1024w, https:\/\/zsipo5.poznan.pl\/wp-content\/uploads\/2025\/11\/20251105_101137-1-300x169.jpg 300w, https:\/\/zsipo5.poznan.pl\/wp-content\/uploads\/2025\/11\/20251105_101137-1-768x432.jpg 768w, https:\/\/zsipo5.poznan.pl\/wp-content\/uploads\/2025\/11\/20251105_101137-1-1536x865.jpg 1536w, https:\/\/zsipo5.poznan.pl\/wp-content\/uploads\/2025\/11\/20251105_101137-1-2048x1153.jpg 2048w\" sizes=\"(max-width: 1024px) 100vw, 1024px\" \/><button\n\t\t\tclass=\"lightbox-trigger\"\n\t\t\ttype=\"button\"\n\t\t\taria-haspopup=\"dialog\"\n\t\t\taria-label=\"Powi\u0119ksz\"\n\t\t\tdata-wp-init=\"callbacks.initTriggerButton\"\n\t\t\tdata-wp-on--click=\"actions.showLightbox\"\n\t\t\tdata-wp-style--right=\"state.imageButtonRight\"\n\t\t\tdata-wp-style--top=\"state.imageButtonTop\"\n\t\t>\n\t\t\t<svg xmlns=\"http:\/\/www.w3.org\/2000\/svg\" width=\"12\" height=\"12\" fill=\"none\" viewBox=\"0 0 12 12\">\n\t\t\t\t<path fill=\"#fff\" d=\"M2 0a2 2 0 0 0-2 2v2h1.5V2a.5.5 0 0 1 .5-.5h2V0H2Zm2 10.5H2a.5.5 0 0 1-.5-.5V8H0v2a2 2 0 0 0 2 2h2v-1.5ZM8 12v-1.5h2a.5.5 0 0 0 .5-.5V8H12v2a2 2 0 0 1-2 2H8Zm2-12a2 2 0 0 1 2 2v2h-1.5V2a.5.5 0 0 0-.5-.5H8V0h2Z\" \/>\n\t\t\t<\/svg>\n\t\t<\/button><\/figure>\n\n\n\n<figure data-wp-context=\"{&quot;imageId&quot;:&quot;69fb2c8cdd325&quot;}\" data-wp-interactive=\"core\/image\" data-wp-key=\"69fb2c8cdd325\" class=\"wp-block-image size-large wp-lightbox-container\"><img loading=\"lazy\" decoding=\"async\" width=\"1024\" height=\"577\" data-wp-class--hide=\"state.isContentHidden\" data-wp-class--show=\"state.isContentVisible\" data-wp-init=\"callbacks.setButtonStyles\" data-wp-on--click=\"actions.showLightbox\" data-wp-on--load=\"callbacks.setButtonStyles\" data-wp-on-window--resize=\"callbacks.setButtonStyles\" data-id=\"6444\" src=\"https:\/\/zsipo5.poznan.pl\/wp-content\/uploads\/2025\/11\/20251105_101554-1-1024x577.jpg\" alt=\"\" class=\"wp-image-6444\" srcset=\"https:\/\/zsipo5.poznan.pl\/wp-content\/uploads\/2025\/11\/20251105_101554-1-1024x577.jpg 1024w, https:\/\/zsipo5.poznan.pl\/wp-content\/uploads\/2025\/11\/20251105_101554-1-300x169.jpg 300w, https:\/\/zsipo5.poznan.pl\/wp-content\/uploads\/2025\/11\/20251105_101554-1-768x432.jpg 768w, https:\/\/zsipo5.poznan.pl\/wp-content\/uploads\/2025\/11\/20251105_101554-1-1536x865.jpg 1536w, https:\/\/zsipo5.poznan.pl\/wp-content\/uploads\/2025\/11\/20251105_101554-1-2048x1153.jpg 2048w\" sizes=\"(max-width: 1024px) 100vw, 1024px\" \/><button\n\t\t\tclass=\"lightbox-trigger\"\n\t\t\ttype=\"button\"\n\t\t\taria-haspopup=\"dialog\"\n\t\t\taria-label=\"Powi\u0119ksz\"\n\t\t\tdata-wp-init=\"callbacks.initTriggerButton\"\n\t\t\tdata-wp-on--click=\"actions.showLightbox\"\n\t\t\tdata-wp-style--right=\"state.imageButtonRight\"\n\t\t\tdata-wp-style--top=\"state.imageButtonTop\"\n\t\t>\n\t\t\t<svg xmlns=\"http:\/\/www.w3.org\/2000\/svg\" width=\"12\" height=\"12\" fill=\"none\" viewBox=\"0 0 12 12\">\n\t\t\t\t<path fill=\"#fff\" d=\"M2 0a2 2 0 0 0-2 2v2h1.5V2a.5.5 0 0 1 .5-.5h2V0H2Zm2 10.5H2a.5.5 0 0 1-.5-.5V8H0v2a2 2 0 0 0 2 2h2v-1.5ZM8 12v-1.5h2a.5.5 0 0 0 .5-.5V8H12v2a2 2 0 0 1-2 2H8Zm2-12a2 2 0 0 1 2 2v2h-1.5V2a.5.5 0 0 0-.5-.5H8V0h2Z\" \/>\n\t\t\t<\/svg>\n\t\t<\/button><\/figure>\n\n\n\n<figure data-wp-context=\"{&quot;imageId&quot;:&quot;69fb2c8cdd6ad&quot;}\" data-wp-interactive=\"core\/image\" data-wp-key=\"69fb2c8cdd6ad\" class=\"wp-block-image size-large wp-lightbox-container\"><img loading=\"lazy\" decoding=\"async\" width=\"1024\" height=\"473\" data-wp-class--hide=\"state.isContentHidden\" data-wp-class--show=\"state.isContentVisible\" data-wp-init=\"callbacks.setButtonStyles\" data-wp-on--click=\"actions.showLightbox\" data-wp-on--load=\"callbacks.setButtonStyles\" data-wp-on-window--resize=\"callbacks.setButtonStyles\" data-id=\"6437\" src=\"https:\/\/zsipo5.poznan.pl\/wp-content\/uploads\/2025\/11\/20251105_102000-1-1024x473.jpg\" alt=\"\" class=\"wp-image-6437\" srcset=\"https:\/\/zsipo5.poznan.pl\/wp-content\/uploads\/2025\/11\/20251105_102000-1-1024x473.jpg 1024w, https:\/\/zsipo5.poznan.pl\/wp-content\/uploads\/2025\/11\/20251105_102000-1-300x139.jpg 300w, https:\/\/zsipo5.poznan.pl\/wp-content\/uploads\/2025\/11\/20251105_102000-1-768x355.jpg 768w, https:\/\/zsipo5.poznan.pl\/wp-content\/uploads\/2025\/11\/20251105_102000-1-1536x710.jpg 1536w, https:\/\/zsipo5.poznan.pl\/wp-content\/uploads\/2025\/11\/20251105_102000-1-2048x946.jpg 2048w\" sizes=\"(max-width: 1024px) 100vw, 1024px\" \/><button\n\t\t\tclass=\"lightbox-trigger\"\n\t\t\ttype=\"button\"\n\t\t\taria-haspopup=\"dialog\"\n\t\t\taria-label=\"Powi\u0119ksz\"\n\t\t\tdata-wp-init=\"callbacks.initTriggerButton\"\n\t\t\tdata-wp-on--click=\"actions.showLightbox\"\n\t\t\tdata-wp-style--right=\"state.imageButtonRight\"\n\t\t\tdata-wp-style--top=\"state.imageButtonTop\"\n\t\t>\n\t\t\t<svg xmlns=\"http:\/\/www.w3.org\/2000\/svg\" width=\"12\" height=\"12\" fill=\"none\" viewBox=\"0 0 12 12\">\n\t\t\t\t<path fill=\"#fff\" d=\"M2 0a2 2 0 0 0-2 2v2h1.5V2a.5.5 0 0 1 .5-.5h2V0H2Zm2 10.5H2a.5.5 0 0 1-.5-.5V8H0v2a2 2 0 0 0 2 2h2v-1.5ZM8 12v-1.5h2a.5.5 0 0 0 .5-.5V8H12v2a2 2 0 0 1-2 2H8Zm2-12a2 2 0 0 1 2 2v2h-1.5V2a.5.5 0 0 0-.5-.5H8V0h2Z\" \/>\n\t\t\t<\/svg>\n\t\t<\/button><\/figure>\n\n\n\n<figure data-wp-context=\"{&quot;imageId&quot;:&quot;69fb2c8cdda3d&quot;}\" data-wp-interactive=\"core\/image\" data-wp-key=\"69fb2c8cdda3d\" class=\"wp-block-image size-large wp-lightbox-container\"><img loading=\"lazy\" decoding=\"async\" width=\"1024\" height=\"577\" data-wp-class--hide=\"state.isContentHidden\" data-wp-class--show=\"state.isContentVisible\" data-wp-init=\"callbacks.setButtonStyles\" data-wp-on--click=\"actions.showLightbox\" data-wp-on--load=\"callbacks.setButtonStyles\" data-wp-on-window--resize=\"callbacks.setButtonStyles\" data-id=\"6435\" src=\"https:\/\/zsipo5.poznan.pl\/wp-content\/uploads\/2025\/11\/20251105_102114-1-1024x577.jpg\" alt=\"\" class=\"wp-image-6435\" srcset=\"https:\/\/zsipo5.poznan.pl\/wp-content\/uploads\/2025\/11\/20251105_102114-1-1024x577.jpg 1024w, https:\/\/zsipo5.poznan.pl\/wp-content\/uploads\/2025\/11\/20251105_102114-1-300x169.jpg 300w, https:\/\/zsipo5.poznan.pl\/wp-content\/uploads\/2025\/11\/20251105_102114-1-768x432.jpg 768w, https:\/\/zsipo5.poznan.pl\/wp-content\/uploads\/2025\/11\/20251105_102114-1-1536x865.jpg 1536w, https:\/\/zsipo5.poznan.pl\/wp-content\/uploads\/2025\/11\/20251105_102114-1-2048x1153.jpg 2048w\" sizes=\"(max-width: 1024px) 100vw, 1024px\" \/><button\n\t\t\tclass=\"lightbox-trigger\"\n\t\t\ttype=\"button\"\n\t\t\taria-haspopup=\"dialog\"\n\t\t\taria-label=\"Powi\u0119ksz\"\n\t\t\tdata-wp-init=\"callbacks.initTriggerButton\"\n\t\t\tdata-wp-on--click=\"actions.showLightbox\"\n\t\t\tdata-wp-style--right=\"state.imageButtonRight\"\n\t\t\tdata-wp-style--top=\"state.imageButtonTop\"\n\t\t>\n\t\t\t<svg xmlns=\"http:\/\/www.w3.org\/2000\/svg\" width=\"12\" height=\"12\" fill=\"none\" viewBox=\"0 0 12 12\">\n\t\t\t\t<path fill=\"#fff\" d=\"M2 0a2 2 0 0 0-2 2v2h1.5V2a.5.5 0 0 1 .5-.5h2V0H2Zm2 10.5H2a.5.5 0 0 1-.5-.5V8H0v2a2 2 0 0 0 2 2h2v-1.5ZM8 12v-1.5h2a.5.5 0 0 0 .5-.5V8H12v2a2 2 0 0 1-2 2H8Zm2-12a2 2 0 0 1 2 2v2h-1.5V2a.5.5 0 0 0-.5-.5H8V0h2Z\" \/>\n\t\t\t<\/svg>\n\t\t<\/button><\/figure>\n\n\n\n<figure data-wp-context=\"{&quot;imageId&quot;:&quot;69fb2c8cdddd5&quot;}\" data-wp-interactive=\"core\/image\" data-wp-key=\"69fb2c8cdddd5\" class=\"wp-block-image size-large wp-lightbox-container\"><img loading=\"lazy\" decoding=\"async\" width=\"1024\" height=\"577\" data-wp-class--hide=\"state.isContentHidden\" data-wp-class--show=\"state.isContentVisible\" data-wp-init=\"callbacks.setButtonStyles\" data-wp-on--click=\"actions.showLightbox\" data-wp-on--load=\"callbacks.setButtonStyles\" data-wp-on-window--resize=\"callbacks.setButtonStyles\" data-id=\"6442\" src=\"https:\/\/zsipo5.poznan.pl\/wp-content\/uploads\/2025\/11\/20251105_102138-1-1024x577.jpg\" alt=\"\" class=\"wp-image-6442\" srcset=\"https:\/\/zsipo5.poznan.pl\/wp-content\/uploads\/2025\/11\/20251105_102138-1-1024x577.jpg 1024w, https:\/\/zsipo5.poznan.pl\/wp-content\/uploads\/2025\/11\/20251105_102138-1-300x169.jpg 300w, https:\/\/zsipo5.poznan.pl\/wp-content\/uploads\/2025\/11\/20251105_102138-1-768x432.jpg 768w, https:\/\/zsipo5.poznan.pl\/wp-content\/uploads\/2025\/11\/20251105_102138-1-1536x865.jpg 1536w, https:\/\/zsipo5.poznan.pl\/wp-content\/uploads\/2025\/11\/20251105_102138-1-2048x1153.jpg 2048w\" sizes=\"(max-width: 1024px) 100vw, 1024px\" \/><button\n\t\t\tclass=\"lightbox-trigger\"\n\t\t\ttype=\"button\"\n\t\t\taria-haspopup=\"dialog\"\n\t\t\taria-label=\"Powi\u0119ksz\"\n\t\t\tdata-wp-init=\"callbacks.initTriggerButton\"\n\t\t\tdata-wp-on--click=\"actions.showLightbox\"\n\t\t\tdata-wp-style--right=\"state.imageButtonRight\"\n\t\t\tdata-wp-style--top=\"state.imageButtonTop\"\n\t\t>\n\t\t\t<svg xmlns=\"http:\/\/www.w3.org\/2000\/svg\" width=\"12\" height=\"12\" fill=\"none\" viewBox=\"0 0 12 12\">\n\t\t\t\t<path fill=\"#fff\" d=\"M2 0a2 2 0 0 0-2 2v2h1.5V2a.5.5 0 0 1 .5-.5h2V0H2Zm2 10.5H2a.5.5 0 0 1-.5-.5V8H0v2a2 2 0 0 0 2 2h2v-1.5ZM8 12v-1.5h2a.5.5 0 0 0 .5-.5V8H12v2a2 2 0 0 1-2 2H8Zm2-12a2 2 0 0 1 2 2v2h-1.5V2a.5.5 0 0 0-.5-.5H8V0h2Z\" \/>\n\t\t\t<\/svg>\n\t\t<\/button><\/figure>\n\n\n\n<figure data-wp-context=\"{&quot;imageId&quot;:&quot;69fb2c8cde157&quot;}\" data-wp-interactive=\"core\/image\" data-wp-key=\"69fb2c8cde157\" class=\"wp-block-image size-large wp-lightbox-container\"><img loading=\"lazy\" decoding=\"async\" width=\"1024\" height=\"577\" data-wp-class--hide=\"state.isContentHidden\" data-wp-class--show=\"state.isContentVisible\" data-wp-init=\"callbacks.setButtonStyles\" data-wp-on--click=\"actions.showLightbox\" data-wp-on--load=\"callbacks.setButtonStyles\" data-wp-on-window--resize=\"callbacks.setButtonStyles\" data-id=\"6438\" src=\"https:\/\/zsipo5.poznan.pl\/wp-content\/uploads\/2025\/11\/20251105_102155-1-1024x577.jpg\" alt=\"\" class=\"wp-image-6438\" srcset=\"https:\/\/zsipo5.poznan.pl\/wp-content\/uploads\/2025\/11\/20251105_102155-1-1024x577.jpg 1024w, https:\/\/zsipo5.poznan.pl\/wp-content\/uploads\/2025\/11\/20251105_102155-1-300x169.jpg 300w, https:\/\/zsipo5.poznan.pl\/wp-content\/uploads\/2025\/11\/20251105_102155-1-768x432.jpg 768w, https:\/\/zsipo5.poznan.pl\/wp-content\/uploads\/2025\/11\/20251105_102155-1-1536x865.jpg 1536w, https:\/\/zsipo5.poznan.pl\/wp-content\/uploads\/2025\/11\/20251105_102155-1-2048x1153.jpg 2048w\" sizes=\"(max-width: 1024px) 100vw, 1024px\" \/><button\n\t\t\tclass=\"lightbox-trigger\"\n\t\t\ttype=\"button\"\n\t\t\taria-haspopup=\"dialog\"\n\t\t\taria-label=\"Powi\u0119ksz\"\n\t\t\tdata-wp-init=\"callbacks.initTriggerButton\"\n\t\t\tdata-wp-on--click=\"actions.showLightbox\"\n\t\t\tdata-wp-style--right=\"state.imageButtonRight\"\n\t\t\tdata-wp-style--top=\"state.imageButtonTop\"\n\t\t>\n\t\t\t<svg xmlns=\"http:\/\/www.w3.org\/2000\/svg\" width=\"12\" height=\"12\" fill=\"none\" viewBox=\"0 0 12 12\">\n\t\t\t\t<path fill=\"#fff\" d=\"M2 0a2 2 0 0 0-2 2v2h1.5V2a.5.5 0 0 1 .5-.5h2V0H2Zm2 10.5H2a.5.5 0 0 1-.5-.5V8H0v2a2 2 0 0 0 2 2h2v-1.5ZM8 12v-1.5h2a.5.5 0 0 0 .5-.5V8H12v2a2 2 0 0 1-2 2H8Zm2-12a2 2 0 0 1 2 2v2h-1.5V2a.5.5 0 0 0-.5-.5H8V0h2Z\" \/>\n\t\t\t<\/svg>\n\t\t<\/button><\/figure>\n\n\n\n<figure data-wp-context=\"{&quot;imageId&quot;:&quot;69fb2c8cde4f8&quot;}\" data-wp-interactive=\"core\/image\" data-wp-key=\"69fb2c8cde4f8\" class=\"wp-block-image size-large wp-lightbox-container\"><img loading=\"lazy\" decoding=\"async\" width=\"1024\" height=\"577\" data-wp-class--hide=\"state.isContentHidden\" data-wp-class--show=\"state.isContentVisible\" data-wp-init=\"callbacks.setButtonStyles\" data-wp-on--click=\"actions.showLightbox\" data-wp-on--load=\"callbacks.setButtonStyles\" data-wp-on-window--resize=\"callbacks.setButtonStyles\" data-id=\"6441\" src=\"https:\/\/zsipo5.poznan.pl\/wp-content\/uploads\/2025\/11\/20251105_102243-1-1024x577.jpg\" alt=\"\" class=\"wp-image-6441\" srcset=\"https:\/\/zsipo5.poznan.pl\/wp-content\/uploads\/2025\/11\/20251105_102243-1-1024x577.jpg 1024w, https:\/\/zsipo5.poznan.pl\/wp-content\/uploads\/2025\/11\/20251105_102243-1-300x169.jpg 300w, https:\/\/zsipo5.poznan.pl\/wp-content\/uploads\/2025\/11\/20251105_102243-1-768x432.jpg 768w, https:\/\/zsipo5.poznan.pl\/wp-content\/uploads\/2025\/11\/20251105_102243-1-1536x865.jpg 1536w, https:\/\/zsipo5.poznan.pl\/wp-content\/uploads\/2025\/11\/20251105_102243-1-2048x1153.jpg 2048w\" sizes=\"(max-width: 1024px) 100vw, 1024px\" \/><button\n\t\t\tclass=\"lightbox-trigger\"\n\t\t\ttype=\"button\"\n\t\t\taria-haspopup=\"dialog\"\n\t\t\taria-label=\"Powi\u0119ksz\"\n\t\t\tdata-wp-init=\"callbacks.initTriggerButton\"\n\t\t\tdata-wp-on--click=\"actions.showLightbox\"\n\t\t\tdata-wp-style--right=\"state.imageButtonRight\"\n\t\t\tdata-wp-style--top=\"state.imageButtonTop\"\n\t\t>\n\t\t\t<svg xmlns=\"http:\/\/www.w3.org\/2000\/svg\" width=\"12\" height=\"12\" fill=\"none\" viewBox=\"0 0 12 12\">\n\t\t\t\t<path fill=\"#fff\" d=\"M2 0a2 2 0 0 0-2 2v2h1.5V2a.5.5 0 0 1 .5-.5h2V0H2Zm2 10.5H2a.5.5 0 0 1-.5-.5V8H0v2a2 2 0 0 0 2 2h2v-1.5ZM8 12v-1.5h2a.5.5 0 0 0 .5-.5V8H12v2a2 2 0 0 1-2 2H8Zm2-12a2 2 0 0 1 2 2v2h-1.5V2a.5.5 0 0 0-.5-.5H8V0h2Z\" \/>\n\t\t\t<\/svg>\n\t\t<\/button><\/figure>\n\n\n\n<figure data-wp-context=\"{&quot;imageId&quot;:&quot;69fb2c8cde84f&quot;}\" data-wp-interactive=\"core\/image\" data-wp-key=\"69fb2c8cde84f\" class=\"wp-block-image size-large wp-lightbox-container\"><img loading=\"lazy\" decoding=\"async\" width=\"1024\" height=\"577\" data-wp-class--hide=\"state.isContentHidden\" data-wp-class--show=\"state.isContentVisible\" data-wp-init=\"callbacks.setButtonStyles\" data-wp-on--click=\"actions.showLightbox\" data-wp-on--load=\"callbacks.setButtonStyles\" data-wp-on-window--resize=\"callbacks.setButtonStyles\" data-id=\"6434\" src=\"https:\/\/zsipo5.poznan.pl\/wp-content\/uploads\/2025\/11\/20251105_102528-1-1024x577.jpg\" alt=\"\" class=\"wp-image-6434\" srcset=\"https:\/\/zsipo5.poznan.pl\/wp-content\/uploads\/2025\/11\/20251105_102528-1-1024x577.jpg 1024w, https:\/\/zsipo5.poznan.pl\/wp-content\/uploads\/2025\/11\/20251105_102528-1-300x169.jpg 300w, https:\/\/zsipo5.poznan.pl\/wp-content\/uploads\/2025\/11\/20251105_102528-1-768x432.jpg 768w, https:\/\/zsipo5.poznan.pl\/wp-content\/uploads\/2025\/11\/20251105_102528-1-1536x865.jpg 1536w, https:\/\/zsipo5.poznan.pl\/wp-content\/uploads\/2025\/11\/20251105_102528-1-2048x1153.jpg 2048w\" sizes=\"(max-width: 1024px) 100vw, 1024px\" \/><button\n\t\t\tclass=\"lightbox-trigger\"\n\t\t\ttype=\"button\"\n\t\t\taria-haspopup=\"dialog\"\n\t\t\taria-label=\"Powi\u0119ksz\"\n\t\t\tdata-wp-init=\"callbacks.initTriggerButton\"\n\t\t\tdata-wp-on--click=\"actions.showLightbox\"\n\t\t\tdata-wp-style--right=\"state.imageButtonRight\"\n\t\t\tdata-wp-style--top=\"state.imageButtonTop\"\n\t\t>\n\t\t\t<svg xmlns=\"http:\/\/www.w3.org\/2000\/svg\" width=\"12\" height=\"12\" fill=\"none\" viewBox=\"0 0 12 12\">\n\t\t\t\t<path fill=\"#fff\" d=\"M2 0a2 2 0 0 0-2 2v2h1.5V2a.5.5 0 0 1 .5-.5h2V0H2Zm2 10.5H2a.5.5 0 0 1-.5-.5V8H0v2a2 2 0 0 0 2 2h2v-1.5ZM8 12v-1.5h2a.5.5 0 0 0 .5-.5V8H12v2a2 2 0 0 1-2 2H8Zm2-12a2 2 0 0 1 2 2v2h-1.5V2a.5.5 0 0 0-.5-.5H8V0h2Z\" \/>\n\t\t\t<\/svg>\n\t\t<\/button><\/figure>\n\n\n\n<figure data-wp-context=\"{&quot;imageId&quot;:&quot;69fb2c8cdebc8&quot;}\" data-wp-interactive=\"core\/image\" data-wp-key=\"69fb2c8cdebc8\" class=\"wp-block-image size-large wp-lightbox-container\"><img loading=\"lazy\" decoding=\"async\" width=\"1024\" height=\"473\" data-wp-class--hide=\"state.isContentHidden\" data-wp-class--show=\"state.isContentVisible\" data-wp-init=\"callbacks.setButtonStyles\" data-wp-on--click=\"actions.showLightbox\" data-wp-on--load=\"callbacks.setButtonStyles\" data-wp-on-window--resize=\"callbacks.setButtonStyles\" data-id=\"6445\" src=\"https:\/\/zsipo5.poznan.pl\/wp-content\/uploads\/2025\/11\/20251105_103036-1-1024x473.jpg\" alt=\"\" class=\"wp-image-6445\" srcset=\"https:\/\/zsipo5.poznan.pl\/wp-content\/uploads\/2025\/11\/20251105_103036-1-1024x473.jpg 1024w, https:\/\/zsipo5.poznan.pl\/wp-content\/uploads\/2025\/11\/20251105_103036-1-300x139.jpg 300w, https:\/\/zsipo5.poznan.pl\/wp-content\/uploads\/2025\/11\/20251105_103036-1-768x355.jpg 768w, https:\/\/zsipo5.poznan.pl\/wp-content\/uploads\/2025\/11\/20251105_103036-1-1536x710.jpg 1536w, https:\/\/zsipo5.poznan.pl\/wp-content\/uploads\/2025\/11\/20251105_103036-1-2048x946.jpg 2048w\" sizes=\"(max-width: 1024px) 100vw, 1024px\" \/><button\n\t\t\tclass=\"lightbox-trigger\"\n\t\t\ttype=\"button\"\n\t\t\taria-haspopup=\"dialog\"\n\t\t\taria-label=\"Powi\u0119ksz\"\n\t\t\tdata-wp-init=\"callbacks.initTriggerButton\"\n\t\t\tdata-wp-on--click=\"actions.showLightbox\"\n\t\t\tdata-wp-style--right=\"state.imageButtonRight\"\n\t\t\tdata-wp-style--top=\"state.imageButtonTop\"\n\t\t>\n\t\t\t<svg xmlns=\"http:\/\/www.w3.org\/2000\/svg\" width=\"12\" height=\"12\" fill=\"none\" viewBox=\"0 0 12 12\">\n\t\t\t\t<path fill=\"#fff\" d=\"M2 0a2 2 0 0 0-2 2v2h1.5V2a.5.5 0 0 1 .5-.5h2V0H2Zm2 10.5H2a.5.5 0 0 1-.5-.5V8H0v2a2 2 0 0 0 2 2h2v-1.5ZM8 12v-1.5h2a.5.5 0 0 0 .5-.5V8H12v2a2 2 0 0 1-2 2H8Zm2-12a2 2 0 0 1 2 2v2h-1.5V2a.5.5 0 0 0-.5-.5H8V0h2Z\" \/>\n\t\t\t<\/svg>\n\t\t<\/button><\/figure>\n<\/figure>\n","protected":false},"excerpt":{"rendered":"","protected":false},"author":12,"featured_media":0,"parent":0,"menu_order":0,"comment_status":"closed","ping_status":"closed","template":"","meta":{"footnotes":""},"class_list":["post-6432","page","type-page","status-publish","hentry"],"_links":{"self":[{"href":"https:\/\/zsipo5.poznan.pl\/index.php\/wp-json\/wp\/v2\/pages\/6432","targetHints":{"allow":["GET"]}}],"collection":[{"href":"https:\/\/zsipo5.poznan.pl\/index.php\/wp-json\/wp\/v2\/pages"}],"about":[{"href":"https:\/\/zsipo5.poznan.pl\/index.php\/wp-json\/wp\/v2\/types\/page"}],"author":[{"embeddable":true,"href":"https:\/\/zsipo5.poznan.pl\/index.php\/wp-json\/wp\/v2\/users\/12"}],"replies":[{"embeddable":true,"href":"https:\/\/zsipo5.poznan.pl\/index.php\/wp-json\/wp\/v2\/comments?post=6432"}],"version-history":[{"count":2,"href":"https:\/\/zsipo5.poznan.pl\/index.php\/wp-json\/wp\/v2\/pages\/6432\/revisions"}],"predecessor-version":[{"id":6448,"href":"https:\/\/zsipo5.poznan.pl\/index.php\/wp-json\/wp\/v2\/pages\/6432\/revisions\/6448"}],"wp:attachment":[{"href":"https:\/\/zsipo5.poznan.pl\/index.php\/wp-json\/wp\/v2\/media?parent=6432"}],"curies":[{"name":"wp","href":"https:\/\/api.w.org\/{rel}","templated":true}]}}