{"id":6394,"date":"2025-11-01T08:28:58","date_gmt":"2025-11-01T07:28:58","guid":{"rendered":"https:\/\/zsipo5.poznan.pl\/?page_id=6394"},"modified":"2025-11-01T08:28:58","modified_gmt":"2025-11-01T07:28:58","slug":"uroczystosc-wszystkich-swietych-2025","status":"publish","type":"page","link":"https:\/\/zsipo5.poznan.pl\/index.php\/uroczystosc-wszystkich-swietych-2025\/","title":{"rendered":"Uroczysto\u015b\u0107 Wszystkich \u015awi\u0119tych 2025"},"content":{"rendered":"\n<figure class=\"wp-block-gallery has-nested-images columns-default is-cropped wp-block-gallery-1 is-layout-flex wp-block-gallery-is-layout-flex\">\n<figure data-wp-context=\"{&quot;imageId&quot;:&quot;69fb30c00f7c5&quot;}\" data-wp-interactive=\"core\/image\" data-wp-key=\"69fb30c00f7c5\" class=\"wp-block-image size-large wp-lightbox-container\"><img fetchpriority=\"high\" decoding=\"async\" width=\"768\" height=\"1024\" data-wp-class--hide=\"state.isContentHidden\" data-wp-class--show=\"state.isContentVisible\" data-wp-init=\"callbacks.setButtonStyles\" data-wp-on--click=\"actions.showLightbox\" data-wp-on--load=\"callbacks.setButtonStyles\" data-wp-on-window--resize=\"callbacks.setButtonStyles\" data-id=\"6395\" src=\"https:\/\/zsipo5.poznan.pl\/wp-content\/uploads\/2025\/11\/574272283_807193528794668_6307523801469721087_n-1-768x1024.jpg\" alt=\"\" class=\"wp-image-6395\" srcset=\"https:\/\/zsipo5.poznan.pl\/wp-content\/uploads\/2025\/11\/574272283_807193528794668_6307523801469721087_n-1-768x1024.jpg 768w, https:\/\/zsipo5.poznan.pl\/wp-content\/uploads\/2025\/11\/574272283_807193528794668_6307523801469721087_n-1-225x300.jpg 225w, https:\/\/zsipo5.poznan.pl\/wp-content\/uploads\/2025\/11\/574272283_807193528794668_6307523801469721087_n-1-1152x1536.jpg 1152w, https:\/\/zsipo5.poznan.pl\/wp-content\/uploads\/2025\/11\/574272283_807193528794668_6307523801469721087_n-1.jpg 1200w\" sizes=\"(max-width: 768px) 100vw, 768px\" \/><button\n\t\t\tclass=\"lightbox-trigger\"\n\t\t\ttype=\"button\"\n\t\t\taria-haspopup=\"dialog\"\n\t\t\taria-label=\"Powi\u0119ksz\"\n\t\t\tdata-wp-init=\"callbacks.initTriggerButton\"\n\t\t\tdata-wp-on--click=\"actions.showLightbox\"\n\t\t\tdata-wp-style--right=\"state.imageButtonRight\"\n\t\t\tdata-wp-style--top=\"state.imageButtonTop\"\n\t\t>\n\t\t\t<svg xmlns=\"http:\/\/www.w3.org\/2000\/svg\" width=\"12\" height=\"12\" fill=\"none\" viewBox=\"0 0 12 12\">\n\t\t\t\t<path fill=\"#fff\" d=\"M2 0a2 2 0 0 0-2 2v2h1.5V2a.5.5 0 0 1 .5-.5h2V0H2Zm2 10.5H2a.5.5 0 0 1-.5-.5V8H0v2a2 2 0 0 0 2 2h2v-1.5ZM8 12v-1.5h2a.5.5 0 0 0 .5-.5V8H12v2a2 2 0 0 1-2 2H8Zm2-12a2 2 0 0 1 2 2v2h-1.5V2a.5.5 0 0 0-.5-.5H8V0h2Z\" \/>\n\t\t\t<\/svg>\n\t\t<\/button><\/figure>\n\n\n\n<figure data-wp-context=\"{&quot;imageId&quot;:&quot;69fb30c010170&quot;}\" data-wp-interactive=\"core\/image\" data-wp-key=\"69fb30c010170\" class=\"wp-block-image size-large wp-lightbox-container\"><img decoding=\"async\" width=\"768\" height=\"1024\" data-wp-class--hide=\"state.isContentHidden\" data-wp-class--show=\"state.isContentVisible\" data-wp-init=\"callbacks.setButtonStyles\" data-wp-on--click=\"actions.showLightbox\" data-wp-on--load=\"callbacks.setButtonStyles\" data-wp-on-window--resize=\"callbacks.setButtonStyles\" data-id=\"6403\" src=\"https:\/\/zsipo5.poznan.pl\/wp-content\/uploads\/2025\/11\/571373129_807193568794664_7648542896360401621_n-1-768x1024.jpg\" alt=\"\" class=\"wp-image-6403\" srcset=\"https:\/\/zsipo5.poznan.pl\/wp-content\/uploads\/2025\/11\/571373129_807193568794664_7648542896360401621_n-1-768x1024.jpg 768w, https:\/\/zsipo5.poznan.pl\/wp-content\/uploads\/2025\/11\/571373129_807193568794664_7648542896360401621_n-1-225x300.jpg 225w, https:\/\/zsipo5.poznan.pl\/wp-content\/uploads\/2025\/11\/571373129_807193568794664_7648542896360401621_n-1-1152x1536.jpg 1152w, https:\/\/zsipo5.poznan.pl\/wp-content\/uploads\/2025\/11\/571373129_807193568794664_7648542896360401621_n-1.jpg 1200w\" sizes=\"(max-width: 768px) 100vw, 768px\" \/><button\n\t\t\tclass=\"lightbox-trigger\"\n\t\t\ttype=\"button\"\n\t\t\taria-haspopup=\"dialog\"\n\t\t\taria-label=\"Powi\u0119ksz\"\n\t\t\tdata-wp-init=\"callbacks.initTriggerButton\"\n\t\t\tdata-wp-on--click=\"actions.showLightbox\"\n\t\t\tdata-wp-style--right=\"state.imageButtonRight\"\n\t\t\tdata-wp-style--top=\"state.imageButtonTop\"\n\t\t>\n\t\t\t<svg xmlns=\"http:\/\/www.w3.org\/2000\/svg\" width=\"12\" height=\"12\" fill=\"none\" viewBox=\"0 0 12 12\">\n\t\t\t\t<path fill=\"#fff\" d=\"M2 0a2 2 0 0 0-2 2v2h1.5V2a.5.5 0 0 1 .5-.5h2V0H2Zm2 10.5H2a.5.5 0 0 1-.5-.5V8H0v2a2 2 0 0 0 2 2h2v-1.5ZM8 12v-1.5h2a.5.5 0 0 0 .5-.5V8H12v2a2 2 0 0 1-2 2H8Zm2-12a2 2 0 0 1 2 2v2h-1.5V2a.5.5 0 0 0-.5-.5H8V0h2Z\" \/>\n\t\t\t<\/svg>\n\t\t<\/button><\/figure>\n\n\n\n<figure data-wp-context=\"{&quot;imageId&quot;:&quot;69fb30c0104d8&quot;}\" data-wp-interactive=\"core\/image\" data-wp-key=\"69fb30c0104d8\" class=\"wp-block-image size-large wp-lightbox-container\"><img decoding=\"async\" width=\"768\" height=\"1024\" data-wp-class--hide=\"state.isContentHidden\" data-wp-class--show=\"state.isContentVisible\" data-wp-init=\"callbacks.setButtonStyles\" data-wp-on--click=\"actions.showLightbox\" data-wp-on--load=\"callbacks.setButtonStyles\" data-wp-on-window--resize=\"callbacks.setButtonStyles\" data-id=\"6397\" src=\"https:\/\/zsipo5.poznan.pl\/wp-content\/uploads\/2025\/11\/574105752_807193588794662_7197857617186307234_n-1-768x1024.jpg\" alt=\"\" class=\"wp-image-6397\" srcset=\"https:\/\/zsipo5.poznan.pl\/wp-content\/uploads\/2025\/11\/574105752_807193588794662_7197857617186307234_n-1-768x1024.jpg 768w, https:\/\/zsipo5.poznan.pl\/wp-content\/uploads\/2025\/11\/574105752_807193588794662_7197857617186307234_n-1-225x300.jpg 225w, https:\/\/zsipo5.poznan.pl\/wp-content\/uploads\/2025\/11\/574105752_807193588794662_7197857617186307234_n-1-1152x1536.jpg 1152w, https:\/\/zsipo5.poznan.pl\/wp-content\/uploads\/2025\/11\/574105752_807193588794662_7197857617186307234_n-1.jpg 1200w\" sizes=\"(max-width: 768px) 100vw, 768px\" \/><button\n\t\t\tclass=\"lightbox-trigger\"\n\t\t\ttype=\"button\"\n\t\t\taria-haspopup=\"dialog\"\n\t\t\taria-label=\"Powi\u0119ksz\"\n\t\t\tdata-wp-init=\"callbacks.initTriggerButton\"\n\t\t\tdata-wp-on--click=\"actions.showLightbox\"\n\t\t\tdata-wp-style--right=\"state.imageButtonRight\"\n\t\t\tdata-wp-style--top=\"state.imageButtonTop\"\n\t\t>\n\t\t\t<svg xmlns=\"http:\/\/www.w3.org\/2000\/svg\" width=\"12\" height=\"12\" fill=\"none\" viewBox=\"0 0 12 12\">\n\t\t\t\t<path fill=\"#fff\" d=\"M2 0a2 2 0 0 0-2 2v2h1.5V2a.5.5 0 0 1 .5-.5h2V0H2Zm2 10.5H2a.5.5 0 0 1-.5-.5V8H0v2a2 2 0 0 0 2 2h2v-1.5ZM8 12v-1.5h2a.5.5 0 0 0 .5-.5V8H12v2a2 2 0 0 1-2 2H8Zm2-12a2 2 0 0 1 2 2v2h-1.5V2a.5.5 0 0 0-.5-.5H8V0h2Z\" \/>\n\t\t\t<\/svg>\n\t\t<\/button><\/figure>\n\n\n\n<figure data-wp-context=\"{&quot;imageId&quot;:&quot;69fb30c01083c&quot;}\" data-wp-interactive=\"core\/image\" data-wp-key=\"69fb30c01083c\" class=\"wp-block-image size-large wp-lightbox-container\"><img loading=\"lazy\" decoding=\"async\" width=\"768\" height=\"1024\" data-wp-class--hide=\"state.isContentHidden\" data-wp-class--show=\"state.isContentVisible\" data-wp-init=\"callbacks.setButtonStyles\" data-wp-on--click=\"actions.showLightbox\" data-wp-on--load=\"callbacks.setButtonStyles\" data-wp-on-window--resize=\"callbacks.setButtonStyles\" data-id=\"6400\" src=\"https:\/\/zsipo5.poznan.pl\/wp-content\/uploads\/2025\/11\/573051942_807193828794638_1453573544106767191_n-1-768x1024.jpg\" alt=\"\" class=\"wp-image-6400\" srcset=\"https:\/\/zsipo5.poznan.pl\/wp-content\/uploads\/2025\/11\/573051942_807193828794638_1453573544106767191_n-1-768x1024.jpg 768w, https:\/\/zsipo5.poznan.pl\/wp-content\/uploads\/2025\/11\/573051942_807193828794638_1453573544106767191_n-1-225x300.jpg 225w, https:\/\/zsipo5.poznan.pl\/wp-content\/uploads\/2025\/11\/573051942_807193828794638_1453573544106767191_n-1-1152x1536.jpg 1152w, https:\/\/zsipo5.poznan.pl\/wp-content\/uploads\/2025\/11\/573051942_807193828794638_1453573544106767191_n-1.jpg 1200w\" sizes=\"(max-width: 768px) 100vw, 768px\" \/><button\n\t\t\tclass=\"lightbox-trigger\"\n\t\t\ttype=\"button\"\n\t\t\taria-haspopup=\"dialog\"\n\t\t\taria-label=\"Powi\u0119ksz\"\n\t\t\tdata-wp-init=\"callbacks.initTriggerButton\"\n\t\t\tdata-wp-on--click=\"actions.showLightbox\"\n\t\t\tdata-wp-style--right=\"state.imageButtonRight\"\n\t\t\tdata-wp-style--top=\"state.imageButtonTop\"\n\t\t>\n\t\t\t<svg xmlns=\"http:\/\/www.w3.org\/2000\/svg\" width=\"12\" height=\"12\" fill=\"none\" viewBox=\"0 0 12 12\">\n\t\t\t\t<path fill=\"#fff\" d=\"M2 0a2 2 0 0 0-2 2v2h1.5V2a.5.5 0 0 1 .5-.5h2V0H2Zm2 10.5H2a.5.5 0 0 1-.5-.5V8H0v2a2 2 0 0 0 2 2h2v-1.5ZM8 12v-1.5h2a.5.5 0 0 0 .5-.5V8H12v2a2 2 0 0 1-2 2H8Zm2-12a2 2 0 0 1 2 2v2h-1.5V2a.5.5 0 0 0-.5-.5H8V0h2Z\" \/>\n\t\t\t<\/svg>\n\t\t<\/button><\/figure>\n\n\n\n<figure data-wp-context=\"{&quot;imageId&quot;:&quot;69fb30c010b81&quot;}\" data-wp-interactive=\"core\/image\" data-wp-key=\"69fb30c010b81\" class=\"wp-block-image size-large wp-lightbox-container\"><img loading=\"lazy\" decoding=\"async\" width=\"768\" height=\"1024\" data-wp-class--hide=\"state.isContentHidden\" data-wp-class--show=\"state.isContentVisible\" data-wp-init=\"callbacks.setButtonStyles\" data-wp-on--click=\"actions.showLightbox\" data-wp-on--load=\"callbacks.setButtonStyles\" data-wp-on-window--resize=\"callbacks.setButtonStyles\" data-id=\"6396\" src=\"https:\/\/zsipo5.poznan.pl\/wp-content\/uploads\/2025\/11\/573284451_807193555461332_4104345258862953206_n-1-768x1024.jpg\" alt=\"\" class=\"wp-image-6396\" srcset=\"https:\/\/zsipo5.poznan.pl\/wp-content\/uploads\/2025\/11\/573284451_807193555461332_4104345258862953206_n-1-768x1024.jpg 768w, https:\/\/zsipo5.poznan.pl\/wp-content\/uploads\/2025\/11\/573284451_807193555461332_4104345258862953206_n-1-225x300.jpg 225w, https:\/\/zsipo5.poznan.pl\/wp-content\/uploads\/2025\/11\/573284451_807193555461332_4104345258862953206_n-1-1152x1536.jpg 1152w, https:\/\/zsipo5.poznan.pl\/wp-content\/uploads\/2025\/11\/573284451_807193555461332_4104345258862953206_n-1.jpg 1200w\" sizes=\"(max-width: 768px) 100vw, 768px\" \/><button\n\t\t\tclass=\"lightbox-trigger\"\n\t\t\ttype=\"button\"\n\t\t\taria-haspopup=\"dialog\"\n\t\t\taria-label=\"Powi\u0119ksz\"\n\t\t\tdata-wp-init=\"callbacks.initTriggerButton\"\n\t\t\tdata-wp-on--click=\"actions.showLightbox\"\n\t\t\tdata-wp-style--right=\"state.imageButtonRight\"\n\t\t\tdata-wp-style--top=\"state.imageButtonTop\"\n\t\t>\n\t\t\t<svg xmlns=\"http:\/\/www.w3.org\/2000\/svg\" width=\"12\" height=\"12\" fill=\"none\" viewBox=\"0 0 12 12\">\n\t\t\t\t<path fill=\"#fff\" d=\"M2 0a2 2 0 0 0-2 2v2h1.5V2a.5.5 0 0 1 .5-.5h2V0H2Zm2 10.5H2a.5.5 0 0 1-.5-.5V8H0v2a2 2 0 0 0 2 2h2v-1.5ZM8 12v-1.5h2a.5.5 0 0 0 .5-.5V8H12v2a2 2 0 0 1-2 2H8Zm2-12a2 2 0 0 1 2 2v2h-1.5V2a.5.5 0 0 0-.5-.5H8V0h2Z\" \/>\n\t\t\t<\/svg>\n\t\t<\/button><\/figure>\n\n\n\n<figure data-wp-context=\"{&quot;imageId&quot;:&quot;69fb30c010ece&quot;}\" data-wp-interactive=\"core\/image\" data-wp-key=\"69fb30c010ece\" class=\"wp-block-image size-large wp-lightbox-container\"><img loading=\"lazy\" decoding=\"async\" width=\"768\" height=\"1024\" data-wp-class--hide=\"state.isContentHidden\" data-wp-class--show=\"state.isContentVisible\" data-wp-init=\"callbacks.setButtonStyles\" data-wp-on--click=\"actions.showLightbox\" data-wp-on--load=\"callbacks.setButtonStyles\" data-wp-on-window--resize=\"callbacks.setButtonStyles\" data-id=\"6398\" src=\"https:\/\/zsipo5.poznan.pl\/wp-content\/uploads\/2025\/11\/571433013_807193875461300_6069836319073489479_n-1-768x1024.jpg\" alt=\"\" class=\"wp-image-6398\" srcset=\"https:\/\/zsipo5.poznan.pl\/wp-content\/uploads\/2025\/11\/571433013_807193875461300_6069836319073489479_n-1-768x1024.jpg 768w, https:\/\/zsipo5.poznan.pl\/wp-content\/uploads\/2025\/11\/571433013_807193875461300_6069836319073489479_n-1-225x300.jpg 225w, https:\/\/zsipo5.poznan.pl\/wp-content\/uploads\/2025\/11\/571433013_807193875461300_6069836319073489479_n-1-1152x1536.jpg 1152w, https:\/\/zsipo5.poznan.pl\/wp-content\/uploads\/2025\/11\/571433013_807193875461300_6069836319073489479_n-1.jpg 1200w\" sizes=\"(max-width: 768px) 100vw, 768px\" \/><button\n\t\t\tclass=\"lightbox-trigger\"\n\t\t\ttype=\"button\"\n\t\t\taria-haspopup=\"dialog\"\n\t\t\taria-label=\"Powi\u0119ksz\"\n\t\t\tdata-wp-init=\"callbacks.initTriggerButton\"\n\t\t\tdata-wp-on--click=\"actions.showLightbox\"\n\t\t\tdata-wp-style--right=\"state.imageButtonRight\"\n\t\t\tdata-wp-style--top=\"state.imageButtonTop\"\n\t\t>\n\t\t\t<svg xmlns=\"http:\/\/www.w3.org\/2000\/svg\" width=\"12\" height=\"12\" fill=\"none\" viewBox=\"0 0 12 12\">\n\t\t\t\t<path fill=\"#fff\" d=\"M2 0a2 2 0 0 0-2 2v2h1.5V2a.5.5 0 0 1 .5-.5h2V0H2Zm2 10.5H2a.5.5 0 0 1-.5-.5V8H0v2a2 2 0 0 0 2 2h2v-1.5ZM8 12v-1.5h2a.5.5 0 0 0 .5-.5V8H12v2a2 2 0 0 1-2 2H8Zm2-12a2 2 0 0 1 2 2v2h-1.5V2a.5.5 0 0 0-.5-.5H8V0h2Z\" \/>\n\t\t\t<\/svg>\n\t\t<\/button><\/figure>\n\n\n\n<figure data-wp-context=\"{&quot;imageId&quot;:&quot;69fb30c011210&quot;}\" data-wp-interactive=\"core\/image\" data-wp-key=\"69fb30c011210\" class=\"wp-block-image size-large wp-lightbox-container\"><img loading=\"lazy\" decoding=\"async\" width=\"768\" height=\"1024\" data-wp-class--hide=\"state.isContentHidden\" data-wp-class--show=\"state.isContentVisible\" data-wp-init=\"callbacks.setButtonStyles\" data-wp-on--click=\"actions.showLightbox\" data-wp-on--load=\"callbacks.setButtonStyles\" data-wp-on-window--resize=\"callbacks.setButtonStyles\" data-id=\"6401\" src=\"https:\/\/zsipo5.poznan.pl\/wp-content\/uploads\/2025\/11\/574509075_807193945461293_2089792631333857956_n-1-768x1024.jpg\" alt=\"\" class=\"wp-image-6401\" srcset=\"https:\/\/zsipo5.poznan.pl\/wp-content\/uploads\/2025\/11\/574509075_807193945461293_2089792631333857956_n-1-768x1024.jpg 768w, https:\/\/zsipo5.poznan.pl\/wp-content\/uploads\/2025\/11\/574509075_807193945461293_2089792631333857956_n-1-225x300.jpg 225w, https:\/\/zsipo5.poznan.pl\/wp-content\/uploads\/2025\/11\/574509075_807193945461293_2089792631333857956_n-1-1152x1536.jpg 1152w, https:\/\/zsipo5.poznan.pl\/wp-content\/uploads\/2025\/11\/574509075_807193945461293_2089792631333857956_n-1.jpg 1200w\" sizes=\"(max-width: 768px) 100vw, 768px\" \/><button\n\t\t\tclass=\"lightbox-trigger\"\n\t\t\ttype=\"button\"\n\t\t\taria-haspopup=\"dialog\"\n\t\t\taria-label=\"Powi\u0119ksz\"\n\t\t\tdata-wp-init=\"callbacks.initTriggerButton\"\n\t\t\tdata-wp-on--click=\"actions.showLightbox\"\n\t\t\tdata-wp-style--right=\"state.imageButtonRight\"\n\t\t\tdata-wp-style--top=\"state.imageButtonTop\"\n\t\t>\n\t\t\t<svg xmlns=\"http:\/\/www.w3.org\/2000\/svg\" width=\"12\" height=\"12\" fill=\"none\" viewBox=\"0 0 12 12\">\n\t\t\t\t<path fill=\"#fff\" d=\"M2 0a2 2 0 0 0-2 2v2h1.5V2a.5.5 0 0 1 .5-.5h2V0H2Zm2 10.5H2a.5.5 0 0 1-.5-.5V8H0v2a2 2 0 0 0 2 2h2v-1.5ZM8 12v-1.5h2a.5.5 0 0 0 .5-.5V8H12v2a2 2 0 0 1-2 2H8Zm2-12a2 2 0 0 1 2 2v2h-1.5V2a.5.5 0 0 0-.5-.5H8V0h2Z\" \/>\n\t\t\t<\/svg>\n\t\t<\/button><\/figure>\n\n\n\n<figure data-wp-context=\"{&quot;imageId&quot;:&quot;69fb30c011557&quot;}\" data-wp-interactive=\"core\/image\" data-wp-key=\"69fb30c011557\" class=\"wp-block-image size-large wp-lightbox-container\"><img loading=\"lazy\" decoding=\"async\" width=\"768\" height=\"1024\" data-wp-class--hide=\"state.isContentHidden\" data-wp-class--show=\"state.isContentVisible\" data-wp-init=\"callbacks.setButtonStyles\" data-wp-on--click=\"actions.showLightbox\" data-wp-on--load=\"callbacks.setButtonStyles\" data-wp-on-window--resize=\"callbacks.setButtonStyles\" data-id=\"6404\" src=\"https:\/\/zsipo5.poznan.pl\/wp-content\/uploads\/2025\/11\/571304737_807193912127963_7948701530654826332_n-1-768x1024.jpg\" alt=\"\" class=\"wp-image-6404\" srcset=\"https:\/\/zsipo5.poznan.pl\/wp-content\/uploads\/2025\/11\/571304737_807193912127963_7948701530654826332_n-1-768x1024.jpg 768w, https:\/\/zsipo5.poznan.pl\/wp-content\/uploads\/2025\/11\/571304737_807193912127963_7948701530654826332_n-1-225x300.jpg 225w, https:\/\/zsipo5.poznan.pl\/wp-content\/uploads\/2025\/11\/571304737_807193912127963_7948701530654826332_n-1-1152x1536.jpg 1152w, https:\/\/zsipo5.poznan.pl\/wp-content\/uploads\/2025\/11\/571304737_807193912127963_7948701530654826332_n-1.jpg 1200w\" sizes=\"(max-width: 768px) 100vw, 768px\" \/><button\n\t\t\tclass=\"lightbox-trigger\"\n\t\t\ttype=\"button\"\n\t\t\taria-haspopup=\"dialog\"\n\t\t\taria-label=\"Powi\u0119ksz\"\n\t\t\tdata-wp-init=\"callbacks.initTriggerButton\"\n\t\t\tdata-wp-on--click=\"actions.showLightbox\"\n\t\t\tdata-wp-style--right=\"state.imageButtonRight\"\n\t\t\tdata-wp-style--top=\"state.imageButtonTop\"\n\t\t>\n\t\t\t<svg xmlns=\"http:\/\/www.w3.org\/2000\/svg\" width=\"12\" height=\"12\" fill=\"none\" viewBox=\"0 0 12 12\">\n\t\t\t\t<path fill=\"#fff\" d=\"M2 0a2 2 0 0 0-2 2v2h1.5V2a.5.5 0 0 1 .5-.5h2V0H2Zm2 10.5H2a.5.5 0 0 1-.5-.5V8H0v2a2 2 0 0 0 2 2h2v-1.5ZM8 12v-1.5h2a.5.5 0 0 0 .5-.5V8H12v2a2 2 0 0 1-2 2H8Zm2-12a2 2 0 0 1 2 2v2h-1.5V2a.5.5 0 0 0-.5-.5H8V0h2Z\" \/>\n\t\t\t<\/svg>\n\t\t<\/button><\/figure>\n\n\n\n<figure data-wp-context=\"{&quot;imageId&quot;:&quot;69fb30c011899&quot;}\" data-wp-interactive=\"core\/image\" data-wp-key=\"69fb30c011899\" class=\"wp-block-image size-large wp-lightbox-container\"><img loading=\"lazy\" decoding=\"async\" width=\"768\" height=\"1024\" data-wp-class--hide=\"state.isContentHidden\" data-wp-class--show=\"state.isContentVisible\" data-wp-init=\"callbacks.setButtonStyles\" data-wp-on--click=\"actions.showLightbox\" data-wp-on--load=\"callbacks.setButtonStyles\" data-wp-on-window--resize=\"callbacks.setButtonStyles\" data-id=\"6399\" src=\"https:\/\/zsipo5.poznan.pl\/wp-content\/uploads\/2025\/11\/571231928_807194015461286_6796627654537165374_n-1-768x1024.jpg\" alt=\"\" class=\"wp-image-6399\" srcset=\"https:\/\/zsipo5.poznan.pl\/wp-content\/uploads\/2025\/11\/571231928_807194015461286_6796627654537165374_n-1-768x1024.jpg 768w, https:\/\/zsipo5.poznan.pl\/wp-content\/uploads\/2025\/11\/571231928_807194015461286_6796627654537165374_n-1-225x300.jpg 225w, https:\/\/zsipo5.poznan.pl\/wp-content\/uploads\/2025\/11\/571231928_807194015461286_6796627654537165374_n-1-1152x1536.jpg 1152w, https:\/\/zsipo5.poznan.pl\/wp-content\/uploads\/2025\/11\/571231928_807194015461286_6796627654537165374_n-1.jpg 1200w\" sizes=\"(max-width: 768px) 100vw, 768px\" \/><button\n\t\t\tclass=\"lightbox-trigger\"\n\t\t\ttype=\"button\"\n\t\t\taria-haspopup=\"dialog\"\n\t\t\taria-label=\"Powi\u0119ksz\"\n\t\t\tdata-wp-init=\"callbacks.initTriggerButton\"\n\t\t\tdata-wp-on--click=\"actions.showLightbox\"\n\t\t\tdata-wp-style--right=\"state.imageButtonRight\"\n\t\t\tdata-wp-style--top=\"state.imageButtonTop\"\n\t\t>\n\t\t\t<svg xmlns=\"http:\/\/www.w3.org\/2000\/svg\" width=\"12\" height=\"12\" fill=\"none\" viewBox=\"0 0 12 12\">\n\t\t\t\t<path fill=\"#fff\" d=\"M2 0a2 2 0 0 0-2 2v2h1.5V2a.5.5 0 0 1 .5-.5h2V0H2Zm2 10.5H2a.5.5 0 0 1-.5-.5V8H0v2a2 2 0 0 0 2 2h2v-1.5ZM8 12v-1.5h2a.5.5 0 0 0 .5-.5V8H12v2a2 2 0 0 1-2 2H8Zm2-12a2 2 0 0 1 2 2v2h-1.5V2a.5.5 0 0 0-.5-.5H8V0h2Z\" \/>\n\t\t\t<\/svg>\n\t\t<\/button><\/figure>\n\n\n\n<figure data-wp-context=\"{&quot;imageId&quot;:&quot;69fb30c011bc8&quot;}\" data-wp-interactive=\"core\/image\" data-wp-key=\"69fb30c011bc8\" class=\"wp-block-image size-large wp-lightbox-container\"><img loading=\"lazy\" decoding=\"async\" width=\"768\" height=\"1024\" data-wp-class--hide=\"state.isContentHidden\" data-wp-class--show=\"state.isContentVisible\" data-wp-init=\"callbacks.setButtonStyles\" data-wp-on--click=\"actions.showLightbox\" data-wp-on--load=\"callbacks.setButtonStyles\" data-wp-on-window--resize=\"callbacks.setButtonStyles\" data-id=\"6402\" src=\"https:\/\/zsipo5.poznan.pl\/wp-content\/uploads\/2025\/11\/574498049_807193892127965_6573294292158931377_n-1-768x1024.jpg\" alt=\"\" class=\"wp-image-6402\" srcset=\"https:\/\/zsipo5.poznan.pl\/wp-content\/uploads\/2025\/11\/574498049_807193892127965_6573294292158931377_n-1-768x1024.jpg 768w, https:\/\/zsipo5.poznan.pl\/wp-content\/uploads\/2025\/11\/574498049_807193892127965_6573294292158931377_n-1-225x300.jpg 225w, https:\/\/zsipo5.poznan.pl\/wp-content\/uploads\/2025\/11\/574498049_807193892127965_6573294292158931377_n-1-1152x1536.jpg 1152w, https:\/\/zsipo5.poznan.pl\/wp-content\/uploads\/2025\/11\/574498049_807193892127965_6573294292158931377_n-1.jpg 1200w\" sizes=\"(max-width: 768px) 100vw, 768px\" \/><button\n\t\t\tclass=\"lightbox-trigger\"\n\t\t\ttype=\"button\"\n\t\t\taria-haspopup=\"dialog\"\n\t\t\taria-label=\"Powi\u0119ksz\"\n\t\t\tdata-wp-init=\"callbacks.initTriggerButton\"\n\t\t\tdata-wp-on--click=\"actions.showLightbox\"\n\t\t\tdata-wp-style--right=\"state.imageButtonRight\"\n\t\t\tdata-wp-style--top=\"state.imageButtonTop\"\n\t\t>\n\t\t\t<svg xmlns=\"http:\/\/www.w3.org\/2000\/svg\" width=\"12\" height=\"12\" fill=\"none\" viewBox=\"0 0 12 12\">\n\t\t\t\t<path fill=\"#fff\" d=\"M2 0a2 2 0 0 0-2 2v2h1.5V2a.5.5 0 0 1 .5-.5h2V0H2Zm2 10.5H2a.5.5 0 0 1-.5-.5V8H0v2a2 2 0 0 0 2 2h2v-1.5ZM8 12v-1.5h2a.5.5 0 0 0 .5-.5V8H12v2a2 2 0 0 1-2 2H8Zm2-12a2 2 0 0 1 2 2v2h-1.5V2a.5.5 0 0 0-.5-.5H8V0h2Z\" \/>\n\t\t\t<\/svg>\n\t\t<\/button><\/figure>\n\n\n\n<figure data-wp-context=\"{&quot;imageId&quot;:&quot;69fb30c011eff&quot;}\" data-wp-interactive=\"core\/image\" data-wp-key=\"69fb30c011eff\" class=\"wp-block-image size-large wp-lightbox-container\"><img loading=\"lazy\" decoding=\"async\" width=\"768\" height=\"1024\" data-wp-class--hide=\"state.isContentHidden\" data-wp-class--show=\"state.isContentVisible\" data-wp-init=\"callbacks.setButtonStyles\" data-wp-on--click=\"actions.showLightbox\" data-wp-on--load=\"callbacks.setButtonStyles\" data-wp-on-window--resize=\"callbacks.setButtonStyles\" data-id=\"6405\" src=\"https:\/\/zsipo5.poznan.pl\/wp-content\/uploads\/2025\/11\/575195900_807194095461278_4797978894679573962_n-1-768x1024.jpg\" alt=\"\" class=\"wp-image-6405\" srcset=\"https:\/\/zsipo5.poznan.pl\/wp-content\/uploads\/2025\/11\/575195900_807194095461278_4797978894679573962_n-1-768x1024.jpg 768w, https:\/\/zsipo5.poznan.pl\/wp-content\/uploads\/2025\/11\/575195900_807194095461278_4797978894679573962_n-1-225x300.jpg 225w, https:\/\/zsipo5.poznan.pl\/wp-content\/uploads\/2025\/11\/575195900_807194095461278_4797978894679573962_n-1-1152x1536.jpg 1152w, https:\/\/zsipo5.poznan.pl\/wp-content\/uploads\/2025\/11\/575195900_807194095461278_4797978894679573962_n-1.jpg 1200w\" sizes=\"(max-width: 768px) 100vw, 768px\" \/><button\n\t\t\tclass=\"lightbox-trigger\"\n\t\t\ttype=\"button\"\n\t\t\taria-haspopup=\"dialog\"\n\t\t\taria-label=\"Powi\u0119ksz\"\n\t\t\tdata-wp-init=\"callbacks.initTriggerButton\"\n\t\t\tdata-wp-on--click=\"actions.showLightbox\"\n\t\t\tdata-wp-style--right=\"state.imageButtonRight\"\n\t\t\tdata-wp-style--top=\"state.imageButtonTop\"\n\t\t>\n\t\t\t<svg xmlns=\"http:\/\/www.w3.org\/2000\/svg\" width=\"12\" height=\"12\" fill=\"none\" viewBox=\"0 0 12 12\">\n\t\t\t\t<path fill=\"#fff\" d=\"M2 0a2 2 0 0 0-2 2v2h1.5V2a.5.5 0 0 1 .5-.5h2V0H2Zm2 10.5H2a.5.5 0 0 1-.5-.5V8H0v2a2 2 0 0 0 2 2h2v-1.5ZM8 12v-1.5h2a.5.5 0 0 0 .5-.5V8H12v2a2 2 0 0 1-2 2H8Zm2-12a2 2 0 0 1 2 2v2h-1.5V2a.5.5 0 0 0-.5-.5H8V0h2Z\" \/>\n\t\t\t<\/svg>\n\t\t<\/button><\/figure>\n<\/figure>\n","protected":false},"excerpt":{"rendered":"","protected":false},"author":12,"featured_media":0,"parent":0,"menu_order":0,"comment_status":"closed","ping_status":"closed","template":"","meta":{"footnotes":""},"class_list":["post-6394","page","type-page","status-publish","hentry"],"_links":{"self":[{"href":"https:\/\/zsipo5.poznan.pl\/index.php\/wp-json\/wp\/v2\/pages\/6394","targetHints":{"allow":["GET"]}}],"collection":[{"href":"https:\/\/zsipo5.poznan.pl\/index.php\/wp-json\/wp\/v2\/pages"}],"about":[{"href":"https:\/\/zsipo5.poznan.pl\/index.php\/wp-json\/wp\/v2\/types\/page"}],"author":[{"embeddable":true,"href":"https:\/\/zsipo5.poznan.pl\/index.php\/wp-json\/wp\/v2\/users\/12"}],"replies":[{"embeddable":true,"href":"https:\/\/zsipo5.poznan.pl\/index.php\/wp-json\/wp\/v2\/comments?post=6394"}],"version-history":[{"count":1,"href":"https:\/\/zsipo5.poznan.pl\/index.php\/wp-json\/wp\/v2\/pages\/6394\/revisions"}],"predecessor-version":[{"id":6406,"href":"https:\/\/zsipo5.poznan.pl\/index.php\/wp-json\/wp\/v2\/pages\/6394\/revisions\/6406"}],"wp:attachment":[{"href":"https:\/\/zsipo5.poznan.pl\/index.php\/wp-json\/wp\/v2\/media?parent=6394"}],"curies":[{"name":"wp","href":"https:\/\/api.w.org\/{rel}","templated":true}]}}