{"id":6328,"date":"2025-10-31T13:07:25","date_gmt":"2025-10-31T12:07:25","guid":{"rendered":"https:\/\/zsipo5.poznan.pl\/?page_id=6328"},"modified":"2025-10-31T13:10:28","modified_gmt":"2025-10-31T12:10:28","slug":"31-pazdziernika-2025","status":"publish","type":"page","link":"https:\/\/zsipo5.poznan.pl\/index.php\/31-pazdziernika-2025\/","title":{"rendered":"31 pa\u017adziernika 2025"},"content":{"rendered":"\n<p><img decoding=\"async\" alt=\"\ud83c\udf26\ufe0f\" src=\"https:\/\/fonts.gstatic.com\/s\/e\/notoemoji\/16.0\/1f326_fe0f\/32.png\"> Jesienne inspiracje w naszej \u015bwietlicy! <img decoding=\"async\" alt=\"\ud83c\udf41\" src=\"https:\/\/fonts.gstatic.com\/s\/e\/notoemoji\/16.0\/1f341\/32.png\"><\/p>\n\n\n\n<p>Pomimo deszczowych dni, w naszej \u015bwietlicy panowa\u0142a radosna i tw\u00f3rcza atmosfera! <img decoding=\"async\" alt=\"\ud83c\udf27\ufe0f\" src=\"https:\/\/fonts.gstatic.com\/s\/e\/notoemoji\/16.0\/1f327_fe0f\/32.png\"><img decoding=\"async\" alt=\"\u2600\ufe0f\" src=\"https:\/\/fonts.gstatic.com\/s\/e\/notoemoji\/16.0\/2600_fe0f\/32.png\"> Dzieci z zaanga\u017cowaniem tworzy\u0142y kolorowe parasolki, li\u015bcioludki, paj\u0105ki z r\u0119ki oraz przestrzenne drzewka i dynie \u2013 ka\u017cda praca by\u0142a wyj\u0105tkowa i pe\u0142na wyobra\u017ani. <img decoding=\"async\" alt=\"\ud83c\udf42\" src=\"https:\/\/fonts.gstatic.com\/s\/e\/notoemoji\/16.0\/1f342\/32.png\"><img decoding=\"async\" alt=\"\ud83c\udfa8\" src=\"https:\/\/fonts.gstatic.com\/s\/e\/notoemoji\/16.0\/1f3a8\/32.png\"><\/p>\n\n\n\n<p>Nie zabrak\u0142o te\u017c ciekawych wspomnie\u0144 \u2013 uczniowie klas pierwszych z rado\u015bci\u0105 opowiadali o swojej wycieczce do Palmiarni Pozna\u0144skiej, dziel\u0105c si\u0119 wra\u017ceniami i inspiracjami, kt\u00f3re p\u00f3\u017aniej wykorzystali podczas zaj\u0119\u0107 plastycznych. <img decoding=\"async\" alt=\"\ud83c\udf3f\" src=\"https:\/\/fonts.gstatic.com\/s\/e\/notoemoji\/16.0\/1f33f\/32.png\"><img decoding=\"async\" alt=\"\ud83c\udf3a\" src=\"https:\/\/fonts.gstatic.com\/s\/e\/notoemoji\/16.0\/1f33a\/32.png\"><\/p>\n\n\n\n<p>To by\u0142 naprawd\u0119 tw\u00f3rczy i pe\u0142en jesiennego klimatu czas w naszej \u015bwietlicy! <img decoding=\"async\" alt=\"\ud83d\udc9b\" src=\"https:\/\/fonts.gstatic.com\/s\/e\/notoemoji\/16.0\/1f49b\/32.png\"><\/p>\n\n\n\n<p>Dzi\u0119kujemy wychowawcy \u015bwietlicy <img decoding=\"async\" alt=\"\u2764\ufe0f\" src=\"https:\/\/fonts.gstatic.com\/s\/e\/notoemoji\/16.0\/2764_fe0f\/32.png\"><\/p>\n\n\n\n<figure class=\"wp-block-gallery has-nested-images columns-default is-cropped wp-block-gallery-1 is-layout-flex wp-block-gallery-is-layout-flex\">\n<figure data-wp-context=\"{&quot;imageId&quot;:&quot;69fb343c16cac&quot;}\" data-wp-interactive=\"core\/image\" data-wp-key=\"69fb343c16cac\" class=\"wp-block-image size-large wp-lightbox-container\"><img fetchpriority=\"high\" decoding=\"async\" width=\"768\" height=\"1024\" data-wp-class--hide=\"state.isContentHidden\" data-wp-class--show=\"state.isContentVisible\" data-wp-init=\"callbacks.setButtonStyles\" data-wp-on--click=\"actions.showLightbox\" data-wp-on--load=\"callbacks.setButtonStyles\" data-wp-on-window--resize=\"callbacks.setButtonStyles\" data-id=\"6334\" src=\"https:\/\/zsipo5.poznan.pl\/wp-content\/uploads\/2025\/10\/IMG_1654-768x1024.jpg\" alt=\"\" class=\"wp-image-6334\" srcset=\"https:\/\/zsipo5.poznan.pl\/wp-content\/uploads\/2025\/10\/IMG_1654-768x1024.jpg 768w, https:\/\/zsipo5.poznan.pl\/wp-content\/uploads\/2025\/10\/IMG_1654-225x300.jpg 225w, https:\/\/zsipo5.poznan.pl\/wp-content\/uploads\/2025\/10\/IMG_1654-1152x1536.jpg 1152w, https:\/\/zsipo5.poznan.pl\/wp-content\/uploads\/2025\/10\/IMG_1654-1536x2048.jpg 1536w, https:\/\/zsipo5.poznan.pl\/wp-content\/uploads\/2025\/10\/IMG_1654-scaled.jpg 1920w\" sizes=\"(max-width: 768px) 100vw, 768px\" \/><button\n\t\t\tclass=\"lightbox-trigger\"\n\t\t\ttype=\"button\"\n\t\t\taria-haspopup=\"dialog\"\n\t\t\taria-label=\"Powi\u0119ksz\"\n\t\t\tdata-wp-init=\"callbacks.initTriggerButton\"\n\t\t\tdata-wp-on--click=\"actions.showLightbox\"\n\t\t\tdata-wp-style--right=\"state.imageButtonRight\"\n\t\t\tdata-wp-style--top=\"state.imageButtonTop\"\n\t\t>\n\t\t\t<svg xmlns=\"http:\/\/www.w3.org\/2000\/svg\" width=\"12\" height=\"12\" fill=\"none\" viewBox=\"0 0 12 12\">\n\t\t\t\t<path fill=\"#fff\" d=\"M2 0a2 2 0 0 0-2 2v2h1.5V2a.5.5 0 0 1 .5-.5h2V0H2Zm2 10.5H2a.5.5 0 0 1-.5-.5V8H0v2a2 2 0 0 0 2 2h2v-1.5ZM8 12v-1.5h2a.5.5 0 0 0 .5-.5V8H12v2a2 2 0 0 1-2 2H8Zm2-12a2 2 0 0 1 2 2v2h-1.5V2a.5.5 0 0 0-.5-.5H8V0h2Z\" \/>\n\t\t\t<\/svg>\n\t\t<\/button><\/figure>\n\n\n\n<figure data-wp-context=\"{&quot;imageId&quot;:&quot;69fb343c17080&quot;}\" data-wp-interactive=\"core\/image\" data-wp-key=\"69fb343c17080\" class=\"wp-block-image size-large wp-lightbox-container\"><img decoding=\"async\" width=\"768\" height=\"1024\" data-wp-class--hide=\"state.isContentHidden\" data-wp-class--show=\"state.isContentVisible\" data-wp-init=\"callbacks.setButtonStyles\" data-wp-on--click=\"actions.showLightbox\" data-wp-on--load=\"callbacks.setButtonStyles\" data-wp-on-window--resize=\"callbacks.setButtonStyles\" data-id=\"6335\" src=\"https:\/\/zsipo5.poznan.pl\/wp-content\/uploads\/2025\/10\/IMG_1658-768x1024.jpg\" alt=\"\" class=\"wp-image-6335\" srcset=\"https:\/\/zsipo5.poznan.pl\/wp-content\/uploads\/2025\/10\/IMG_1658-768x1024.jpg 768w, https:\/\/zsipo5.poznan.pl\/wp-content\/uploads\/2025\/10\/IMG_1658-225x300.jpg 225w, https:\/\/zsipo5.poznan.pl\/wp-content\/uploads\/2025\/10\/IMG_1658-1152x1536.jpg 1152w, https:\/\/zsipo5.poznan.pl\/wp-content\/uploads\/2025\/10\/IMG_1658-1536x2048.jpg 1536w, https:\/\/zsipo5.poznan.pl\/wp-content\/uploads\/2025\/10\/IMG_1658-scaled.jpg 1920w\" sizes=\"(max-width: 768px) 100vw, 768px\" \/><button\n\t\t\tclass=\"lightbox-trigger\"\n\t\t\ttype=\"button\"\n\t\t\taria-haspopup=\"dialog\"\n\t\t\taria-label=\"Powi\u0119ksz\"\n\t\t\tdata-wp-init=\"callbacks.initTriggerButton\"\n\t\t\tdata-wp-on--click=\"actions.showLightbox\"\n\t\t\tdata-wp-style--right=\"state.imageButtonRight\"\n\t\t\tdata-wp-style--top=\"state.imageButtonTop\"\n\t\t>\n\t\t\t<svg xmlns=\"http:\/\/www.w3.org\/2000\/svg\" width=\"12\" height=\"12\" fill=\"none\" viewBox=\"0 0 12 12\">\n\t\t\t\t<path fill=\"#fff\" d=\"M2 0a2 2 0 0 0-2 2v2h1.5V2a.5.5 0 0 1 .5-.5h2V0H2Zm2 10.5H2a.5.5 0 0 1-.5-.5V8H0v2a2 2 0 0 0 2 2h2v-1.5ZM8 12v-1.5h2a.5.5 0 0 0 .5-.5V8H12v2a2 2 0 0 1-2 2H8Zm2-12a2 2 0 0 1 2 2v2h-1.5V2a.5.5 0 0 0-.5-.5H8V0h2Z\" \/>\n\t\t\t<\/svg>\n\t\t<\/button><\/figure>\n\n\n\n<figure data-wp-context=\"{&quot;imageId&quot;:&quot;69fb343c17418&quot;}\" data-wp-interactive=\"core\/image\" data-wp-key=\"69fb343c17418\" class=\"wp-block-image size-large wp-lightbox-container\"><img decoding=\"async\" width=\"1024\" height=\"768\" data-wp-class--hide=\"state.isContentHidden\" data-wp-class--show=\"state.isContentVisible\" data-wp-init=\"callbacks.setButtonStyles\" data-wp-on--click=\"actions.showLightbox\" data-wp-on--load=\"callbacks.setButtonStyles\" data-wp-on-window--resize=\"callbacks.setButtonStyles\" data-id=\"6336\" src=\"https:\/\/zsipo5.poznan.pl\/wp-content\/uploads\/2025\/10\/IMG_1660-1024x768.jpg\" alt=\"\" class=\"wp-image-6336\" srcset=\"https:\/\/zsipo5.poznan.pl\/wp-content\/uploads\/2025\/10\/IMG_1660-1024x768.jpg 1024w, https:\/\/zsipo5.poznan.pl\/wp-content\/uploads\/2025\/10\/IMG_1660-300x225.jpg 300w, https:\/\/zsipo5.poznan.pl\/wp-content\/uploads\/2025\/10\/IMG_1660-768x576.jpg 768w, https:\/\/zsipo5.poznan.pl\/wp-content\/uploads\/2025\/10\/IMG_1660-1536x1152.jpg 1536w, https:\/\/zsipo5.poznan.pl\/wp-content\/uploads\/2025\/10\/IMG_1660-2048x1536.jpg 2048w\" sizes=\"(max-width: 1024px) 100vw, 1024px\" \/><button\n\t\t\tclass=\"lightbox-trigger\"\n\t\t\ttype=\"button\"\n\t\t\taria-haspopup=\"dialog\"\n\t\t\taria-label=\"Powi\u0119ksz\"\n\t\t\tdata-wp-init=\"callbacks.initTriggerButton\"\n\t\t\tdata-wp-on--click=\"actions.showLightbox\"\n\t\t\tdata-wp-style--right=\"state.imageButtonRight\"\n\t\t\tdata-wp-style--top=\"state.imageButtonTop\"\n\t\t>\n\t\t\t<svg xmlns=\"http:\/\/www.w3.org\/2000\/svg\" width=\"12\" height=\"12\" fill=\"none\" viewBox=\"0 0 12 12\">\n\t\t\t\t<path fill=\"#fff\" d=\"M2 0a2 2 0 0 0-2 2v2h1.5V2a.5.5 0 0 1 .5-.5h2V0H2Zm2 10.5H2a.5.5 0 0 1-.5-.5V8H0v2a2 2 0 0 0 2 2h2v-1.5ZM8 12v-1.5h2a.5.5 0 0 0 .5-.5V8H12v2a2 2 0 0 1-2 2H8Zm2-12a2 2 0 0 1 2 2v2h-1.5V2a.5.5 0 0 0-.5-.5H8V0h2Z\" \/>\n\t\t\t<\/svg>\n\t\t<\/button><\/figure>\n\n\n\n<figure data-wp-context=\"{&quot;imageId&quot;:&quot;69fb343c17861&quot;}\" data-wp-interactive=\"core\/image\" data-wp-key=\"69fb343c17861\" class=\"wp-block-image size-large wp-lightbox-container\"><img loading=\"lazy\" decoding=\"async\" width=\"768\" height=\"1024\" data-wp-class--hide=\"state.isContentHidden\" data-wp-class--show=\"state.isContentVisible\" data-wp-init=\"callbacks.setButtonStyles\" data-wp-on--click=\"actions.showLightbox\" data-wp-on--load=\"callbacks.setButtonStyles\" data-wp-on-window--resize=\"callbacks.setButtonStyles\" data-id=\"6332\" src=\"https:\/\/zsipo5.poznan.pl\/wp-content\/uploads\/2025\/10\/IMG_1653-768x1024.jpg\" alt=\"\" class=\"wp-image-6332\" srcset=\"https:\/\/zsipo5.poznan.pl\/wp-content\/uploads\/2025\/10\/IMG_1653-768x1024.jpg 768w, https:\/\/zsipo5.poznan.pl\/wp-content\/uploads\/2025\/10\/IMG_1653-225x300.jpg 225w, https:\/\/zsipo5.poznan.pl\/wp-content\/uploads\/2025\/10\/IMG_1653-1152x1536.jpg 1152w, https:\/\/zsipo5.poznan.pl\/wp-content\/uploads\/2025\/10\/IMG_1653-1536x2048.jpg 1536w, https:\/\/zsipo5.poznan.pl\/wp-content\/uploads\/2025\/10\/IMG_1653-scaled.jpg 1920w\" sizes=\"(max-width: 768px) 100vw, 768px\" \/><button\n\t\t\tclass=\"lightbox-trigger\"\n\t\t\ttype=\"button\"\n\t\t\taria-haspopup=\"dialog\"\n\t\t\taria-label=\"Powi\u0119ksz\"\n\t\t\tdata-wp-init=\"callbacks.initTriggerButton\"\n\t\t\tdata-wp-on--click=\"actions.showLightbox\"\n\t\t\tdata-wp-style--right=\"state.imageButtonRight\"\n\t\t\tdata-wp-style--top=\"state.imageButtonTop\"\n\t\t>\n\t\t\t<svg xmlns=\"http:\/\/www.w3.org\/2000\/svg\" width=\"12\" height=\"12\" fill=\"none\" viewBox=\"0 0 12 12\">\n\t\t\t\t<path fill=\"#fff\" d=\"M2 0a2 2 0 0 0-2 2v2h1.5V2a.5.5 0 0 1 .5-.5h2V0H2Zm2 10.5H2a.5.5 0 0 1-.5-.5V8H0v2a2 2 0 0 0 2 2h2v-1.5ZM8 12v-1.5h2a.5.5 0 0 0 .5-.5V8H12v2a2 2 0 0 1-2 2H8Zm2-12a2 2 0 0 1 2 2v2h-1.5V2a.5.5 0 0 0-.5-.5H8V0h2Z\" \/>\n\t\t\t<\/svg>\n\t\t<\/button><\/figure>\n\n\n\n<figure data-wp-context=\"{&quot;imageId&quot;:&quot;69fb343c17c05&quot;}\" data-wp-interactive=\"core\/image\" data-wp-key=\"69fb343c17c05\" class=\"wp-block-image size-large wp-lightbox-container\"><img loading=\"lazy\" decoding=\"async\" width=\"768\" height=\"1024\" data-wp-class--hide=\"state.isContentHidden\" data-wp-class--show=\"state.isContentVisible\" data-wp-init=\"callbacks.setButtonStyles\" data-wp-on--click=\"actions.showLightbox\" data-wp-on--load=\"callbacks.setButtonStyles\" data-wp-on-window--resize=\"callbacks.setButtonStyles\" data-id=\"6331\" src=\"https:\/\/zsipo5.poznan.pl\/wp-content\/uploads\/2025\/10\/IMG_1607-768x1024.jpg\" alt=\"\" class=\"wp-image-6331\" srcset=\"https:\/\/zsipo5.poznan.pl\/wp-content\/uploads\/2025\/10\/IMG_1607-768x1024.jpg 768w, https:\/\/zsipo5.poznan.pl\/wp-content\/uploads\/2025\/10\/IMG_1607-225x300.jpg 225w, https:\/\/zsipo5.poznan.pl\/wp-content\/uploads\/2025\/10\/IMG_1607-1152x1536.jpg 1152w, https:\/\/zsipo5.poznan.pl\/wp-content\/uploads\/2025\/10\/IMG_1607-1536x2048.jpg 1536w, https:\/\/zsipo5.poznan.pl\/wp-content\/uploads\/2025\/10\/IMG_1607-scaled.jpg 1920w\" sizes=\"(max-width: 768px) 100vw, 768px\" \/><button\n\t\t\tclass=\"lightbox-trigger\"\n\t\t\ttype=\"button\"\n\t\t\taria-haspopup=\"dialog\"\n\t\t\taria-label=\"Powi\u0119ksz\"\n\t\t\tdata-wp-init=\"callbacks.initTriggerButton\"\n\t\t\tdata-wp-on--click=\"actions.showLightbox\"\n\t\t\tdata-wp-style--right=\"state.imageButtonRight\"\n\t\t\tdata-wp-style--top=\"state.imageButtonTop\"\n\t\t>\n\t\t\t<svg xmlns=\"http:\/\/www.w3.org\/2000\/svg\" width=\"12\" height=\"12\" fill=\"none\" viewBox=\"0 0 12 12\">\n\t\t\t\t<path fill=\"#fff\" d=\"M2 0a2 2 0 0 0-2 2v2h1.5V2a.5.5 0 0 1 .5-.5h2V0H2Zm2 10.5H2a.5.5 0 0 1-.5-.5V8H0v2a2 2 0 0 0 2 2h2v-1.5ZM8 12v-1.5h2a.5.5 0 0 0 .5-.5V8H12v2a2 2 0 0 1-2 2H8Zm2-12a2 2 0 0 1 2 2v2h-1.5V2a.5.5 0 0 0-.5-.5H8V0h2Z\" \/>\n\t\t\t<\/svg>\n\t\t<\/button><\/figure>\n\n\n\n<figure data-wp-context=\"{&quot;imageId&quot;:&quot;69fb343c17fc8&quot;}\" data-wp-interactive=\"core\/image\" data-wp-key=\"69fb343c17fc8\" class=\"wp-block-image size-large wp-lightbox-container\"><img loading=\"lazy\" decoding=\"async\" width=\"768\" height=\"1024\" data-wp-class--hide=\"state.isContentHidden\" data-wp-class--show=\"state.isContentVisible\" data-wp-init=\"callbacks.setButtonStyles\" data-wp-on--click=\"actions.showLightbox\" data-wp-on--load=\"callbacks.setButtonStyles\" data-wp-on-window--resize=\"callbacks.setButtonStyles\" data-id=\"6333\" src=\"https:\/\/zsipo5.poznan.pl\/wp-content\/uploads\/2025\/10\/IMG_1561-768x1024.jpg\" alt=\"\" class=\"wp-image-6333\" srcset=\"https:\/\/zsipo5.poznan.pl\/wp-content\/uploads\/2025\/10\/IMG_1561-768x1024.jpg 768w, https:\/\/zsipo5.poznan.pl\/wp-content\/uploads\/2025\/10\/IMG_1561-225x300.jpg 225w, https:\/\/zsipo5.poznan.pl\/wp-content\/uploads\/2025\/10\/IMG_1561-1152x1536.jpg 1152w, https:\/\/zsipo5.poznan.pl\/wp-content\/uploads\/2025\/10\/IMG_1561-1536x2048.jpg 1536w, https:\/\/zsipo5.poznan.pl\/wp-content\/uploads\/2025\/10\/IMG_1561-scaled.jpg 1920w\" sizes=\"(max-width: 768px) 100vw, 768px\" \/><button\n\t\t\tclass=\"lightbox-trigger\"\n\t\t\ttype=\"button\"\n\t\t\taria-haspopup=\"dialog\"\n\t\t\taria-label=\"Powi\u0119ksz\"\n\t\t\tdata-wp-init=\"callbacks.initTriggerButton\"\n\t\t\tdata-wp-on--click=\"actions.showLightbox\"\n\t\t\tdata-wp-style--right=\"state.imageButtonRight\"\n\t\t\tdata-wp-style--top=\"state.imageButtonTop\"\n\t\t>\n\t\t\t<svg xmlns=\"http:\/\/www.w3.org\/2000\/svg\" width=\"12\" height=\"12\" fill=\"none\" viewBox=\"0 0 12 12\">\n\t\t\t\t<path fill=\"#fff\" d=\"M2 0a2 2 0 0 0-2 2v2h1.5V2a.5.5 0 0 1 .5-.5h2V0H2Zm2 10.5H2a.5.5 0 0 1-.5-.5V8H0v2a2 2 0 0 0 2 2h2v-1.5ZM8 12v-1.5h2a.5.5 0 0 0 .5-.5V8H12v2a2 2 0 0 1-2 2H8Zm2-12a2 2 0 0 1 2 2v2h-1.5V2a.5.5 0 0 0-.5-.5H8V0h2Z\" \/>\n\t\t\t<\/svg>\n\t\t<\/button><\/figure>\n\n\n\n<figure data-wp-context=\"{&quot;imageId&quot;:&quot;69fb343c18377&quot;}\" data-wp-interactive=\"core\/image\" data-wp-key=\"69fb343c18377\" class=\"wp-block-image size-large wp-lightbox-container\"><img loading=\"lazy\" decoding=\"async\" width=\"768\" height=\"1024\" data-wp-class--hide=\"state.isContentHidden\" data-wp-class--show=\"state.isContentVisible\" data-wp-init=\"callbacks.setButtonStyles\" data-wp-on--click=\"actions.showLightbox\" data-wp-on--load=\"callbacks.setButtonStyles\" data-wp-on-window--resize=\"callbacks.setButtonStyles\" data-id=\"6330\" src=\"https:\/\/zsipo5.poznan.pl\/wp-content\/uploads\/2025\/10\/att.tc-P2O-dTBqCzujvmRVzOWJ2b9jEMU62J2fyD3cAvnA-768x1024.jpg\" alt=\"\" class=\"wp-image-6330\" srcset=\"https:\/\/zsipo5.poznan.pl\/wp-content\/uploads\/2025\/10\/att.tc-P2O-dTBqCzujvmRVzOWJ2b9jEMU62J2fyD3cAvnA-768x1024.jpg 768w, https:\/\/zsipo5.poznan.pl\/wp-content\/uploads\/2025\/10\/att.tc-P2O-dTBqCzujvmRVzOWJ2b9jEMU62J2fyD3cAvnA-225x300.jpg 225w, https:\/\/zsipo5.poznan.pl\/wp-content\/uploads\/2025\/10\/att.tc-P2O-dTBqCzujvmRVzOWJ2b9jEMU62J2fyD3cAvnA-1152x1536.jpg 1152w, https:\/\/zsipo5.poznan.pl\/wp-content\/uploads\/2025\/10\/att.tc-P2O-dTBqCzujvmRVzOWJ2b9jEMU62J2fyD3cAvnA.jpg 1536w\" sizes=\"(max-width: 768px) 100vw, 768px\" \/><button\n\t\t\tclass=\"lightbox-trigger\"\n\t\t\ttype=\"button\"\n\t\t\taria-haspopup=\"dialog\"\n\t\t\taria-label=\"Powi\u0119ksz\"\n\t\t\tdata-wp-init=\"callbacks.initTriggerButton\"\n\t\t\tdata-wp-on--click=\"actions.showLightbox\"\n\t\t\tdata-wp-style--right=\"state.imageButtonRight\"\n\t\t\tdata-wp-style--top=\"state.imageButtonTop\"\n\t\t>\n\t\t\t<svg xmlns=\"http:\/\/www.w3.org\/2000\/svg\" width=\"12\" height=\"12\" fill=\"none\" viewBox=\"0 0 12 12\">\n\t\t\t\t<path fill=\"#fff\" d=\"M2 0a2 2 0 0 0-2 2v2h1.5V2a.5.5 0 0 1 .5-.5h2V0H2Zm2 10.5H2a.5.5 0 0 1-.5-.5V8H0v2a2 2 0 0 0 2 2h2v-1.5ZM8 12v-1.5h2a.5.5 0 0 0 .5-.5V8H12v2a2 2 0 0 1-2 2H8Zm2-12a2 2 0 0 1 2 2v2h-1.5V2a.5.5 0 0 0-.5-.5H8V0h2Z\" \/>\n\t\t\t<\/svg>\n\t\t<\/button><\/figure>\n\n\n\n<figure data-wp-context=\"{&quot;imageId&quot;:&quot;69fb343c186f4&quot;}\" data-wp-interactive=\"core\/image\" data-wp-key=\"69fb343c186f4\" class=\"wp-block-image size-large wp-lightbox-container\"><img loading=\"lazy\" decoding=\"async\" width=\"768\" height=\"1024\" data-wp-class--hide=\"state.isContentHidden\" data-wp-class--show=\"state.isContentVisible\" data-wp-init=\"callbacks.setButtonStyles\" data-wp-on--click=\"actions.showLightbox\" data-wp-on--load=\"callbacks.setButtonStyles\" data-wp-on-window--resize=\"callbacks.setButtonStyles\" data-id=\"6329\" src=\"https:\/\/zsipo5.poznan.pl\/wp-content\/uploads\/2025\/10\/att.ZyTDwU_3XSsESajTk_ptlH4VbPTLTqft7E_h-dyMJ60-768x1024.jpg\" alt=\"\" class=\"wp-image-6329\" srcset=\"https:\/\/zsipo5.poznan.pl\/wp-content\/uploads\/2025\/10\/att.ZyTDwU_3XSsESajTk_ptlH4VbPTLTqft7E_h-dyMJ60-768x1024.jpg 768w, https:\/\/zsipo5.poznan.pl\/wp-content\/uploads\/2025\/10\/att.ZyTDwU_3XSsESajTk_ptlH4VbPTLTqft7E_h-dyMJ60-225x300.jpg 225w, https:\/\/zsipo5.poznan.pl\/wp-content\/uploads\/2025\/10\/att.ZyTDwU_3XSsESajTk_ptlH4VbPTLTqft7E_h-dyMJ60-1152x1536.jpg 1152w, https:\/\/zsipo5.poznan.pl\/wp-content\/uploads\/2025\/10\/att.ZyTDwU_3XSsESajTk_ptlH4VbPTLTqft7E_h-dyMJ60.jpg 1536w\" sizes=\"(max-width: 768px) 100vw, 768px\" \/><button\n\t\t\tclass=\"lightbox-trigger\"\n\t\t\ttype=\"button\"\n\t\t\taria-haspopup=\"dialog\"\n\t\t\taria-label=\"Powi\u0119ksz\"\n\t\t\tdata-wp-init=\"callbacks.initTriggerButton\"\n\t\t\tdata-wp-on--click=\"actions.showLightbox\"\n\t\t\tdata-wp-style--right=\"state.imageButtonRight\"\n\t\t\tdata-wp-style--top=\"state.imageButtonTop\"\n\t\t>\n\t\t\t<svg xmlns=\"http:\/\/www.w3.org\/2000\/svg\" width=\"12\" height=\"12\" fill=\"none\" viewBox=\"0 0 12 12\">\n\t\t\t\t<path fill=\"#fff\" d=\"M2 0a2 2 0 0 0-2 2v2h1.5V2a.5.5 0 0 1 .5-.5h2V0H2Zm2 10.5H2a.5.5 0 0 1-.5-.5V8H0v2a2 2 0 0 0 2 2h2v-1.5ZM8 12v-1.5h2a.5.5 0 0 0 .5-.5V8H12v2a2 2 0 0 1-2 2H8Zm2-12a2 2 0 0 1 2 2v2h-1.5V2a.5.5 0 0 0-.5-.5H8V0h2Z\" \/>\n\t\t\t<\/svg>\n\t\t<\/button><\/figure>\n<\/figure>\n","protected":false},"excerpt":{"rendered":"<p>Jesienne inspiracje w naszej \u015bwietlicy! Pomimo deszczowych dni, w naszej \u015bwietlicy panowa\u0142a radosna i tw\u00f3rcza atmosfera! Dzieci z zaanga\u017cowaniem tworzy\u0142y kolorowe parasolki, li\u015bcioludki, paj\u0105ki z r\u0119ki oraz przestrzenne drzewka i dynie \u2013 ka\u017cda praca by\u0142a wyj\u0105tkowa i pe\u0142na wyobra\u017ani. Nie zabrak\u0142o te\u017c ciekawych wspomnie\u0144 \u2013 uczniowie klas pierwszych z rado\u015bci\u0105 opowiadali o swojej wycieczce do [&hellip;]<\/p>\n","protected":false},"author":12,"featured_media":0,"parent":0,"menu_order":0,"comment_status":"closed","ping_status":"closed","template":"","meta":{"footnotes":""},"class_list":["post-6328","page","type-page","status-publish","hentry"],"_links":{"self":[{"href":"https:\/\/zsipo5.poznan.pl\/index.php\/wp-json\/wp\/v2\/pages\/6328","targetHints":{"allow":["GET"]}}],"collection":[{"href":"https:\/\/zsipo5.poznan.pl\/index.php\/wp-json\/wp\/v2\/pages"}],"about":[{"href":"https:\/\/zsipo5.poznan.pl\/index.php\/wp-json\/wp\/v2\/types\/page"}],"author":[{"embeddable":true,"href":"https:\/\/zsipo5.poznan.pl\/index.php\/wp-json\/wp\/v2\/users\/12"}],"replies":[{"embeddable":true,"href":"https:\/\/zsipo5.poznan.pl\/index.php\/wp-json\/wp\/v2\/comments?post=6328"}],"version-history":[{"count":3,"href":"https:\/\/zsipo5.poznan.pl\/index.php\/wp-json\/wp\/v2\/pages\/6328\/revisions"}],"predecessor-version":[{"id":6340,"href":"https:\/\/zsipo5.poznan.pl\/index.php\/wp-json\/wp\/v2\/pages\/6328\/revisions\/6340"}],"wp:attachment":[{"href":"https:\/\/zsipo5.poznan.pl\/index.php\/wp-json\/wp\/v2\/media?parent=6328"}],"curies":[{"name":"wp","href":"https:\/\/api.w.org\/{rel}","templated":true}]}}