{"id":6317,"date":"2025-10-31T13:03:36","date_gmt":"2025-10-31T12:03:36","guid":{"rendered":"https:\/\/zsipo5.poznan.pl\/?page_id=6317"},"modified":"2025-10-31T13:03:36","modified_gmt":"2025-10-31T12:03:36","slug":"24-pazdziernika-2025","status":"publish","type":"page","link":"https:\/\/zsipo5.poznan.pl\/index.php\/24-pazdziernika-2025\/","title":{"rendered":"24 pa\u017adziernika 2025"},"content":{"rendered":"\n<p id=\"m_-7805232291828445768m_-3178603564905128615gmail-docs-internal-guid-95227354-7fff-5341-a234-339941e600c1\"><img decoding=\"async\" alt=\"\ud83c\udf42\" src=\"https:\/\/fonts.gstatic.com\/s\/e\/notoemoji\/16.0\/1f342\/32.png\"> Kolorowy tydzie\u0144 w naszej \u015bwietlicy <img decoding=\"async\" alt=\"\ud83c\udfa8\" src=\"https:\/\/fonts.gstatic.com\/s\/e\/notoemoji\/16.0\/1f3a8\/32.png\"><\/p>\n\n\n\n<p>Ten tydzie\u0144 w \u015bwietlicy by\u0142 pe\u0142en tw\u00f3rczych dzia\u0142a\u0144 i wspania\u0142ych aktywno\u015bci! Dzieci z ogromnym zaanga\u017cowaniem wykonywa\u0142y jesienne prace plastyczne, rozwijaj\u0105c swoj\u0105 kreatywno\u015b\u0107 i zdolno\u015bci manualne.<\/p>\n\n\n\n<p>Powsta\u0142y urocze je\u017ce z odcisk\u00f3w dzieci\u0119cych r\u0105czek, kt\u00f3re zachwyci\u0142y wszystkich swoj\u0105 pomys\u0142owo\u015bci\u0105. Nie zabrak\u0142o tak\u017ce kolorowych parasoli oraz jesiennych drzewek z papieru i plasteliny umieszczonych na talerzykach, kt\u00f3re pi\u0119knie ozdobi\u0142y nasz\u0105 \u015bwietlic\u0119. <img decoding=\"async\" alt=\"\ud83c\udf33\" src=\"https:\/\/fonts.gstatic.com\/s\/e\/notoemoji\/16.0\/1f333\/32.png\"><img decoding=\"async\" alt=\"\ud83c\udf41\" src=\"https:\/\/fonts.gstatic.com\/s\/e\/notoemoji\/16.0\/1f341\/32.png\"><img decoding=\"async\" alt=\"\u2614\" src=\"https:\/\/fonts.gstatic.com\/s\/e\/notoemoji\/16.0\/2614\/32.png\"><\/p>\n\n\n\n<p>Zaj\u0119cia plastyczne by\u0142y nie tylko okazj\u0105 do zabawy, ale te\u017c do rozm\u00f3w o jesieni, jej barwach i zmianach w przyrodzie. W \u015bwietlicy zrobi\u0142o si\u0119 przytulnie, rado\u015bnie i bardzo kolorowo! <img decoding=\"async\" alt=\"\ud83c\udf08\" src=\"https:\/\/fonts.gstatic.com\/s\/e\/notoemoji\/16.0\/1f308\/32.png\"><\/p>\n\n\n\n<p>Dzi\u0119kujemy wychowawcy \u015bwietlicy <img decoding=\"async\" alt=\"\u2764\ufe0f\" src=\"https:\/\/fonts.gstatic.com\/s\/e\/notoemoji\/16.0\/2764_fe0f\/32.png\"><\/p>\n\n\n\n<figure class=\"wp-block-gallery has-nested-images columns-default is-cropped wp-block-gallery-1 is-layout-flex wp-block-gallery-is-layout-flex\">\n<figure class=\"wp-block-image size-large\"><img fetchpriority=\"high\" decoding=\"async\" width=\"1024\" height=\"768\" data-id=\"6319\" src=\"https:\/\/zsipo5.poznan.pl\/wp-content\/uploads\/2025\/10\/IMG_1485-1024x768.jpg\" alt=\"\" class=\"wp-image-6319\" srcset=\"https:\/\/zsipo5.poznan.pl\/wp-content\/uploads\/2025\/10\/IMG_1485-1024x768.jpg 1024w, https:\/\/zsipo5.poznan.pl\/wp-content\/uploads\/2025\/10\/IMG_1485-300x225.jpg 300w, https:\/\/zsipo5.poznan.pl\/wp-content\/uploads\/2025\/10\/IMG_1485-768x576.jpg 768w, https:\/\/zsipo5.poznan.pl\/wp-content\/uploads\/2025\/10\/IMG_1485-1536x1152.jpg 1536w, https:\/\/zsipo5.poznan.pl\/wp-content\/uploads\/2025\/10\/IMG_1485-2048x1536.jpg 2048w\" sizes=\"(max-width: 1024px) 100vw, 1024px\" \/><\/figure>\n\n\n\n<figure class=\"wp-block-image size-large\"><img decoding=\"async\" width=\"768\" height=\"1024\" data-id=\"6322\" src=\"https:\/\/zsipo5.poznan.pl\/wp-content\/uploads\/2025\/10\/IMG_1436-768x1024.jpg\" alt=\"\" class=\"wp-image-6322\" srcset=\"https:\/\/zsipo5.poznan.pl\/wp-content\/uploads\/2025\/10\/IMG_1436-768x1024.jpg 768w, https:\/\/zsipo5.poznan.pl\/wp-content\/uploads\/2025\/10\/IMG_1436-225x300.jpg 225w, https:\/\/zsipo5.poznan.pl\/wp-content\/uploads\/2025\/10\/IMG_1436-1152x1536.jpg 1152w, https:\/\/zsipo5.poznan.pl\/wp-content\/uploads\/2025\/10\/IMG_1436-1536x2048.jpg 1536w, https:\/\/zsipo5.poznan.pl\/wp-content\/uploads\/2025\/10\/IMG_1436-scaled.jpg 1920w\" sizes=\"(max-width: 768px) 100vw, 768px\" \/><\/figure>\n\n\n\n<figure class=\"wp-block-image size-large\"><img decoding=\"async\" width=\"768\" height=\"1024\" data-id=\"6320\" src=\"https:\/\/zsipo5.poznan.pl\/wp-content\/uploads\/2025\/10\/IMG_1434-768x1024.jpg\" alt=\"\" class=\"wp-image-6320\" srcset=\"https:\/\/zsipo5.poznan.pl\/wp-content\/uploads\/2025\/10\/IMG_1434-768x1024.jpg 768w, https:\/\/zsipo5.poznan.pl\/wp-content\/uploads\/2025\/10\/IMG_1434-225x300.jpg 225w, https:\/\/zsipo5.poznan.pl\/wp-content\/uploads\/2025\/10\/IMG_1434-1152x1536.jpg 1152w, https:\/\/zsipo5.poznan.pl\/wp-content\/uploads\/2025\/10\/IMG_1434-1536x2048.jpg 1536w, https:\/\/zsipo5.poznan.pl\/wp-content\/uploads\/2025\/10\/IMG_1434-scaled.jpg 1920w\" sizes=\"(max-width: 768px) 100vw, 768px\" \/><\/figure>\n\n\n\n<figure data-wp-context=\"{&quot;imageId&quot;:&quot;69fb3455cce4e&quot;}\" data-wp-interactive=\"core\/image\" data-wp-key=\"69fb3455cce4e\" class=\"wp-block-image size-large wp-lightbox-container\"><img loading=\"lazy\" decoding=\"async\" width=\"768\" height=\"1024\" data-wp-class--hide=\"state.isContentHidden\" data-wp-class--show=\"state.isContentVisible\" data-wp-init=\"callbacks.setButtonStyles\" data-wp-on--click=\"actions.showLightbox\" data-wp-on--load=\"callbacks.setButtonStyles\" data-wp-on-window--resize=\"callbacks.setButtonStyles\" data-id=\"6321\" src=\"https:\/\/zsipo5.poznan.pl\/wp-content\/uploads\/2025\/10\/IMG_1433-768x1024.jpg\" alt=\"\" class=\"wp-image-6321\" srcset=\"https:\/\/zsipo5.poznan.pl\/wp-content\/uploads\/2025\/10\/IMG_1433-768x1024.jpg 768w, https:\/\/zsipo5.poznan.pl\/wp-content\/uploads\/2025\/10\/IMG_1433-225x300.jpg 225w, https:\/\/zsipo5.poznan.pl\/wp-content\/uploads\/2025\/10\/IMG_1433-1152x1536.jpg 1152w, https:\/\/zsipo5.poznan.pl\/wp-content\/uploads\/2025\/10\/IMG_1433-1536x2048.jpg 1536w, https:\/\/zsipo5.poznan.pl\/wp-content\/uploads\/2025\/10\/IMG_1433-scaled.jpg 1920w\" sizes=\"(max-width: 768px) 100vw, 768px\" \/><button\n\t\t\tclass=\"lightbox-trigger\"\n\t\t\ttype=\"button\"\n\t\t\taria-haspopup=\"dialog\"\n\t\t\taria-label=\"Powi\u0119ksz\"\n\t\t\tdata-wp-init=\"callbacks.initTriggerButton\"\n\t\t\tdata-wp-on--click=\"actions.showLightbox\"\n\t\t\tdata-wp-style--right=\"state.imageButtonRight\"\n\t\t\tdata-wp-style--top=\"state.imageButtonTop\"\n\t\t>\n\t\t\t<svg xmlns=\"http:\/\/www.w3.org\/2000\/svg\" width=\"12\" height=\"12\" fill=\"none\" viewBox=\"0 0 12 12\">\n\t\t\t\t<path fill=\"#fff\" d=\"M2 0a2 2 0 0 0-2 2v2h1.5V2a.5.5 0 0 1 .5-.5h2V0H2Zm2 10.5H2a.5.5 0 0 1-.5-.5V8H0v2a2 2 0 0 0 2 2h2v-1.5ZM8 12v-1.5h2a.5.5 0 0 0 .5-.5V8H12v2a2 2 0 0 1-2 2H8Zm2-12a2 2 0 0 1 2 2v2h-1.5V2a.5.5 0 0 0-.5-.5H8V0h2Z\" \/>\n\t\t\t<\/svg>\n\t\t<\/button><\/figure>\n\n\n\n<figure class=\"wp-block-image size-large\"><img loading=\"lazy\" decoding=\"async\" width=\"768\" height=\"1024\" data-id=\"6325\" src=\"https:\/\/zsipo5.poznan.pl\/wp-content\/uploads\/2025\/10\/IMG_1414-768x1024.jpg\" alt=\"\" class=\"wp-image-6325\" srcset=\"https:\/\/zsipo5.poznan.pl\/wp-content\/uploads\/2025\/10\/IMG_1414-768x1024.jpg 768w, https:\/\/zsipo5.poznan.pl\/wp-content\/uploads\/2025\/10\/IMG_1414-225x300.jpg 225w, https:\/\/zsipo5.poznan.pl\/wp-content\/uploads\/2025\/10\/IMG_1414-1152x1536.jpg 1152w, https:\/\/zsipo5.poznan.pl\/wp-content\/uploads\/2025\/10\/IMG_1414-1536x2048.jpg 1536w, https:\/\/zsipo5.poznan.pl\/wp-content\/uploads\/2025\/10\/IMG_1414-scaled.jpg 1920w\" sizes=\"(max-width: 768px) 100vw, 768px\" \/><\/figure>\n\n\n\n<figure data-wp-context=\"{&quot;imageId&quot;:&quot;69fb3455cd241&quot;}\" data-wp-interactive=\"core\/image\" data-wp-key=\"69fb3455cd241\" class=\"wp-block-image size-large wp-lightbox-container\"><img loading=\"lazy\" decoding=\"async\" width=\"768\" height=\"1024\" data-wp-class--hide=\"state.isContentHidden\" data-wp-class--show=\"state.isContentVisible\" data-wp-init=\"callbacks.setButtonStyles\" data-wp-on--click=\"actions.showLightbox\" data-wp-on--load=\"callbacks.setButtonStyles\" data-wp-on-window--resize=\"callbacks.setButtonStyles\" data-id=\"6318\" src=\"https:\/\/zsipo5.poznan.pl\/wp-content\/uploads\/2025\/10\/IMG_1411-768x1024.jpg\" alt=\"\" class=\"wp-image-6318\" srcset=\"https:\/\/zsipo5.poznan.pl\/wp-content\/uploads\/2025\/10\/IMG_1411-768x1024.jpg 768w, https:\/\/zsipo5.poznan.pl\/wp-content\/uploads\/2025\/10\/IMG_1411-225x300.jpg 225w, https:\/\/zsipo5.poznan.pl\/wp-content\/uploads\/2025\/10\/IMG_1411-1152x1536.jpg 1152w, https:\/\/zsipo5.poznan.pl\/wp-content\/uploads\/2025\/10\/IMG_1411-1536x2048.jpg 1536w, https:\/\/zsipo5.poznan.pl\/wp-content\/uploads\/2025\/10\/IMG_1411-scaled.jpg 1920w\" sizes=\"(max-width: 768px) 100vw, 768px\" \/><button\n\t\t\tclass=\"lightbox-trigger\"\n\t\t\ttype=\"button\"\n\t\t\taria-haspopup=\"dialog\"\n\t\t\taria-label=\"Powi\u0119ksz\"\n\t\t\tdata-wp-init=\"callbacks.initTriggerButton\"\n\t\t\tdata-wp-on--click=\"actions.showLightbox\"\n\t\t\tdata-wp-style--right=\"state.imageButtonRight\"\n\t\t\tdata-wp-style--top=\"state.imageButtonTop\"\n\t\t>\n\t\t\t<svg xmlns=\"http:\/\/www.w3.org\/2000\/svg\" width=\"12\" height=\"12\" fill=\"none\" viewBox=\"0 0 12 12\">\n\t\t\t\t<path fill=\"#fff\" d=\"M2 0a2 2 0 0 0-2 2v2h1.5V2a.5.5 0 0 1 .5-.5h2V0H2Zm2 10.5H2a.5.5 0 0 1-.5-.5V8H0v2a2 2 0 0 0 2 2h2v-1.5ZM8 12v-1.5h2a.5.5 0 0 0 .5-.5V8H12v2a2 2 0 0 1-2 2H8Zm2-12a2 2 0 0 1 2 2v2h-1.5V2a.5.5 0 0 0-.5-.5H8V0h2Z\" \/>\n\t\t\t<\/svg>\n\t\t<\/button><\/figure>\n\n\n\n<figure data-wp-context=\"{&quot;imageId&quot;:&quot;69fb3455cd587&quot;}\" data-wp-interactive=\"core\/image\" data-wp-key=\"69fb3455cd587\" class=\"wp-block-image size-large wp-lightbox-container\"><img loading=\"lazy\" decoding=\"async\" width=\"768\" height=\"1024\" data-wp-class--hide=\"state.isContentHidden\" data-wp-class--show=\"state.isContentVisible\" data-wp-init=\"callbacks.setButtonStyles\" data-wp-on--click=\"actions.showLightbox\" data-wp-on--load=\"callbacks.setButtonStyles\" data-wp-on-window--resize=\"callbacks.setButtonStyles\" data-id=\"6323\" src=\"https:\/\/zsipo5.poznan.pl\/wp-content\/uploads\/2025\/10\/att.t3trv3Ugze1sjFH-KJZDEtb9wXyoNP4PwLf3T6lyatE-768x1024.jpg\" alt=\"\" class=\"wp-image-6323\" srcset=\"https:\/\/zsipo5.poznan.pl\/wp-content\/uploads\/2025\/10\/att.t3trv3Ugze1sjFH-KJZDEtb9wXyoNP4PwLf3T6lyatE-768x1024.jpg 768w, https:\/\/zsipo5.poznan.pl\/wp-content\/uploads\/2025\/10\/att.t3trv3Ugze1sjFH-KJZDEtb9wXyoNP4PwLf3T6lyatE-225x300.jpg 225w, https:\/\/zsipo5.poznan.pl\/wp-content\/uploads\/2025\/10\/att.t3trv3Ugze1sjFH-KJZDEtb9wXyoNP4PwLf3T6lyatE-1152x1536.jpg 1152w, https:\/\/zsipo5.poznan.pl\/wp-content\/uploads\/2025\/10\/att.t3trv3Ugze1sjFH-KJZDEtb9wXyoNP4PwLf3T6lyatE.jpg 1536w\" sizes=\"(max-width: 768px) 100vw, 768px\" \/><button\n\t\t\tclass=\"lightbox-trigger\"\n\t\t\ttype=\"button\"\n\t\t\taria-haspopup=\"dialog\"\n\t\t\taria-label=\"Powi\u0119ksz\"\n\t\t\tdata-wp-init=\"callbacks.initTriggerButton\"\n\t\t\tdata-wp-on--click=\"actions.showLightbox\"\n\t\t\tdata-wp-style--right=\"state.imageButtonRight\"\n\t\t\tdata-wp-style--top=\"state.imageButtonTop\"\n\t\t>\n\t\t\t<svg xmlns=\"http:\/\/www.w3.org\/2000\/svg\" width=\"12\" height=\"12\" fill=\"none\" viewBox=\"0 0 12 12\">\n\t\t\t\t<path fill=\"#fff\" d=\"M2 0a2 2 0 0 0-2 2v2h1.5V2a.5.5 0 0 1 .5-.5h2V0H2Zm2 10.5H2a.5.5 0 0 1-.5-.5V8H0v2a2 2 0 0 0 2 2h2v-1.5ZM8 12v-1.5h2a.5.5 0 0 0 .5-.5V8H12v2a2 2 0 0 1-2 2H8Zm2-12a2 2 0 0 1 2 2v2h-1.5V2a.5.5 0 0 0-.5-.5H8V0h2Z\" \/>\n\t\t\t<\/svg>\n\t\t<\/button><\/figure>\n\n\n\n<figure data-wp-context=\"{&quot;imageId&quot;:&quot;69fb3455cd9cd&quot;}\" data-wp-interactive=\"core\/image\" data-wp-key=\"69fb3455cd9cd\" class=\"wp-block-image size-large wp-lightbox-container\"><img loading=\"lazy\" decoding=\"async\" width=\"768\" height=\"1024\" data-wp-class--hide=\"state.isContentHidden\" data-wp-class--show=\"state.isContentVisible\" data-wp-init=\"callbacks.setButtonStyles\" data-wp-on--click=\"actions.showLightbox\" data-wp-on--load=\"callbacks.setButtonStyles\" data-wp-on-window--resize=\"callbacks.setButtonStyles\" data-id=\"6324\" src=\"https:\/\/zsipo5.poznan.pl\/wp-content\/uploads\/2025\/10\/att.3s2FkHlIhIo3e6lFEM_VvMdTnx0H_Tgd39Ud0ofyIdw-768x1024.jpg\" alt=\"\" class=\"wp-image-6324\" srcset=\"https:\/\/zsipo5.poznan.pl\/wp-content\/uploads\/2025\/10\/att.3s2FkHlIhIo3e6lFEM_VvMdTnx0H_Tgd39Ud0ofyIdw-768x1024.jpg 768w, https:\/\/zsipo5.poznan.pl\/wp-content\/uploads\/2025\/10\/att.3s2FkHlIhIo3e6lFEM_VvMdTnx0H_Tgd39Ud0ofyIdw-225x300.jpg 225w, https:\/\/zsipo5.poznan.pl\/wp-content\/uploads\/2025\/10\/att.3s2FkHlIhIo3e6lFEM_VvMdTnx0H_Tgd39Ud0ofyIdw-1152x1536.jpg 1152w, https:\/\/zsipo5.poznan.pl\/wp-content\/uploads\/2025\/10\/att.3s2FkHlIhIo3e6lFEM_VvMdTnx0H_Tgd39Ud0ofyIdw.jpg 1536w\" sizes=\"(max-width: 768px) 100vw, 768px\" \/><button\n\t\t\tclass=\"lightbox-trigger\"\n\t\t\ttype=\"button\"\n\t\t\taria-haspopup=\"dialog\"\n\t\t\taria-label=\"Powi\u0119ksz\"\n\t\t\tdata-wp-init=\"callbacks.initTriggerButton\"\n\t\t\tdata-wp-on--click=\"actions.showLightbox\"\n\t\t\tdata-wp-style--right=\"state.imageButtonRight\"\n\t\t\tdata-wp-style--top=\"state.imageButtonTop\"\n\t\t>\n\t\t\t<svg xmlns=\"http:\/\/www.w3.org\/2000\/svg\" width=\"12\" height=\"12\" fill=\"none\" viewBox=\"0 0 12 12\">\n\t\t\t\t<path fill=\"#fff\" d=\"M2 0a2 2 0 0 0-2 2v2h1.5V2a.5.5 0 0 1 .5-.5h2V0H2Zm2 10.5H2a.5.5 0 0 1-.5-.5V8H0v2a2 2 0 0 0 2 2h2v-1.5ZM8 12v-1.5h2a.5.5 0 0 0 .5-.5V8H12v2a2 2 0 0 1-2 2H8Zm2-12a2 2 0 0 1 2 2v2h-1.5V2a.5.5 0 0 0-.5-.5H8V0h2Z\" \/>\n\t\t\t<\/svg>\n\t\t<\/button><\/figure>\n<\/figure>\n","protected":false},"excerpt":{"rendered":"<p>Kolorowy tydzie\u0144 w naszej \u015bwietlicy Ten tydzie\u0144 w \u015bwietlicy by\u0142 pe\u0142en tw\u00f3rczych dzia\u0142a\u0144 i wspania\u0142ych aktywno\u015bci! Dzieci z ogromnym zaanga\u017cowaniem wykonywa\u0142y jesienne prace plastyczne, rozwijaj\u0105c swoj\u0105 kreatywno\u015b\u0107 i zdolno\u015bci manualne. Powsta\u0142y urocze je\u017ce z odcisk\u00f3w dzieci\u0119cych r\u0105czek, kt\u00f3re zachwyci\u0142y wszystkich swoj\u0105 pomys\u0142owo\u015bci\u0105. Nie zabrak\u0142o tak\u017ce kolorowych parasoli oraz jesiennych drzewek z papieru i plasteliny umieszczonych [&hellip;]<\/p>\n","protected":false},"author":12,"featured_media":0,"parent":0,"menu_order":0,"comment_status":"closed","ping_status":"closed","template":"","meta":{"footnotes":""},"class_list":["post-6317","page","type-page","status-publish","hentry"],"_links":{"self":[{"href":"https:\/\/zsipo5.poznan.pl\/index.php\/wp-json\/wp\/v2\/pages\/6317","targetHints":{"allow":["GET"]}}],"collection":[{"href":"https:\/\/zsipo5.poznan.pl\/index.php\/wp-json\/wp\/v2\/pages"}],"about":[{"href":"https:\/\/zsipo5.poznan.pl\/index.php\/wp-json\/wp\/v2\/types\/page"}],"author":[{"embeddable":true,"href":"https:\/\/zsipo5.poznan.pl\/index.php\/wp-json\/wp\/v2\/users\/12"}],"replies":[{"embeddable":true,"href":"https:\/\/zsipo5.poznan.pl\/index.php\/wp-json\/wp\/v2\/comments?post=6317"}],"version-history":[{"count":1,"href":"https:\/\/zsipo5.poznan.pl\/index.php\/wp-json\/wp\/v2\/pages\/6317\/revisions"}],"predecessor-version":[{"id":6326,"href":"https:\/\/zsipo5.poznan.pl\/index.php\/wp-json\/wp\/v2\/pages\/6317\/revisions\/6326"}],"wp:attachment":[{"href":"https:\/\/zsipo5.poznan.pl\/index.php\/wp-json\/wp\/v2\/media?parent=6317"}],"curies":[{"name":"wp","href":"https:\/\/api.w.org\/{rel}","templated":true}]}}