{"id":6300,"date":"2025-10-21T09:18:58","date_gmt":"2025-10-21T07:18:58","guid":{"rendered":"https:\/\/zsipo5.poznan.pl\/?page_id=6300"},"modified":"2025-10-21T09:18:58","modified_gmt":"2025-10-21T07:18:58","slug":"10-pazdziernika-2025","status":"publish","type":"page","link":"https:\/\/zsipo5.poznan.pl\/index.php\/10-pazdziernika-2025\/","title":{"rendered":"10 pa\u017adziernika 2025"},"content":{"rendered":"\n<p id=\"m_-8999568473826318933m_-3078859592327279006gmail-docs-internal-guid-8c483387-7fff-57f2-cc3a-164638588c77\">Tw\u00f3rczy tydzie\u0144 w naszej \u015bwietlicy<\/p>\n\n\n\n<p>W tym tygodniu w naszej \u015bwietlicy by\u0142o wyj\u0105tkowo kolorowo i kreatywnie! Dzieci wykonywa\u0142y r\u00f3\u017cnorodne prace plastyczne, rozwijaj\u0105c swoje zdolno\u015bci manualne oraz wyobra\u017ani\u0119. W\u015br\u00f3d naszych ma\u0142ych dzie\u0142 sztuki znalaz\u0142y si\u0119 je\u017ce z kasztan\u00f3w, urocze jesienne drzewka, weso\u0142e kotki i liski, a tak\u017ce pomys\u0142owe aparaty wykonane technik\u0105 origami.<\/p>\n\n\n\n<p>Nie zabrak\u0142o te\u017c wsp\u00f3lnych zabaw \u2013 na dywanie kr\u00f3lowa\u0142a chusta animacyjna, kt\u00f3ra dostarczy\u0142a dzieciom mn\u00f3stwo rado\u015bci, \u015bmiechu i ruchu.<\/p>\n\n\n\n<p>Podczas zaj\u0119\u0107 dzieci nie tylko doskonali\u0142y swoje umiej\u0119tno\u015bci plastyczne, ale te\u017c uczy\u0142y si\u0119 wsp\u00f3\u0142pracy, cierpliwo\u015bci i dba\u0142o\u015bci o szczeg\u00f3\u0142y. Kolorowe prace ozdobi\u0142y nasz\u0105 \u015bwietlic\u0119, wprowadzaj\u0105c ciep\u0142y, jesienny nastr\u00f3j.<\/p>\n\n\n\n<p>By\u0142o tw\u00f3rczo, rado\u015bnie i bardzo inspiruj\u0105co \u2013 dok\u0142adnie tak, jak lubimy!<\/p>\n\n\n\n<p>Dzi\u0119kujemy wychowawcy \u015bwietlicy<\/p>\n\n\n\n<figure class=\"wp-block-gallery has-nested-images columns-default is-cropped wp-block-gallery-1 is-layout-flex wp-block-gallery-is-layout-flex\">\n<figure data-wp-context=\"{&quot;imageId&quot;:&quot;69fb343a8c73d&quot;}\" data-wp-interactive=\"core\/image\" data-wp-key=\"69fb343a8c73d\" class=\"wp-block-image size-large wp-lightbox-container\"><img fetchpriority=\"high\" decoding=\"async\" width=\"768\" height=\"1024\" data-wp-class--hide=\"state.isContentHidden\" data-wp-class--show=\"state.isContentVisible\" data-wp-init=\"callbacks.setButtonStyles\" data-wp-on--click=\"actions.showLightbox\" data-wp-on--load=\"callbacks.setButtonStyles\" data-wp-on-window--resize=\"callbacks.setButtonStyles\" data-id=\"6301\" src=\"https:\/\/zsipo5.poznan.pl\/wp-content\/uploads\/2025\/10\/att.GnS1ui4ka6SnpT2L3HjVlOud3c0Y-FgljMPq-6MvcM0-768x1024-1.jpg\" alt=\"\" class=\"wp-image-6301\" srcset=\"https:\/\/zsipo5.poznan.pl\/wp-content\/uploads\/2025\/10\/att.GnS1ui4ka6SnpT2L3HjVlOud3c0Y-FgljMPq-6MvcM0-768x1024-1.jpg 768w, https:\/\/zsipo5.poznan.pl\/wp-content\/uploads\/2025\/10\/att.GnS1ui4ka6SnpT2L3HjVlOud3c0Y-FgljMPq-6MvcM0-768x1024-1-225x300.jpg 225w\" sizes=\"(max-width: 768px) 100vw, 768px\" \/><button\n\t\t\tclass=\"lightbox-trigger\"\n\t\t\ttype=\"button\"\n\t\t\taria-haspopup=\"dialog\"\n\t\t\taria-label=\"Powi\u0119ksz\"\n\t\t\tdata-wp-init=\"callbacks.initTriggerButton\"\n\t\t\tdata-wp-on--click=\"actions.showLightbox\"\n\t\t\tdata-wp-style--right=\"state.imageButtonRight\"\n\t\t\tdata-wp-style--top=\"state.imageButtonTop\"\n\t\t>\n\t\t\t<svg xmlns=\"http:\/\/www.w3.org\/2000\/svg\" width=\"12\" height=\"12\" fill=\"none\" viewBox=\"0 0 12 12\">\n\t\t\t\t<path fill=\"#fff\" d=\"M2 0a2 2 0 0 0-2 2v2h1.5V2a.5.5 0 0 1 .5-.5h2V0H2Zm2 10.5H2a.5.5 0 0 1-.5-.5V8H0v2a2 2 0 0 0 2 2h2v-1.5ZM8 12v-1.5h2a.5.5 0 0 0 .5-.5V8H12v2a2 2 0 0 1-2 2H8Zm2-12a2 2 0 0 1 2 2v2h-1.5V2a.5.5 0 0 0-.5-.5H8V0h2Z\" \/>\n\t\t\t<\/svg>\n\t\t<\/button><\/figure>\n\n\n\n<figure data-wp-context=\"{&quot;imageId&quot;:&quot;69fb343a8cb51&quot;}\" data-wp-interactive=\"core\/image\" data-wp-key=\"69fb343a8cb51\" class=\"wp-block-image size-large wp-lightbox-container\"><img decoding=\"async\" width=\"1024\" height=\"768\" data-wp-class--hide=\"state.isContentHidden\" data-wp-class--show=\"state.isContentVisible\" data-wp-init=\"callbacks.setButtonStyles\" data-wp-on--click=\"actions.showLightbox\" data-wp-on--load=\"callbacks.setButtonStyles\" data-wp-on-window--resize=\"callbacks.setButtonStyles\" data-id=\"6302\" src=\"https:\/\/zsipo5.poznan.pl\/wp-content\/uploads\/2025\/10\/att.GWDQBjxhkwheV81R2rWade-FL7yFGYz1Va0Cq_tJnV8-1024x768-1.jpg\" alt=\"\" class=\"wp-image-6302\" srcset=\"https:\/\/zsipo5.poznan.pl\/wp-content\/uploads\/2025\/10\/att.GWDQBjxhkwheV81R2rWade-FL7yFGYz1Va0Cq_tJnV8-1024x768-1.jpg 1024w, https:\/\/zsipo5.poznan.pl\/wp-content\/uploads\/2025\/10\/att.GWDQBjxhkwheV81R2rWade-FL7yFGYz1Va0Cq_tJnV8-1024x768-1-300x225.jpg 300w, https:\/\/zsipo5.poznan.pl\/wp-content\/uploads\/2025\/10\/att.GWDQBjxhkwheV81R2rWade-FL7yFGYz1Va0Cq_tJnV8-1024x768-1-768x576.jpg 768w\" sizes=\"(max-width: 1024px) 100vw, 1024px\" \/><button\n\t\t\tclass=\"lightbox-trigger\"\n\t\t\ttype=\"button\"\n\t\t\taria-haspopup=\"dialog\"\n\t\t\taria-label=\"Powi\u0119ksz\"\n\t\t\tdata-wp-init=\"callbacks.initTriggerButton\"\n\t\t\tdata-wp-on--click=\"actions.showLightbox\"\n\t\t\tdata-wp-style--right=\"state.imageButtonRight\"\n\t\t\tdata-wp-style--top=\"state.imageButtonTop\"\n\t\t>\n\t\t\t<svg xmlns=\"http:\/\/www.w3.org\/2000\/svg\" width=\"12\" height=\"12\" fill=\"none\" viewBox=\"0 0 12 12\">\n\t\t\t\t<path fill=\"#fff\" d=\"M2 0a2 2 0 0 0-2 2v2h1.5V2a.5.5 0 0 1 .5-.5h2V0H2Zm2 10.5H2a.5.5 0 0 1-.5-.5V8H0v2a2 2 0 0 0 2 2h2v-1.5ZM8 12v-1.5h2a.5.5 0 0 0 .5-.5V8H12v2a2 2 0 0 1-2 2H8Zm2-12a2 2 0 0 1 2 2v2h-1.5V2a.5.5 0 0 0-.5-.5H8V0h2Z\" \/>\n\t\t\t<\/svg>\n\t\t<\/button><\/figure>\n\n\n\n<figure data-wp-context=\"{&quot;imageId&quot;:&quot;69fb343a8cec3&quot;}\" data-wp-interactive=\"core\/image\" data-wp-key=\"69fb343a8cec3\" class=\"wp-block-image size-large wp-lightbox-container\"><img decoding=\"async\" width=\"768\" height=\"1024\" data-wp-class--hide=\"state.isContentHidden\" data-wp-class--show=\"state.isContentVisible\" data-wp-init=\"callbacks.setButtonStyles\" data-wp-on--click=\"actions.showLightbox\" data-wp-on--load=\"callbacks.setButtonStyles\" data-wp-on-window--resize=\"callbacks.setButtonStyles\" data-id=\"6304\" src=\"https:\/\/zsipo5.poznan.pl\/wp-content\/uploads\/2025\/10\/att.nXHOgRdDMcx4yqU32j6dqx35OR4s6GKa7_neWyXgfRE-768x1024-1.jpg\" alt=\"\" class=\"wp-image-6304\" srcset=\"https:\/\/zsipo5.poznan.pl\/wp-content\/uploads\/2025\/10\/att.nXHOgRdDMcx4yqU32j6dqx35OR4s6GKa7_neWyXgfRE-768x1024-1.jpg 768w, https:\/\/zsipo5.poznan.pl\/wp-content\/uploads\/2025\/10\/att.nXHOgRdDMcx4yqU32j6dqx35OR4s6GKa7_neWyXgfRE-768x1024-1-225x300.jpg 225w\" sizes=\"(max-width: 768px) 100vw, 768px\" \/><button\n\t\t\tclass=\"lightbox-trigger\"\n\t\t\ttype=\"button\"\n\t\t\taria-haspopup=\"dialog\"\n\t\t\taria-label=\"Powi\u0119ksz\"\n\t\t\tdata-wp-init=\"callbacks.initTriggerButton\"\n\t\t\tdata-wp-on--click=\"actions.showLightbox\"\n\t\t\tdata-wp-style--right=\"state.imageButtonRight\"\n\t\t\tdata-wp-style--top=\"state.imageButtonTop\"\n\t\t>\n\t\t\t<svg xmlns=\"http:\/\/www.w3.org\/2000\/svg\" width=\"12\" height=\"12\" fill=\"none\" viewBox=\"0 0 12 12\">\n\t\t\t\t<path fill=\"#fff\" d=\"M2 0a2 2 0 0 0-2 2v2h1.5V2a.5.5 0 0 1 .5-.5h2V0H2Zm2 10.5H2a.5.5 0 0 1-.5-.5V8H0v2a2 2 0 0 0 2 2h2v-1.5ZM8 12v-1.5h2a.5.5 0 0 0 .5-.5V8H12v2a2 2 0 0 1-2 2H8Zm2-12a2 2 0 0 1 2 2v2h-1.5V2a.5.5 0 0 0-.5-.5H8V0h2Z\" \/>\n\t\t\t<\/svg>\n\t\t<\/button><\/figure>\n\n\n\n<figure data-wp-context=\"{&quot;imageId&quot;:&quot;69fb343a8d20f&quot;}\" data-wp-interactive=\"core\/image\" data-wp-key=\"69fb343a8d20f\" class=\"wp-block-image size-large wp-lightbox-container\"><img loading=\"lazy\" decoding=\"async\" width=\"1024\" height=\"768\" data-wp-class--hide=\"state.isContentHidden\" data-wp-class--show=\"state.isContentVisible\" data-wp-init=\"callbacks.setButtonStyles\" data-wp-on--click=\"actions.showLightbox\" data-wp-on--load=\"callbacks.setButtonStyles\" data-wp-on-window--resize=\"callbacks.setButtonStyles\" data-id=\"6303\" src=\"https:\/\/zsipo5.poznan.pl\/wp-content\/uploads\/2025\/10\/att.R-VUgl9SNyrO2uikAg77j4cKW2uRQBdQTOt395F5f1g-1024x768-1.jpg\" alt=\"\" class=\"wp-image-6303\" srcset=\"https:\/\/zsipo5.poznan.pl\/wp-content\/uploads\/2025\/10\/att.R-VUgl9SNyrO2uikAg77j4cKW2uRQBdQTOt395F5f1g-1024x768-1.jpg 1024w, https:\/\/zsipo5.poznan.pl\/wp-content\/uploads\/2025\/10\/att.R-VUgl9SNyrO2uikAg77j4cKW2uRQBdQTOt395F5f1g-1024x768-1-300x225.jpg 300w, https:\/\/zsipo5.poznan.pl\/wp-content\/uploads\/2025\/10\/att.R-VUgl9SNyrO2uikAg77j4cKW2uRQBdQTOt395F5f1g-1024x768-1-768x576.jpg 768w\" sizes=\"(max-width: 1024px) 100vw, 1024px\" \/><button\n\t\t\tclass=\"lightbox-trigger\"\n\t\t\ttype=\"button\"\n\t\t\taria-haspopup=\"dialog\"\n\t\t\taria-label=\"Powi\u0119ksz\"\n\t\t\tdata-wp-init=\"callbacks.initTriggerButton\"\n\t\t\tdata-wp-on--click=\"actions.showLightbox\"\n\t\t\tdata-wp-style--right=\"state.imageButtonRight\"\n\t\t\tdata-wp-style--top=\"state.imageButtonTop\"\n\t\t>\n\t\t\t<svg xmlns=\"http:\/\/www.w3.org\/2000\/svg\" width=\"12\" height=\"12\" fill=\"none\" viewBox=\"0 0 12 12\">\n\t\t\t\t<path fill=\"#fff\" d=\"M2 0a2 2 0 0 0-2 2v2h1.5V2a.5.5 0 0 1 .5-.5h2V0H2Zm2 10.5H2a.5.5 0 0 1-.5-.5V8H0v2a2 2 0 0 0 2 2h2v-1.5ZM8 12v-1.5h2a.5.5 0 0 0 .5-.5V8H12v2a2 2 0 0 1-2 2H8Zm2-12a2 2 0 0 1 2 2v2h-1.5V2a.5.5 0 0 0-.5-.5H8V0h2Z\" \/>\n\t\t\t<\/svg>\n\t\t<\/button><\/figure>\n\n\n\n<figure data-wp-context=\"{&quot;imageId&quot;:&quot;69fb343a8d53d&quot;}\" data-wp-interactive=\"core\/image\" data-wp-key=\"69fb343a8d53d\" class=\"wp-block-image size-large wp-lightbox-container\"><img loading=\"lazy\" decoding=\"async\" width=\"768\" height=\"1024\" data-wp-class--hide=\"state.isContentHidden\" data-wp-class--show=\"state.isContentVisible\" data-wp-init=\"callbacks.setButtonStyles\" data-wp-on--click=\"actions.showLightbox\" data-wp-on--load=\"callbacks.setButtonStyles\" data-wp-on-window--resize=\"callbacks.setButtonStyles\" data-id=\"6305\" src=\"https:\/\/zsipo5.poznan.pl\/wp-content\/uploads\/2025\/10\/att.StQSQGmkrXOippeJWuE79rtGiyG2grcZFSHBeskDgDU-768x1024-1.jpg\" alt=\"\" class=\"wp-image-6305\" srcset=\"https:\/\/zsipo5.poznan.pl\/wp-content\/uploads\/2025\/10\/att.StQSQGmkrXOippeJWuE79rtGiyG2grcZFSHBeskDgDU-768x1024-1.jpg 768w, https:\/\/zsipo5.poznan.pl\/wp-content\/uploads\/2025\/10\/att.StQSQGmkrXOippeJWuE79rtGiyG2grcZFSHBeskDgDU-768x1024-1-225x300.jpg 225w\" sizes=\"(max-width: 768px) 100vw, 768px\" \/><button\n\t\t\tclass=\"lightbox-trigger\"\n\t\t\ttype=\"button\"\n\t\t\taria-haspopup=\"dialog\"\n\t\t\taria-label=\"Powi\u0119ksz\"\n\t\t\tdata-wp-init=\"callbacks.initTriggerButton\"\n\t\t\tdata-wp-on--click=\"actions.showLightbox\"\n\t\t\tdata-wp-style--right=\"state.imageButtonRight\"\n\t\t\tdata-wp-style--top=\"state.imageButtonTop\"\n\t\t>\n\t\t\t<svg xmlns=\"http:\/\/www.w3.org\/2000\/svg\" width=\"12\" height=\"12\" fill=\"none\" viewBox=\"0 0 12 12\">\n\t\t\t\t<path fill=\"#fff\" d=\"M2 0a2 2 0 0 0-2 2v2h1.5V2a.5.5 0 0 1 .5-.5h2V0H2Zm2 10.5H2a.5.5 0 0 1-.5-.5V8H0v2a2 2 0 0 0 2 2h2v-1.5ZM8 12v-1.5h2a.5.5 0 0 0 .5-.5V8H12v2a2 2 0 0 1-2 2H8Zm2-12a2 2 0 0 1 2 2v2h-1.5V2a.5.5 0 0 0-.5-.5H8V0h2Z\" \/>\n\t\t\t<\/svg>\n\t\t<\/button><\/figure>\n\n\n\n<figure data-wp-context=\"{&quot;imageId&quot;:&quot;69fb343a8db3e&quot;}\" data-wp-interactive=\"core\/image\" data-wp-key=\"69fb343a8db3e\" class=\"wp-block-image size-large wp-lightbox-container\"><img loading=\"lazy\" decoding=\"async\" width=\"768\" height=\"1024\" data-wp-class--hide=\"state.isContentHidden\" data-wp-class--show=\"state.isContentVisible\" data-wp-init=\"callbacks.setButtonStyles\" data-wp-on--click=\"actions.showLightbox\" data-wp-on--load=\"callbacks.setButtonStyles\" data-wp-on-window--resize=\"callbacks.setButtonStyles\" data-id=\"6306\" src=\"https:\/\/zsipo5.poznan.pl\/wp-content\/uploads\/2025\/10\/att.u2nt28y_NKf1IZqvHnRET4cK_c9fo5VCJIlkDPhs_Kc-768x1024-1.jpg\" alt=\"\" class=\"wp-image-6306\" srcset=\"https:\/\/zsipo5.poznan.pl\/wp-content\/uploads\/2025\/10\/att.u2nt28y_NKf1IZqvHnRET4cK_c9fo5VCJIlkDPhs_Kc-768x1024-1.jpg 768w, https:\/\/zsipo5.poznan.pl\/wp-content\/uploads\/2025\/10\/att.u2nt28y_NKf1IZqvHnRET4cK_c9fo5VCJIlkDPhs_Kc-768x1024-1-225x300.jpg 225w\" sizes=\"(max-width: 768px) 100vw, 768px\" \/><button\n\t\t\tclass=\"lightbox-trigger\"\n\t\t\ttype=\"button\"\n\t\t\taria-haspopup=\"dialog\"\n\t\t\taria-label=\"Powi\u0119ksz\"\n\t\t\tdata-wp-init=\"callbacks.initTriggerButton\"\n\t\t\tdata-wp-on--click=\"actions.showLightbox\"\n\t\t\tdata-wp-style--right=\"state.imageButtonRight\"\n\t\t\tdata-wp-style--top=\"state.imageButtonTop\"\n\t\t>\n\t\t\t<svg xmlns=\"http:\/\/www.w3.org\/2000\/svg\" width=\"12\" height=\"12\" fill=\"none\" viewBox=\"0 0 12 12\">\n\t\t\t\t<path fill=\"#fff\" d=\"M2 0a2 2 0 0 0-2 2v2h1.5V2a.5.5 0 0 1 .5-.5h2V0H2Zm2 10.5H2a.5.5 0 0 1-.5-.5V8H0v2a2 2 0 0 0 2 2h2v-1.5ZM8 12v-1.5h2a.5.5 0 0 0 .5-.5V8H12v2a2 2 0 0 1-2 2H8Zm2-12a2 2 0 0 1 2 2v2h-1.5V2a.5.5 0 0 0-.5-.5H8V0h2Z\" \/>\n\t\t\t<\/svg>\n\t\t<\/button><\/figure>\n\n\n\n<figure data-wp-context=\"{&quot;imageId&quot;:&quot;69fb343a8de9d&quot;}\" data-wp-interactive=\"core\/image\" data-wp-key=\"69fb343a8de9d\" class=\"wp-block-image size-large wp-lightbox-container\"><img loading=\"lazy\" decoding=\"async\" width=\"768\" height=\"1024\" data-wp-class--hide=\"state.isContentHidden\" data-wp-class--show=\"state.isContentVisible\" data-wp-init=\"callbacks.setButtonStyles\" data-wp-on--click=\"actions.showLightbox\" data-wp-on--load=\"callbacks.setButtonStyles\" data-wp-on-window--resize=\"callbacks.setButtonStyles\" data-id=\"6307\" src=\"https:\/\/zsipo5.poznan.pl\/wp-content\/uploads\/2025\/10\/IMG_0907-768x1024-1.jpg\" alt=\"\" class=\"wp-image-6307\" srcset=\"https:\/\/zsipo5.poznan.pl\/wp-content\/uploads\/2025\/10\/IMG_0907-768x1024-1.jpg 768w, https:\/\/zsipo5.poznan.pl\/wp-content\/uploads\/2025\/10\/IMG_0907-768x1024-1-225x300.jpg 225w\" sizes=\"(max-width: 768px) 100vw, 768px\" \/><button\n\t\t\tclass=\"lightbox-trigger\"\n\t\t\ttype=\"button\"\n\t\t\taria-haspopup=\"dialog\"\n\t\t\taria-label=\"Powi\u0119ksz\"\n\t\t\tdata-wp-init=\"callbacks.initTriggerButton\"\n\t\t\tdata-wp-on--click=\"actions.showLightbox\"\n\t\t\tdata-wp-style--right=\"state.imageButtonRight\"\n\t\t\tdata-wp-style--top=\"state.imageButtonTop\"\n\t\t>\n\t\t\t<svg xmlns=\"http:\/\/www.w3.org\/2000\/svg\" width=\"12\" height=\"12\" fill=\"none\" viewBox=\"0 0 12 12\">\n\t\t\t\t<path fill=\"#fff\" d=\"M2 0a2 2 0 0 0-2 2v2h1.5V2a.5.5 0 0 1 .5-.5h2V0H2Zm2 10.5H2a.5.5 0 0 1-.5-.5V8H0v2a2 2 0 0 0 2 2h2v-1.5ZM8 12v-1.5h2a.5.5 0 0 0 .5-.5V8H12v2a2 2 0 0 1-2 2H8Zm2-12a2 2 0 0 1 2 2v2h-1.5V2a.5.5 0 0 0-.5-.5H8V0h2Z\" \/>\n\t\t\t<\/svg>\n\t\t<\/button><\/figure>\n\n\n\n<figure data-wp-context=\"{&quot;imageId&quot;:&quot;69fb343a8e201&quot;}\" data-wp-interactive=\"core\/image\" data-wp-key=\"69fb343a8e201\" class=\"wp-block-image size-large wp-lightbox-container\"><img loading=\"lazy\" decoding=\"async\" width=\"768\" height=\"1024\" data-wp-class--hide=\"state.isContentHidden\" data-wp-class--show=\"state.isContentVisible\" data-wp-init=\"callbacks.setButtonStyles\" data-wp-on--click=\"actions.showLightbox\" data-wp-on--load=\"callbacks.setButtonStyles\" data-wp-on-window--resize=\"callbacks.setButtonStyles\" data-id=\"6310\" src=\"https:\/\/zsipo5.poznan.pl\/wp-content\/uploads\/2025\/10\/IMG_0913-768x1024-1.jpg\" alt=\"\" class=\"wp-image-6310\" srcset=\"https:\/\/zsipo5.poznan.pl\/wp-content\/uploads\/2025\/10\/IMG_0913-768x1024-1.jpg 768w, https:\/\/zsipo5.poznan.pl\/wp-content\/uploads\/2025\/10\/IMG_0913-768x1024-1-225x300.jpg 225w\" sizes=\"(max-width: 768px) 100vw, 768px\" \/><button\n\t\t\tclass=\"lightbox-trigger\"\n\t\t\ttype=\"button\"\n\t\t\taria-haspopup=\"dialog\"\n\t\t\taria-label=\"Powi\u0119ksz\"\n\t\t\tdata-wp-init=\"callbacks.initTriggerButton\"\n\t\t\tdata-wp-on--click=\"actions.showLightbox\"\n\t\t\tdata-wp-style--right=\"state.imageButtonRight\"\n\t\t\tdata-wp-style--top=\"state.imageButtonTop\"\n\t\t>\n\t\t\t<svg xmlns=\"http:\/\/www.w3.org\/2000\/svg\" width=\"12\" height=\"12\" fill=\"none\" viewBox=\"0 0 12 12\">\n\t\t\t\t<path fill=\"#fff\" d=\"M2 0a2 2 0 0 0-2 2v2h1.5V2a.5.5 0 0 1 .5-.5h2V0H2Zm2 10.5H2a.5.5 0 0 1-.5-.5V8H0v2a2 2 0 0 0 2 2h2v-1.5ZM8 12v-1.5h2a.5.5 0 0 0 .5-.5V8H12v2a2 2 0 0 1-2 2H8Zm2-12a2 2 0 0 1 2 2v2h-1.5V2a.5.5 0 0 0-.5-.5H8V0h2Z\" \/>\n\t\t\t<\/svg>\n\t\t<\/button><\/figure>\n\n\n\n<figure data-wp-context=\"{&quot;imageId&quot;:&quot;69fb343a8e546&quot;}\" data-wp-interactive=\"core\/image\" data-wp-key=\"69fb343a8e546\" class=\"wp-block-image size-large wp-lightbox-container\"><img loading=\"lazy\" decoding=\"async\" width=\"1024\" height=\"768\" data-wp-class--hide=\"state.isContentHidden\" data-wp-class--show=\"state.isContentVisible\" data-wp-init=\"callbacks.setButtonStyles\" data-wp-on--click=\"actions.showLightbox\" data-wp-on--load=\"callbacks.setButtonStyles\" data-wp-on-window--resize=\"callbacks.setButtonStyles\" data-id=\"6308\" src=\"https:\/\/zsipo5.poznan.pl\/wp-content\/uploads\/2025\/10\/IMG_0919-1024x768-1.jpg\" alt=\"\" class=\"wp-image-6308\" srcset=\"https:\/\/zsipo5.poznan.pl\/wp-content\/uploads\/2025\/10\/IMG_0919-1024x768-1.jpg 1024w, https:\/\/zsipo5.poznan.pl\/wp-content\/uploads\/2025\/10\/IMG_0919-1024x768-1-300x225.jpg 300w, https:\/\/zsipo5.poznan.pl\/wp-content\/uploads\/2025\/10\/IMG_0919-1024x768-1-768x576.jpg 768w\" sizes=\"(max-width: 1024px) 100vw, 1024px\" \/><button\n\t\t\tclass=\"lightbox-trigger\"\n\t\t\ttype=\"button\"\n\t\t\taria-haspopup=\"dialog\"\n\t\t\taria-label=\"Powi\u0119ksz\"\n\t\t\tdata-wp-init=\"callbacks.initTriggerButton\"\n\t\t\tdata-wp-on--click=\"actions.showLightbox\"\n\t\t\tdata-wp-style--right=\"state.imageButtonRight\"\n\t\t\tdata-wp-style--top=\"state.imageButtonTop\"\n\t\t>\n\t\t\t<svg xmlns=\"http:\/\/www.w3.org\/2000\/svg\" width=\"12\" height=\"12\" fill=\"none\" viewBox=\"0 0 12 12\">\n\t\t\t\t<path fill=\"#fff\" d=\"M2 0a2 2 0 0 0-2 2v2h1.5V2a.5.5 0 0 1 .5-.5h2V0H2Zm2 10.5H2a.5.5 0 0 1-.5-.5V8H0v2a2 2 0 0 0 2 2h2v-1.5ZM8 12v-1.5h2a.5.5 0 0 0 .5-.5V8H12v2a2 2 0 0 1-2 2H8Zm2-12a2 2 0 0 1 2 2v2h-1.5V2a.5.5 0 0 0-.5-.5H8V0h2Z\" \/>\n\t\t\t<\/svg>\n\t\t<\/button><\/figure>\n\n\n\n<figure data-wp-context=\"{&quot;imageId&quot;:&quot;69fb343a8e877&quot;}\" data-wp-interactive=\"core\/image\" data-wp-key=\"69fb343a8e877\" class=\"wp-block-image size-large wp-lightbox-container\"><img loading=\"lazy\" decoding=\"async\" width=\"1024\" height=\"768\" data-wp-class--hide=\"state.isContentHidden\" data-wp-class--show=\"state.isContentVisible\" data-wp-init=\"callbacks.setButtonStyles\" data-wp-on--click=\"actions.showLightbox\" data-wp-on--load=\"callbacks.setButtonStyles\" data-wp-on-window--resize=\"callbacks.setButtonStyles\" data-id=\"6309\" src=\"https:\/\/zsipo5.poznan.pl\/wp-content\/uploads\/2025\/10\/IMG_1019-1024x768-1.jpg\" alt=\"\" class=\"wp-image-6309\" srcset=\"https:\/\/zsipo5.poznan.pl\/wp-content\/uploads\/2025\/10\/IMG_1019-1024x768-1.jpg 1024w, https:\/\/zsipo5.poznan.pl\/wp-content\/uploads\/2025\/10\/IMG_1019-1024x768-1-300x225.jpg 300w, https:\/\/zsipo5.poznan.pl\/wp-content\/uploads\/2025\/10\/IMG_1019-1024x768-1-768x576.jpg 768w\" sizes=\"(max-width: 1024px) 100vw, 1024px\" \/><button\n\t\t\tclass=\"lightbox-trigger\"\n\t\t\ttype=\"button\"\n\t\t\taria-haspopup=\"dialog\"\n\t\t\taria-label=\"Powi\u0119ksz\"\n\t\t\tdata-wp-init=\"callbacks.initTriggerButton\"\n\t\t\tdata-wp-on--click=\"actions.showLightbox\"\n\t\t\tdata-wp-style--right=\"state.imageButtonRight\"\n\t\t\tdata-wp-style--top=\"state.imageButtonTop\"\n\t\t>\n\t\t\t<svg xmlns=\"http:\/\/www.w3.org\/2000\/svg\" width=\"12\" height=\"12\" fill=\"none\" viewBox=\"0 0 12 12\">\n\t\t\t\t<path fill=\"#fff\" d=\"M2 0a2 2 0 0 0-2 2v2h1.5V2a.5.5 0 0 1 .5-.5h2V0H2Zm2 10.5H2a.5.5 0 0 1-.5-.5V8H0v2a2 2 0 0 0 2 2h2v-1.5ZM8 12v-1.5h2a.5.5 0 0 0 .5-.5V8H12v2a2 2 0 0 1-2 2H8Zm2-12a2 2 0 0 1 2 2v2h-1.5V2a.5.5 0 0 0-.5-.5H8V0h2Z\" \/>\n\t\t\t<\/svg>\n\t\t<\/button><\/figure>\n\n\n\n<figure data-wp-context=\"{&quot;imageId&quot;:&quot;69fb343a8ebc0&quot;}\" data-wp-interactive=\"core\/image\" data-wp-key=\"69fb343a8ebc0\" class=\"wp-block-image size-large wp-lightbox-container\"><img loading=\"lazy\" decoding=\"async\" width=\"768\" height=\"1024\" data-wp-class--hide=\"state.isContentHidden\" data-wp-class--show=\"state.isContentVisible\" data-wp-init=\"callbacks.setButtonStyles\" data-wp-on--click=\"actions.showLightbox\" data-wp-on--load=\"callbacks.setButtonStyles\" data-wp-on-window--resize=\"callbacks.setButtonStyles\" data-id=\"6311\" src=\"https:\/\/zsipo5.poznan.pl\/wp-content\/uploads\/2025\/10\/IMG_1031-768x1024-1.jpg\" alt=\"\" class=\"wp-image-6311\" srcset=\"https:\/\/zsipo5.poznan.pl\/wp-content\/uploads\/2025\/10\/IMG_1031-768x1024-1.jpg 768w, https:\/\/zsipo5.poznan.pl\/wp-content\/uploads\/2025\/10\/IMG_1031-768x1024-1-225x300.jpg 225w\" sizes=\"(max-width: 768px) 100vw, 768px\" \/><button\n\t\t\tclass=\"lightbox-trigger\"\n\t\t\ttype=\"button\"\n\t\t\taria-haspopup=\"dialog\"\n\t\t\taria-label=\"Powi\u0119ksz\"\n\t\t\tdata-wp-init=\"callbacks.initTriggerButton\"\n\t\t\tdata-wp-on--click=\"actions.showLightbox\"\n\t\t\tdata-wp-style--right=\"state.imageButtonRight\"\n\t\t\tdata-wp-style--top=\"state.imageButtonTop\"\n\t\t>\n\t\t\t<svg xmlns=\"http:\/\/www.w3.org\/2000\/svg\" width=\"12\" height=\"12\" fill=\"none\" viewBox=\"0 0 12 12\">\n\t\t\t\t<path fill=\"#fff\" d=\"M2 0a2 2 0 0 0-2 2v2h1.5V2a.5.5 0 0 1 .5-.5h2V0H2Zm2 10.5H2a.5.5 0 0 1-.5-.5V8H0v2a2 2 0 0 0 2 2h2v-1.5ZM8 12v-1.5h2a.5.5 0 0 0 .5-.5V8H12v2a2 2 0 0 1-2 2H8Zm2-12a2 2 0 0 1 2 2v2h-1.5V2a.5.5 0 0 0-.5-.5H8V0h2Z\" \/>\n\t\t\t<\/svg>\n\t\t<\/button><\/figure>\n\n\n\n<figure data-wp-context=\"{&quot;imageId&quot;:&quot;69fb343a8eefe&quot;}\" data-wp-interactive=\"core\/image\" data-wp-key=\"69fb343a8eefe\" class=\"wp-block-image size-large wp-lightbox-container\"><img loading=\"lazy\" decoding=\"async\" width=\"768\" height=\"1024\" data-wp-class--hide=\"state.isContentHidden\" data-wp-class--show=\"state.isContentVisible\" data-wp-init=\"callbacks.setButtonStyles\" data-wp-on--click=\"actions.showLightbox\" data-wp-on--load=\"callbacks.setButtonStyles\" data-wp-on-window--resize=\"callbacks.setButtonStyles\" data-id=\"6313\" src=\"https:\/\/zsipo5.poznan.pl\/wp-content\/uploads\/2025\/10\/IMG_1032-768x1024-1.jpg\" alt=\"\" class=\"wp-image-6313\" srcset=\"https:\/\/zsipo5.poznan.pl\/wp-content\/uploads\/2025\/10\/IMG_1032-768x1024-1.jpg 768w, https:\/\/zsipo5.poznan.pl\/wp-content\/uploads\/2025\/10\/IMG_1032-768x1024-1-225x300.jpg 225w\" sizes=\"(max-width: 768px) 100vw, 768px\" \/><button\n\t\t\tclass=\"lightbox-trigger\"\n\t\t\ttype=\"button\"\n\t\t\taria-haspopup=\"dialog\"\n\t\t\taria-label=\"Powi\u0119ksz\"\n\t\t\tdata-wp-init=\"callbacks.initTriggerButton\"\n\t\t\tdata-wp-on--click=\"actions.showLightbox\"\n\t\t\tdata-wp-style--right=\"state.imageButtonRight\"\n\t\t\tdata-wp-style--top=\"state.imageButtonTop\"\n\t\t>\n\t\t\t<svg xmlns=\"http:\/\/www.w3.org\/2000\/svg\" width=\"12\" height=\"12\" fill=\"none\" viewBox=\"0 0 12 12\">\n\t\t\t\t<path fill=\"#fff\" d=\"M2 0a2 2 0 0 0-2 2v2h1.5V2a.5.5 0 0 1 .5-.5h2V0H2Zm2 10.5H2a.5.5 0 0 1-.5-.5V8H0v2a2 2 0 0 0 2 2h2v-1.5ZM8 12v-1.5h2a.5.5 0 0 0 .5-.5V8H12v2a2 2 0 0 1-2 2H8Zm2-12a2 2 0 0 1 2 2v2h-1.5V2a.5.5 0 0 0-.5-.5H8V0h2Z\" \/>\n\t\t\t<\/svg>\n\t\t<\/button><\/figure>\n\n\n\n<figure data-wp-context=\"{&quot;imageId&quot;:&quot;69fb343a8f268&quot;}\" data-wp-interactive=\"core\/image\" data-wp-key=\"69fb343a8f268\" class=\"wp-block-image size-large wp-lightbox-container\"><img loading=\"lazy\" decoding=\"async\" width=\"768\" height=\"1024\" data-wp-class--hide=\"state.isContentHidden\" data-wp-class--show=\"state.isContentVisible\" data-wp-init=\"callbacks.setButtonStyles\" data-wp-on--click=\"actions.showLightbox\" data-wp-on--load=\"callbacks.setButtonStyles\" data-wp-on-window--resize=\"callbacks.setButtonStyles\" data-id=\"6312\" src=\"https:\/\/zsipo5.poznan.pl\/wp-content\/uploads\/2025\/10\/IMG_1033-768x1024-1.jpg\" alt=\"\" class=\"wp-image-6312\" srcset=\"https:\/\/zsipo5.poznan.pl\/wp-content\/uploads\/2025\/10\/IMG_1033-768x1024-1.jpg 768w, https:\/\/zsipo5.poznan.pl\/wp-content\/uploads\/2025\/10\/IMG_1033-768x1024-1-225x300.jpg 225w\" sizes=\"(max-width: 768px) 100vw, 768px\" \/><button\n\t\t\tclass=\"lightbox-trigger\"\n\t\t\ttype=\"button\"\n\t\t\taria-haspopup=\"dialog\"\n\t\t\taria-label=\"Powi\u0119ksz\"\n\t\t\tdata-wp-init=\"callbacks.initTriggerButton\"\n\t\t\tdata-wp-on--click=\"actions.showLightbox\"\n\t\t\tdata-wp-style--right=\"state.imageButtonRight\"\n\t\t\tdata-wp-style--top=\"state.imageButtonTop\"\n\t\t>\n\t\t\t<svg xmlns=\"http:\/\/www.w3.org\/2000\/svg\" width=\"12\" height=\"12\" fill=\"none\" viewBox=\"0 0 12 12\">\n\t\t\t\t<path fill=\"#fff\" d=\"M2 0a2 2 0 0 0-2 2v2h1.5V2a.5.5 0 0 1 .5-.5h2V0H2Zm2 10.5H2a.5.5 0 0 1-.5-.5V8H0v2a2 2 0 0 0 2 2h2v-1.5ZM8 12v-1.5h2a.5.5 0 0 0 .5-.5V8H12v2a2 2 0 0 1-2 2H8Zm2-12a2 2 0 0 1 2 2v2h-1.5V2a.5.5 0 0 0-.5-.5H8V0h2Z\" \/>\n\t\t\t<\/svg>\n\t\t<\/button><\/figure>\n<\/figure>\n","protected":false},"excerpt":{"rendered":"<p>Tw\u00f3rczy tydzie\u0144 w naszej \u015bwietlicy W tym tygodniu w naszej \u015bwietlicy by\u0142o wyj\u0105tkowo kolorowo i kreatywnie! Dzieci wykonywa\u0142y r\u00f3\u017cnorodne prace plastyczne, rozwijaj\u0105c swoje zdolno\u015bci manualne oraz wyobra\u017ani\u0119. W\u015br\u00f3d naszych ma\u0142ych dzie\u0142 sztuki znalaz\u0142y si\u0119 je\u017ce z kasztan\u00f3w, urocze jesienne drzewka, weso\u0142e kotki i liski, a tak\u017ce pomys\u0142owe aparaty wykonane technik\u0105 origami. Nie zabrak\u0142o te\u017c wsp\u00f3lnych [&hellip;]<\/p>\n","protected":false},"author":12,"featured_media":0,"parent":0,"menu_order":0,"comment_status":"closed","ping_status":"closed","template":"","meta":{"footnotes":""},"class_list":["post-6300","page","type-page","status-publish","hentry"],"_links":{"self":[{"href":"https:\/\/zsipo5.poznan.pl\/index.php\/wp-json\/wp\/v2\/pages\/6300","targetHints":{"allow":["GET"]}}],"collection":[{"href":"https:\/\/zsipo5.poznan.pl\/index.php\/wp-json\/wp\/v2\/pages"}],"about":[{"href":"https:\/\/zsipo5.poznan.pl\/index.php\/wp-json\/wp\/v2\/types\/page"}],"author":[{"embeddable":true,"href":"https:\/\/zsipo5.poznan.pl\/index.php\/wp-json\/wp\/v2\/users\/12"}],"replies":[{"embeddable":true,"href":"https:\/\/zsipo5.poznan.pl\/index.php\/wp-json\/wp\/v2\/comments?post=6300"}],"version-history":[{"count":1,"href":"https:\/\/zsipo5.poznan.pl\/index.php\/wp-json\/wp\/v2\/pages\/6300\/revisions"}],"predecessor-version":[{"id":6314,"href":"https:\/\/zsipo5.poznan.pl\/index.php\/wp-json\/wp\/v2\/pages\/6300\/revisions\/6314"}],"wp:attachment":[{"href":"https:\/\/zsipo5.poznan.pl\/index.php\/wp-json\/wp\/v2\/media?parent=6300"}],"curies":[{"name":"wp","href":"https:\/\/api.w.org\/{rel}","templated":true}]}}