{"id":6271,"date":"2025-10-21T09:14:49","date_gmt":"2025-10-21T07:14:49","guid":{"rendered":"https:\/\/zsipo5.poznan.pl\/?page_id=6271"},"modified":"2025-10-21T09:14:49","modified_gmt":"2025-10-21T07:14:49","slug":"26-wrzesnia-2025","status":"publish","type":"page","link":"https:\/\/zsipo5.poznan.pl\/index.php\/26-wrzesnia-2025\/","title":{"rendered":"26 wrze\u015bnia 2025"},"content":{"rendered":"\n<p class=\"has-medium-font-size\">Jesienne inspiracje w naszej \u015bwietlicy<\/p>\n\n\n\n<p>W tym tygodniu w \u015bwietlicy szkolnej dzieci mia\u0142y okazj\u0119 po\u0142\u0105czy\u0107 nauk\u0119 i zabaw\u0119 w wyj\u0105tkowo kolorowy spos\u00f3b. Z okazji Mi\u0119dzynarodowego Dnia Jab\u0142ka przygotowali\u015bmy r\u00f3\u017cnorodne prace plastyczne \u2013 powsta\u0142y pi\u0119kne, czerwone jab\u0142uszka oraz urocze je\u017cyki, kt\u00f3re od razu wprowadzi\u0142y nas w jesienny nastr\u00f3j.<\/p>\n\n\n\n<p>Korzystaj\u0105c z ostatnich dni ciep\u0142ej pogody, sp\u0119dzali\u015bmy tak\u017ce czas na \u015bwie\u017cym powietrzu. By\u0142y zabawy ruchowe i wsp\u00f3lne gry, kt\u00f3re sprawi\u0142y wszystkim du\u017co rado\u015bci i pozwoli\u0142y cieszy\u0107 si\u0119 pi\u0119kn\u0105 jesienn\u0105 aur\u0105.<\/p>\n\n\n\n<p>Nasza \u015bwietlica powoli zmienia si\u0119 w kolorowy jesienny ogr\u00f3d pe\u0142en kreatywno\u015bci i u\u015bmiechu dzieci. <\/p>\n\n\n\n<p>Dzi\u0119kujemy wychowawcy \u015bwietlicy<\/p>\n\n\n\n<figure class=\"wp-block-gallery has-nested-images columns-default is-cropped wp-block-gallery-1 is-layout-flex wp-block-gallery-is-layout-flex\">\n<figure data-wp-context=\"{&quot;imageId&quot;:&quot;69fb3455c64dd&quot;}\" data-wp-interactive=\"core\/image\" data-wp-key=\"69fb3455c64dd\" class=\"wp-block-image size-large wp-lightbox-container\"><img fetchpriority=\"high\" decoding=\"async\" width=\"1024\" height=\"768\" data-wp-class--hide=\"state.isContentHidden\" data-wp-class--show=\"state.isContentVisible\" data-wp-init=\"callbacks.setButtonStyles\" data-wp-on--click=\"actions.showLightbox\" data-wp-on--load=\"callbacks.setButtonStyles\" data-wp-on-window--resize=\"callbacks.setButtonStyles\" data-id=\"6276\" src=\"https:\/\/zsipo5.poznan.pl\/wp-content\/uploads\/2025\/10\/att.C9-Zt7aVq59lif_ohINytFyXXfmUxbjuORkU7WvF68-1024x768-1.jpg\" alt=\"\" class=\"wp-image-6276\" srcset=\"https:\/\/zsipo5.poznan.pl\/wp-content\/uploads\/2025\/10\/att.C9-Zt7aVq59lif_ohINytFyXXfmUxbjuORkU7WvF68-1024x768-1.jpg 1024w, https:\/\/zsipo5.poznan.pl\/wp-content\/uploads\/2025\/10\/att.C9-Zt7aVq59lif_ohINytFyXXfmUxbjuORkU7WvF68-1024x768-1-300x225.jpg 300w, https:\/\/zsipo5.poznan.pl\/wp-content\/uploads\/2025\/10\/att.C9-Zt7aVq59lif_ohINytFyXXfmUxbjuORkU7WvF68-1024x768-1-768x576.jpg 768w\" sizes=\"(max-width: 1024px) 100vw, 1024px\" \/><button\n\t\t\tclass=\"lightbox-trigger\"\n\t\t\ttype=\"button\"\n\t\t\taria-haspopup=\"dialog\"\n\t\t\taria-label=\"Powi\u0119ksz\"\n\t\t\tdata-wp-init=\"callbacks.initTriggerButton\"\n\t\t\tdata-wp-on--click=\"actions.showLightbox\"\n\t\t\tdata-wp-style--right=\"state.imageButtonRight\"\n\t\t\tdata-wp-style--top=\"state.imageButtonTop\"\n\t\t>\n\t\t\t<svg xmlns=\"http:\/\/www.w3.org\/2000\/svg\" width=\"12\" height=\"12\" fill=\"none\" viewBox=\"0 0 12 12\">\n\t\t\t\t<path fill=\"#fff\" d=\"M2 0a2 2 0 0 0-2 2v2h1.5V2a.5.5 0 0 1 .5-.5h2V0H2Zm2 10.5H2a.5.5 0 0 1-.5-.5V8H0v2a2 2 0 0 0 2 2h2v-1.5ZM8 12v-1.5h2a.5.5 0 0 0 .5-.5V8H12v2a2 2 0 0 1-2 2H8Zm2-12a2 2 0 0 1 2 2v2h-1.5V2a.5.5 0 0 0-.5-.5H8V0h2Z\" \/>\n\t\t\t<\/svg>\n\t\t<\/button><\/figure>\n\n\n\n<figure data-wp-context=\"{&quot;imageId&quot;:&quot;69fb3455c6933&quot;}\" data-wp-interactive=\"core\/image\" data-wp-key=\"69fb3455c6933\" class=\"wp-block-image size-large wp-lightbox-container\"><img decoding=\"async\" width=\"768\" height=\"1024\" data-wp-class--hide=\"state.isContentHidden\" data-wp-class--show=\"state.isContentVisible\" data-wp-init=\"callbacks.setButtonStyles\" data-wp-on--click=\"actions.showLightbox\" data-wp-on--load=\"callbacks.setButtonStyles\" data-wp-on-window--resize=\"callbacks.setButtonStyles\" data-id=\"6272\" src=\"https:\/\/zsipo5.poznan.pl\/wp-content\/uploads\/2025\/10\/att.H40Grf6qXaC3tWLRoagtRVNQMqWk3d4kphrPJAJDY1M-768x1024-1.jpg\" alt=\"\" class=\"wp-image-6272\" srcset=\"https:\/\/zsipo5.poznan.pl\/wp-content\/uploads\/2025\/10\/att.H40Grf6qXaC3tWLRoagtRVNQMqWk3d4kphrPJAJDY1M-768x1024-1.jpg 768w, https:\/\/zsipo5.poznan.pl\/wp-content\/uploads\/2025\/10\/att.H40Grf6qXaC3tWLRoagtRVNQMqWk3d4kphrPJAJDY1M-768x1024-1-225x300.jpg 225w\" sizes=\"(max-width: 768px) 100vw, 768px\" \/><button\n\t\t\tclass=\"lightbox-trigger\"\n\t\t\ttype=\"button\"\n\t\t\taria-haspopup=\"dialog\"\n\t\t\taria-label=\"Powi\u0119ksz\"\n\t\t\tdata-wp-init=\"callbacks.initTriggerButton\"\n\t\t\tdata-wp-on--click=\"actions.showLightbox\"\n\t\t\tdata-wp-style--right=\"state.imageButtonRight\"\n\t\t\tdata-wp-style--top=\"state.imageButtonTop\"\n\t\t>\n\t\t\t<svg xmlns=\"http:\/\/www.w3.org\/2000\/svg\" width=\"12\" height=\"12\" fill=\"none\" viewBox=\"0 0 12 12\">\n\t\t\t\t<path fill=\"#fff\" d=\"M2 0a2 2 0 0 0-2 2v2h1.5V2a.5.5 0 0 1 .5-.5h2V0H2Zm2 10.5H2a.5.5 0 0 1-.5-.5V8H0v2a2 2 0 0 0 2 2h2v-1.5ZM8 12v-1.5h2a.5.5 0 0 0 .5-.5V8H12v2a2 2 0 0 1-2 2H8Zm2-12a2 2 0 0 1 2 2v2h-1.5V2a.5.5 0 0 0-.5-.5H8V0h2Z\" \/>\n\t\t\t<\/svg>\n\t\t<\/button><\/figure>\n\n\n\n<figure data-wp-context=\"{&quot;imageId&quot;:&quot;69fb3455c7033&quot;}\" data-wp-interactive=\"core\/image\" data-wp-key=\"69fb3455c7033\" class=\"wp-block-image size-large wp-lightbox-container\"><img decoding=\"async\" width=\"1024\" height=\"768\" data-wp-class--hide=\"state.isContentHidden\" data-wp-class--show=\"state.isContentVisible\" data-wp-init=\"callbacks.setButtonStyles\" data-wp-on--click=\"actions.showLightbox\" data-wp-on--load=\"callbacks.setButtonStyles\" data-wp-on-window--resize=\"callbacks.setButtonStyles\" data-id=\"6280\" src=\"https:\/\/zsipo5.poznan.pl\/wp-content\/uploads\/2025\/10\/att.m3N5I_tITFg9LHaMZHwBYMMtNxMkZV8yiDW5A-uE69Y-1024x768-1.jpg\" alt=\"\" class=\"wp-image-6280\" srcset=\"https:\/\/zsipo5.poznan.pl\/wp-content\/uploads\/2025\/10\/att.m3N5I_tITFg9LHaMZHwBYMMtNxMkZV8yiDW5A-uE69Y-1024x768-1.jpg 1024w, https:\/\/zsipo5.poznan.pl\/wp-content\/uploads\/2025\/10\/att.m3N5I_tITFg9LHaMZHwBYMMtNxMkZV8yiDW5A-uE69Y-1024x768-1-300x225.jpg 300w, https:\/\/zsipo5.poznan.pl\/wp-content\/uploads\/2025\/10\/att.m3N5I_tITFg9LHaMZHwBYMMtNxMkZV8yiDW5A-uE69Y-1024x768-1-768x576.jpg 768w\" sizes=\"(max-width: 1024px) 100vw, 1024px\" \/><button\n\t\t\tclass=\"lightbox-trigger\"\n\t\t\ttype=\"button\"\n\t\t\taria-haspopup=\"dialog\"\n\t\t\taria-label=\"Powi\u0119ksz\"\n\t\t\tdata-wp-init=\"callbacks.initTriggerButton\"\n\t\t\tdata-wp-on--click=\"actions.showLightbox\"\n\t\t\tdata-wp-style--right=\"state.imageButtonRight\"\n\t\t\tdata-wp-style--top=\"state.imageButtonTop\"\n\t\t>\n\t\t\t<svg xmlns=\"http:\/\/www.w3.org\/2000\/svg\" width=\"12\" height=\"12\" fill=\"none\" viewBox=\"0 0 12 12\">\n\t\t\t\t<path fill=\"#fff\" d=\"M2 0a2 2 0 0 0-2 2v2h1.5V2a.5.5 0 0 1 .5-.5h2V0H2Zm2 10.5H2a.5.5 0 0 1-.5-.5V8H0v2a2 2 0 0 0 2 2h2v-1.5ZM8 12v-1.5h2a.5.5 0 0 0 .5-.5V8H12v2a2 2 0 0 1-2 2H8Zm2-12a2 2 0 0 1 2 2v2h-1.5V2a.5.5 0 0 0-.5-.5H8V0h2Z\" \/>\n\t\t\t<\/svg>\n\t\t<\/button><\/figure>\n\n\n\n<figure data-wp-context=\"{&quot;imageId&quot;:&quot;69fb3455c746d&quot;}\" data-wp-interactive=\"core\/image\" data-wp-key=\"69fb3455c746d\" class=\"wp-block-image size-large wp-lightbox-container\"><img loading=\"lazy\" decoding=\"async\" width=\"1024\" height=\"768\" data-wp-class--hide=\"state.isContentHidden\" data-wp-class--show=\"state.isContentVisible\" data-wp-init=\"callbacks.setButtonStyles\" data-wp-on--click=\"actions.showLightbox\" data-wp-on--load=\"callbacks.setButtonStyles\" data-wp-on-window--resize=\"callbacks.setButtonStyles\" data-id=\"6273\" src=\"https:\/\/zsipo5.poznan.pl\/wp-content\/uploads\/2025\/10\/att.PrNEB7dM46arLLGXlct8cdGGyvIaspGsVlNOXw2osWA-1024x768-1.jpg\" alt=\"\" class=\"wp-image-6273\" srcset=\"https:\/\/zsipo5.poznan.pl\/wp-content\/uploads\/2025\/10\/att.PrNEB7dM46arLLGXlct8cdGGyvIaspGsVlNOXw2osWA-1024x768-1.jpg 1024w, https:\/\/zsipo5.poznan.pl\/wp-content\/uploads\/2025\/10\/att.PrNEB7dM46arLLGXlct8cdGGyvIaspGsVlNOXw2osWA-1024x768-1-300x225.jpg 300w, https:\/\/zsipo5.poznan.pl\/wp-content\/uploads\/2025\/10\/att.PrNEB7dM46arLLGXlct8cdGGyvIaspGsVlNOXw2osWA-1024x768-1-768x576.jpg 768w\" sizes=\"(max-width: 1024px) 100vw, 1024px\" \/><button\n\t\t\tclass=\"lightbox-trigger\"\n\t\t\ttype=\"button\"\n\t\t\taria-haspopup=\"dialog\"\n\t\t\taria-label=\"Powi\u0119ksz\"\n\t\t\tdata-wp-init=\"callbacks.initTriggerButton\"\n\t\t\tdata-wp-on--click=\"actions.showLightbox\"\n\t\t\tdata-wp-style--right=\"state.imageButtonRight\"\n\t\t\tdata-wp-style--top=\"state.imageButtonTop\"\n\t\t>\n\t\t\t<svg xmlns=\"http:\/\/www.w3.org\/2000\/svg\" width=\"12\" height=\"12\" fill=\"none\" viewBox=\"0 0 12 12\">\n\t\t\t\t<path fill=\"#fff\" d=\"M2 0a2 2 0 0 0-2 2v2h1.5V2a.5.5 0 0 1 .5-.5h2V0H2Zm2 10.5H2a.5.5 0 0 1-.5-.5V8H0v2a2 2 0 0 0 2 2h2v-1.5ZM8 12v-1.5h2a.5.5 0 0 0 .5-.5V8H12v2a2 2 0 0 1-2 2H8Zm2-12a2 2 0 0 1 2 2v2h-1.5V2a.5.5 0 0 0-.5-.5H8V0h2Z\" \/>\n\t\t\t<\/svg>\n\t\t<\/button><\/figure>\n\n\n\n<figure data-wp-context=\"{&quot;imageId&quot;:&quot;69fb3455c77b0&quot;}\" data-wp-interactive=\"core\/image\" data-wp-key=\"69fb3455c77b0\" class=\"wp-block-image size-large wp-lightbox-container\"><img loading=\"lazy\" decoding=\"async\" width=\"768\" height=\"1024\" data-wp-class--hide=\"state.isContentHidden\" data-wp-class--show=\"state.isContentVisible\" data-wp-init=\"callbacks.setButtonStyles\" data-wp-on--click=\"actions.showLightbox\" data-wp-on--load=\"callbacks.setButtonStyles\" data-wp-on-window--resize=\"callbacks.setButtonStyles\" data-id=\"6274\" src=\"https:\/\/zsipo5.poznan.pl\/wp-content\/uploads\/2025\/10\/IMG_0668-768x1024-1.jpg\" alt=\"\" class=\"wp-image-6274\" srcset=\"https:\/\/zsipo5.poznan.pl\/wp-content\/uploads\/2025\/10\/IMG_0668-768x1024-1.jpg 768w, https:\/\/zsipo5.poznan.pl\/wp-content\/uploads\/2025\/10\/IMG_0668-768x1024-1-225x300.jpg 225w\" sizes=\"(max-width: 768px) 100vw, 768px\" \/><button\n\t\t\tclass=\"lightbox-trigger\"\n\t\t\ttype=\"button\"\n\t\t\taria-haspopup=\"dialog\"\n\t\t\taria-label=\"Powi\u0119ksz\"\n\t\t\tdata-wp-init=\"callbacks.initTriggerButton\"\n\t\t\tdata-wp-on--click=\"actions.showLightbox\"\n\t\t\tdata-wp-style--right=\"state.imageButtonRight\"\n\t\t\tdata-wp-style--top=\"state.imageButtonTop\"\n\t\t>\n\t\t\t<svg xmlns=\"http:\/\/www.w3.org\/2000\/svg\" width=\"12\" height=\"12\" fill=\"none\" viewBox=\"0 0 12 12\">\n\t\t\t\t<path fill=\"#fff\" d=\"M2 0a2 2 0 0 0-2 2v2h1.5V2a.5.5 0 0 1 .5-.5h2V0H2Zm2 10.5H2a.5.5 0 0 1-.5-.5V8H0v2a2 2 0 0 0 2 2h2v-1.5ZM8 12v-1.5h2a.5.5 0 0 0 .5-.5V8H12v2a2 2 0 0 1-2 2H8Zm2-12a2 2 0 0 1 2 2v2h-1.5V2a.5.5 0 0 0-.5-.5H8V0h2Z\" \/>\n\t\t\t<\/svg>\n\t\t<\/button><\/figure>\n\n\n\n<figure data-wp-context=\"{&quot;imageId&quot;:&quot;69fb3455c7b16&quot;}\" data-wp-interactive=\"core\/image\" data-wp-key=\"69fb3455c7b16\" class=\"wp-block-image size-large wp-lightbox-container\"><img loading=\"lazy\" decoding=\"async\" width=\"768\" height=\"1024\" data-wp-class--hide=\"state.isContentHidden\" data-wp-class--show=\"state.isContentVisible\" data-wp-init=\"callbacks.setButtonStyles\" data-wp-on--click=\"actions.showLightbox\" data-wp-on--load=\"callbacks.setButtonStyles\" data-wp-on-window--resize=\"callbacks.setButtonStyles\" data-id=\"6277\" src=\"https:\/\/zsipo5.poznan.pl\/wp-content\/uploads\/2025\/10\/IMG_0678-768x1024-1.jpg\" alt=\"\" class=\"wp-image-6277\" srcset=\"https:\/\/zsipo5.poznan.pl\/wp-content\/uploads\/2025\/10\/IMG_0678-768x1024-1.jpg 768w, https:\/\/zsipo5.poznan.pl\/wp-content\/uploads\/2025\/10\/IMG_0678-768x1024-1-225x300.jpg 225w\" sizes=\"(max-width: 768px) 100vw, 768px\" \/><button\n\t\t\tclass=\"lightbox-trigger\"\n\t\t\ttype=\"button\"\n\t\t\taria-haspopup=\"dialog\"\n\t\t\taria-label=\"Powi\u0119ksz\"\n\t\t\tdata-wp-init=\"callbacks.initTriggerButton\"\n\t\t\tdata-wp-on--click=\"actions.showLightbox\"\n\t\t\tdata-wp-style--right=\"state.imageButtonRight\"\n\t\t\tdata-wp-style--top=\"state.imageButtonTop\"\n\t\t>\n\t\t\t<svg xmlns=\"http:\/\/www.w3.org\/2000\/svg\" width=\"12\" height=\"12\" fill=\"none\" viewBox=\"0 0 12 12\">\n\t\t\t\t<path fill=\"#fff\" d=\"M2 0a2 2 0 0 0-2 2v2h1.5V2a.5.5 0 0 1 .5-.5h2V0H2Zm2 10.5H2a.5.5 0 0 1-.5-.5V8H0v2a2 2 0 0 0 2 2h2v-1.5ZM8 12v-1.5h2a.5.5 0 0 0 .5-.5V8H12v2a2 2 0 0 1-2 2H8Zm2-12a2 2 0 0 1 2 2v2h-1.5V2a.5.5 0 0 0-.5-.5H8V0h2Z\" \/>\n\t\t\t<\/svg>\n\t\t<\/button><\/figure>\n\n\n\n<figure data-wp-context=\"{&quot;imageId&quot;:&quot;69fb3455c7e62&quot;}\" data-wp-interactive=\"core\/image\" data-wp-key=\"69fb3455c7e62\" class=\"wp-block-image size-large wp-lightbox-container\"><img loading=\"lazy\" decoding=\"async\" width=\"768\" height=\"1024\" data-wp-class--hide=\"state.isContentHidden\" data-wp-class--show=\"state.isContentVisible\" data-wp-init=\"callbacks.setButtonStyles\" data-wp-on--click=\"actions.showLightbox\" data-wp-on--load=\"callbacks.setButtonStyles\" data-wp-on-window--resize=\"callbacks.setButtonStyles\" data-id=\"6278\" src=\"https:\/\/zsipo5.poznan.pl\/wp-content\/uploads\/2025\/10\/IMG_0679-768x1024-1.jpg\" alt=\"\" class=\"wp-image-6278\" srcset=\"https:\/\/zsipo5.poznan.pl\/wp-content\/uploads\/2025\/10\/IMG_0679-768x1024-1.jpg 768w, https:\/\/zsipo5.poznan.pl\/wp-content\/uploads\/2025\/10\/IMG_0679-768x1024-1-225x300.jpg 225w\" sizes=\"(max-width: 768px) 100vw, 768px\" \/><button\n\t\t\tclass=\"lightbox-trigger\"\n\t\t\ttype=\"button\"\n\t\t\taria-haspopup=\"dialog\"\n\t\t\taria-label=\"Powi\u0119ksz\"\n\t\t\tdata-wp-init=\"callbacks.initTriggerButton\"\n\t\t\tdata-wp-on--click=\"actions.showLightbox\"\n\t\t\tdata-wp-style--right=\"state.imageButtonRight\"\n\t\t\tdata-wp-style--top=\"state.imageButtonTop\"\n\t\t>\n\t\t\t<svg xmlns=\"http:\/\/www.w3.org\/2000\/svg\" width=\"12\" height=\"12\" fill=\"none\" viewBox=\"0 0 12 12\">\n\t\t\t\t<path fill=\"#fff\" d=\"M2 0a2 2 0 0 0-2 2v2h1.5V2a.5.5 0 0 1 .5-.5h2V0H2Zm2 10.5H2a.5.5 0 0 1-.5-.5V8H0v2a2 2 0 0 0 2 2h2v-1.5ZM8 12v-1.5h2a.5.5 0 0 0 .5-.5V8H12v2a2 2 0 0 1-2 2H8Zm2-12a2 2 0 0 1 2 2v2h-1.5V2a.5.5 0 0 0-.5-.5H8V0h2Z\" \/>\n\t\t\t<\/svg>\n\t\t<\/button><\/figure>\n\n\n\n<figure data-wp-context=\"{&quot;imageId&quot;:&quot;69fb3455c81ad&quot;}\" data-wp-interactive=\"core\/image\" data-wp-key=\"69fb3455c81ad\" class=\"wp-block-image size-large wp-lightbox-container\"><img loading=\"lazy\" decoding=\"async\" width=\"768\" height=\"1024\" data-wp-class--hide=\"state.isContentHidden\" data-wp-class--show=\"state.isContentVisible\" data-wp-init=\"callbacks.setButtonStyles\" data-wp-on--click=\"actions.showLightbox\" data-wp-on--load=\"callbacks.setButtonStyles\" data-wp-on-window--resize=\"callbacks.setButtonStyles\" data-id=\"6279\" src=\"https:\/\/zsipo5.poznan.pl\/wp-content\/uploads\/2025\/10\/IMG_0691-768x1024-1.jpg\" alt=\"\" class=\"wp-image-6279\" srcset=\"https:\/\/zsipo5.poznan.pl\/wp-content\/uploads\/2025\/10\/IMG_0691-768x1024-1.jpg 768w, https:\/\/zsipo5.poznan.pl\/wp-content\/uploads\/2025\/10\/IMG_0691-768x1024-1-225x300.jpg 225w\" sizes=\"(max-width: 768px) 100vw, 768px\" \/><button\n\t\t\tclass=\"lightbox-trigger\"\n\t\t\ttype=\"button\"\n\t\t\taria-haspopup=\"dialog\"\n\t\t\taria-label=\"Powi\u0119ksz\"\n\t\t\tdata-wp-init=\"callbacks.initTriggerButton\"\n\t\t\tdata-wp-on--click=\"actions.showLightbox\"\n\t\t\tdata-wp-style--right=\"state.imageButtonRight\"\n\t\t\tdata-wp-style--top=\"state.imageButtonTop\"\n\t\t>\n\t\t\t<svg xmlns=\"http:\/\/www.w3.org\/2000\/svg\" width=\"12\" height=\"12\" fill=\"none\" viewBox=\"0 0 12 12\">\n\t\t\t\t<path fill=\"#fff\" d=\"M2 0a2 2 0 0 0-2 2v2h1.5V2a.5.5 0 0 1 .5-.5h2V0H2Zm2 10.5H2a.5.5 0 0 1-.5-.5V8H0v2a2 2 0 0 0 2 2h2v-1.5ZM8 12v-1.5h2a.5.5 0 0 0 .5-.5V8H12v2a2 2 0 0 1-2 2H8Zm2-12a2 2 0 0 1 2 2v2h-1.5V2a.5.5 0 0 0-.5-.5H8V0h2Z\" \/>\n\t\t\t<\/svg>\n\t\t<\/button><\/figure>\n\n\n\n<figure data-wp-context=\"{&quot;imageId&quot;:&quot;69fb3455c8507&quot;}\" data-wp-interactive=\"core\/image\" data-wp-key=\"69fb3455c8507\" class=\"wp-block-image size-large wp-lightbox-container\"><img loading=\"lazy\" decoding=\"async\" width=\"1024\" height=\"768\" data-wp-class--hide=\"state.isContentHidden\" data-wp-class--show=\"state.isContentVisible\" data-wp-init=\"callbacks.setButtonStyles\" data-wp-on--click=\"actions.showLightbox\" data-wp-on--load=\"callbacks.setButtonStyles\" data-wp-on-window--resize=\"callbacks.setButtonStyles\" data-id=\"6275\" src=\"https:\/\/zsipo5.poznan.pl\/wp-content\/uploads\/2025\/10\/IMG_0696-1024x768-1.jpg\" alt=\"\" class=\"wp-image-6275\" srcset=\"https:\/\/zsipo5.poznan.pl\/wp-content\/uploads\/2025\/10\/IMG_0696-1024x768-1.jpg 1024w, https:\/\/zsipo5.poznan.pl\/wp-content\/uploads\/2025\/10\/IMG_0696-1024x768-1-300x225.jpg 300w, https:\/\/zsipo5.poznan.pl\/wp-content\/uploads\/2025\/10\/IMG_0696-1024x768-1-768x576.jpg 768w\" sizes=\"(max-width: 1024px) 100vw, 1024px\" \/><button\n\t\t\tclass=\"lightbox-trigger\"\n\t\t\ttype=\"button\"\n\t\t\taria-haspopup=\"dialog\"\n\t\t\taria-label=\"Powi\u0119ksz\"\n\t\t\tdata-wp-init=\"callbacks.initTriggerButton\"\n\t\t\tdata-wp-on--click=\"actions.showLightbox\"\n\t\t\tdata-wp-style--right=\"state.imageButtonRight\"\n\t\t\tdata-wp-style--top=\"state.imageButtonTop\"\n\t\t>\n\t\t\t<svg xmlns=\"http:\/\/www.w3.org\/2000\/svg\" width=\"12\" height=\"12\" fill=\"none\" viewBox=\"0 0 12 12\">\n\t\t\t\t<path fill=\"#fff\" d=\"M2 0a2 2 0 0 0-2 2v2h1.5V2a.5.5 0 0 1 .5-.5h2V0H2Zm2 10.5H2a.5.5 0 0 1-.5-.5V8H0v2a2 2 0 0 0 2 2h2v-1.5ZM8 12v-1.5h2a.5.5 0 0 0 .5-.5V8H12v2a2 2 0 0 1-2 2H8Zm2-12a2 2 0 0 1 2 2v2h-1.5V2a.5.5 0 0 0-.5-.5H8V0h2Z\" \/>\n\t\t\t<\/svg>\n\t\t<\/button><\/figure>\n<\/figure>\n","protected":false},"excerpt":{"rendered":"<p>Jesienne inspiracje w naszej \u015bwietlicy W tym tygodniu w \u015bwietlicy szkolnej dzieci mia\u0142y okazj\u0119 po\u0142\u0105czy\u0107 nauk\u0119 i zabaw\u0119 w wyj\u0105tkowo kolorowy spos\u00f3b. Z okazji Mi\u0119dzynarodowego Dnia Jab\u0142ka przygotowali\u015bmy r\u00f3\u017cnorodne prace plastyczne \u2013 powsta\u0142y pi\u0119kne, czerwone jab\u0142uszka oraz urocze je\u017cyki, kt\u00f3re od razu wprowadzi\u0142y nas w jesienny nastr\u00f3j. Korzystaj\u0105c z ostatnich dni ciep\u0142ej pogody, sp\u0119dzali\u015bmy tak\u017ce [&hellip;]<\/p>\n","protected":false},"author":12,"featured_media":0,"parent":0,"menu_order":0,"comment_status":"closed","ping_status":"closed","template":"","meta":{"footnotes":""},"class_list":["post-6271","page","type-page","status-publish","hentry"],"_links":{"self":[{"href":"https:\/\/zsipo5.poznan.pl\/index.php\/wp-json\/wp\/v2\/pages\/6271","targetHints":{"allow":["GET"]}}],"collection":[{"href":"https:\/\/zsipo5.poznan.pl\/index.php\/wp-json\/wp\/v2\/pages"}],"about":[{"href":"https:\/\/zsipo5.poznan.pl\/index.php\/wp-json\/wp\/v2\/types\/page"}],"author":[{"embeddable":true,"href":"https:\/\/zsipo5.poznan.pl\/index.php\/wp-json\/wp\/v2\/users\/12"}],"replies":[{"embeddable":true,"href":"https:\/\/zsipo5.poznan.pl\/index.php\/wp-json\/wp\/v2\/comments?post=6271"}],"version-history":[{"count":1,"href":"https:\/\/zsipo5.poznan.pl\/index.php\/wp-json\/wp\/v2\/pages\/6271\/revisions"}],"predecessor-version":[{"id":6281,"href":"https:\/\/zsipo5.poznan.pl\/index.php\/wp-json\/wp\/v2\/pages\/6271\/revisions\/6281"}],"wp:attachment":[{"href":"https:\/\/zsipo5.poznan.pl\/index.php\/wp-json\/wp\/v2\/media?parent=6271"}],"curies":[{"name":"wp","href":"https:\/\/api.w.org\/{rel}","templated":true}]}}