{"id":5790,"date":"2025-10-06T19:51:05","date_gmt":"2025-10-06T17:51:05","guid":{"rendered":"https:\/\/zsipo5.poznan.pl\/?page_id=5790"},"modified":"2025-10-09T17:14:40","modified_gmt":"2025-10-09T15:14:40","slug":"przeciwdzialanie-przemocy-rowiesniczej","status":"publish","type":"page","link":"https:\/\/zsipo5.poznan.pl\/index.php\/przeciwdzialanie-przemocy-rowiesniczej\/","title":{"rendered":"Przeciwdzia\u0142anie Przemocy R\u00f3wie\u015bniczej"},"content":{"rendered":"\n<figure class=\"wp-block-image aligncenter size-full\"><img fetchpriority=\"high\" decoding=\"async\" width=\"451\" height=\"589\" src=\"https:\/\/zsipo5.poznan.pl\/wp-content\/uploads\/2025\/10\/Plakat-1.png\" alt=\"\" class=\"wp-image-5928\" srcset=\"https:\/\/zsipo5.poznan.pl\/wp-content\/uploads\/2025\/10\/Plakat-1.png 451w, https:\/\/zsipo5.poznan.pl\/wp-content\/uploads\/2025\/10\/Plakat-1-230x300.png 230w\" sizes=\"(max-width: 451px) 100vw, 451px\" \/><\/figure>\n\n\n\n<p class=\"has-large-font-size\"><strong>Z okazji Tygodnia Przeciwdzia\u0142ania Przemocy zach\u0119camy rodzic\u00f3w i uczni\u00f3w do zapoznania si\u0119 z materia\u0142ami psychoedukacyjnymi<\/strong><\/p>\n\n\n\n<p class=\"has-medium-font-size\"><strong>Wskaz\u00f3wki i informacje co zrobi\u0107, \u017ceby pom\u00f3c gdy podejrzewasz, \u017ce twojemu dziecku dzieje si\u0119 krzywda:<\/strong><\/p>\n\n\n\n<div class=\"wp-block-file\"><a id=\"wp-block-file--media-764edd87-f7ff-4bc0-b25c-4f281134209f\" href=\"https:\/\/zsipo5.poznan.pl\/wp-content\/uploads\/2025\/10\/Sciezka-pomocy-dla-rodzica-1.pdf\">Sciezka-pomocy-dla-rodzica<\/a><\/div>\n\n\n\n<p class=\"has-medium-font-size\"><strong>Ebooki:\u00a0\u00a0<\/strong><\/p>\n\n\n\n<div class=\"wp-block-file\"><a id=\"wp-block-file--media-87e9c7cb-d0b4-44e6-9666-f3c352785a8a\" href=\"https:\/\/zsipo5.poznan.pl\/wp-content\/uploads\/2025\/10\/Bullying-jak-go-okreslic-DZIECI-WIEK-12-18-1.pdf\">Bullying-jak-go-okreslic-DZIECI-WIEK-12-18<\/a><\/div>\n\n\n\n<div class=\"wp-block-file\"><a id=\"wp-block-file--media-31042c15-01c9-4c45-b768-5639a67e74bf\" href=\"https:\/\/zsipo5.poznan.pl\/wp-content\/uploads\/2025\/10\/Dlaczego-czujesz-to-co-czujesz-ebook-dla-nastolatkow-14-18-lat-1.pdf\">Dlaczego-czujesz-to-co-czujesz-ebook-dla-nastolatkow-14-18-lat<\/a><\/div>\n\n\n\n<div class=\"wp-block-file\"><a id=\"wp-block-file--media-47014fcd-974a-4657-82c9-b4e5f7559dae\" href=\"https:\/\/zsipo5.poznan.pl\/wp-content\/uploads\/2025\/10\/EBOOK-Sila-wiezi-rodzinnych-dla-rodzicow-dzieci-w-wieku-5-12-1.pdf\">EBOOK-Sila-wiezi-rodzinnych-dla-rodzicow-dzieci-w-wieku-5-12<\/a><\/div>\n\n\n\n<div class=\"wp-block-file\"><a id=\"wp-block-file--media-c6789f47-c6b1-4ceb-b2c8-a0f46771a97d\" href=\"https:\/\/zsipo5.poznan.pl\/wp-content\/uploads\/2025\/10\/School-vibes-codziennosc-szkolna-ebook-dla-dzieci-14-18-lat-1.pdf\">School-vibes-codziennosc-szkolna-ebook-dla-dzieci-14-18-lat<\/a><\/div>\n\n\n\n<div class=\"wp-block-file\"><a id=\"wp-block-file--media-7595e4ec-c9d7-42ca-bdfa-35adad77a1b0\" href=\"https:\/\/zsipo5.poznan.pl\/wp-content\/uploads\/2025\/10\/Stres-BROSZURA-dla-dzieci-wiek-13-18-1.pdf\">Stres-BROSZURA-dla-dzieci-wiek-13-18<\/a><\/div>\n\n\n\n<div class=\"wp-block-file\"><a id=\"wp-block-file--media-260ae9cd-d1e7-4330-bce7-786b4cb6ea2a\" href=\"https:\/\/zsipo5.poznan.pl\/wp-content\/uploads\/2025\/10\/Sztuka-komunikacji-ebook-dla-dzieci-wiek-12-18-1.pdf\">Sztuka-komunikacji-ebook-dla-dzieci-wiek-12-18<\/a><\/div>\n\n\n\n<div class=\"wp-block-file\"><a id=\"wp-block-file--media-9bb9ccc8-b6d5-4f9f-ad22-c8c15afe383e\" href=\"https:\/\/zsipo5.poznan.pl\/wp-content\/uploads\/2025\/10\/Techniki-radzenia-sobie-z-trudnymi-emocjami-dla-nastolatkow-12-18-lat-1.pdf\">Techniki-radzenia-sobie-z-trudnymi-emocjami-dla-nastolatkow-12-18-lat<\/a><\/div>\n\n\n\n<p class=\"has-medium-font-size\"><strong>Darmowe webinary dla rodzic\u00f3w:<\/strong><\/p>\n\n\n\n<p><strong>Webinar: Przemoc w internecie zostawia niewidzialne rany<\/strong><\/p>\n\n\n\n<figure class=\"wp-block-embed is-type-video is-provider-youtube wp-block-embed-youtube wp-embed-aspect-16-9 wp-has-aspect-ratio\"><div class=\"wp-block-embed__wrapper\">\n<iframe title=\"Webinar: Przemoc w internecie zostawia niewidzialne rany\" width=\"800\" height=\"450\" src=\"https:\/\/www.youtube.com\/embed\/OLB6RpnA_eU?feature=oembed\" frameborder=\"0\" allow=\"accelerometer; autoplay; clipboard-write; encrypted-media; gyroscope; picture-in-picture; web-share\" referrerpolicy=\"strict-origin-when-cross-origin\" allowfullscreen><\/iframe>\n<\/div><\/figure>\n\n\n\n<p><strong>Przemoc r\u00f3wie\u015bnicza \u2013 jak zadba\u0107 o dziecko? Webinar dla rodzic\u00f3w i pedagog\u00f3w.<\/strong><\/p>\n\n\n\n<figure class=\"wp-block-embed is-type-video is-provider-youtube wp-block-embed-youtube wp-embed-aspect-16-9 wp-has-aspect-ratio\"><div class=\"wp-block-embed__wrapper\">\n<iframe title=\"Przemoc ro\u0301wies\u0301nicza - jak zadbac\u0301 o dziecko? Webinar dla rodzic\u00f3w i pedagog\u00f3w.\" width=\"800\" height=\"450\" src=\"https:\/\/www.youtube.com\/embed\/SanYdXJbJLo?feature=oembed\" frameborder=\"0\" allow=\"accelerometer; autoplay; clipboard-write; encrypted-media; gyroscope; picture-in-picture; web-share\" referrerpolicy=\"strict-origin-when-cross-origin\" allowfullscreen><\/iframe>\n<\/div><\/figure>\n\n\n\n<p><strong>Webinar RPD \u2013 Dziecko w centrum pomocy. Jak skutecznie reagowa\u0107 na przemoc wobec dzieci<\/strong><\/p>\n\n\n\n<figure class=\"wp-block-embed is-type-video is-provider-youtube wp-block-embed-youtube wp-embed-aspect-16-9 wp-has-aspect-ratio\"><div class=\"wp-block-embed__wrapper\">\n<iframe title=\"Webinar RPD - Dziecko w centrum pomocy. Jak skutecznie reagowa\u0107 na przemoc wobec dzieci\" width=\"800\" height=\"450\" src=\"https:\/\/www.youtube.com\/embed\/vI0Q2maVSWo?feature=oembed\" frameborder=\"0\" allow=\"accelerometer; autoplay; clipboard-write; encrypted-media; gyroscope; picture-in-picture; web-share\" referrerpolicy=\"strict-origin-when-cross-origin\" allowfullscreen><\/iframe>\n<\/div><\/figure>\n","protected":false},"excerpt":{"rendered":"<p>Z okazji Tygodnia Przeciwdzia\u0142ania Przemocy zach\u0119camy rodzic\u00f3w i uczni\u00f3w do zapoznania si\u0119 z materia\u0142ami psychoedukacyjnymi Wskaz\u00f3wki i informacje co zrobi\u0107, \u017ceby pom\u00f3c gdy podejrzewasz, \u017ce twojemu dziecku dzieje si\u0119 krzywda: Ebooki:\u00a0\u00a0 Darmowe webinary dla rodzic\u00f3w: Webinar: Przemoc w internecie zostawia niewidzialne rany Przemoc r\u00f3wie\u015bnicza \u2013 jak zadba\u0107 o dziecko? Webinar dla rodzic\u00f3w i pedagog\u00f3w. Webinar [&hellip;]<\/p>\n","protected":false},"author":12,"featured_media":0,"parent":0,"menu_order":0,"comment_status":"closed","ping_status":"closed","template":"","meta":{"footnotes":""},"class_list":["post-5790","page","type-page","status-publish","hentry"],"_links":{"self":[{"href":"https:\/\/zsipo5.poznan.pl\/index.php\/wp-json\/wp\/v2\/pages\/5790","targetHints":{"allow":["GET"]}}],"collection":[{"href":"https:\/\/zsipo5.poznan.pl\/index.php\/wp-json\/wp\/v2\/pages"}],"about":[{"href":"https:\/\/zsipo5.poznan.pl\/index.php\/wp-json\/wp\/v2\/types\/page"}],"author":[{"embeddable":true,"href":"https:\/\/zsipo5.poznan.pl\/index.php\/wp-json\/wp\/v2\/users\/12"}],"replies":[{"embeddable":true,"href":"https:\/\/zsipo5.poznan.pl\/index.php\/wp-json\/wp\/v2\/comments?post=5790"}],"version-history":[{"count":3,"href":"https:\/\/zsipo5.poznan.pl\/index.php\/wp-json\/wp\/v2\/pages\/5790\/revisions"}],"predecessor-version":[{"id":5938,"href":"https:\/\/zsipo5.poznan.pl\/index.php\/wp-json\/wp\/v2\/pages\/5790\/revisions\/5938"}],"wp:attachment":[{"href":"https:\/\/zsipo5.poznan.pl\/index.php\/wp-json\/wp\/v2\/media?parent=5790"}],"curies":[{"name":"wp","href":"https:\/\/api.w.org\/{rel}","templated":true}]}}