{"id":47,"date":"2021-06-23T08:07:32","date_gmt":"2021-06-23T06:07:32","guid":{"rendered":"http:\/\/gluszyna.openworld24.pl\/?page_id=47"},"modified":"2025-10-13T14:02:17","modified_gmt":"2025-10-13T12:02:17","slug":"biblioteka","status":"publish","type":"page","link":"https:\/\/zsipo5.poznan.pl\/index.php\/biblioteka\/","title":{"rendered":"Biblioteka"},"content":{"rendered":"\n<p class=\"has-text-align-center\"><a href=\"https:\/\/padlet.com\/beatamachowiak1\/nxntgqu8f9wznjpb\" target=\"_blank\" rel=\"noreferrer noopener\">Blog biblioteki<\/a><\/p>\n\n\n\n<p class=\"has-text-align-center\"><a href=\"https:\/\/zsipo5.poznan.pl\/index.php\/biblioteka\/regulamin-wypozyczen-podrecznikow\/\">Regulamin wypo\u017cycze\u0144 podr\u0119cznik\u00f3w<\/a><\/p>\n\n\n\n<p class=\"has-text-align-center\"><a href=\"https:\/\/zsipo5.poznan.pl\/index.php\/biblioteka\/biblioteka-w-statucie-szkoly\/\">Biblioteka <\/a><a href=\"https:\/\/zsipo5.poznan.pl\/index.php\/biblioteka\/biblioteka-w-statucie-szkoly\/\" target=\"_blank\" rel=\"noreferrer noopener\">w statucie szko\u0142y<\/a><\/p>\n\n\n\n<p class=\"has-text-align-center\"><a href=\"https:\/\/zsipo5.poznan.pl\/index.php\/biblioteka\/lektury-1-3\/\" target=\"_blank\" rel=\"noreferrer noopener\">Lektury klasy 1-3<\/a><\/p>\n\n\n\n<p class=\"has-text-align-center\"><a href=\"https:\/\/zsipo5.poznan.pl\/index.php\/biblioteka\/lektury-klasy-4-6\/\" target=\"_blank\" rel=\"noreferrer noopener\">Lektury klasy 4-6<\/a><\/p>\n\n\n\n<p class=\"has-text-align-center\"><a href=\"https:\/\/zsipo5.poznan.pl\/index.php\/biblioteka\/lektury-klasy-7-8\/\" target=\"_blank\" rel=\"noreferrer noopener\">Lektury klasy 7-8<\/a><\/p>\n\n\n\n<div class=\"wp-block-file aligncenter\" style=\"margin-top:0;margin-right:0;margin-bottom:0;margin-left:0;padding-top:0;padding-right:0;padding-bottom:0;padding-left:0\"><a id=\"wp-block-file--media-8954919d-c1d1-49c4-bac0-49f3e07262af\" href=\"https:\/\/zsipo5.poznan.pl\/wp-content\/uploads\/2025\/09\/Podreczniki-2025-2026.docx\">Podr\u0119czniki 2025-2026<\/a><\/div>\n\n\n\n<p class=\"has-medium-font-size\"><\/p>\n","protected":false},"excerpt":{"rendered":"<p>Blog biblioteki Regulamin wypo\u017cycze\u0144 podr\u0119cznik\u00f3w Biblioteka w statucie szko\u0142y Lektury klasy 1-3 Lektury klasy 4-6 Lektury klasy 7-8<\/p>\n","protected":false},"author":1,"featured_media":0,"parent":0,"menu_order":0,"comment_status":"closed","ping_status":"closed","template":"","meta":{"footnotes":""},"class_list":["post-47","page","type-page","status-publish","hentry"],"_links":{"self":[{"href":"https:\/\/zsipo5.poznan.pl\/index.php\/wp-json\/wp\/v2\/pages\/47","targetHints":{"allow":["GET"]}}],"collection":[{"href":"https:\/\/zsipo5.poznan.pl\/index.php\/wp-json\/wp\/v2\/pages"}],"about":[{"href":"https:\/\/zsipo5.poznan.pl\/index.php\/wp-json\/wp\/v2\/types\/page"}],"author":[{"embeddable":true,"href":"https:\/\/zsipo5.poznan.pl\/index.php\/wp-json\/wp\/v2\/users\/1"}],"replies":[{"embeddable":true,"href":"https:\/\/zsipo5.poznan.pl\/index.php\/wp-json\/wp\/v2\/comments?post=47"}],"version-history":[{"count":15,"href":"https:\/\/zsipo5.poznan.pl\/index.php\/wp-json\/wp\/v2\/pages\/47\/revisions"}],"predecessor-version":[{"id":6202,"href":"https:\/\/zsipo5.poznan.pl\/index.php\/wp-json\/wp\/v2\/pages\/47\/revisions\/6202"}],"wp:attachment":[{"href":"https:\/\/zsipo5.poznan.pl\/index.php\/wp-json\/wp\/v2\/media?parent=47"}],"curies":[{"name":"wp","href":"https:\/\/api.w.org\/{rel}","templated":true}]}}