{"id":4652,"date":"2025-03-13T21:14:48","date_gmt":"2025-03-13T20:14:48","guid":{"rendered":"https:\/\/zsipo5.poznan.pl\/?page_id=4652"},"modified":"2026-03-31T22:27:49","modified_gmt":"2026-03-31T20:27:49","slug":"dostepnosc-2","status":"publish","type":"page","link":"https:\/\/zsipo5.poznan.pl\/index.php\/dostepnosc-2\/","title":{"rendered":"Dost\u0119pno\u015b\u0107"},"content":{"rendered":"\n<h1>Deklaracja dost\u0119pno\u015bci<\/h1><section id=\"a11y-wstep\">\n<p><span id=\"a11y-podmiot\">Zesp\u00f3\u0142 Szk\u00f3\u0142 i Plac\u00f3wek O\u015bwiatowych nr 5 w Poznaniu<\/span>  zobowi\u0105zuje si\u0119 zapewni\u0107 dost\u0119pno\u015b\u0107 swojej <span id=\"a11y-zakres\">strony internetowej<\/span> zgodnie z ustaw\u0105 z dnia 4 kwietnia 2019 r. o dost\u0119pno\u015bci cyfrowej stron internetowych i aplikacji mobilnych podmiot\u00f3w publicznych.<\/p>\n<p>Deklaracja dost\u0119pno\u015bci dotyczy strony  <a href=\"https:\/\/zsipo5.poznan.pl\" id=\"a11y-url\" target=\"_blank\">https:\/\/zsipo5.poznan.pl<\/a>.<\/p>\n<\/section><section>\n<ul>\n<li>Data publikacji strony internetowej: <time id=\"a11y-data-publikacja\" datetime=\"2022-08-14\">14 sierpnia 2022 r.<\/time><\/li>\n<li>Data ostatniej istotnej aktualizacji: <time id=\"a11y-data-aktualizacja\" datetime=\"2020-06-23\">14 sierpnia 2022 r.<\/time><\/li>\n<\/ul>\n<\/section><section>\n<h2>Stan dost\u0119pno\u015bci cyfrowej<\/h2>\n<p id=\"a11y-status\">Ta strona internetowa jest cz\u0119\u015bciowo zgodna z za\u0142\u0105cznikiem do ustawy o dost\u0119pno\u015bci cyfrowej z dnia 4 kwietnia 2019 r. o dost\u0119pno\u015bci cyfrowej stron internetowych i aplikacji mobilnych podmiot\u00f3w publicznych z powodu [niezgodno\u015bci i wy\u0142\u0105cze\u0144] wymienionych poni\u017cej.<\/p>\n<\/section><section>\n<h2>Niedost\u0119pne tre\u015bci<\/h2>\n<section>\n<h3>Niezgodno\u015b\u0107 z za\u0142\u0105cznikiem<\/h3>\n<ul>\n<li>Brak tekstu alternatywnego do grafik.<\/li>\n<\/ul>\n<\/section>\n<\/section><section>\n<h2>Przygotowanie deklaracji dost\u0119pno\u015bci<\/h2>\n<ul>\n<li>Data sporz\u0105dzenia deklaracji: <time id=\"a11y-data-sporzadzenie\" datetime=\"2026-03-31\">31 marca 2026 r.<\/time><\/li>\n<li>Data ostatniego przegl\u0105du deklaracji: <time id=\"a11y-data-przeglad\" datetime=\"2026-03-31\">31 marca 2026 r.<\/time><\/li>\n<\/ul>\n<p>Deklaracj\u0119 sporz\u0105dzili\u015bmy na podstawie samooceny w oparciu o <a href=\"https:\/\/www.gov.pl\/attachment\/1a3e2bb5-6d60-4897-ac2f-07a8e91e70ed\">List\u0119 kontroln\u0105 do badania dost\u0119pno\u015bci cyfrowej strony internetowej v. 2.2 (docx, 0,12MB)<\/a>.<\/p>\n<\/section><section>\n<h2>Informacje zwrotne i dane kontaktowe<\/h2>\n<p>Wszystkie problemy z dost\u0119pno\u015bci\u0105 cyfrow\u0105 tej strony internetowej mo\u017cesz zg\u0142osi\u0107 do <span id=\"a11y-kontakt\">Katarzyny Ficer<\/span> &#8211; mejlowo <a id=\"a11y-email\" href=\"mailto:sekretariat@sp53.poznan.pl\">sekretariat@sp53.poznan.pl<\/a> lub telefonicznie <a id=\"a11y-telefon\" href=\"tel:618788006\">61 878 80 06<\/a>.<\/p>\n<p>Ka\u017cdy ma prawo wyst\u0105pi\u0107 z \u017c\u0105daniem zapewnienia dost\u0119pno\u015bci cyfrowej tej strony internetowej lub jej element\u00f3w.<\/p>\n<p>Zg\u0142aszaj\u0105c takie \u017c\u0105danie podaj:<\/p>\n<ul>\n<li>swoje imi\u0119 i nazwisko,<\/li>\n<li>swoje dane kontaktowe (np. numer telefonu, e-mail),<\/li>\n<li>dok\u0142adny adres strony internetowej, na kt\u00f3rej jest niedost\u0119pny cyfrowo element lub tre\u015b\u0107,<\/li>\n<li>opis na czym polega problem i jaki spos\u00f3b jego rozwi\u0105zania by\u0142by dla Ciebie najwygodniejszy.<\/li>\n<\/ul>\n<p>Na Twoje zg\u0142oszenie odpowiemy najszybciej jak to mo\u017cliwe, nie p\u00f3\u017aniej ni\u017c w ci\u0105gu 7 dni od jego otrzymania.<\/p>\n<p>Je\u017celi ten termin b\u0119dzie dla nas zbyt kr\u00f3tki poinformujemy Ci\u0119 o tym. W tej informacji podamy nowy termin, do kt\u00f3rego poprawimy zg\u0142oszone przez Ciebie b\u0142\u0119dy lub przygotujemy informacje w alternatywny spos\u00f3b. Ten nowy termin nie b\u0119dzie d\u0142u\u017cszy ni\u017c 2 miesi\u0105ce.<\/p>\n<p>Je\u017celi nie b\u0119dziemy w stanie zapewni\u0107 dost\u0119pno\u015bci cyfrowej strony internetowej lub tre\u015bci, wskazanej w Twoim \u017c\u0105daniu, zaproponujemy Ci dost\u0119p do nich w alternatywny spos\u00f3b.<\/p>\n<\/section><section id=\"a11y-procedura\">\n<h2>Obs\u0142uga wniosk\u00f3w i skarg zwi\u0105zanych z dost\u0119pno\u015bci\u0105<\/h2>\n<p>Je\u017celi w odpowiedzi na Tw\u00f3j wniosek o zapewnienie dost\u0119pno\u015bci cyfrowej, odm\u00f3wimy zapewnienia \u017c\u0105danej przez Ciebie dost\u0119pno\u015bci cyfrowej, a Ty nie zgadzasz si\u0119 z t\u0105 odmow\u0105, masz prawo z\u0142o\u017cy\u0107 skarg\u0119.<\/p>\n<p>Skarg\u0119 masz prawo z\u0142o\u017cy\u0107 tak\u017ce, je\u015bli nie zgadzasz si\u0119 na skorzystanie z alternatywnego sposobu dost\u0119pu, kt\u00f3ry zaproponowali\u015bmy Ci w odpowiedzi na Tw\u00f3j wniosek o zapewnienie dost\u0119pno\u015bci cyfrowej.<\/p>\n<p>Ewentualn\u0105 skarg\u0119 z\u0142\u00f3\u017c listownie lub mailem do kierownictwa naszej szko\u0142y:<\/p>\n<ul>\n<li><span id=\"a11y-procedura-kierownik\">Katarzyna Ficer &#8211; Dyrektor Zespo\u0142u Szk\u00f3\u0142 i Plac\u00f3wek O\u015bwiatowych nr 5 w Poznaniu<\/span>,<\/li>\n<li>Adres: <span id=\"a11y-procedura-adres\">ul. G\u0142uszyna 187, 61-329 Pozna\u0144<\/span>,<\/li>\n<li>mejl: <a id=\"a11y-procedura-email\" href=\"mailto:sekretariat@sp53.poznan.pl\">sekretariat@sp53.poznan.pl<\/a>.<\/li>\n<\/ul>\n<p><a href=\"https:\/\/www.gov.pl\/web\/gov\/zloz-wniosek-o-zapewnienie-dostepnosci-cyfrowej-strony-internetowej-lub-aplikacji-mobilnej\">Pomocne mog\u0105 by\u0107 informacje, kt\u00f3re mo\u017cna znale\u017a\u0107 na rz\u0105dowym portalu gov.pl<\/a>.<\/p>\n<p>Mo\u017cesz tak\u017ce poinformowa\u0107 o tej sytuacji <a href=\"https:\/\/bip.brpo.gov.pl\/\">Rzecznika Praw Obywatelskich<\/a> i poprosi\u0107 o interwencj\u0119 w Twojej sprawie.<\/p>\n<\/section><section>\n<h2>Pozosta\u0142e informacje<\/h2>\n<section id=\"a11y-architektura\">\n<h3>Dost\u0119pno\u015b\u0107 architektoniczna<\/h3>\n<section>\n<h4>Budynek Zespo\u0142u Szk\u00f3\u0142 i Plac\u00f3wek O\u015bwiatowych nr 5<\/h4>\n<address>\n<div>ul.G\u0142uszyna 187<\/div>\n<div>61-329 Pozna\u0144<\/div>\n<\/address>\n<p>Przed wej\u015bciem do szko\u0142y znajduj\u0105 si\u0119 schody, ale dost\u0119pna jest r\u00f3wnie\u017c platforma podjazdowa. Budynek jest pi\u0119trowy, jednak nie zastosowano udogodnie\u0144 architektonicznych umo\u017cliwiaj\u0105cych osobom niepe\u0142nosprawnym dost\u0119p do wy\u017cszych pi\u0119ter. Do budynku istenieje mo\u017cliwo\u015b\u0107 wst\u0119pu z psem asystuj\u0105cym po wcze\u015bniejszym sutaleniu tego z dyrekcj\u0105. W budynku brak jest jakichkolwiek udogonie\u0144 dla os\u00f3b nies\u0142ysz\u0105cych i niewidomych.<\/p>\n<\/section>\n<section>\n<h4>Budynek Szkolnego Schroniska M\u0142odzie\u017cowego nr 1<\/h4>\n<address>\n<div>ul. G\u0142uszyna 127<\/div>\n<div>61-329 Pozna\u0144<\/div>\n<\/address>\n<p>Przed wej\u015bciem do budynku nie znajduj\u0105 si\u0119 schody. Budynek jest parterowy. Do budynku istnieje mo\u017cliwo\u015b\u0107 wst\u0119pu z psem asystuj\u0105cym po wcze\u015bniejszym ustaleniu tego z dyrekcj\u0105. W budynku brak jest jakichkolwiek udogodnie\u0144 dla os\u00f3b nies\u0142ysz\u0105cych i niewidomych. Brak r\u00f3wnie\u017c wydzielonych miejsc postojowych dla os\u00f3b z niepe\u0142nosprawno\u015bciami, czy te\u017c toalet.<\/p>\n<\/section>\n<\/section>\n<section id=\"a11y-komunikacja\">\n<h3>Dost\u0119pno\u015b\u0107 komunikacyjno-informacyjna<\/h3>\n<ul>\n<li>Jak wnioskowa\u0107 o t\u0142umacza polskiego j\u0119zyka migowego: https:\/\/zsipo5.poznan.pl\/index.php\/organizacja-szkoly\/kontakt\/<\/li>\n<li>Informacja o naszej dzia\u0142alno\u015bci w tek\u015bcie \u0142atwym do czytania (ETR): https:\/\/zsipo5.poznan.pl\/index.php\/organizacja-szkoly\/kontakt\/<\/li>\n<li>Informacja o naszej dzia\u0142alno\u015bci w j\u0119zyku migowym (PJM): https:\/\/zsipo5.poznan.pl\/index.php\/organizacja-szkoly\/kontakt\/<\/li>\n<li>Aktualny raport z zapewnienia dost\u0119pno\u015bci: https:\/\/zsipo5.poznan.pl\/index.php\/dostepnosc-2\/<\/li>\n<\/ul>\n<\/section>\n<\/section>\n","protected":false},"excerpt":{"rendered":"<p>Deklaracja dost\u0119pno\u015bci Zesp\u00f3\u0142 Szk\u00f3\u0142 i Plac\u00f3wek O\u015bwiatowych nr 5 w Poznaniu zobowi\u0105zuje si\u0119 zapewni\u0107 dost\u0119pno\u015b\u0107 swojej strony internetowej zgodnie z ustaw\u0105 z dnia 4 kwietnia 2019 r. o dost\u0119pno\u015bci cyfrowej stron internetowych i aplikacji mobilnych podmiot\u00f3w publicznych. Deklaracja dost\u0119pno\u015bci dotyczy strony https:\/\/zsipo5.poznan.pl. Data publikacji strony internetowej: 14 sierpnia 2022 r. Data ostatniej istotnej aktualizacji: 14 [&hellip;]<\/p>\n","protected":false},"author":1,"featured_media":0,"parent":0,"menu_order":0,"comment_status":"closed","ping_status":"closed","template":"","meta":{"footnotes":""},"class_list":["post-4652","page","type-page","status-publish","hentry"],"_links":{"self":[{"href":"https:\/\/zsipo5.poznan.pl\/index.php\/wp-json\/wp\/v2\/pages\/4652","targetHints":{"allow":["GET"]}}],"collection":[{"href":"https:\/\/zsipo5.poznan.pl\/index.php\/wp-json\/wp\/v2\/pages"}],"about":[{"href":"https:\/\/zsipo5.poznan.pl\/index.php\/wp-json\/wp\/v2\/types\/page"}],"author":[{"embeddable":true,"href":"https:\/\/zsipo5.poznan.pl\/index.php\/wp-json\/wp\/v2\/users\/1"}],"replies":[{"embeddable":true,"href":"https:\/\/zsipo5.poznan.pl\/index.php\/wp-json\/wp\/v2\/comments?post=4652"}],"version-history":[{"count":5,"href":"https:\/\/zsipo5.poznan.pl\/index.php\/wp-json\/wp\/v2\/pages\/4652\/revisions"}],"predecessor-version":[{"id":7553,"href":"https:\/\/zsipo5.poznan.pl\/index.php\/wp-json\/wp\/v2\/pages\/4652\/revisions\/7553"}],"wp:attachment":[{"href":"https:\/\/zsipo5.poznan.pl\/index.php\/wp-json\/wp\/v2\/media?parent=4652"}],"curies":[{"name":"wp","href":"https:\/\/api.w.org\/{rel}","templated":true}]}}