{"id":4646,"date":"2025-03-13T21:08:11","date_gmt":"2025-03-13T20:08:11","guid":{"rendered":"https:\/\/zsipo5.poznan.pl\/?page_id=4646"},"modified":"2026-03-31T14:56:42","modified_gmt":"2026-03-31T12:56:42","slug":"galeria","status":"publish","type":"page","link":"https:\/\/zsipo5.poznan.pl\/index.php\/galeria\/","title":{"rendered":"Galeria"},"content":{"rendered":"\n<p class=\"has-medium-font-size\"><a href=\"https:\/\/zsipo5.poznan.pl\/index.php\/rekolekcje-wielkanocne-2026\/\">Rekolekcje wielkanocne 2026<\/a><\/p>\n\n\n\n<p class=\"has-medium-font-size\"><a href=\"https:\/\/zsipo5.poznan.pl\/index.php\/pasowanie-na-czytelnika-2025-2026\/\">Pasowanie na czytelnika 2025\/2026<\/a><\/p>\n\n\n\n<p class=\"has-medium-font-size\"><a href=\"https:\/\/zsipo5.poznan.pl\/index.php\/walentynki-2026\/\">Walentynki 2026<\/a><\/p>\n\n\n\n<p class=\"has-medium-font-size\"><a href=\"https:\/\/zsipo5.poznan.pl\/index.php\/muzeum-powstania-wielkopolskiego-2025-2056\/\">Muzeum Powstania Wielkopolskiego 2025\/2026<\/a><\/p>\n\n\n\n<p class=\"has-medium-font-size\"><a href=\"https:\/\/zsipo5.poznan.pl\/index.php\/kiermasz-swiateczny-2025-2026\/\">Kiermasz \u015awi\u0105teczny 2025\/2026<\/a><\/p>\n\n\n\n<p class=\"has-medium-font-size\"><a href=\"https:\/\/zsipo5.poznan.pl\/index.php\/dzien-jezykow-obcych-2025-2026\/\">Dzie\u0144 J\u0119zyk\u00f3w Obcych 2025\/2026<\/a><\/p>\n\n\n\n<p class=\"has-medium-font-size\"><a href=\"https:\/\/zsipo5.poznan.pl\/index.php\/dyskoteka-andrzejkowa-2025-2026\/\">Dyskoteka andrzejkowa 2025\/2026<\/a><\/p>\n\n\n\n<p class=\"has-medium-font-size\"><a href=\"https:\/\/zsipo5.poznan.pl\/index.php\/obchody-swieta-niepodleglosci-w-naszej-szkole-2025\/\">Obchody \u015awi\u0119ta Niepodleg\u0142o\u015bci w naszej szkole 2025<\/a><\/p>\n\n\n\n<p class=\"has-medium-font-size\"><a href=\"https:\/\/zsipo5.poznan.pl\/index.php\/uroczystosc-wszystkich-swietych-2025\/\">Uroczysto\u015b\u0107 Wszystkich \u015awi\u0119tych 2025<\/a><\/p>\n\n\n\n<p class=\"has-medium-font-size\"><a href=\"https:\/\/zsipo5.poznan.pl\/index.php\/halloween-2025\/\">Halloween 2025<\/a><\/p>\n\n\n\n<p class=\"has-medium-font-size\"><a href=\"https:\/\/zsipo5.poznan.pl\/index.php\/dzien-edukacji-narodowej-w-naszej-szkole-2025-2026\/\">Dzie\u0144 Edukacji Narodowej w naszej szkole 2025\/2026<\/a><\/p>\n\n\n\n<p class=\"has-medium-font-size\"><a href=\"https:\/\/zsipo5.poznan.pl\/index.php\/dzien-chlopaka-w-naszej-szkole-2025-2026\/\" data-type=\"page\" data-id=\"5939\">Dzie\u0144 Ch\u0142opaka w naszej szkole 2025\/2026<\/a><\/p>\n\n\n\n<p class=\"has-medium-font-size\"><a href=\"https:\/\/zsipo5.poznan.pl\/index.php\/pasowanie-na-ucznia-klasy-pierwszej-2025-2026\/\"><strong>Pasowanie na ucznia klasy pierwszej<\/strong> <strong>2025\/2026<\/strong><\/a><\/p>\n\n\n\n<p class=\"has-medium-font-size\"><strong><a href=\"https:\/\/zsipo5.poznan.pl\/index.php\/projekty-klasowe-w-naszej-szkole-wartosci-w-dzialaniu\/\">Projekty klasowe w naszej szkole \u2013 warto\u015bci w dzia\u0142aniu<\/a><\/strong><\/p>\n\n\n\n<p class=\"has-medium-font-size\"><strong><a href=\"https:\/\/zsipo5.poznan.pl\/index.php\/podsumowanie-szkolnego-festynu-z-naszym-sportowym-fyrtlem-2025-2026\/\">Podsumowanie Szkolnego Festynu z Naszym Sportowym Fyrtlem<\/a><\/strong><\/p>\n\n\n\n<p class=\"has-medium-font-size\"><a href=\"https:\/\/zsipo5.poznan.pl\/index.php\/rozpoczecie-roku-szkolnego-2025-2026\/\">Rozpocz\u0119cie Roku Szkolnego 2025\/2026<\/a><\/p>\n\n\n\n<p class=\"has-medium-font-size\"><strong><a href=\"https:\/\/zsipo5.poznan.pl\/index.php\/zakonczenie-roku-szkolnego-2024-2025\/\">Zako\u0144czenie Roku Szkolnego 2024\/2025<\/a><\/strong><\/p>\n","protected":false},"excerpt":{"rendered":"<p>Rekolekcje wielkanocne 2026 Pasowanie na czytelnika 2025\/2026 Walentynki 2026 Muzeum Powstania Wielkopolskiego 2025\/2026 Kiermasz \u015awi\u0105teczny 2025\/2026 Dzie\u0144 J\u0119zyk\u00f3w Obcych 2025\/2026 Dyskoteka andrzejkowa 2025\/2026 Obchody \u015awi\u0119ta Niepodleg\u0142o\u015bci w naszej szkole 2025 Uroczysto\u015b\u0107 Wszystkich \u015awi\u0119tych 2025 Halloween 2025 Dzie\u0144 Edukacji Narodowej w naszej szkole 2025\/2026 Dzie\u0144 Ch\u0142opaka w naszej szkole 2025\/2026 Pasowanie na ucznia klasy pierwszej 2025\/2026 [&hellip;]<\/p>\n","protected":false},"author":1,"featured_media":0,"parent":0,"menu_order":0,"comment_status":"closed","ping_status":"closed","template":"","meta":{"footnotes":""},"class_list":["post-4646","page","type-page","status-publish","hentry"],"_links":{"self":[{"href":"https:\/\/zsipo5.poznan.pl\/index.php\/wp-json\/wp\/v2\/pages\/4646","targetHints":{"allow":["GET"]}}],"collection":[{"href":"https:\/\/zsipo5.poznan.pl\/index.php\/wp-json\/wp\/v2\/pages"}],"about":[{"href":"https:\/\/zsipo5.poznan.pl\/index.php\/wp-json\/wp\/v2\/types\/page"}],"author":[{"embeddable":true,"href":"https:\/\/zsipo5.poznan.pl\/index.php\/wp-json\/wp\/v2\/users\/1"}],"replies":[{"embeddable":true,"href":"https:\/\/zsipo5.poznan.pl\/index.php\/wp-json\/wp\/v2\/comments?post=4646"}],"version-history":[{"count":31,"href":"https:\/\/zsipo5.poznan.pl\/index.php\/wp-json\/wp\/v2\/pages\/4646\/revisions"}],"predecessor-version":[{"id":7549,"href":"https:\/\/zsipo5.poznan.pl\/index.php\/wp-json\/wp\/v2\/pages\/4646\/revisions\/7549"}],"wp:attachment":[{"href":"https:\/\/zsipo5.poznan.pl\/index.php\/wp-json\/wp\/v2\/media?parent=4646"}],"curies":[{"name":"wp","href":"https:\/\/api.w.org\/{rel}","templated":true}]}}