{"id":3997,"date":"2023-11-03T11:43:21","date_gmt":"2023-11-03T10:43:21","guid":{"rendered":"https:\/\/zsipo5.poznan.pl\/?page_id=3997"},"modified":"2025-09-01T11:47:05","modified_gmt":"2025-09-01T09:47:05","slug":"samorzad-uczniowski-2","status":"publish","type":"page","link":"https:\/\/zsipo5.poznan.pl\/index.php\/samorzad-uczniowski-2\/","title":{"rendered":"Samorz\u0105d Uczniowski"},"content":{"rendered":"\n<p><strong>PLAN PRACY SAMORZ\u0104DU UCZNIOWSKIEGO<\/strong><strong><\/strong><\/p>\n\n\n\n<p><strong>ROK SZKOLNY 2025\/2026<\/strong>\u00a0<\/p>\n\n\n\n<p><strong>OPIEKUN SAMORZ\u0104DU: <\/strong>Hanna Czekanowicz (klasy 4-8), Antonina Pedrycz (klasy 1-3)<\/p>\n\n\n\n<p><strong><u>Cele SU:<\/u><\/strong><\/p>\n\n\n\n<ul class=\"wp-block-list\">\n<li>reprezentowanie og\u00f3\u0142u uczni\u00f3w,<\/li>\n\n\n\n<li>dzia\u0142anie na rzecz spo\u0142eczno\u015bci uczniowskiej i obrona jej praw,<\/li>\n\n\n\n<li>rozwijanie demokratycznych form wsp\u00f3\u0142\u017cycia, wsp\u00f3\u0142dzia\u0142ania uczni\u00f3w,<\/li>\n\n\n\n<li>kszta\u0142towanie umiej\u0119tno\u015bci zespo\u0142owego dzia\u0142ania, wyrabianie samokontroli, samooceny i zdyscyplinowania uczni\u00f3w,<\/li>\n\n\n\n<li>dbanie o dobre imi\u0119 i honor szko\u0142y, kultywowanie i wzbogacanie jej tradycji,<\/li>\n\n\n\n<li>inspirowanie i organizowanie \u017cycia kulturalnego, sportowego i rozrywkowego na terenie szko\u0142y,<\/li>\n\n\n\n<li>reprezentowanie postaw i potrzeb \u015brodowiska uczniowskiego wobec dyrekcji i grona pedagogicznego,<\/li>\n\n\n\n<li>propagowanie idei samorz\u0105dno\u015bci oraz wychowania w demokracji.<\/li>\n<\/ul>\n\n\n\n<p><strong>SU dzia\u0142a w nast\u0119puj\u0105cych obszarach:<\/strong><\/p>\n\n\n\n<p>dzia\u0142alno\u015b\u0107 statutowa:<\/p>\n\n\n\n<ul class=\"wp-block-list\">\n<li>poznawanie i uzupe\u0142nianie wiadomo\u015bci o&nbsp;szkolnych dokumentach, informowanie spo\u0142eczno\u015bci szkolnej o dzia\u0142aniach organu poprzez prowadzenie gazetki \u015bciennej, umieszczanie informacji na stronie internetowej szko\u0142y, wsp\u00f3\u0142praca z dyrekcj\u0105<br>i gronem pedagogicznym, diagnozowanie potrzeb, sporz\u0105dzanie sprawozda\u0144, organizacja wybor\u00f3w przedstawicieli organu, popularyzowanie wiedzy o prawach dziecka,<\/li>\n<\/ul>\n\n\n\n<p>dzia\u0142alno\u015b\u0107 charytatywna:<\/p>\n\n\n\n<ul class=\"wp-block-list\">\n<li>wsp\u00f3\u0142praca ze szkolnym wolontariatem, &nbsp;udzia\u0142 w r\u00f3\u017cnorakich akcjach charytatywnych, wsp\u00f3\u0142organizowanie pomocy dla zwierz\u0105t, pozyskiwanie dar\u00f3w dla&nbsp;schroniska dla zwierz\u0105t w Gaju oraz w\u0142\u0105czenie si\u0119 do akcji \u201eG\u00f3ra Grosza\u201d,<\/li>\n<\/ul>\n\n\n\n<p>&nbsp;dzia\u0142alno\u015b\u0107 kulturalno \u2013 o\u015bwiatowa:<\/p>\n\n\n\n<ul class=\"wp-block-list\">\n<li>uatrakcyjnianie uczniom czasu poprzez organizowanie imprez okoliczno\u015bciowych,<br>m. in.&nbsp; z&nbsp;okazji Dnia Ch\u0142opaka,&nbsp; Andrzejek, zabawy karnawa\u0142owej, Walentynek,&nbsp; propagowanie warto\u015bci i&nbsp;tradycji kultury polskiej poprzez organizacj\u0119 apeli okoliczno\u015bciowych oraz&nbsp;piel\u0119gnowanie ceremonia\u0142u i tradycji szkolnej.<\/li>\n<\/ul>\n\n\n\n<p><strong>Zadaniami opiekuna Samorz\u0105du Uczniowskiego s\u0105:<\/strong><\/p>\n\n\n\n<ul class=\"wp-block-list\">\n<li>&nbsp;czuwanie nad ca\u0142okszta\u0142tem prac Samorz\u0105du Uczniowskiego,<\/li>\n\n\n\n<li>&nbsp;po\u015bredniczenie mi\u0119dzy uczniami a nauczycielami oraz Dyrekcj\u0105 Szko\u0142y,<\/li>\n\n\n\n<li>&nbsp;doradzanie i wspomaganie inicjatyw uczniowskich.<\/li>\n<\/ul>\n\n\n\n<p><strong>Efekty dzia\u0142a\u0144 przedstawicieli Samorz\u0105du Uczniowskiego naszej szko\u0142y:<\/strong><\/p>\n\n\n\n<ul class=\"wp-block-list\">\n<li>wzrost aktywizacji i uspo\u0142ecznienia uczni\u00f3w oraz wdro\u017cenie ich do samodzielno\u015bci poprzez rozw\u00f3j samorz\u0105dno\u015bci, kszta\u0142towanie postaw prospo\u0142ecznych, obywatelskich<br>i patriotycznych, poszerzenie znajomo\u015bci Praw Cz\u0142owieka, Dziecka i Ucznia,<\/li>\n\n\n\n<li>wypracowanie schematu dzia\u0142a\u0144, kt\u00f3ry z powodzeniem mo\u017cna corocznie powtarza\u0107, wype\u0142niaj\u0105c go pomys\u0142ami i dzia\u0142aniami wynikaj\u0105cymi z oczekiwa\u0144&nbsp; uczni\u00f3w<br>i potrzeb szko\u0142y,<\/li>\n\n\n\n<li>piel\u0119gnowanie tradycji szkolnej i ceremonia\u0142u,<\/li>\n\n\n\n<li>reprezentowanie interes\u00f3w m\u0142odzie\u017cy szkolnej wobec Rady Pedagogicznej,<\/li>\n\n\n\n<li>stwarzanie mo\u017cliwo\u015bci rozwijania demokratycznych form wsp\u00f3\u0142\u017cycia, wsp\u00f3\u0142dzia\u0142ania uczni\u00f3w i przyjmowania wsp\u00f3\u0142odpowiedzialno\u015bci za jednostki i grupy oraz wzrost umiej\u0119tno\u015bci pracy w zespole i komunikacji interpersonalnej,<\/li>\n\n\n\n<li>wzrost empatii &#8211; podejmowanie konkretnych dzia\u0142a\u0144 na rzecz os\u00f3b b\u0119d\u0105cych<br>w szczeg\u00f3lnie trudnej sytuacji i na rzecz zwierz\u0105t.<\/li>\n<\/ul>\n\n\n\n<p><strong>WRZESIE\u0143:<\/strong><\/p>\n\n\n\n<ul class=\"wp-block-list\">\n<li>Uroczyste rozpocz\u0119cie roku szkolnego z udzia\u0142em pocztu sztandarowego.<\/li>\n\n\n\n<li>Wybory SU oraz jego opiekuna na rok szkolny 2023\/2024.<\/li>\n\n\n\n<li>Opracowanie rocznego planu pracy SU na rok 2023\/2024.<\/li>\n\n\n\n<li>Szkolne obchody Mi\u0119dzynarodowego Dnia Kropki \u2013 15 wrze\u015bnia ubieramy si\u0119<br>w ubrania w kropki.<\/li>\n\n\n\n<li>Aktualizacja danych dotycz\u0105cych SU na stronie internetowej szko\u0142y.<\/li>\n\n\n\n<li>Zorganizowanie szkolnych obchod\u00f3w Dnia Ch\u0142opaka &#8211; \u017cyczenia dla wszystkich ch\u0142opak\u00f3w i pan\u00f3w, rywalizacje sportowe dla ch\u0142opc\u00f3w, wyb\u00f3r Gentelmena Szko\u0142y,&nbsp;wr\u0119czanie dyplom\u00f3w i upomink\u00f3w.<\/li>\n\n\n\n<li>W\u0142\u0105czenie si\u0119 SU w akcj\u0119 \u201eSprz\u0105tanie \u015bwiata\u201d.<\/li>\n<\/ul>\n\n\n\n<p><strong>PA\u0179DZIERNIK:<\/strong><\/p>\n\n\n\n<ul class=\"wp-block-list\">\n<li>Udzia\u0142 SU w projekcie Nasz Patron<\/li>\n\n\n\n<li>Dzie\u0144 Edukacji Narodowej \u2013 kartki z \u017cyczeniami oraz ciasta i wypieki dla pracownik\u00f3w szko\u0142y oraz emeryt\u00f3w.<\/li>\n\n\n\n<li>Dekoracja jesienna na korytarzach szkolnych.<\/li>\n\n\n\n<li>\u015alubowanie klas pierwszych z udzia\u0142em pocztu sztandarowego.<\/li>\n\n\n\n<li>Udzia\u0142 w porz\u0105dkowaniu cmentarza i miejsc pami\u0119ci, zapalenie zniczy na grobach zmar\u0142ych pracownik\u00f3w szko\u0142y i \u017co\u0142nierzy w ramach akcji \u201eSzko\u0142a pami\u0119ta\u201d.<\/li>\n<\/ul>\n\n\n\n<p><strong>LISTOPAD:<\/strong><\/p>\n\n\n\n<ul class=\"wp-block-list\">\n<li>Obchody Mi\u0119dzynarodowego Dnia Postaci z Bajek \u2013 6 listopada \u2013 konkurs na najlepsze przebranie.<\/li>\n\n\n\n<li>Udzia\u0142 w apelu z okazji Narodowego \u015awi\u0119ta Niepodleg\u0142o\u015bci.<\/li>\n\n\n\n<li>Obchody \u015awiatowego Dnia Pluszowego Misia \u2013 25 listopada (uczniowie przynosz\u0105 do szko\u0142y swoje ulubione pluszaki).<\/li>\n\n\n\n<li>Szkolna zabawa andrzejkowa \u2013 dyskoteka dla klas 4 \u2013 6 oraz 7 \u2013 8.<\/li>\n<\/ul>\n\n\n\n<p><strong>GRUDZIE\u0143:<\/strong><\/p>\n\n\n\n<ul class=\"wp-block-list\">\n<li>Dzie\u0144 w przebraniu za \u015bwi\u0119tego Miko\u0142aja i Elfy, miko\u0142ajowe czapki (6 grudnia).<\/li>\n\n\n\n<li>Akcja \u2013 zimowo &#8211; \u015bwi\u0105teczny wystr\u00f3j klasy.<\/li>\n\n\n\n<li>Kiermasz \u015bwi\u0105teczny.<\/li>\n\n\n\n<li>Kartki z &nbsp;\u017cyczeniami dla emerytowanych nauczycieli oraz zaprzyja\u017anionych instytucji z okazji \u015awi\u0105t Bo\u017cego Narodzenia.<\/li>\n\n\n\n<li>Szkolne konkursy bo\u017conarodzeniowe: na naj\u0142adniejsz\u0105 choink\u0119 oraz na najd\u0142u\u017cszy \u0142a\u0144cuch.<\/li>\n\n\n\n<li>Klasowe spotkania bo\u017conarodzeniowe.<\/li>\n<\/ul>\n\n\n\n<p><strong>STYCZE\u0143:<\/strong><\/p>\n\n\n\n<ul class=\"wp-block-list\">\n<li>Dzie\u0144 w pi\u017camie<\/li>\n\n\n\n<li>Spotkanie SU podsumowuj\u0105ce prac\u0119 w pierwszym p\u00f3\u0142roczu.&nbsp;<\/li>\n<\/ul>\n\n\n\n<p><strong>LUTY:<\/strong><\/p>\n\n\n\n<ul class=\"wp-block-list\">\n<li>S\u0142odkie serca \u2013 sprzeda\u017c ciast i ciasteczek w T\u0142usty czwartek (8 lutego) &#8211; akcja we wsp\u00f3\u0142pracy ze szkolnym wolontariatem.<\/li>\n\n\n\n<li>Organizacja &nbsp;poczty \u201ewalentynkowej\u201d \u2013 14 lutego (9 lutego).<\/li>\n\n\n\n<li>Akcja \u201eMatematyka od serca\u201d.<\/li>\n\n\n\n<li>Konkurs na serce wykonane dowoln\u0105 technika plastyczn\u0105.<\/li>\n<\/ul>\n\n\n\n<p><strong>MARZEC:<\/strong><\/p>\n\n\n\n<ul class=\"wp-block-list\">\n<li>Zorganizowanie szkolnych obchod\u00f3w Dnia Kobiet &#8211; \u017cyczenia dla wszystkich dziewcz\u0105t i pa\u0144, konkursy, wr\u0119czanie upomink\u00f3w.<\/li>\n\n\n\n<li>Wiosenno &#8211; wielkanocny wystr\u00f3j klasy.<\/li>\n\n\n\n<li>Obchody 1 Dnia Wiosny &#8211; dzie\u0144 skarpetki nie do pary \u2013 21 marca (pokaz talent\u00f3w uczniowskich).<\/li>\n\n\n\n<li>Szkolny kiermasz wielkanocny.<\/li>\n<\/ul>\n\n\n\n<p><strong>KWIECIE\u0143:<\/strong><\/p>\n\n\n\n<ul class=\"wp-block-list\">\n<li>Kartki z \u017cyczeniami wielkanocnymi dla emerytowanych nauczycieli oraz instytucji zaprzyja\u017anionych ze szko\u0142\u0105.<\/li>\n\n\n\n<li>Udzia\u0142 w obchodach Dnia Ziemi.<\/li>\n\n\n\n<li>Obchody Mi\u0119dzynarodowego Dnia Ta\u0144ca \u2013 29 kwietnia \u2013 konkurs<\/li>\n<\/ul>\n\n\n\n<p><strong>MAJ:<\/strong><\/p>\n\n\n\n<ul class=\"wp-block-list\">\n<li>Udzia\u0142 w apelu z okazji \u015awi\u0119ta Konstytucji 3 Maja.<\/li>\n\n\n\n<li>Ubieramy si\u0119 kolorowo \u2013 ka\u017cda klasa na inny kolor \u2013 losowanie kolor\u00f3w.<\/li>\n<\/ul>\n\n\n\n<p><strong>CZERWIEC:<\/strong><\/p>\n\n\n\n<ul class=\"wp-block-list\">\n<li>Obchody Dnia Dziecka. Dzie\u0144 Sportu. Rozgrywki nauczyciele \u2013 uczniowie.<\/li>\n\n\n\n<li>Szkolny dzie\u0144 gier towarzyskich i planszowych.<\/li>\n\n\n\n<li>Spotkanie SU podsumowuj\u0105ce prac\u0119 w drugim p\u00f3\u0142roczu (wycieczka).<\/li>\n<\/ul>\n\n\n\n<p><strong>CA\u0141Y ROK SZKOLNY:<\/strong><\/p>\n\n\n\n<ul class=\"wp-block-list\">\n<li>pomoc w organizowaniu i udzia\u0142 w akcjach charytatywnych na terenie szko\u0142y we wsp\u00f3\u0142pracy ze szkolnym wolontariatem,<\/li>\n\n\n\n<li>informowanie wszystkich uczni\u00f3w i wychowawc\u00f3w klas o organizowanych akcjach,<\/li>\n\n\n\n<li>spotkania SU z opiekunem,<\/li>\n\n\n\n<li>promowanie kulturalnych i bezpiecznych zachowa\u0144 oraz samopomocy kole\u017ce\u0144skiej,<\/li>\n\n\n\n<li>promowanie zdrowego trybu \u017cycia,<\/li>\n\n\n\n<li>wsp\u00f3\u0142praca z nauczycielami oraz Dyrekcj\u0105 szko\u0142y,<\/li>\n\n\n\n<li>wsp\u00f3\u0142praca z Rad\u0105 Rodzic\u00f3w,<\/li>\n\n\n\n<li>udzia\u0142 w uroczysto\u015bciach szkolnych,<\/li>\n\n\n\n<li>przekazywanie informacji o dzia\u0142alno\u015bci SU na stron\u0119 internetow\u0105 szko\u0142y,<\/li>\n\n\n\n<li>promocja szko\u0142y w \u015brodowisku lokalnym.<\/li>\n<\/ul>\n\n\n\n<p><em>Plan podlega modyfikacji, ka\u017cdorazowo w przypadku zaistnienia sytuacji sk\u0142aniaj\u0105cej do zmian &#8211; w miar\u0119 potrzeb, zaistnia\u0142ych problem\u00f3w, inicjatywy uczni\u00f3w, specyficznych sytuacji.<\/em><\/p>\n","protected":false},"excerpt":{"rendered":"<p>PLAN PRACY SAMORZ\u0104DU UCZNIOWSKIEGO ROK SZKOLNY 2025\/2026\u00a0 OPIEKUN SAMORZ\u0104DU: Hanna Czekanowicz (klasy 4-8), Antonina Pedrycz (klasy 1-3) Cele SU: SU dzia\u0142a w nast\u0119puj\u0105cych obszarach: dzia\u0142alno\u015b\u0107 statutowa: dzia\u0142alno\u015b\u0107 charytatywna: &nbsp;dzia\u0142alno\u015b\u0107 kulturalno \u2013 o\u015bwiatowa: Zadaniami opiekuna Samorz\u0105du Uczniowskiego s\u0105: Efekty dzia\u0142a\u0144 przedstawicieli Samorz\u0105du Uczniowskiego naszej szko\u0142y: WRZESIE\u0143: PA\u0179DZIERNIK: LISTOPAD: GRUDZIE\u0143: STYCZE\u0143: LUTY: MARZEC: KWIECIE\u0143: MAJ: CZERWIEC: CA\u0141Y [&hellip;]<\/p>\n","protected":false},"author":6,"featured_media":0,"parent":0,"menu_order":0,"comment_status":"closed","ping_status":"closed","template":"","meta":{"footnotes":""},"class_list":["post-3997","page","type-page","status-publish","hentry"],"_links":{"self":[{"href":"https:\/\/zsipo5.poznan.pl\/index.php\/wp-json\/wp\/v2\/pages\/3997","targetHints":{"allow":["GET"]}}],"collection":[{"href":"https:\/\/zsipo5.poznan.pl\/index.php\/wp-json\/wp\/v2\/pages"}],"about":[{"href":"https:\/\/zsipo5.poznan.pl\/index.php\/wp-json\/wp\/v2\/types\/page"}],"author":[{"embeddable":true,"href":"https:\/\/zsipo5.poznan.pl\/index.php\/wp-json\/wp\/v2\/users\/6"}],"replies":[{"embeddable":true,"href":"https:\/\/zsipo5.poznan.pl\/index.php\/wp-json\/wp\/v2\/comments?post=3997"}],"version-history":[{"count":4,"href":"https:\/\/zsipo5.poznan.pl\/index.php\/wp-json\/wp\/v2\/pages\/3997\/revisions"}],"predecessor-version":[{"id":5371,"href":"https:\/\/zsipo5.poznan.pl\/index.php\/wp-json\/wp\/v2\/pages\/3997\/revisions\/5371"}],"wp:attachment":[{"href":"https:\/\/zsipo5.poznan.pl\/index.php\/wp-json\/wp\/v2\/media?parent=3997"}],"curies":[{"name":"wp","href":"https:\/\/api.w.org\/{rel}","templated":true}]}}