{"id":35,"date":"2021-06-23T08:06:14","date_gmt":"2021-06-23T06:06:14","guid":{"rendered":"http:\/\/gluszyna.openworld24.pl\/?page_id=35"},"modified":"2025-09-17T18:09:26","modified_gmt":"2025-09-17T16:09:26","slug":"rodo","status":"publish","type":"page","link":"https:\/\/zsipo5.poznan.pl\/index.php\/rodo\/","title":{"rendered":"RODO"},"content":{"rendered":"\n<p><strong>Kontakt z Inspektorem Danych Osobowych<\/strong>:<\/p>\n\n\n\n<p><strong>Katarzyna P\u0119dzich-Nowak<\/strong>\u00a0<br>E-mail: <a href=\"mailto:iod_mjo@um.poznan.pl\" target=\"_blank\" rel=\"noreferrer noopener\">iod_mjo@um.poznan.pl<\/a>\u00a0<br>Tel. 618 784 904<\/p>\n\n\n\n<p><strong>zast\u0119pca:\u00a0Anna Kwieci\u0144ska<\/strong>\u00a0<br>E-mail: <a href=\"mailto:iod_mjo@um.poznan.pl\" target=\"_blank\" rel=\"noreferrer noopener\">iod_mjo@um.poznan.pl<\/a><br>Tel. 618 784 905<\/p>\n\n\n\n<div class=\"wp-block-file\"><a href=\"https:\/\/zsipo5.poznan.pl\/wp-content\/uploads\/2021\/12\/Monitoring-wizyjny-ewidencja-wejscklauzula-informacyjna.docx\">Monitoring wizyjny-ewidencja wejsc-klauzula informacyjna<\/a><a href=\"https:\/\/zsipo5.poznan.pl\/wp-content\/uploads\/2021\/12\/Monitoring-wizyjny-ewidencja-wejscklauzula-informacyjna.docx\" class=\"wp-block-file__button wp-element-button\" download>Pobierz<\/a><\/div>\n\n\n\n<div class=\"wp-block-file\"><a href=\"https:\/\/zsipo5.poznan.pl\/wp-content\/uploads\/2021\/12\/Upowaznienie-do-odbioru-dziecka-ze-szkoly-swietlicy-klauzula-informacyjna.docx\">Upowa\u017cnienie do odbioru dziecka ze szko\u0142y-\u015bwietlicy-klauzula informacyjna<\/a><a href=\"https:\/\/zsipo5.poznan.pl\/wp-content\/uploads\/2021\/12\/Upowaznienie-do-odbioru-dziecka-ze-szkoly-swietlicy-klauzula-informacyjna.docx\" class=\"wp-block-file__button wp-element-button\" download>Pobierz<\/a><\/div>\n\n\n\n<div class=\"wp-block-file\"><a href=\"https:\/\/zsipo5.poznan.pl\/wp-content\/uploads\/2021\/12\/Formularz-informacji-o-stanie-zdrowia-dziecka.docx\">Formularz informacji o stanie zdrowia dziecka<\/a><a href=\"https:\/\/zsipo5.poznan.pl\/wp-content\/uploads\/2021\/12\/Formularz-informacji-o-stanie-zdrowia-dziecka.docx\" class=\"wp-block-file__button wp-element-button\" download>Pobierz<\/a><\/div>\n\n\n\n<div class=\"wp-block-file\"><a href=\"https:\/\/zsipo5.poznan.pl\/wp-content\/uploads\/2021\/12\/Wizerunek-dziecka-i-opiekuna-prawnego-wersja-podstawowa.docx\">Wizerunek dziecka i opiekuna prawnego -wersja podstawowa<\/a><a href=\"https:\/\/zsipo5.poznan.pl\/wp-content\/uploads\/2021\/12\/Wizerunek-dziecka-i-opiekuna-prawnego-wersja-podstawowa.docx\" class=\"wp-block-file__button wp-element-button\" download>Pobierz<\/a><\/div>\n\n\n\n<div class=\"wp-block-file\"><a href=\"https:\/\/zsipo5.poznan.pl\/wp-content\/uploads\/2021\/12\/wIzerunek-osob-innych-niz-dzieci-dla-drugiego-rodzica-babci-dziadka-i-innych-osob.docx\">Wizerunek os\u00f3b innych ni\u017c dzieci (dla drugiego rodzica babci dziadka i innych os\u00f3b)<\/a><a href=\"https:\/\/zsipo5.poznan.pl\/wp-content\/uploads\/2021\/12\/wIzerunek-osob-innych-niz-dzieci-dla-drugiego-rodzica-babci-dziadka-i-innych-osob.docx\" class=\"wp-block-file__button wp-element-button\" download>Pobierz<\/a><\/div>\n\n\n\n<div class=\"wp-block-file\"><a href=\"https:\/\/zsipo5.poznan.pl\/wp-content\/uploads\/2021\/11\/skan-umowy-dot-powierzenia-danych-osobowych.pdf\"> Skan umowy dotycz\u0105cy powierzenia danych osobowych<\/a><a href=\"https:\/\/zsipo5.poznan.pl\/wp-content\/uploads\/2021\/11\/skan-umowy-dot-powierzenia-danych-osobowych.pdf\" class=\"wp-block-file__button wp-element-button\" download>Pobierz<\/a><\/div>\n\n\n\n<div class=\"wp-block-file\"><a href=\"https:\/\/zsipo5.poznan.pl\/wp-content\/uploads\/2021\/12\/klauzula-inf-ogolna.pdf\">Informacje o przetwarzaniu danych osobowych<\/a><a href=\"https:\/\/zsipo5.poznan.pl\/wp-content\/uploads\/2021\/12\/klauzula-inf-ogolna.pdf\" class=\"wp-block-file__button wp-element-button\" download>Pobierz<\/a><\/div>\n\n\n\n<div class=\"wp-block-file\"><a href=\"https:\/\/zsipo5.poznan.pl\/wp-content\/uploads\/2021\/12\/klauzula-inf.-przedszkola.pdf\">  Informacje o przetwarzaniu danych osobowych odzia\u0142 przedszkolny  <\/a><a href=\"https:\/\/zsipo5.poznan.pl\/wp-content\/uploads\/2021\/12\/klauzula-inf.-przedszkola.pdf\" class=\"wp-block-file__button wp-element-button\" download>Pobierz<\/a><\/div>\n\n\n\n<p><\/p>\n","protected":false},"excerpt":{"rendered":"<p>Kontakt z Inspektorem Danych Osobowych: Katarzyna P\u0119dzich-Nowak\u00a0E-mail: iod_mjo@um.poznan.pl\u00a0Tel. 618 784 904 zast\u0119pca:\u00a0Anna Kwieci\u0144ska\u00a0E-mail: iod_mjo@um.poznan.plTel. 618 784 905<\/p>\n","protected":false},"author":1,"featured_media":0,"parent":0,"menu_order":0,"comment_status":"closed","ping_status":"closed","template":"","meta":{"footnotes":""},"class_list":["post-35","page","type-page","status-publish","hentry"],"_links":{"self":[{"href":"https:\/\/zsipo5.poznan.pl\/index.php\/wp-json\/wp\/v2\/pages\/35","targetHints":{"allow":["GET"]}}],"collection":[{"href":"https:\/\/zsipo5.poznan.pl\/index.php\/wp-json\/wp\/v2\/pages"}],"about":[{"href":"https:\/\/zsipo5.poznan.pl\/index.php\/wp-json\/wp\/v2\/types\/page"}],"author":[{"embeddable":true,"href":"https:\/\/zsipo5.poznan.pl\/index.php\/wp-json\/wp\/v2\/users\/1"}],"replies":[{"embeddable":true,"href":"https:\/\/zsipo5.poznan.pl\/index.php\/wp-json\/wp\/v2\/comments?post=35"}],"version-history":[{"count":10,"href":"https:\/\/zsipo5.poznan.pl\/index.php\/wp-json\/wp\/v2\/pages\/35\/revisions"}],"predecessor-version":[{"id":5600,"href":"https:\/\/zsipo5.poznan.pl\/index.php\/wp-json\/wp\/v2\/pages\/35\/revisions\/5600"}],"wp:attachment":[{"href":"https:\/\/zsipo5.poznan.pl\/index.php\/wp-json\/wp\/v2\/media?parent=35"}],"curies":[{"name":"wp","href":"https:\/\/api.w.org\/{rel}","templated":true}]}}