{"id":33,"date":"2021-06-23T08:06:07","date_gmt":"2021-06-23T06:06:07","guid":{"rendered":"http:\/\/gluszyna.openworld24.pl\/?page_id=33"},"modified":"2025-12-19T13:22:51","modified_gmt":"2025-12-19T12:22:51","slug":"swietlica","status":"publish","type":"page","link":"https:\/\/zsipo5.poznan.pl\/index.php\/swietlica\/","title":{"rendered":"\u015awietlica"},"content":{"rendered":"\t\t<div data-elementor-type=\"wp-page\" data-elementor-id=\"33\" class=\"elementor elementor-33\" data-elementor-post-type=\"page\">\n\t\t\t\t\t\t<section class=\"elementor-section elementor-top-section elementor-element elementor-element-1e57a3a5 elementor-section-boxed elementor-section-height-default elementor-section-height-default\" data-id=\"1e57a3a5\" data-element_type=\"section\" data-e-type=\"section\">\n\t\t\t\t\t\t<div class=\"elementor-container elementor-column-gap-default\">\n\t\t\t\t\t<div class=\"elementor-column elementor-col-100 elementor-top-column elementor-element elementor-element-727ffb5\" data-id=\"727ffb5\" data-element_type=\"column\" data-e-type=\"column\">\n\t\t\t<div class=\"elementor-widget-wrap elementor-element-populated\">\n\t\t\t\t\t\t<div class=\"elementor-element elementor-element-378a2b5d elementor-widget elementor-widget-text-editor\" data-id=\"378a2b5d\" data-element_type=\"widget\" data-e-type=\"widget\" data-widget_type=\"text-editor.default\">\n\t\t\t\t<div class=\"elementor-widget-container\">\n\t\t\t\t\t\t\t\t\t<p><a href=\"https:\/\/zsipo5.poznan.pl\/index.php\/dokumenty-szkolne\/\">Dokumenty \u015bwietlicy<\/a><\/p>\n<p><!-- \/wp:paragraph --><!-- wp:file {\"id\":5409,\"href\":\"https:\/\/zsipo5.poznan.pl\/wp-content\/uploads\/2025\/09\/REGULAMIN-SWIETLICY-SZKOLY-PODSTAWOWEJ-NR-53-W-POZNANIU1-2-1.docx\",\"metadata\":{\"name\":\"Regulamin \u015awietlicy\"}} --><!-- \/wp:file --><!-- wp:paragraph --><\/p>\n<p><a href=\"https:\/\/zsipo5.poznan.pl\/index.php\/nasza-codziennosc\/\">Nasza codzienno\u015b\u0107<\/a><\/p>\n<p><!-- \/wp:paragraph --><!-- wp:gallery {\"linkTo\":\"none\"} --><\/p>\n<figure><!-- wp:image {\"lightbox\":{\"enabled\":true},\"id\":5421,\"sizeSlug\":\"large\",\"linkDestination\":\"none\"} -->\n<p><!-- \/wp:image --><!-- wp:image {\"lightbox\":{\"enabled\":true},\"id\":5419,\"sizeSlug\":\"large\",\"linkDestination\":\"none\"} --><\/p>\n<p><!-- \/wp:image --><!-- wp:image {\"lightbox\":{\"enabled\":true},\"id\":5420,\"sizeSlug\":\"large\",\"linkDestination\":\"none\"} --><\/p>\n<figure><\/figure>\n<p><!-- \/wp:image --><!-- wp:image {\"lightbox\":{\"enabled\":true},\"id\":5422,\"sizeSlug\":\"large\",\"linkDestination\":\"none\"} --><\/p>\n<figure><\/figure>\n<p><!-- \/wp:image --><\/p>\n<\/figure>\n<p><!-- \/wp:gallery --><\/p>\t\t\t\t\t\t\t\t<\/div>\n\t\t\t\t<\/div>\n\t\t\t\t\t<\/div>\n\t\t<\/div>\n\t\t\t\t\t<\/div>\n\t\t<\/section>\n\t\t\t\t<section class=\"elementor-section elementor-top-section elementor-element elementor-element-a1d6ebf elementor-section-boxed elementor-section-height-default elementor-section-height-default\" data-id=\"a1d6ebf\" data-element_type=\"section\" data-e-type=\"section\">\n\t\t\t\t\t\t<div class=\"elementor-container elementor-column-gap-default\">\n\t\t\t\t\t<div class=\"elementor-column elementor-col-100 elementor-top-column elementor-element elementor-element-5e70bb6\" data-id=\"5e70bb6\" data-element_type=\"column\" data-e-type=\"column\">\n\t\t\t<div class=\"elementor-widget-wrap\">\n\t\t\t\t\t\t\t<\/div>\n\t\t<\/div>\n\t\t\t\t\t<\/div>\n\t\t<\/section>\n\t\t\t\t<section class=\"elementor-section elementor-top-section elementor-element elementor-element-22978d5 elementor-section-boxed elementor-section-height-default elementor-section-height-default\" data-id=\"22978d5\" data-element_type=\"section\" data-e-type=\"section\">\n\t\t\t\t\t\t<div class=\"elementor-container elementor-column-gap-default\">\n\t\t\t\t\t<div class=\"elementor-column elementor-col-100 elementor-top-column elementor-element elementor-element-844ad12\" data-id=\"844ad12\" data-element_type=\"column\" data-e-type=\"column\">\n\t\t\t<div class=\"elementor-widget-wrap elementor-element-populated\">\n\t\t\t\t\t\t<div class=\"elementor-element elementor-element-83732b1 elementor-widget elementor-widget-text-editor\" data-id=\"83732b1\" data-element_type=\"widget\" data-e-type=\"widget\" data-widget_type=\"text-editor.default\">\n\t\t\t\t<div class=\"elementor-widget-container\">\n\t\t\t\t\t\t\t\t\t<p><b>Kontakt:\u00a0tel. 516-567-359<\/b><\/p>\t\t\t\t\t\t\t\t<\/div>\n\t\t\t\t<\/div>\n\t\t\t\t\t<\/div>\n\t\t<\/div>\n\t\t\t\t\t<\/div>\n\t\t<\/section>\n\t\t\t\t<\/div>\n\t\t","protected":false},"excerpt":{"rendered":"<p>Dokumenty \u015bwietlicy Nasza codzienno\u015b\u0107 Kontakt:\u00a0tel. 516-567-359<\/p>\n","protected":false},"author":1,"featured_media":0,"parent":0,"menu_order":0,"comment_status":"closed","ping_status":"closed","template":"","meta":{"footnotes":""},"class_list":["post-33","page","type-page","status-publish","hentry"],"_links":{"self":[{"href":"https:\/\/zsipo5.poznan.pl\/index.php\/wp-json\/wp\/v2\/pages\/33","targetHints":{"allow":["GET"]}}],"collection":[{"href":"https:\/\/zsipo5.poznan.pl\/index.php\/wp-json\/wp\/v2\/pages"}],"about":[{"href":"https:\/\/zsipo5.poznan.pl\/index.php\/wp-json\/wp\/v2\/types\/page"}],"author":[{"embeddable":true,"href":"https:\/\/zsipo5.poznan.pl\/index.php\/wp-json\/wp\/v2\/users\/1"}],"replies":[{"embeddable":true,"href":"https:\/\/zsipo5.poznan.pl\/index.php\/wp-json\/wp\/v2\/comments?post=33"}],"version-history":[{"count":52,"href":"https:\/\/zsipo5.poznan.pl\/index.php\/wp-json\/wp\/v2\/pages\/33\/revisions"}],"predecessor-version":[{"id":6846,"href":"https:\/\/zsipo5.poznan.pl\/index.php\/wp-json\/wp\/v2\/pages\/33\/revisions\/6846"}],"wp:attachment":[{"href":"https:\/\/zsipo5.poznan.pl\/index.php\/wp-json\/wp\/v2\/media?parent=33"}],"curies":[{"name":"wp","href":"https:\/\/api.w.org\/{rel}","templated":true}]}}