{"id":317,"date":"2021-11-03T19:49:36","date_gmt":"2021-11-03T18:49:36","guid":{"rendered":"http:\/\/gluszyna.stronaedu.pl\/?page_id=317"},"modified":"2021-11-03T19:49:36","modified_gmt":"2021-11-03T18:49:36","slug":"lektury-klasy-4-6","status":"publish","type":"page","link":"https:\/\/zsipo5.poznan.pl\/index.php\/biblioteka\/lektury-klasy-4-6\/","title":{"rendered":"Lektury klasy 4-6"},"content":{"rendered":"\n<p>Lektury obowi\u0105zkowe w klasach 4-6<\/p>\n\n\n\n<p>Aktualna podstawa programowa zawiera rekomendacje lektur na trzy lata nauki,<\/p>\n\n\n\n<p>do decyzji nauczyciela pozostajewyb\u00f3r lektur w poszczeg\u00f3lnych klasach.<\/p>\n\n\n\n<ol class=\"wp-block-list\"><li>Jan Brzechwa, Akademia Pana Kleksa;<\/li><li>Janusz Christa, Kajko i Kokosz. Szko\u0142a latania (komiks);<\/li><li>Ren\u00e9 Goscinny, Jean-Jacques Semp\u00e9, Miko\u0142ajek (wyb\u00f3r opowiada\u0144);<\/li><li>Rafa\u0142 Kosik, Felix, Net i Nika oraz Gang Niewidzialnych Ludzi;<\/li><li>Ignacy Krasicki, wybrane bajki;<\/li><li>Clive Staples Lewis, Opowie\u015bci z Narnii. Lew, czarownica i stara szafa;<\/li><li>Adam Mickiewicz, Powr\u00f3t taty, Pani Twardowska, Pan Tadeusz (fragmenty, w tym: opisy, zwyczaje i obyczaje, polowanie i koncert Wojskiego);<\/li><li>Ferenc Moln\u00e1r, Ch\u0142opcy z Placu Broni;<\/li><li>Boles\u0142aw Prus, Katarynka;<\/li><li>Juliusz S\u0142owacki, W pami\u0119tniku Zofii Bobr\u00f3wny;<\/li><li>John Ronald Reuel Tolkien, Hobbit, czyli tam i z powrotem;<\/li><li>Henryk Sienkiewicz, W pustyni i w puszczy;<\/li><li>J\u00f3zef Wybicki, Mazurek D\u0105browskiego;<\/li><li>Wybrane mity greckie, w tym mit o powstaniu \u015bwiata oraz mity o Prometeuszu, o Syzyfie, o Demeter i Korze, o Dedalu i Ikarze, o Heraklesie, o Tezeuszu i Ariadnie, o Orfeuszu i Eurydyce;<\/li><li>Biblia: stworzenie \u015bwiata i cz\u0142owieka oraz wybrane przypowie\u015bci ewangeliczne, w tym o siewcy, o talentach, o pannach roztropnych, o mi\u0142osiernym Samarytaninie;<\/li><li>Wybrane podania i legendy polskie, w tym o Lechu, o Pia\u015bcie, o Kraku i Wandzie;<\/li><li>Wybrane ba\u015bnie polskie i europejskie, w tym: Charles Perrault, Kopciuszek, Aleksander Puszkin, Bajka o rybaku i rybce;<\/li><li>Wybrane wiersze W\u0142adys\u0142awa Be\u0142zy, Jana Brzechwy, Konstantego Ildefonsa Ga\u0142czy\u0144skiego, Zbigniewa Herberta, Anny Kamie\u0144skiej, Joanny Kulmowej, Adama Mickiewicza, Czes\u0142awa Mi\u0142osza, Tadeusza R\u00f3\u017cewicza, Juliusza S\u0142owackiego, Leopolda Staffa, Juliana Tuwima, Jana Twardowskiego oraz pie\u015bni i piosenki patriotyczne.<\/li><\/ol>\n\n\n\n<p>&nbsp;Lektury uzupe\u0142niaj\u0105ce:<\/p>\n\n\n\n<ol class=\"wp-block-list\"><li>Adam Bahdaj, Kapelusz za 100 tysi\u0119cy;<\/li><li>Frances Hodgson Burnett, Tajemniczy ogr\u00f3d lub inna powie\u015b\u0107;<\/li><li>Lewis Carroll, Alicja w Krainie Czar\u00f3w;<\/li><li>Aleksander Dumas, Trzej muszkieterowie;<\/li><li>Olaf Fritsche, Skarb Troi;<\/li><li>Joseph Rudyard Kipling, Ksi\u0119ga d\u017cungli;<\/li><li>Janusz Korczak, Kr\u00f3l Maciu\u015b Pierwszy;<\/li><li>Marcin Kozio\u0142, Skrzynia W\u0142adcy Piorun\u00f3w;<\/li><li>Selma Lagerl\u00f6f, Cudowna podr\u00f3\u017c;<\/li><li>Stanis\u0142aw Lem, Cyberiada (fragmenty);<\/li><li>Kornel Makuszy\u0144ski, wybrana powie\u015b\u0107;<\/li><li>Andrzej Maleszka, Magiczne drzewo;<\/li><li>Karol May, Winnetou;<\/li><li>Lucy Maud Montgomery, Ania z Zielonego Wzg\u00f3rza;<\/li><li>Ma\u0142gorzata Musierowicz, wybrana powie\u015b\u0107;<\/li><li>Ewa Nowak, Paj\u0105czek na rowerze;<\/li><li>Edmund Niziurski, Spos\u00f3b na Alcybiadesa;<\/li><li>Sat-Okh, Bia\u0142y Mustang;<\/li><li>Henryk Sienkiewicz, Janko Muzykant;<\/li><li>Alfred Szklarski, wybrana powie\u015b\u0107;<\/li><li>Mark Twain, Przygody Tomka Sawyera;<\/li><li>Wybrane pozycje z serii Nazywam si\u0119\u2026 (np. Miko\u0142aj Kopernik, Fryderyk Chopin, Maria Curie-Sk\u0142odowska, Jan Pawe\u0142 II i in.) lub inne utwory literackie i teksty kultury wybrane przez nauczyciela.<\/li><\/ol>\n","protected":false},"excerpt":{"rendered":"<p>Lektury obowi\u0105zkowe w klasach 4-6 Aktualna podstawa programowa zawiera rekomendacje lektur na trzy lata nauki, do decyzji nauczyciela pozostajewyb\u00f3r lektur w poszczeg\u00f3lnych klasach. Jan Brzechwa, Akademia Pana Kleksa; Janusz Christa, Kajko i Kokosz. Szko\u0142a latania (komiks); Ren\u00e9 Goscinny, Jean-Jacques Semp\u00e9, Miko\u0142ajek (wyb\u00f3r opowiada\u0144); Rafa\u0142 Kosik, Felix, Net i Nika oraz Gang Niewidzialnych Ludzi; Ignacy Krasicki, [&hellip;]<\/p>\n","protected":false},"author":1,"featured_media":0,"parent":47,"menu_order":0,"comment_status":"closed","ping_status":"closed","template":"","meta":{"footnotes":""},"class_list":["post-317","page","type-page","status-publish","hentry"],"_links":{"self":[{"href":"https:\/\/zsipo5.poznan.pl\/index.php\/wp-json\/wp\/v2\/pages\/317","targetHints":{"allow":["GET"]}}],"collection":[{"href":"https:\/\/zsipo5.poznan.pl\/index.php\/wp-json\/wp\/v2\/pages"}],"about":[{"href":"https:\/\/zsipo5.poznan.pl\/index.php\/wp-json\/wp\/v2\/types\/page"}],"author":[{"embeddable":true,"href":"https:\/\/zsipo5.poznan.pl\/index.php\/wp-json\/wp\/v2\/users\/1"}],"replies":[{"embeddable":true,"href":"https:\/\/zsipo5.poznan.pl\/index.php\/wp-json\/wp\/v2\/comments?post=317"}],"version-history":[{"count":1,"href":"https:\/\/zsipo5.poznan.pl\/index.php\/wp-json\/wp\/v2\/pages\/317\/revisions"}],"predecessor-version":[{"id":318,"href":"https:\/\/zsipo5.poznan.pl\/index.php\/wp-json\/wp\/v2\/pages\/317\/revisions\/318"}],"up":[{"embeddable":true,"href":"https:\/\/zsipo5.poznan.pl\/index.php\/wp-json\/wp\/v2\/pages\/47"}],"wp:attachment":[{"href":"https:\/\/zsipo5.poznan.pl\/index.php\/wp-json\/wp\/v2\/media?parent=317"}],"curies":[{"name":"wp","href":"https:\/\/api.w.org\/{rel}","templated":true}]}}