{"id":315,"date":"2021-11-03T19:48:48","date_gmt":"2021-11-03T18:48:48","guid":{"rendered":"http:\/\/gluszyna.stronaedu.pl\/?page_id=315"},"modified":"2021-11-03T19:48:48","modified_gmt":"2021-11-03T18:48:48","slug":"lektury-1-3","status":"publish","type":"page","link":"https:\/\/zsipo5.poznan.pl\/index.php\/biblioteka\/lektury-1-3\/","title":{"rendered":"Lektury 1-3"},"content":{"rendered":"\n<p>Aktualna podstawa programowa zawiera rekomendacje lektur na trzy lata nauki,<\/p>\n\n\n\n<p>do decyzji nauczyciela pozostaje wyb\u00f3r lektur w poszczeg\u00f3lnych klasach.<\/p>\n\n\n\n<p>1) Hans Christian Andersen, Ba\u015bnie (do wyboru<em>); &#8211; rekomendowana dla klasy 1<\/em><\/p>\n\n\n\n<p>2) Justyna Bednarek, Niesamowite przygody dziesi\u0119ciu skarpetek (czterech prawych i sze\u015bciu lewych);<\/p>\n\n\n\n<p>3) Jan Brzechwa, Brzechwa dzieciom; <em>&#8211; rekomendowana dla klasy 1<\/em><\/p>\n\n\n\n<p>4) Czes\u0142aw Centkiewicz \u2013 Zaczarowana zagroda;<\/p>\n\n\n\n<p>5) Waldemar Cicho\u0144, Cukierku, ty \u0142obuzie!;<\/p>\n\n\n\n<p>6) Agnieszka Fr\u0105czek, Rany Julek. O tym jak Julian Tuwim zosta\u0142 poet\u0105;<\/p>\n\n\n\n<p>7) Mira Jaworczakowa, Oto jest Kasia;<\/p>\n\n\n\n<p>8) Grzegorz Kasdepke, Detektyw Pozytywka; <em>&#8211; rekomendowana dla klasy 1<\/em><\/p>\n\n\n\n<p>9) Leszek Ko\u0142akowski, Kto z was chcia\u0142by rozweseli\u0107 pechowego nosoro\u017cca?;<\/p>\n\n\n\n<p>10) Barbara Kosmowska, Dziewczynka z parku;<\/p>\n\n\n\n<p>11) Maria Kr\u00fcger Kruger, Karolcia;<\/p>\n\n\n\n<p>12) Astrid Lindgren, Dzieci z Bullerbyn; <em>&#8211; rekomendowana dla klasy 1<\/em><\/p>\n\n\n\n<p>13) Hugh Lofting, Doktor Dolittle i jego zwierz\u0119ta;<\/p>\n\n\n\n<p>14) Marcin Pa\u0142asz, Spos\u00f3b na Elfa;<\/p>\n\n\n\n<p>15) Joanna Papuzi\u0144ska, Asiunia;<\/p>\n\n\n\n<p>16) Danuta Parlak, Kapelusz Pani Wrony;<\/p>\n\n\n\n<p>17) Roman Pisarski, O psie, kt\u00f3ry je\u017adzi\u0142 kolej\u0105;<\/p>\n\n\n\n<p>18) Janina Porazi\u0144ska, Pami\u0119tnik Czarnego Noska; <em>&#8211; rekomendowana dla klasy 1<\/em><\/p>\n\n\n\n<p>19) Maria Terlikowska, Drzewo do samego nieba;<\/p>\n\n\n\n<p>20) Julian Tuwim, Wiersze dla dzieci; <em>&#8211; rekomendowana dla klasy 1<\/em><\/p>\n\n\n\n<p>21) Barbara Tylicka, O krakowskich psach i kleparskich kotach. Polskie miasta w ba\u015bniach i legendach; <em>&#8211; rekomendowana dla klasy 1<\/em><\/p>\n\n\n\n<p>22) Danuta Wawi\u0142ow, Najpi\u0119kniejsze wiersze<em>; &#8211; rekomendowana dla klasy 1<\/em><\/p>\n\n\n\n<p>23) \u0141ukasz Wierzbicki, Afryka Kazika;<\/p>\n\n\n\n<p>24) \u0141ukasz Wierzbicki, Dziadek i nied\u017awiadek.<\/p>\n","protected":false},"excerpt":{"rendered":"<p>Aktualna podstawa programowa zawiera rekomendacje lektur na trzy lata nauki, do decyzji nauczyciela pozostaje wyb\u00f3r lektur w poszczeg\u00f3lnych klasach. 1) Hans Christian Andersen, Ba\u015bnie (do wyboru); &#8211; rekomendowana dla klasy 1 2) Justyna Bednarek, Niesamowite przygody dziesi\u0119ciu skarpetek (czterech prawych i sze\u015bciu lewych); 3) Jan Brzechwa, Brzechwa dzieciom; &#8211; rekomendowana dla klasy 1 4) Czes\u0142aw [&hellip;]<\/p>\n","protected":false},"author":1,"featured_media":0,"parent":47,"menu_order":0,"comment_status":"closed","ping_status":"closed","template":"","meta":{"footnotes":""},"class_list":["post-315","page","type-page","status-publish","hentry"],"_links":{"self":[{"href":"https:\/\/zsipo5.poznan.pl\/index.php\/wp-json\/wp\/v2\/pages\/315","targetHints":{"allow":["GET"]}}],"collection":[{"href":"https:\/\/zsipo5.poznan.pl\/index.php\/wp-json\/wp\/v2\/pages"}],"about":[{"href":"https:\/\/zsipo5.poznan.pl\/index.php\/wp-json\/wp\/v2\/types\/page"}],"author":[{"embeddable":true,"href":"https:\/\/zsipo5.poznan.pl\/index.php\/wp-json\/wp\/v2\/users\/1"}],"replies":[{"embeddable":true,"href":"https:\/\/zsipo5.poznan.pl\/index.php\/wp-json\/wp\/v2\/comments?post=315"}],"version-history":[{"count":1,"href":"https:\/\/zsipo5.poznan.pl\/index.php\/wp-json\/wp\/v2\/pages\/315\/revisions"}],"predecessor-version":[{"id":316,"href":"https:\/\/zsipo5.poznan.pl\/index.php\/wp-json\/wp\/v2\/pages\/315\/revisions\/316"}],"up":[{"embeddable":true,"href":"https:\/\/zsipo5.poznan.pl\/index.php\/wp-json\/wp\/v2\/pages\/47"}],"wp:attachment":[{"href":"https:\/\/zsipo5.poznan.pl\/index.php\/wp-json\/wp\/v2\/media?parent=315"}],"curies":[{"name":"wp","href":"https:\/\/api.w.org\/{rel}","templated":true}]}}