{"id":312,"date":"2021-11-03T19:47:55","date_gmt":"2021-11-03T18:47:55","guid":{"rendered":"http:\/\/gluszyna.stronaedu.pl\/?page_id=312"},"modified":"2021-11-03T19:47:55","modified_gmt":"2021-11-03T18:47:55","slug":"biblioteka-w-statucie-szkoly","status":"publish","type":"page","link":"https:\/\/zsipo5.poznan.pl\/index.php\/biblioteka\/biblioteka-w-statucie-szkoly\/","title":{"rendered":"Biblioteka w statucie szko\u0142y"},"content":{"rendered":"\n<p class=\"has-text-align-center\"><strong>Rozdzia\u0142 4<br>Organizacja biblioteki szkolnej<\/strong><\/p>\n\n\n\n<p><strong>\u00a7 35. <\/strong>Z biblioteki mog\u0105 korzysta\u0107: uczniowie, nauczyciele i pracownicy szko\u0142y.<\/p>\n\n\n\n<p><strong>\u00a7 36. <\/strong>Do zbior\u00f3w bibliotecznych nale\u017c\u0105:<\/p>\n\n\n\n<ol class=\"wp-block-list\"><li>programy, podr\u0119czniki szkolne, materia\u0142y edukacyjne;<\/li><li>lektury;<\/li><li>wybrane pozycje z literatury pi\u0119knej oraz popularnonaukowej i naukowej;<\/li><li>wydania stanowi\u0105ce pomoc w pracy dydaktyczno-wychowawczej nauczycieli;<\/li><li>zbiory multimedialne.<\/li><\/ol>\n\n\n\n<p><strong>\u00a7 37. <\/strong>Biblioteka szkolna wsp\u00f3\u0142pracuje z:<\/p>\n\n\n\n<ol class=\"wp-block-list\"><li>uczniami w zakresie:<\/li><\/ol>\n\n\n\n<ol class=\"wp-block-list\"><li>rozbudzania i rozwijania indywidualnych zainteresowa\u0144 czytelniczych uczni\u00f3w,<\/li><li>pog\u0142\u0119biania i wyrabiania u uczni\u00f3w nawyku czytania i samokszta\u0142cenia,<\/li><li>rozbudzania u uczni\u00f3w nawyku szacunku do podr\u0119cznik\u00f3w<br>i odpowiedzialno\u015bci za ich wsp\u00f3lne u\u017cytkowanie;<\/li><li>nauczycielami w zakresie:<\/li><\/ol>\n\n\n\n<ol class=\"wp-block-list\"><li>udost\u0119pniania program\u00f3w nauczania, podr\u0119cznik\u00f3w, materia\u0142\u00f3w edukacyjnych i materia\u0142\u00f3w \u0107wiczeniowych<\/li><li>udost\u0119pniania literatury metodycznej, naukowej oraz zbior\u00f3w multimedialnych,<\/li><li>przekazywania wychowawcom informacji o stanie czytelnictwa uczni\u00f3w oraz sposobie wywi\u0105zania si\u0119 z dbania o wsp\u00f3lne podr\u0119czniki.<\/li><\/ol>\n\n\n\n<p><strong>\u00a7 38.<\/strong> Do zada\u0144 biblioteki nale\u017c\u0105:<\/p>\n\n\n\n<ol class=\"wp-block-list\"><li>gromadzenie, opracowywanie, przechowywanie materia\u0142\u00f3w bibliotecznych,<\/li><li>obs\u0142uga u\u017cytkownik\u00f3w poprzez udost\u0119pnianie zbior\u00f3w oraz prowadzenie dzia\u0142alno\u015bci informacyjnej,<\/li><li>zaspakajanie zg\u0142aszanych przez u\u017cytkownik\u00f3w potrzeb czytelniczych i&nbsp;informacyjnych,<\/li><li>przysposabianie uczni\u00f3w do samokszta\u0142cenia, dzia\u0142ania na rzecz przygotowania uczni\u00f3w do korzystania z r\u00f3\u017cnych \u017ar\u00f3de\u0142 informacji i korzystania z innych bibliotek, rozbudzania zainteresowa\u0144 czytelniczych i informacyjnych uczni\u00f3w, kszta\u0142towanie ich kultury czytelniczej, zaspakajanie potrzeb kulturalnych,<\/li><li>propagowanie w\u015br\u00f3d uczni\u00f3w i nauczycieli edukacji cyfrowej,<\/li><li>wspomaganie doskonalenia zawodowego nauczycieli,<\/li><li>wsp\u00f3\u0142praca z nauczycielami w zakresie realizacji zaj\u0119\u0107 czytelniczych,<\/li><li>pe\u0142nienie funkcji o\u015brodka informacji o materia\u0142ach dydaktycznych gromadzonych w&nbsp;szkole.<\/li><\/ol>\n\n\n\n<p><strong>\u00a7 39.<\/strong> W bibliotece przeprowadzana jest inwentaryzacja ksi\u0119gozbioru z uwzgl\u0119dnieniem przepis\u00f3w wydanych na podstawie art. 27 ust. 6 ustawy z dnia 27 czerwca 1997 r.<br>o bibliotekach (Dz. U. z 2012 r. poz. 642 i 908 oraz z 2013 r. poz. 829).<\/p>\n\n\n\n<p><strong>\u00a7 40. <\/strong>Szczeg\u00f3\u0142owe zasady korzystania z zasob\u00f3w bibliotecznych okre\u015bla Regulamin Biblioteki Szkolnej Szko\u0142y Podstawowej nr 53 im. Paw\u0142a Edmunda Strzeleckiego<br>w Poznaniu zatwierdzone uchwa\u0142\u0105 Rady Pedagogicznej.<\/p>\n\n\n\n<p class=\"has-text-align-center\"><strong>Rozdzia\u0142 4<br>Zadania nauczyciela bibliotekarza<\/strong><\/p>\n\n\n\n<p><strong>\u00a7 76. <\/strong>1. Do zada\u0144 nauczyciela bibliotekarza nale\u017cy:<\/p>\n\n\n\n<ol class=\"wp-block-list\"><li>gromadzenie, ewidencja i opracowywanie zbior\u00f3w bibliotecznych;<\/li><li>udost\u0119pnianie zbior\u00f3w bibliotecznych i udzielanie informacji bibliograficznych, \u017ar\u00f3d\u0142owych i tekstowych;<\/li><li>poradnictwo w doborze odpowiedniej literatury;<\/li><li>inwentaryzacja i selekcja zbior\u00f3w;<\/li><li>udzia\u0142 w realizacji programu dydaktycznego i wychowawczo-profilaktycznego szko\u0142y;<\/li><li>rozpoznawanie zainteresowa\u0144 oraz innych potrzeb czytelniczych;<\/li><li>wprowadzanie r\u00f3\u017cnorodnych form upowszechniania czytelnictwa;<\/li><li>prowadzenie dokumentacji pracy biblioteki;<\/li><li>praca indywidualna z uczniem;<\/li><li>udzia\u0142 nauczyciela bibliotekarza w realizacji programu dydaktycznego i profilaktyczno-wychowawczego szko\u0142y;<\/li><li>systematyczne zapoznawanie si\u0119 z nowymi ofertami wydawniczymi, wyb\u00f3r ofert zgodnie z zapotrzebowaniem nauczycieli i uczni\u00f3w, analiz\u0105 obowi\u0105zuj\u0105cych w&nbsp;szkole program\u00f3w, mo\u017cliwo\u015bciami finansowymi;<\/li><li>udost\u0119pnianie zbior\u00f3w u\u017cytkownikom;<\/li><li>udzielanie informacji bibliograficznych, bibliotecznych, tekstowych, \u017ar\u00f3d\u0142owych;<\/li><li>prowadzenie poradnictwa w doborze literatury;<\/li><li>stosowanie r\u00f3\u017cnych form upowszechniania czytelnictwa;<\/li><li>wsp\u00f3\u0142praca ze \u015brodowiskiem lokalnym, innymi bibliotekami i instytucjami w&nbsp;zale\u017cno\u015bci od potrzeb szko\u0142y;<\/li><li>opracowanie rocznego planu pracy biblioteki i nauczyciela bibliotekarza;<\/li><li>prowadzenie dokumentacji bibliotecznej (dziennik biblioteki);<\/li><li>gromadzenie, ewidencja i opracowywanie zbior\u00f3w bibliotecznych;<\/li><li>prowadzenie archiwizacji danych bazy ksi\u0119gozbioru;<\/li><li>prowadzenie warsztatu informacyjnego;<\/li><li>sporz\u0105dzanie statystyki p\u00f3\u0142rocznej i ko\u0144coworocznej;<\/li><li>konserwacja i selekcja ksi\u0119gozbioru;<\/li><li>rozbudzanie i rozwijanie indywidualnych zainteresowa\u0144 czytelniczych uczni\u00f3w;<\/li><li>pog\u0142\u0119bianie i wyrabianie u uczni\u00f3w nawyku czytania i samokszta\u0142cenia;<\/li><li>propagowanie dziedzictwa kultury narodowej i regionalnej;<\/li><li>wspomaganie doskonalenia zawodowego nauczycieli;<\/li><li>pomoc nauczycielom i wychowawcom w realizacji ich zada\u0144 dydaktyczno-wychowawczych;<\/li><li>informowanie nauczycieli i wychowawc\u00f3w o stanie czytelnictwa uczni\u00f3w;<\/li><li>uczestniczenie w organizacji imprez okoliczno\u015bciowych zgodnie z&nbsp;harmonogramem;<\/li><li>pomoc w doborze literatury;<\/li><li>wsp\u00f3lne organizowanie imprez czytelniczych;<\/li><li>wsp\u00f3\u0142praca ze \u015brodowiskiem lokalnym.<\/li><li>Nauczyciel bibliotekarz na koniec roku kalendarzowego przekazuje stan warto\u015bciowy zbioru bibliotecznego do dzia\u0142u ksi\u0119gowo\u015bci.<\/li><li>Nauczyciel bibliotekarz sprawuje opiek\u0119 nad uczniami, kt\u00f3rzy nie uczestnicz\u0105 w zaj\u0119ciach religii odbywaj\u0105cych si\u0119 w ci\u0105gu dnia szkolnego.<\/li><\/ol>\n","protected":false},"excerpt":{"rendered":"<p>Rozdzia\u0142 4Organizacja biblioteki szkolnej \u00a7 35. Z biblioteki mog\u0105 korzysta\u0107: uczniowie, nauczyciele i pracownicy szko\u0142y. \u00a7 36. Do zbior\u00f3w bibliotecznych nale\u017c\u0105: programy, podr\u0119czniki szkolne, materia\u0142y edukacyjne; lektury; wybrane pozycje z literatury pi\u0119knej oraz popularnonaukowej i naukowej; wydania stanowi\u0105ce pomoc w pracy dydaktyczno-wychowawczej nauczycieli; zbiory multimedialne. \u00a7 37. Biblioteka szkolna wsp\u00f3\u0142pracuje z: uczniami w zakresie: rozbudzania [&hellip;]<\/p>\n","protected":false},"author":1,"featured_media":0,"parent":47,"menu_order":0,"comment_status":"closed","ping_status":"closed","template":"","meta":{"footnotes":""},"class_list":["post-312","page","type-page","status-publish","hentry"],"_links":{"self":[{"href":"https:\/\/zsipo5.poznan.pl\/index.php\/wp-json\/wp\/v2\/pages\/312","targetHints":{"allow":["GET"]}}],"collection":[{"href":"https:\/\/zsipo5.poznan.pl\/index.php\/wp-json\/wp\/v2\/pages"}],"about":[{"href":"https:\/\/zsipo5.poznan.pl\/index.php\/wp-json\/wp\/v2\/types\/page"}],"author":[{"embeddable":true,"href":"https:\/\/zsipo5.poznan.pl\/index.php\/wp-json\/wp\/v2\/users\/1"}],"replies":[{"embeddable":true,"href":"https:\/\/zsipo5.poznan.pl\/index.php\/wp-json\/wp\/v2\/comments?post=312"}],"version-history":[{"count":1,"href":"https:\/\/zsipo5.poznan.pl\/index.php\/wp-json\/wp\/v2\/pages\/312\/revisions"}],"predecessor-version":[{"id":313,"href":"https:\/\/zsipo5.poznan.pl\/index.php\/wp-json\/wp\/v2\/pages\/312\/revisions\/313"}],"up":[{"embeddable":true,"href":"https:\/\/zsipo5.poznan.pl\/index.php\/wp-json\/wp\/v2\/pages\/47"}],"wp:attachment":[{"href":"https:\/\/zsipo5.poznan.pl\/index.php\/wp-json\/wp\/v2\/media?parent=312"}],"curies":[{"name":"wp","href":"https:\/\/api.w.org\/{rel}","templated":true}]}}