{"id":310,"date":"2021-11-03T19:46:44","date_gmt":"2021-11-03T18:46:44","guid":{"rendered":"http:\/\/gluszyna.stronaedu.pl\/?page_id=310"},"modified":"2021-11-03T19:46:44","modified_gmt":"2021-11-03T18:46:44","slug":"regulamin-wypozyczen-podrecznikow","status":"publish","type":"page","link":"https:\/\/zsipo5.poznan.pl\/index.php\/biblioteka\/regulamin-wypozyczen-podrecznikow\/","title":{"rendered":"Regulamin wypo\u017cycze\u0144 podr\u0119cznik\u00f3w"},"content":{"rendered":"\n<h2 class=\"has-text-align-center wp-block-heading\">SZKOLNY REGULAMIN&nbsp; KORZYSTANIAZ PODR\u0118CZNIK\u00d3W DARMOWYCH<\/h2>\n\n\n\n<h2 class=\"has-text-align-center wp-block-heading\"><strong>Rozdzia\u0142 I<br>POSTANOWIENIA OG\u00d3LNE<\/strong><\/h2>\n\n\n\n<h2 class=\"has-text-align-center wp-block-heading\">\u00a7 1<br><strong>Przedmiot Regulaminu<\/strong><\/h2>\n\n\n\n<p>1.&nbsp;&nbsp; Niniejszy \u201eRegulamin korzystania z darmowych podr\u0119cznik\u00f3w lub materia\u0142\u00f3w edukacyjnych\u201d, zwany dalej \u201eRegulaminem\u201d, reguluje:<\/p>\n\n\n\n<p>a) zasady zwi\u0105zane z wypo\u017cyczaniem i zapewnieniem uczniom dost\u0119pu do podr\u0119cznik\u00f3w lub materia\u0142\u00f3w edukacyjnych,<\/p>\n\n\n\n<p>b) tryb przyj\u0119cia podr\u0119cznik\u00f3w na stan Szko\u0142y,<\/p>\n\n\n\n<p>c) post\u0119powanie w przypadku zagubienia lub zniszczenia podr\u0119cznika lub materia\u0142\u00f3w edukacyjnych.<\/p>\n\n\n\n<p>2.&nbsp;&nbsp; Ka\u017cdy ucze\u0144 i rodzic powinien zaznajomi\u0107 si\u0119 z Regulaminem korzystania z darmowych podr\u0119cznik\u00f3w lub materia\u0142\u00f3w edukacyjnych.<\/p>\n\n\n\n<p>3.&nbsp;&nbsp; Udost\u0119pnianie materia\u0142\u00f3w bibliotecznych podlega rejestracji.<\/p>\n\n\n\n<p>4.&nbsp;&nbsp; Zwrot wypo\u017cyczonych podr\u0119cznik\u00f3w bibliotekarz potwierdza na li\u015bcie wypo\u017cycze\u0144.<\/p>\n\n\n\n<h2 class=\"has-text-align-center wp-block-heading\"><strong>Rozdzia\u0142 II<\/strong><br><strong>ZADANIA BIBLIOTEKI DOTYCZACE PODR\u0118CZNIK\u00d3W SZKOLNYCH<\/strong><\/h2>\n\n\n\n<p>1.&nbsp;&nbsp; Biblioteka &nbsp;gromadzi podr\u0119czniki, materia\u0142y edukacyjne, materia\u0142y \u0107wiczeniowe i inne materia\u0142y biblioteczne.<\/p>\n\n\n\n<p>2.&nbsp;&nbsp; Biblioteka nieodp\u0142atnie:<\/p>\n\n\n\n<p>\u2013 wypo\u017cycza uczniom podr\u0119czniki lub materia\u0142y edukacyjne, maj\u0105ce posta\u0107 papierow\u0105 lub elektroniczn\u0105,<\/p>\n\n\n\n<p>\u2013 przekazuje uczniom materia\u0142y \u0107wiczeniowe bez obowi\u0105zku zwrotu.<\/p>\n\n\n\n<p>3.&nbsp;&nbsp; Do\u0142\u0105czona do podr\u0119cznika lub materia\u0142\u00f3w edukacyjnych p\u0142yta CD stanowi integraln\u0105 cz\u0119\u015b\u0107 podr\u0119cznika lub materia\u0142\u00f3w edukacyjnych i nale\u017cy j\u0105 zwr\u00f3ci\u0107 wraz z podr\u0119cznikiem lub materia\u0142em edukacyjnym. Zagubienie p\u0142yty CD skutkuje konieczno\u015bci\u0105 zwrotu koszt\u00f3w ca\u0142ego podr\u0119cznika lub materia\u0142\u00f3w edukacyjnych.<\/p>\n\n\n\n<h2 class=\"has-text-align-center wp-block-heading\"><strong>Rozdzia\u0142 III<br>PRZYJ\u0118CIE PODR\u0118CZNIK\u00d3W NA STAN SZKO\u0141Y<\/strong><\/h2>\n\n\n\n<p>1.&nbsp;&nbsp; Podr\u0119czniki, materia\u0142y edukacyjne, materia\u0142y \u0107wiczeniowe przekazane szkole w ramach dotacji zostaj\u0105 przekazane na stan biblioteki , ale nie powi\u0119kszaj\u0105 jej stanu ilo\u015bciowego i warto\u015bciowego.<\/p>\n\n\n\n<p>2.&nbsp;&nbsp; Podr\u0119czniki i&nbsp; materia\u0142y edukacyjne przekazane szkole w ramach dotacji winny by\u0107 u\u017cytkowane przez okres minimum 3 lat.<\/p>\n\n\n\n<h2 class=\"has-text-align-center wp-block-heading\"><strong>Rozdzia\u0142 IV<br>UDOST\u0118PNIANIE ZBIOR\u00d3W<\/strong><\/h2>\n\n\n\n<h2 class=\"has-text-align-center wp-block-heading\"><strong>\u00a7 1<br>U\u017cytkownicy Biblioteki podr\u0119cznik\u00f3w szkolnych<\/strong><\/h2>\n\n\n\n<p>1.&nbsp;&nbsp; Do wypo\u017cyczania podr\u0119cznik\u00f3w lub materia\u0142\u00f3w edukacyjnych &nbsp;uprawnieni s\u0105 wszyscy uczniowie Szko\u0142y.<\/p>\n\n\n\n<h2 class=\"has-text-align-center wp-block-heading\"><strong>\u00a7 2<br>Okres trwania wypo\u017cyczenia<\/strong><\/h2>\n\n\n\n<p>1.&nbsp;&nbsp; Wypo\u017cyczanie podr\u0119cznik\u00f3w ma miejsce &nbsp;na pocz\u0105tku ka\u017cdego roku szkolnego, najp\u00f3\u017aniej do po\u0142owy miesi\u0105ca wrze\u015bnia<\/p>\n\n\n\n<p>2.&nbsp;&nbsp; Podr\u0119czniki wypo\u017cyczane s\u0105 na okres 10 miesi\u0119cy, termin ich zwrotu mija 7 dni przed dat\u0105 zako\u0144czenia roku szkolnego.<\/p>\n\n\n\n<p>3.&nbsp;&nbsp; Biblioteka w uzasadnionych okoliczno\u015bciach ma prawo za\u017c\u0105da\u0107 zwrotu wypo\u017cyczonych materia\u0142\u00f3w przed up\u0142ywem ustalonego terminu.<\/p>\n\n\n\n<h2 class=\"has-text-align-center wp-block-heading\"><strong>\u00a7 3<br>Procedura wypo\u017cyczania podr\u0119cznika<\/strong><\/h2>\n\n\n\n<p>1.&nbsp; Podr\u0119czniki i materia\u0142y \u0107wiczeniowe do klas I-III wypo\u017cyczaj\u0105 wychowawcy klas i rozprowadzaj\u0105<\/p>\n\n\n\n<p>&nbsp;&nbsp;&nbsp;&nbsp; je w\u015br\u00f3d uczni\u00f3w swojej&nbsp; klasy wed\u0142ug ustalonych przez siebie zasad.<\/p>\n\n\n\n<p>2. Uczniowie klas IV \u2013VIII wypo\u017cyczaj\u0105 podr\u0119czniki i materia\u0142y \u0107wiczeniowe w pierwszej po\u0142owie wrze\u015bnia w dniu wyznaczonym przez nauczyciela bibliotekarza.<\/p>\n\n\n\n<p>3.&nbsp;&nbsp; Przed wypo\u017cyczeniem uczniowie i ich rodzice maj\u0105 obowi\u0105zek zapoznania si\u0119 z regulaminem wypo\u017cycze\u0144 podr\u0119cznik\u00f3w szkolnych dost\u0119pnym na stronie internetowej szko\u0142y.<\/p>\n\n\n\n<p>4.&nbsp;&nbsp; Odbi\u00f3r kompletu podr\u0119cznik\u00f3w i \u0107wicze\u0144 oraz znajomo\u015b\u0107 regulaminu wypo\u017cycze\u0144 podr\u0119cznik\u00f3w uczniowie potwierdzaj\u0105 w\u0142asnor\u0119cznym podpisem.<\/p>\n\n\n\n<p>5. Ucze\u0144 jest zobowi\u0105zany do ob\u0142o\u017cenia podr\u0119cznik\u00f3w szkolnych, kt\u00f3re podlegaj\u0105 zwrotowi.<\/p>\n\n\n\n<p><strong>\u00a7 4<\/strong><\/p>\n\n\n\n<p><strong>Obowi\u0105zki nauczycieli<\/strong><\/p>\n\n\n\n<p>1. Wychowawcy klas I-III oraz nauczyciele przedmiotu&nbsp; zwracaj\u0105 uwag\u0119 na dba\u0142o\u015b\u0107 uczni\u00f3w o podr\u0119czniki szkolne.<\/p>\n\n\n\n<p>2. Wychowawcy klas I-III sukcesywnie oddaj\u0105 do biblioteki te cz\u0119\u015bci kompletu podr\u0119cznik\u00f3w, z kt\u00f3rych ju\u017c nie korzystaj\u0105.<\/p>\n\n\n\n<h2 class=\"has-text-align-center wp-block-heading\"><strong>\u00a7 5<br>Zmiana Szko\u0142y<\/strong><\/h2>\n\n\n\n<p>1.&nbsp;&nbsp; Ucze\u0144, kt\u00f3ry w trakcie roku szkolnego, z powod\u00f3w losowych, rezygnuje z edukacji<br>w naszej szkole, zobowi\u0105zany jest zwr\u00f3ci\u0107 otrzymane podr\u0119czniki i materia\u0142y edukacyjne.<\/p>\n\n\n\n<p>2.&nbsp;&nbsp; W przypadku niemo\u017cno\u015bci zwrotu otrzymanego podr\u0119cznika lub materia\u0142\u00f3w edukacyjnych zastosowanie ma rozdzia\u0142 V niniejszego Regulaminu.<\/p>\n\n\n\n<h2 class=\"has-text-align-center wp-block-heading\"><strong>Rozdzia\u0142 V<br>ODPOWIEDZIALNO\u015a\u0106 ZA UDOST\u0118PNIANE PODR\u0118CZNIKI<\/strong><\/h2>\n\n\n\n<h2 class=\"has-text-align-center wp-block-heading\"><strong>\u00a7 1<br>Obowi\u0105zki ucznia zwi\u0105zane z wypo\u017cyczeniem<\/strong><\/h2>\n\n\n\n<p>1.&nbsp;&nbsp; Przez ca\u0142y okres u\u017cytkowania podr\u0119cznik\u00f3w Ucze\u0144 <strong>dba o&nbsp; ksi\u0105\u017cki i jest zobowi\u0105zany do ich ob\u0142o\u017cenia.<\/strong><\/p>\n\n\n\n<p>2.&nbsp;&nbsp; Ucze\u0144 ma obowi\u0105zek na bie\u017c\u0105co dokonywa\u0107 drobnych napraw czy ewentualnej wymiany ok\u0142adki.<\/p>\n\n\n\n<p>3.&nbsp;&nbsp; Zabrania si\u0119 dokonywania jakichkolwiek wpis\u00f3w i notatek w podr\u0119cznikach.<\/p>\n\n\n\n<p>4.&nbsp;&nbsp; Dopuszcza si\u0119 u\u017cywania o\u0142\u00f3wka w celu zaznaczenia (np. pracy domowej).<\/p>\n\n\n\n<p>5.&nbsp;&nbsp; Przed zwrotem podr\u0119cznik\u00f3w Ucze\u0144 ma obowi\u0105zek uporz\u0105dkowania podr\u0119cznik\u00f3w(nale\u017cy: powyciera\u0107 &nbsp;wpisy o\u0142\u00f3wka, podklei\u0107), a nast\u0119pnie odda\u0107 do biblioteki szkolnej wszystkie wypo\u017cyczone podr\u0119czniki wraz z ich dodatkowym wyposa\u017ceniem (p\u0142yty, mapy, plansze, itp.).<\/p>\n\n\n\n<h2 class=\"has-text-align-center wp-block-heading\"><strong>\u00a7 2<br>Uszkodzenie lub zniszczenie podr\u0119cznika lub materia\u0142u edukacyjnego<\/strong><\/h2>\n\n\n\n<p>1.&nbsp;&nbsp; Przez uszkodzenie podr\u0119cznika lub materia\u0142\u00f3w edukacyjnych rozumie si\u0119 nieumy\u015blne zabrudzenie, poplamienie, zgniecenie&nbsp; umo\u017cliwiaj\u0105ce jednak dalsze ich wykorzystywanie.<\/p>\n\n\n\n<p>2.&nbsp;&nbsp; Przez zniszczenie podr\u0119cznika lub materia\u0142\u00f3w edukacyjnych rozumie si\u0119 umy\u015blne lub spowodowane przez zaniedbanie u\u017cytkownika poplamienie, zamoczenie, trwa\u0142e zabrudzenie, porysowanie popisanie lub rozerwanie, wyrwanie i zagubienie kartek oraz inne wady fizyczne, kt\u00f3re pomniejszaj\u0105 warto\u015b\u0107 u\u017cytkow\u0105 podr\u0119cznika lub materia\u0142\u00f3w edukacyjnych i utrudniaj\u0105 pe\u0142ne z nich korzystanie.<\/p>\n\n\n\n<h2 class=\"has-text-align-center wp-block-heading\"><strong>\u00a7 3<br>&nbsp;Zakres odpowiedzialno\u015bci<\/strong><\/h2>\n\n\n\n<p>1.&nbsp;&nbsp; Ucze\u0144 ponosi odpowiedzialno\u015b\u0107 za wszelkie uszkodzenia lub zniszczenia wypo\u017cyczonych podr\u0119cznik\u00f3w lub materia\u0142\u00f3w edukacyjnych,&nbsp; nieujawnionych w chwili wypo\u017cyczenia.<\/p>\n\n\n\n<p>2.&nbsp;&nbsp; W przypadku zagubienia lub zniszczenia podr\u0119cznika lub materia\u0142u edukacyjnego ucze\u0144 ma obowi\u0105zek odkupienia zniszczonej pozycji.<\/p>\n\n\n\n<p>4.&nbsp;&nbsp; Za zniszczone lub zgubione podr\u0119czniki materialnie odpowiadaj\u0105 rodzice uczni\u00f3w.<\/p>\n\n\n\n<p>5.&nbsp;&nbsp; W przypadku nieodkupienia zagubionego b\u0105d\u017a zniszczonego podr\u0119cznika nauczyciel bibliotekarz przekazuje spraw\u0119 Dyrekcji Szko\u0142y<\/p>\n\n\n\n<h2 class=\"has-text-align-center wp-block-heading\"><strong>Rozdzia\u0142 VI<br>POSTANOWIENIA KO\u0143COWE<\/strong><\/h2>\n\n\n\n<p>1.&nbsp;&nbsp; Uczniowie i rodzice zobowi\u0105zani s\u0105 do zapoznania si\u0119 z tre\u015bci\u0105 niniejszego Regulaminu<br>i stosowania si\u0119 do zawartych w nim postanowie\u0144.<\/p>\n\n\n\n<p>2.&nbsp;&nbsp; Bibliotekarz jest zobowi\u0105zany do udost\u0119pniania Regulaminu na &nbsp;stronie internetowej Szko\u0142y<\/p>\n\n\n\n<p>3.&nbsp;&nbsp; Sprawy sporne lub nie uj\u0119te w Regulaminie rozstrzyga Dyrektor Szko\u0142y.<\/p>\n\n\n\n<p>4.&nbsp;&nbsp; Organem uprawnionym do zmiany Regulaminu jest Dyrektor Szko\u0142y.<\/p>\n\n\n\n<p>5.&nbsp;&nbsp; Niniejszy Regulamin wchodzi w \u017cycie z dniem 1 wrze\u015bnia 2020 r.<\/p>\n","protected":false},"excerpt":{"rendered":"<p>SZKOLNY REGULAMIN&nbsp; KORZYSTANIAZ PODR\u0118CZNIK\u00d3W DARMOWYCH Rozdzia\u0142 IPOSTANOWIENIA OG\u00d3LNE \u00a7 1Przedmiot Regulaminu 1.&nbsp;&nbsp; Niniejszy \u201eRegulamin korzystania z darmowych podr\u0119cznik\u00f3w lub materia\u0142\u00f3w edukacyjnych\u201d, zwany dalej \u201eRegulaminem\u201d, reguluje: a) zasady zwi\u0105zane z wypo\u017cyczaniem i zapewnieniem uczniom dost\u0119pu do podr\u0119cznik\u00f3w lub materia\u0142\u00f3w edukacyjnych, b) tryb przyj\u0119cia podr\u0119cznik\u00f3w na stan Szko\u0142y, c) post\u0119powanie w przypadku zagubienia lub zniszczenia podr\u0119cznika lub [&hellip;]<\/p>\n","protected":false},"author":1,"featured_media":0,"parent":47,"menu_order":0,"comment_status":"closed","ping_status":"closed","template":"","meta":{"footnotes":""},"class_list":["post-310","page","type-page","status-publish","hentry"],"_links":{"self":[{"href":"https:\/\/zsipo5.poznan.pl\/index.php\/wp-json\/wp\/v2\/pages\/310","targetHints":{"allow":["GET"]}}],"collection":[{"href":"https:\/\/zsipo5.poznan.pl\/index.php\/wp-json\/wp\/v2\/pages"}],"about":[{"href":"https:\/\/zsipo5.poznan.pl\/index.php\/wp-json\/wp\/v2\/types\/page"}],"author":[{"embeddable":true,"href":"https:\/\/zsipo5.poznan.pl\/index.php\/wp-json\/wp\/v2\/users\/1"}],"replies":[{"embeddable":true,"href":"https:\/\/zsipo5.poznan.pl\/index.php\/wp-json\/wp\/v2\/comments?post=310"}],"version-history":[{"count":1,"href":"https:\/\/zsipo5.poznan.pl\/index.php\/wp-json\/wp\/v2\/pages\/310\/revisions"}],"predecessor-version":[{"id":311,"href":"https:\/\/zsipo5.poznan.pl\/index.php\/wp-json\/wp\/v2\/pages\/310\/revisions\/311"}],"up":[{"embeddable":true,"href":"https:\/\/zsipo5.poznan.pl\/index.php\/wp-json\/wp\/v2\/pages\/47"}],"wp:attachment":[{"href":"https:\/\/zsipo5.poznan.pl\/index.php\/wp-json\/wp\/v2\/media?parent=310"}],"curies":[{"name":"wp","href":"https:\/\/api.w.org\/{rel}","templated":true}]}}