{"id":31,"date":"2021-06-23T08:05:57","date_gmt":"2021-06-23T06:05:57","guid":{"rendered":"http:\/\/gluszyna.openworld24.pl\/?page_id=31"},"modified":"2026-02-11T13:51:33","modified_gmt":"2026-02-11T12:51:33","slug":"pedagog-psycholog","status":"publish","type":"page","link":"https:\/\/zsipo5.poznan.pl\/index.php\/pedagog-psycholog\/","title":{"rendered":"Pedagog\/Psycholog"},"content":{"rendered":"\n<p class=\"has-text-align-center\">Nasz zesp\u00f3\u0142 psychologiczno-pedagogiczny <\/p>\n\n\n\n<p>&#8211; Pedagog szkolny-<strong> Justyna B\u0105k <\/strong><\/p>\n\n\n\n<p>&#8211; Pedagog specjalny &#8211; <strong>Monika Dziuba\u0142ka<\/strong><\/p>\n\n\n\n<p>&#8211; Psycholog, psychoterapeuta- <strong>Marta Sakowicz<\/strong><\/p>\n\n\n\n<p>&#8211;  Rewalidator, nauczyciel wsp\u00f3\u0142organizuj\u0105cy proces kszta\u0142cenia, socjoterapeuta- <strong>Sylwia Syzd\u00f3\u0142 <\/strong><\/p>\n\n\n\n<p class=\"has-text-align-center\"><strong>Wspieramy dzieci i uczni\u00f3w klas 1-8.<\/strong><\/p>\n\n\n\n<p>Pracujemy w duchu metody Marshalla&nbsp;Rosenberga \u201ePorozumienia bez Przemocy\u201d. Organizujemy wsparcie indywidualne i grupowe poprzez rozmowy wspieraj\u0105ce, zaj\u0119cia rozwijaj\u0105ce kompetencje emocjonalno &#8211; spo\u0142eczne, trening umiej\u0119tno\u015bci spo\u0142ecznych w r\u00f3\u017cnych grupach stacjonarnie i zdalnie. Wspieramy uczni\u00f3w ze specjalnymi potrzebami edukacyjnymi we wsp\u00f3\u0142pracy z wieloma specjalistami i poradniami.<\/p>\n\n\n\n<p>Wsp\u00f3\u0142pracujemy z poradniami psychologiczno-pedagogicznymi: PPP nr 7, oraz poradniami specjalistycznymi ZPPP nr 1 oraz ZPPP nr 2.<\/p>\n\n\n\n<p>Wsp\u00f3\u0142organizujemy proces indywidualizacji kszta\u0142cenia. &nbsp;Prowadzimy wszechstronn\u0105 diagnoz\u0119 potrzeb dzieci i projektujemy formy pomocy. Kompleksowo organizujemy edukacj\u0119 dzieci z orzeczeniami. Ci\u0105gle aktualizujemy nasz\u0105 wiedz\u0119 i poszerzamy baz\u0119 pomocy dydaktycznych. Nasze gabinety s\u0105 jasne, przyjazne i dostosowane do potrzeb ka\u017cdego dziecka. Mamy specjaln\u0105 du\u017c\u0105 sal\u0119 do terapii i wsp\u00f3lnych zabaw, kt\u00f3r\u0105 nazwali\u015bmy \u201eZak\u0105tek\u201d \u2013 ulubione miejsce naszych uczni\u00f3w.<\/p>\n\n\n\n<p><strong>Justyna B\u0105k &#8211; pedagog szkolny<\/strong><\/p>\n\n\n\n<p><strong>Godziny pracy:<\/strong><\/p>\n\n\n\n<p>Poniedzia\u0142ek 9.00-15.30<\/p>\n\n\n\n<p>Wtorek 10.30-14.00<\/p>\n\n\n\n<p>\u015aroda 9.00-14.30<\/p>\n\n\n\n<p>Czwartek 9.30-13.00<\/p>\n\n\n\n<p>Pi\u0105tek 9.30-13.00<\/p>\n\n\n\n<p>Kontakt przez Librusa i mailowo: &nbsp;<a href=\"mailto:marta.sakowicz@sp53.edu.pl\">justyna.bak@sp53.edu.pl<\/a><\/p>\n\n\n\n<p>telefon s\u0142u\u017cbowy: telefon s\u0142u\u017cbowy: <strong>502 140 667<\/strong> <\/p>\n\n\n\n<p><\/p>\n\n\n\n<p><strong>Marta Sakowicz \u2013 psycholog<\/strong><\/p>\n\n\n\n<p><strong>Godziny pracy:<\/strong><\/p>\n\n\n\n<p>Wtorek 8.30-15.30<\/p>\n\n\n\n<p>\u015aroda 11.00-14.30<\/p>\n\n\n\n<p>Czwartek&nbsp;10.00-14.30<\/p>\n\n\n\n<p>Kontakt przez Librusa i mailowo: &nbsp;<a href=\"mailto:marta.sakowicz@sp53.edu.pl\">marta.sakowicz@sp53.edu.pl<\/a><\/p>\n\n\n\n<p>telefon s\u0142u\u017cbowy: <strong>506 932&nbsp;963<\/strong> &nbsp;&nbsp;&nbsp;&nbsp;&nbsp;&nbsp;&nbsp;&nbsp;&nbsp;&nbsp;&nbsp;&nbsp;&nbsp;&nbsp;&nbsp;&nbsp;&nbsp;&nbsp;&nbsp;&nbsp;&nbsp;&nbsp;&nbsp;&nbsp;&nbsp;&nbsp;&nbsp;&nbsp;&nbsp;&nbsp;&nbsp;&nbsp;&nbsp;&nbsp;&nbsp;&nbsp;&nbsp;&nbsp;<\/p>\n\n\n\n<p><\/p>\n\n\n\n<p><strong>Monika Dziuba\u0142ka \u2013 pedagog specjalny<\/strong><\/p>\n\n\n\n<p><strong>Godziny pracy:<\/strong><\/p>\n\n\n\n<p>poniedzia\u0142ek &#8211; 9.00-11.00<\/p>\n\n\n\n<p>wtorek &#8211; 12.30-15.30<\/p>\n\n\n\n<p>\u015broda &#8211; 8.00-11.00<\/p>\n\n\n\n<p>czwartek &#8211; 8.00-12.00<\/p>\n\n\n\n<p>telefon s\u0142u\u017cbowy: <strong>507 648 213<\/strong><\/p>\n\n\n\n<p>Kontakt przez Librusa i mailowo: &nbsp;<a href=\"mailto:monika.dziubalka@sp53.edu.pl\">monika.dziubalka@sp53.edu.pl<\/a><\/p>\n\n\n\n<p>Dokumenty:<\/p>\n\n\n\n<div class=\"wp-block-file\"><a id=\"wp-block-file--media-f3f85a72-1ca1-4f5e-ba8b-2e6015e5aa01\" href=\"https:\/\/zsipo5.poznan.pl\/wp-content\/uploads\/2025\/09\/Wniosek-dla-rodzica-o-wydanie-opinii.pdf\">Wniosek dla rodzica o wydanie opinii<\/a><a href=\"https:\/\/zsipo5.poznan.pl\/wp-content\/uploads\/2025\/09\/Wniosek-dla-rodzica-o-wydanie-opinii.pdf\" class=\"wp-block-file__button wp-element-button\" download aria-describedby=\"wp-block-file--media-f3f85a72-1ca1-4f5e-ba8b-2e6015e5aa01\">Pobierz<\/a><\/div>\n\n\n\n<div class=\"wp-block-file\"><a id=\"wp-block-file--media-63d42934-7881-4ca5-9825-792ea0a93f63\" href=\"https:\/\/zsipo5.poznan.pl\/wp-content\/uploads\/2025\/09\/Procedura-uzyskania-opinii-o-uczniu.docx\">Procedura uzyskania opinii o uczniu<\/a><a href=\"https:\/\/zsipo5.poznan.pl\/wp-content\/uploads\/2025\/09\/Procedura-uzyskania-opinii-o-uczniu.docx\" class=\"wp-block-file__button wp-element-button\" download aria-describedby=\"wp-block-file--media-63d42934-7881-4ca5-9825-792ea0a93f63\">Pobierz<\/a><\/div>\n","protected":false},"excerpt":{"rendered":"<p>Nasz zesp\u00f3\u0142 psychologiczno-pedagogiczny &#8211; Pedagog szkolny- Justyna B\u0105k &#8211; Pedagog specjalny &#8211; Monika Dziuba\u0142ka &#8211; Psycholog, psychoterapeuta- Marta Sakowicz &#8211; Rewalidator, nauczyciel wsp\u00f3\u0142organizuj\u0105cy proces kszta\u0142cenia, socjoterapeuta- Sylwia Syzd\u00f3\u0142 Wspieramy dzieci i uczni\u00f3w klas 1-8. Pracujemy w duchu metody Marshalla&nbsp;Rosenberga \u201ePorozumienia bez Przemocy\u201d. Organizujemy wsparcie indywidualne i grupowe poprzez rozmowy wspieraj\u0105ce, zaj\u0119cia rozwijaj\u0105ce kompetencje emocjonalno &#8211; [&hellip;]<\/p>\n","protected":false},"author":1,"featured_media":0,"parent":0,"menu_order":0,"comment_status":"closed","ping_status":"closed","template":"","meta":{"footnotes":""},"class_list":["post-31","page","type-page","status-publish","hentry"],"_links":{"self":[{"href":"https:\/\/zsipo5.poznan.pl\/index.php\/wp-json\/wp\/v2\/pages\/31","targetHints":{"allow":["GET"]}}],"collection":[{"href":"https:\/\/zsipo5.poznan.pl\/index.php\/wp-json\/wp\/v2\/pages"}],"about":[{"href":"https:\/\/zsipo5.poznan.pl\/index.php\/wp-json\/wp\/v2\/types\/page"}],"author":[{"embeddable":true,"href":"https:\/\/zsipo5.poznan.pl\/index.php\/wp-json\/wp\/v2\/users\/1"}],"replies":[{"embeddable":true,"href":"https:\/\/zsipo5.poznan.pl\/index.php\/wp-json\/wp\/v2\/comments?post=31"}],"version-history":[{"count":37,"href":"https:\/\/zsipo5.poznan.pl\/index.php\/wp-json\/wp\/v2\/pages\/31\/revisions"}],"predecessor-version":[{"id":7085,"href":"https:\/\/zsipo5.poznan.pl\/index.php\/wp-json\/wp\/v2\/pages\/31\/revisions\/7085"}],"wp:attachment":[{"href":"https:\/\/zsipo5.poznan.pl\/index.php\/wp-json\/wp\/v2\/media?parent=31"}],"curies":[{"name":"wp","href":"https:\/\/api.w.org\/{rel}","templated":true}]}}