{"id":262,"date":"2021-11-03T19:13:36","date_gmt":"2021-11-03T18:13:36","guid":{"rendered":"http:\/\/gluszyna.stronaedu.pl\/?page_id=262"},"modified":"2025-09-01T11:43:39","modified_gmt":"2025-09-01T09:43:39","slug":"harmonogram-roku-szkolnego","status":"publish","type":"page","link":"https:\/\/zsipo5.poznan.pl\/index.php\/organizacja-szkoly\/harmonogram-roku-szkolnego\/","title":{"rendered":"Harmonogram roku szkolnego"},"content":{"rendered":"\n<p><strong>ORGANIZACJA ROKU SZKOLNEGO 2025 \/ 2026<\/strong><\/p>\n\n\n\n<figure class=\"wp-block-table\"><table><tbody><tr><td><strong>Rozpocz\u0119cie zaj\u0119\u0107 dydaktyczno-wychowawczych<\/strong><\/td><td>1 wrze\u015bnia 2025 r.\u00a0<\/td><\/tr><tr><td><strong>Zimowa przerwa \u015bwi\u0105teczna&nbsp;<\/strong><\/td><td>22 &#8211; 31 grudnia 2025 r.\u00a0\u00a0<\/td><\/tr><tr><td><strong>Ferie zimowe&nbsp;<\/strong><\/td><td>16 lutego \u2013 1 marca 2026r.<\/td><\/tr><tr><td><strong>Wiosenna przerwa \u015bwi\u0105teczna&nbsp;<\/strong><\/td><td>2 kwietnia \u2013 7 kwietnia 2026 r.\u00a0\u00a0<\/td><\/tr><tr><td><strong>Egzamin \u00f3smoklasisty<\/strong><\/td><td><strong>j\u0119zyk polski\u00a0<\/strong>&#8211; 11 maja 2026 r.<br><strong>matematyka <\/strong>-12 maja 2026 r.<br><strong>j\u0119zyk obcy nowo\u017cytny<\/strong> &#8211; 13 maja 2026 r. <\/td><\/tr><tr><td><strong>Zako\u0144czenie zaj\u0119\u0107 dydaktyczno-wychowawczych w szko\u0142ach<\/strong><\/td><td>26 czerwca 2026 r.\u00a0\u00a0<\/td><\/tr><tr><td><strong>Ferie letnie&nbsp;<\/strong><\/td><td>27 czerwca &#8211; 31 sierpnia 2026 r.<strong>\u00a0\u00a0<\/strong><\/td><\/tr><\/tbody><\/table><\/figure>\n\n\n\n<p><\/p>\n","protected":false},"excerpt":{"rendered":"<p>ORGANIZACJA ROKU SZKOLNEGO 2025 \/ 2026 Rozpocz\u0119cie zaj\u0119\u0107 dydaktyczno-wychowawczych 1 wrze\u015bnia 2025 r.\u00a0 Zimowa przerwa \u015bwi\u0105teczna&nbsp; 22 &#8211; 31 grudnia 2025 r.\u00a0\u00a0 Ferie zimowe&nbsp; 16 lutego \u2013 1 marca 2026r. Wiosenna przerwa \u015bwi\u0105teczna&nbsp; 2 kwietnia \u2013 7 kwietnia 2026 r.\u00a0\u00a0 Egzamin \u00f3smoklasisty j\u0119zyk polski\u00a0&#8211; 11 maja 2026 r.matematyka -12 maja 2026 r.j\u0119zyk obcy nowo\u017cytny &#8211; [&hellip;]<\/p>\n","protected":false},"author":1,"featured_media":0,"parent":13,"menu_order":0,"comment_status":"closed","ping_status":"closed","template":"","meta":{"footnotes":""},"class_list":["post-262","page","type-page","status-publish","hentry"],"_links":{"self":[{"href":"https:\/\/zsipo5.poznan.pl\/index.php\/wp-json\/wp\/v2\/pages\/262","targetHints":{"allow":["GET"]}}],"collection":[{"href":"https:\/\/zsipo5.poznan.pl\/index.php\/wp-json\/wp\/v2\/pages"}],"about":[{"href":"https:\/\/zsipo5.poznan.pl\/index.php\/wp-json\/wp\/v2\/types\/page"}],"author":[{"embeddable":true,"href":"https:\/\/zsipo5.poznan.pl\/index.php\/wp-json\/wp\/v2\/users\/1"}],"replies":[{"embeddable":true,"href":"https:\/\/zsipo5.poznan.pl\/index.php\/wp-json\/wp\/v2\/comments?post=262"}],"version-history":[{"count":9,"href":"https:\/\/zsipo5.poznan.pl\/index.php\/wp-json\/wp\/v2\/pages\/262\/revisions"}],"predecessor-version":[{"id":5370,"href":"https:\/\/zsipo5.poznan.pl\/index.php\/wp-json\/wp\/v2\/pages\/262\/revisions\/5370"}],"up":[{"embeddable":true,"href":"https:\/\/zsipo5.poznan.pl\/index.php\/wp-json\/wp\/v2\/pages\/13"}],"wp:attachment":[{"href":"https:\/\/zsipo5.poznan.pl\/index.php\/wp-json\/wp\/v2\/media?parent=262"}],"curies":[{"name":"wp","href":"https:\/\/api.w.org\/{rel}","templated":true}]}}