{"id":2532,"date":"2022-09-20T14:39:25","date_gmt":"2022-09-20T12:39:25","guid":{"rendered":"https:\/\/zsipo5.poznan.pl\/?page_id=2532"},"modified":"2026-02-12T18:49:19","modified_gmt":"2026-02-12T17:49:19","slug":"doradztwo-zawodowe","status":"publish","type":"page","link":"https:\/\/zsipo5.poznan.pl\/index.php\/doradztwo-zawodowe\/","title":{"rendered":"Doradztwo zawodowe"},"content":{"rendered":"\n<p>Arena Zawod\u00f3w to targi organizowane w ramach projektu Szacun dla Zawodowc\u00f3w. Wydarzenie zrzesza pozna\u0144skie technika i szko\u0142y bran\u017cowe w celu promocji r\u00f3\u017cnorodnych zawod\u00f3w. W ramach targ\u00f3w nie s\u0105 promowane konkretne plac\u00f3wki, ale w\u0142a\u015bnie zawody. Chodzi o to, by ucze\u0144 zastanowi\u0142 si\u0119, kim chce zosta\u0107 w przysz\u0142o\u015bci i jaki zamierza wybra\u0107 fach, a dopiero p\u00f3\u017aniej nad tym, kt\u00f3ra szko\u0142a oferuje mu najlepsze kszta\u0142cenie.<br>Na to wydarzenie udamy si\u0119 r\u00f3wnie\u017c wraz z uczniami klas \u00f3smych naszej szko\u0142y.<\/p>\n\n\n\n<p><a href=\"https:\/\/liblink.pl\/9ucKwSyRWP\">Arena Zawod\u00f3w<\/a><\/p>\n\n\n\n<p>Klasy 7 i 8 w ci\u0105gu roku szkolnego maj\u0105 po 10 godzin warsztat\u00f3w z doradc\u0105 zawodowym (terminy podawane s\u0105 przez dziennik elektroniczny &#8222;Librus&#8221;). Ka\u017cdy ucze\u0144 mo\u017ce skorzysta\u0107 z indywidulanej &nbsp;konsultacji z doradc\u0105 zawodowym lub edukacyjnym ( zajmuj\u0105 si\u0119 tym samym). Zach\u0119camy do wybrania nauczyciela z kt\u00f3rym uczniowi\/uczennicy najlepiej si\u0119 rozmawia. Ilo\u015b\u0107 konsultacji i terminy ustalamy indywidualnie z uczniem i jego rodzicami. Prosimy o pisanie wiadomo\u015bci przez dziennik elektroniczny \u201eLibrus\u201d lub osobi\u015bcie.<\/p>\n\n\n\n<p>Nasza szko\u0142a wsp\u00f3\u0142pracuje z <a href=\"https:\/\/www.cdzdm.pl\/\">Centrum Doradztwa Zawodowego dla M\u0142odzie\u017cy<\/a>, <a href=\"https:\/\/wielkopolska.ohp.pl\/\">OHP Wielkopolska <\/a>oraz <a href=\"https:\/\/zawodowcy.org\/\">zawodowcy.org<\/a>. <\/p>\n\n\n\n<p>Zapraszamy do zapoznania si\u0119 z <\/p>\n\n\n\n<div class=\"wp-block-file\"><a id=\"wp-block-file--media-77d5790d-f372-43dc-9920-f653fdec9e38\" href=\"https:\/\/zsipo5.poznan.pl\/wp-content\/uploads\/2025\/10\/Wewnatrzszkolny-System-Doradztwa-Zawodowego-w-Zespole-Szkol-i-Placowek-Oswiatowych-nr-5-w-Poznaniu.doc\">Wewn\u0105trzszkolny System Doradztwa Zawodowego w Zespole Szk\u00f3\u0142 i Plac\u00f3wek O\u015bwiatowych nr 5 w Poznaniu<\/a><\/div>\n\n\n\n<p>Szanowni Rodzice,<\/p>\n\n\n\n<p>obserwuj\u0105c swoje dzieci widzimy, \u017ce pewne zaj\u0119cia sprawiaj\u0105 im wi\u0119cej rado\u015bci, na okre\u015blone tematy zadaj\u0105 wi\u0119cej pyta\u0144, s\u0105 dociekliwe. Niezwykle wa\u017cne jest pod\u0105\u017canie za dzieckiem. Je\u017celi widzimy, \u017ce jest ono czym\u015b szczeg\u00f3lnie zainteresowane, warto stworzy\u0107 mu optymalne warunki do rozwoju pasji, zainteresowa\u0144 \u2013 zapisa\u0107 na interesuj\u0105ce go zaj\u0119cia pozaszkolne.<\/p>\n\n\n\n<p>Wa\u017cne jest to, a\u017ceby sprawia\u0142y one przyjemno\u015b\u0107 dziecku i by\u0142y adekwatne do jego mo\u017cliwo\u015bci i umiej\u0119tno\u015bci, a nie stanowi\u0107 realizacj\u0119 ambicji rodzicielskich.<\/p>\n\n\n\n<p>W ten spos\u00f3b mo\u017cemy &#8211; jako Rodzice \u2013 przyczyni\u0107 si\u0119 do rozwijania jego naturalnych predyspozycji i pom\u00f3c w odkryciu wrodzonych talent\u00f3w.<\/p>\n\n\n\n<p>W prezentacji znajd\u0105 Pa\u0144stwo wi\u0119cej wskaz\u00f3wek na ten temat.<\/p>\n\n\n\n<div class=\"wp-block-file\"><a id=\"wp-block-file--media-6c181b1c-ce8c-486b-b2dd-88ac373194db\" href=\"https:\/\/zsipo5.poznan.pl\/wp-content\/uploads\/2025\/09\/Jak-wspierac-dzieci-w-rozwijaniu-talentow-1.pdf\">Jak wspiera\u0107 dzieci w rozwijaniu talent\u00f3w<\/a><\/div>\n\n\n\n<p><\/p>\n","protected":false},"excerpt":{"rendered":"<p>Arena Zawod\u00f3w to targi organizowane w ramach projektu Szacun dla Zawodowc\u00f3w. Wydarzenie zrzesza pozna\u0144skie technika i szko\u0142y bran\u017cowe w celu promocji r\u00f3\u017cnorodnych zawod\u00f3w. W ramach targ\u00f3w nie s\u0105 promowane konkretne plac\u00f3wki, ale w\u0142a\u015bnie zawody. Chodzi o to, by ucze\u0144 zastanowi\u0142 si\u0119, kim chce zosta\u0107 w przysz\u0142o\u015bci i jaki zamierza wybra\u0107 fach, a dopiero p\u00f3\u017aniej nad [&hellip;]<\/p>\n","protected":false},"author":6,"featured_media":0,"parent":0,"menu_order":0,"comment_status":"closed","ping_status":"closed","template":"","meta":{"footnotes":""},"class_list":["post-2532","page","type-page","status-publish","hentry"],"_links":{"self":[{"href":"https:\/\/zsipo5.poznan.pl\/index.php\/wp-json\/wp\/v2\/pages\/2532","targetHints":{"allow":["GET"]}}],"collection":[{"href":"https:\/\/zsipo5.poznan.pl\/index.php\/wp-json\/wp\/v2\/pages"}],"about":[{"href":"https:\/\/zsipo5.poznan.pl\/index.php\/wp-json\/wp\/v2\/types\/page"}],"author":[{"embeddable":true,"href":"https:\/\/zsipo5.poznan.pl\/index.php\/wp-json\/wp\/v2\/users\/6"}],"replies":[{"embeddable":true,"href":"https:\/\/zsipo5.poznan.pl\/index.php\/wp-json\/wp\/v2\/comments?post=2532"}],"version-history":[{"count":20,"href":"https:\/\/zsipo5.poznan.pl\/index.php\/wp-json\/wp\/v2\/pages\/2532\/revisions"}],"predecessor-version":[{"id":7086,"href":"https:\/\/zsipo5.poznan.pl\/index.php\/wp-json\/wp\/v2\/pages\/2532\/revisions\/7086"}],"wp:attachment":[{"href":"https:\/\/zsipo5.poznan.pl\/index.php\/wp-json\/wp\/v2\/media?parent=2532"}],"curies":[{"name":"wp","href":"https:\/\/api.w.org\/{rel}","templated":true}]}}