{"id":244,"date":"2021-11-03T19:05:46","date_gmt":"2021-11-03T18:05:46","guid":{"rendered":"http:\/\/gluszyna.stronaedu.pl\/?page_id=244"},"modified":"2025-03-10T13:36:48","modified_gmt":"2025-03-10T12:36:48","slug":"dyrektor","status":"publish","type":"page","link":"https:\/\/zsipo5.poznan.pl\/index.php\/organizacja-szkoly\/dyrektor\/","title":{"rendered":"Dyrektor"},"content":{"rendered":"\n<p class=\"has-text-align-center\"><strong>DYREKTOR SZKO\u0141Y<\/strong><\/p>\n\n\n\n<p class=\"has-text-align-center\"><br><strong>mgr Katarzyna Ficer <\/strong><br>codziennie 8.00 &#8211; 15.00<br>W wa\u017cnej sprawie mo\u017cna um\u00f3wi\u0107 si\u0119 telefonicznie przez sekretariat<\/p>\n\n\n\n<p><\/p>\n\n\n\n<p class=\"has-text-align-center\"><strong>WICEDYREKTOR<\/strong><\/p>\n\n\n\n<p class=\"has-text-align-center\"><strong>mgr El\u017cbieta Moryson<\/strong><\/p>\n\n\n\n<blockquote class=\"wp-block-quote is-layout-flow wp-block-quote-is-layout-flow\"><\/blockquote>\n","protected":false},"excerpt":{"rendered":"<p>DYREKTOR SZKO\u0141Y mgr Katarzyna Ficer codziennie 8.00 &#8211; 15.00W wa\u017cnej sprawie mo\u017cna um\u00f3wi\u0107 si\u0119 telefonicznie przez sekretariat WICEDYREKTOR mgr El\u017cbieta Moryson<\/p>\n","protected":false},"author":1,"featured_media":0,"parent":13,"menu_order":0,"comment_status":"closed","ping_status":"closed","template":"","meta":{"footnotes":""},"class_list":["post-244","page","type-page","status-publish","hentry"],"_links":{"self":[{"href":"https:\/\/zsipo5.poznan.pl\/index.php\/wp-json\/wp\/v2\/pages\/244","targetHints":{"allow":["GET"]}}],"collection":[{"href":"https:\/\/zsipo5.poznan.pl\/index.php\/wp-json\/wp\/v2\/pages"}],"about":[{"href":"https:\/\/zsipo5.poznan.pl\/index.php\/wp-json\/wp\/v2\/types\/page"}],"author":[{"embeddable":true,"href":"https:\/\/zsipo5.poznan.pl\/index.php\/wp-json\/wp\/v2\/users\/1"}],"replies":[{"embeddable":true,"href":"https:\/\/zsipo5.poznan.pl\/index.php\/wp-json\/wp\/v2\/comments?post=244"}],"version-history":[{"count":3,"href":"https:\/\/zsipo5.poznan.pl\/index.php\/wp-json\/wp\/v2\/pages\/244\/revisions"}],"predecessor-version":[{"id":4500,"href":"https:\/\/zsipo5.poznan.pl\/index.php\/wp-json\/wp\/v2\/pages\/244\/revisions\/4500"}],"up":[{"embeddable":true,"href":"https:\/\/zsipo5.poznan.pl\/index.php\/wp-json\/wp\/v2\/pages\/13"}],"wp:attachment":[{"href":"https:\/\/zsipo5.poznan.pl\/index.php\/wp-json\/wp\/v2\/media?parent=244"}],"curies":[{"name":"wp","href":"https:\/\/api.w.org\/{rel}","templated":true}]}}