{"id":215,"date":"2021-09-06T18:14:36","date_gmt":"2021-09-06T16:14:36","guid":{"rendered":"http:\/\/gluszyna.openworld24.pl\/?page_id=215"},"modified":"2026-05-03T14:35:07","modified_gmt":"2026-05-03T12:35:07","slug":"projekty-innowacje","status":"publish","type":"page","link":"https:\/\/zsipo5.poznan.pl\/index.php\/projekty-innowacje\/","title":{"rendered":"Projekty\/innowacje"},"content":{"rendered":"\n<p class=\"has-medium-font-size\"><strong>Rok szkolny 2025\/2026<\/strong>:<\/p>\n\n\n\n<div class=\"wp-block-file\"><a id=\"wp-block-file--media-8d245e36-f7e8-43c1-84ff-3b83ce2f9137\" href=\"https:\/\/zsipo5.poznan.pl\/wp-content\/uploads\/2025\/09\/Zaczytani.docx\">Zaczytani<\/a><\/div>\n\n\n\n<div class=\"wp-block-file\"><a id=\"wp-block-file--media-c40b5d9e-7ec1-421d-9c67-80ae3cd4b917\" href=\"https:\/\/zsipo5.poznan.pl\/wp-content\/uploads\/2025\/03\/Karta-informacyjna-innowacji-pedagogicznej.pdf\">GrajMY ukulele <\/a><\/div>\n\n\n\n<div class=\"wp-block-file\"><a id=\"wp-block-file--media-bd81a56d-4614-4030-8e15-89dfb51e8406\" href=\"https:\/\/zsipo5.poznan.pl\/wp-content\/uploads\/2025\/10\/Ksiazka-zawsze-z-mna.docx\">Ksi\u0105\u017cka zawsze z mn\u0105<\/a><\/div>\n\n\n\n<div class=\"wp-block-file\"><a id=\"wp-block-file--media-b637b9c6-9602-48a3-af3f-e221274ff427\" href=\"https:\/\/zsipo5.poznan.pl\/wp-content\/uploads\/2025\/10\/LEGENDArny-Poznan.docx\">LEGENDArny Poznan<\/a><\/div>\n\n\n\n<div class=\"wp-block-file\"><a id=\"wp-block-file--media-ba589bd6-d1e7-44aa-ab9c-b46ec874757e\" href=\"https:\/\/zsipo5.poznan.pl\/wp-content\/uploads\/2025\/10\/Czytam-slucham-rozumiem-\u2013-wspolne-odkrywanie-lektur.docx\">Czytam, s\u0142ucham, rozumiem \u2013 wsp\u00f3lne odkrywanie lektur<\/a><\/div>\n\n\n\n<div class=\"wp-block-file\"><a id=\"wp-block-file--media-7a8bb4e6-44e2-496e-b2cd-273081ed01ba\" href=\"https:\/\/zsipo5.poznan.pl\/wp-content\/uploads\/2026\/05\/Mysle-i-analizuje-po-prostu-wiem.docx\">Mys\u0301le\u0328 i analizuje\u0328, po prostu wiem<\/a><\/div>\n\n\n\n<div class=\"wp-block-file\"><a id=\"wp-block-file--media-050ea676-aab4-4153-a716-8bec3608425b\" href=\"https:\/\/zsipo5.poznan.pl\/wp-content\/uploads\/2026\/05\/Warsztaty-zdrowego-odzywiania.pdf\">Warsztaty zdrowego od\u017cywiania<\/a><\/div>\n\n\n\n<figure class=\"wp-block-image size-full\"><img fetchpriority=\"high\" decoding=\"async\" width=\"592\" height=\"400\" src=\"https:\/\/zsipo5.poznan.pl\/wp-content\/uploads\/2026\/03\/Bez-tytulu.png\" alt=\"\" class=\"wp-image-7384\" srcset=\"https:\/\/zsipo5.poznan.pl\/wp-content\/uploads\/2026\/03\/Bez-tytulu.png 592w, https:\/\/zsipo5.poznan.pl\/wp-content\/uploads\/2026\/03\/Bez-tytulu-300x203.png 300w\" sizes=\"(max-width: 592px) 100vw, 592px\" \/><\/figure>\n","protected":false},"excerpt":{"rendered":"<p>Rok szkolny 2025\/2026:<\/p>\n","protected":false},"author":1,"featured_media":0,"parent":0,"menu_order":0,"comment_status":"closed","ping_status":"closed","template":"","meta":{"footnotes":""},"class_list":["post-215","page","type-page","status-publish","hentry"],"_links":{"self":[{"href":"https:\/\/zsipo5.poznan.pl\/index.php\/wp-json\/wp\/v2\/pages\/215","targetHints":{"allow":["GET"]}}],"collection":[{"href":"https:\/\/zsipo5.poznan.pl\/index.php\/wp-json\/wp\/v2\/pages"}],"about":[{"href":"https:\/\/zsipo5.poznan.pl\/index.php\/wp-json\/wp\/v2\/types\/page"}],"author":[{"embeddable":true,"href":"https:\/\/zsipo5.poznan.pl\/index.php\/wp-json\/wp\/v2\/users\/1"}],"replies":[{"embeddable":true,"href":"https:\/\/zsipo5.poznan.pl\/index.php\/wp-json\/wp\/v2\/comments?post=215"}],"version-history":[{"count":15,"href":"https:\/\/zsipo5.poznan.pl\/index.php\/wp-json\/wp\/v2\/pages\/215\/revisions"}],"predecessor-version":[{"id":7632,"href":"https:\/\/zsipo5.poznan.pl\/index.php\/wp-json\/wp\/v2\/pages\/215\/revisions\/7632"}],"wp:attachment":[{"href":"https:\/\/zsipo5.poznan.pl\/index.php\/wp-json\/wp\/v2\/media?parent=215"}],"curies":[{"name":"wp","href":"https:\/\/api.w.org\/{rel}","templated":true}]}}