{"id":1098,"date":"2021-12-04T08:28:55","date_gmt":"2021-12-04T07:28:55","guid":{"rendered":"http:\/\/gluszyna.stronaedu.pl\/?page_id=1098"},"modified":"2025-12-19T13:24:21","modified_gmt":"2025-12-19T12:24:21","slug":"kontakt","status":"publish","type":"page","link":"https:\/\/zsipo5.poznan.pl\/index.php\/organizacja-szkoly\/kontakt\/","title":{"rendered":"Kontakt"},"content":{"rendered":"\n<h2 class=\"wp-block-heading\"><\/h2>\n\n\n\n<p class=\"has-text-align-center\">Zesp\u00f3\u0142 Szk\u00f3\u0142 i Plac\u00f3wek O\u015bwiatowych nr 5 w Poznaniu<\/p>\n\n\n\n<p class=\"has-text-align-center\"><strong>Szko\u0142a Podstawowa nr 53 im. P.E. Strzeleckiego<\/strong><\/p>\n\n\n\n<p class=\"has-text-align-center\"><br>ul.G\u0142uszyna 187<br>61-329 Pozna\u0144<br>tel: (61) 878-80-06<br>tel: (61) 878-81-19<br>e-mail: sekretariat@sp53.poznan.pl<\/p>\n\n\n\n<p class=\"has-text-align-center\"><strong>Szkolne Schronisko M\u0142odzie\u017cowe nr 1 <\/strong><\/p>\n\n\n\n<div class=\"wp-block-group is-layout-constrained wp-block-group-is-layout-constrained\">\n<div class=\"wp-block-group is-layout-constrained wp-block-group-is-layout-constrained\">\n<p class=\"has-text-align-center\">ul. G\u0142uszyna 127 <br>61-329 Pozna\u0144<br> tel. 503-029-437 <br>e-mail.: recepcja@schronisko.poznan.pl<br><\/p>\n\n\n\n<div class=\"wp-block-group is-layout-constrained wp-block-group-is-layout-constrained\">\n<p class=\"has-text-align-center\">Adres do E-dor\u0119cze\u0144 :&nbsp;<a href=\"https:\/\/www.gov.pl\/web\/e-doreczenia\" target=\"_blank\" rel=\"noreferrer noopener\">AE:PL-86811-51164-DHCRJ-20<\/a><\/p>\n<\/div>\n<\/div>\n<\/div>\n\n\n\n<p><\/p>\n\n\n\n<p class=\"has-text-align-center\"><strong>\u015awietlica<\/strong><\/p>\n\n\n\n<p class=\"has-text-align-center\">tel. 516-567-359<\/p>\n\n\n\n<p><\/p>\n","protected":false},"excerpt":{"rendered":"<p>Zesp\u00f3\u0142 Szk\u00f3\u0142 i Plac\u00f3wek O\u015bwiatowych nr 5 w Poznaniu Szko\u0142a Podstawowa nr 53 im. P.E. Strzeleckiego ul.G\u0142uszyna 18761-329 Pozna\u0144tel: (61) 878-80-06tel: (61) 878-81-19e-mail: sekretariat@sp53.poznan.pl Szkolne Schronisko M\u0142odzie\u017cowe nr 1 ul. G\u0142uszyna 127 61-329 Pozna\u0144 tel. 503-029-437 e-mail.: recepcja@schronisko.poznan.pl Adres do E-dor\u0119cze\u0144 :&nbsp;AE:PL-86811-51164-DHCRJ-20 \u015awietlica tel. 516-567-359<\/p>\n","protected":false},"author":6,"featured_media":0,"parent":13,"menu_order":0,"comment_status":"closed","ping_status":"closed","template":"","meta":{"footnotes":""},"class_list":["post-1098","page","type-page","status-publish","hentry"],"_links":{"self":[{"href":"https:\/\/zsipo5.poznan.pl\/index.php\/wp-json\/wp\/v2\/pages\/1098","targetHints":{"allow":["GET"]}}],"collection":[{"href":"https:\/\/zsipo5.poznan.pl\/index.php\/wp-json\/wp\/v2\/pages"}],"about":[{"href":"https:\/\/zsipo5.poznan.pl\/index.php\/wp-json\/wp\/v2\/types\/page"}],"author":[{"embeddable":true,"href":"https:\/\/zsipo5.poznan.pl\/index.php\/wp-json\/wp\/v2\/users\/6"}],"replies":[{"embeddable":true,"href":"https:\/\/zsipo5.poznan.pl\/index.php\/wp-json\/wp\/v2\/comments?post=1098"}],"version-history":[{"count":9,"href":"https:\/\/zsipo5.poznan.pl\/index.php\/wp-json\/wp\/v2\/pages\/1098\/revisions"}],"predecessor-version":[{"id":6849,"href":"https:\/\/zsipo5.poznan.pl\/index.php\/wp-json\/wp\/v2\/pages\/1098\/revisions\/6849"}],"up":[{"embeddable":true,"href":"https:\/\/zsipo5.poznan.pl\/index.php\/wp-json\/wp\/v2\/pages\/13"}],"wp:attachment":[{"href":"https:\/\/zsipo5.poznan.pl\/index.php\/wp-json\/wp\/v2\/media?parent=1098"}],"curies":[{"name":"wp","href":"https:\/\/api.w.org\/{rel}","templated":true}]}}