{"id":1026,"date":"2021-12-03T12:03:46","date_gmt":"2021-12-03T11:03:46","guid":{"rendered":"http:\/\/gluszyna.stronaedu.pl\/?page_id=1026"},"modified":"2025-09-01T11:47:42","modified_gmt":"2025-09-01T09:47:42","slug":"samorzad-uczniowski","status":"publish","type":"page","link":"https:\/\/zsipo5.poznan.pl\/index.php\/samorzad-uczniowski\/","title":{"rendered":"Wolontariat"},"content":{"rendered":"\n<hr class=\"wp-block-separator has-css-opacity\"\/>\n\n\n\n<p>PLAN PRACY WOLONTARIATU<\/p>\n\n\n\n<p>2025\/2026<\/p>\n\n\n\n<figure class=\"wp-block-table\"><table><tbody><tr><td>Wrzesie\u0144<\/td><td>1. Sprzeda\u017c karteczek na rzecz podopiecznego Fundacji \u201ePom\u00f3\u017c i Ty\u201d. 2. Rajd \u015aladami Paw\u0142a Edmunda Strzeleckiego -wsp\u00f3\u0142praca z PTTK 3. Rozpocz\u0119cie projektu \u201eOgr\u00f3dek ekologiczny\u201d &#8211; Wolontariat z klas\u0105. &nbsp;<\/td><\/tr><tr><td>Pa\u017adziernik<\/td><td>4. Pomoc w organizacji Dnia Patrona- Witacz 5. Rozpocz\u0119cie ca\u0142orocznego wolontariatu dla ZOO. 6. Pierwsza akcja promuj\u0105ca zdrowe od\u017cywianie- Energetyk cichy zab\u00f3jca. 7. *** Udzia\u0142 w konkursie \u201e Wiem Jak Ratowa\u0107 \u017bycie\u201d &nbsp;<\/td><\/tr><tr><td>Listopad<\/td><td>8. \u015awiat\u0142o na mogi\u0142ach 9. Jedzenie daje moc-Europejski Dzie\u0144 Zdrowego Jedzenia 8.11 10. Zbi\u00f3rka karmy dla Schroniska w Gaju- spotkanie z wolontariuszami (wyjazd edukacyjny) 11. \u201eDziel si\u0119 u\u015bmiechem\u201d- rozpocz\u0119cie XI edycji programu prozdrowotnego.<\/td><\/tr><tr><td>Grudzie\u0144<\/td><td>12. Mi\u0119dzynarodowy Dzie\u0144 Wolontariusza 5.12 13. Zbi\u00f3rka s\u0142odyczy i artyku\u0142\u00f3w spo\u017cywczych na paczki dla PCK 14. Zako\u0144czenie projektu \u201eOgr\u00f3dek ekologiczny\u201d Wolontariat z klas\u0105. &nbsp;<\/td><\/tr><tr><td>Stycze\u0144<\/td><td>15. Nawi\u0105zanie wsp\u00f3\u0142pracy z Hospicjum Palium- motyle. 16. \u201eWrzu\u0107 z\u0142ot\u00f3wk\u0119 na groch\u00f3wk\u0119\u201d PCK &nbsp;<\/td><\/tr><tr><td>Luty<\/td><td>17.&nbsp; Walentynki z PCK<\/td><\/tr><tr><td>Marzec<\/td><td>18. Dzie\u0144 kolorowej skarpetki- Dzie\u0144 Os\u00f3b z Zespo\u0142em Downa. 19. \u015awiatowy Dzie\u0144 Las\u00f3w- sprz\u0105tanie lasu- 21.03. &nbsp;<\/td><\/tr><tr><td>Kwiecie\u0144<\/td><td>20. Zako\u0144czenie konkursu Wolontariat dla ZOO i podsumowanie XI edycji programu \u201eDziel si\u0119 u\u015bmiechem\u201d. 21.&nbsp; Rozpocz\u0119cie og\u00f3lnopolskiej kampanii \u201eGor\u0105czka z\u0142ota\u201d 21. Dzie\u0144 Ziemi- 22.04.&nbsp; -Sprz\u0105tanie \u015awiata.<\/td><\/tr><tr><td>Maj<\/td><td>23. Happening- Dzie\u0144 Dobrych Uczynk\u00f3w- 19.05 24. Zbi\u00f3rka karmy i wyjazd do schroniska w Gaju.<\/td><\/tr><tr><td>Czerwiec<\/td><td>25. Dzie\u0144 Przyjaciela- 9.06 26. \u201eBezpieczne Wakacje\u201d 26. Przygotowanie na okres wakacji dy\u017cur\u00f3w w ogr\u00f3dku ekologicznym.<\/td><\/tr><\/tbody><\/table><\/figure>\n\n\n\n<p><\/p>\n\n\n\n<p>Samorz\u0105d Uczniowski tworz\u0105 wszyscy uczniowei szko\u0142y, kt\u00f3rzy na drodze wybor\u00f3w wybieraj\u0105 swoich przedstawicieli i ma prawo do opiniowania realizacji praw uczni\u00f3w takich jak:<\/p>\n\n\n\n<p>&#8211;&nbsp;prawo do zapoznaia si\u0119 z programem nauczania<\/p>\n\n\n\n<p>&#8211; prawo do jawnej i umotywowanej oceny post\u0119p\u00f3w w nauce i zachowaniu<\/p>\n\n\n\n<p>&#8211; prawo do organizacji \u017cycia szkolnego<\/p>\n\n\n\n<p>&#8211; prawo do redagowania i wydawania gazetki szkolnej<\/p>\n\n\n\n<p>&#8211; prawo do organizowania dzia\u0142alnosci kulturalnej, o\u015bwiatowej, rozrywkowej, sportowej w porozumieniu z dyrektorem<\/p>\n\n\n\n<p>&#8211; prawo do wyboru nauczyciela pe\u0142ni\u0105cego rol\u0119 opiekuna SU (wg art. 55 ust. 5 Ustawy o Systemie O\u015bwiaty z dnia 7 wrze\u015bnia 1991 r. z p\u00f3\u017aniejszymi zmianami).<\/p>\n","protected":false},"excerpt":{"rendered":"<p>PLAN PRACY WOLONTARIATU 2025\/2026 Wrzesie\u0144 1. Sprzeda\u017c karteczek na rzecz podopiecznego Fundacji \u201ePom\u00f3\u017c i Ty\u201d. 2. Rajd \u015aladami Paw\u0142a Edmunda Strzeleckiego -wsp\u00f3\u0142praca z PTTK 3. Rozpocz\u0119cie projektu \u201eOgr\u00f3dek ekologiczny\u201d &#8211; Wolontariat z klas\u0105. &nbsp; Pa\u017adziernik 4. Pomoc w organizacji Dnia Patrona- Witacz 5. Rozpocz\u0119cie ca\u0142orocznego wolontariatu dla ZOO. 6. Pierwsza akcja promuj\u0105ca zdrowe od\u017cywianie- Energetyk [&hellip;]<\/p>\n","protected":false},"author":6,"featured_media":0,"parent":0,"menu_order":0,"comment_status":"closed","ping_status":"closed","template":"","meta":{"footnotes":""},"class_list":["post-1026","page","type-page","status-publish","hentry"],"_links":{"self":[{"href":"https:\/\/zsipo5.poznan.pl\/index.php\/wp-json\/wp\/v2\/pages\/1026","targetHints":{"allow":["GET"]}}],"collection":[{"href":"https:\/\/zsipo5.poznan.pl\/index.php\/wp-json\/wp\/v2\/pages"}],"about":[{"href":"https:\/\/zsipo5.poznan.pl\/index.php\/wp-json\/wp\/v2\/types\/page"}],"author":[{"embeddable":true,"href":"https:\/\/zsipo5.poznan.pl\/index.php\/wp-json\/wp\/v2\/users\/6"}],"replies":[{"embeddable":true,"href":"https:\/\/zsipo5.poznan.pl\/index.php\/wp-json\/wp\/v2\/comments?post=1026"}],"version-history":[{"count":12,"href":"https:\/\/zsipo5.poznan.pl\/index.php\/wp-json\/wp\/v2\/pages\/1026\/revisions"}],"predecessor-version":[{"id":5372,"href":"https:\/\/zsipo5.poznan.pl\/index.php\/wp-json\/wp\/v2\/pages\/1026\/revisions\/5372"}],"wp:attachment":[{"href":"https:\/\/zsipo5.poznan.pl\/index.php\/wp-json\/wp\/v2\/media?parent=1026"}],"curies":[{"name":"wp","href":"https:\/\/api.w.org\/{rel}","templated":true}]}}